{"id":101,"date":"2020-05-02T09:05:00","date_gmt":"2020-05-02T08:05:00","guid":{"rendered":"https:\/\/www.dalmatien-online.de\/?page_id=101"},"modified":"2020-06-25T16:19:51","modified_gmt":"2020-06-25T15:19:51","slug":"dubrovnik","status":"publish","type":"page","link":"https:\/\/www.dalmatien-online.de\/de\/dubrovnik\/","title":{"rendered":"Dubrovnik"},"content":{"rendered":"\n<figure class=\"wp-block-image size-large\"><img loading=\"lazy\" decoding=\"async\" width=\"1024\" height=\"247\" src=\"https:\/\/www.dalmatien-online.de\/wp-content\/uploads\/2020\/06\/0-Dubrovnik-D-O-t-1024x247.jpg\" alt=\"\" class=\"wp-image-2933\" srcset=\"https:\/\/www.dalmatien-online.de\/wp-content\/uploads\/2020\/06\/0-Dubrovnik-D-O-t-1024x247.jpg 1024w, https:\/\/www.dalmatien-online.de\/wp-content\/uploads\/2020\/06\/0-Dubrovnik-D-O-t-300x72.jpg 300w, https:\/\/www.dalmatien-online.de\/wp-content\/uploads\/2020\/06\/0-Dubrovnik-D-O-t-768x185.jpg 768w, https:\/\/www.dalmatien-online.de\/wp-content\/uploads\/2020\/06\/0-Dubrovnik-D-O-t-250x60.jpg 250w, https:\/\/www.dalmatien-online.de\/wp-content\/uploads\/2020\/06\/0-Dubrovnik-D-O-t.jpg 1277w\" sizes=\"auto, (max-width: 1024px) 100vw, 1024px\" \/><figcaption>Dubrovnik &#8211; wundersch\u00f6n -&#8222;Die Perle der Adria&#8220; vormals Stadtstaat &#8222;Ragusa&#8220; im S\u00fcden Dalmatiens ist die wohl meist frequentierteste K\u00fcstenstadt Kroatiens den Tourismus betreffend. Das ist auch an den Preisen in der Gastronomie sp\u00fcrbar. Ist man schlau, so l\u00e4sst man sich von Einheimischen ein paar gute Tipp`s geben, wo man g\u00fcnstiger zu nicht all zu \u00fcberzogenen Preisen auf ein Bierchen gehen kann &#8211; relativ g\u00fcnstige Lokalit\u00e4ten sind durchaus zu finden, wenn man wei\u00df wo. <\/figcaption><\/figure>\n\n\n\n<figure class=\"wp-block-image size-large\"><img loading=\"lazy\" decoding=\"async\" width=\"1024\" height=\"672\" src=\"https:\/\/www.dalmatien-online.de\/wp-content\/uploads\/2020\/06\/A-Dubrovnik-Stadtmauer-etc-17-1024x672.jpg\" alt=\"\" class=\"wp-image-3112\" srcset=\"https:\/\/www.dalmatien-online.de\/wp-content\/uploads\/2020\/06\/A-Dubrovnik-Stadtmauer-etc-17-1024x672.jpg 1024w, https:\/\/www.dalmatien-online.de\/wp-content\/uploads\/2020\/06\/A-Dubrovnik-Stadtmauer-etc-17-300x197.jpg 300w, https:\/\/www.dalmatien-online.de\/wp-content\/uploads\/2020\/06\/A-Dubrovnik-Stadtmauer-etc-17-768x504.jpg 768w, https:\/\/www.dalmatien-online.de\/wp-content\/uploads\/2020\/06\/A-Dubrovnik-Stadtmauer-etc-17-250x164.jpg 250w, https:\/\/www.dalmatien-online.de\/wp-content\/uploads\/2020\/06\/A-Dubrovnik-Stadtmauer-etc-17.jpg 1505w\" sizes=\"auto, (max-width: 1024px) 100vw, 1024px\" \/><figcaption>Dubrovnik ist per <strong><a rel=\"noreferrer noopener\" href=\"https:\/\/getbybus.com\/en\/?gclid=EAIaIQobChMIh_q4mP6F6gIVh6ztCh1-IQK-EAAYASAAEgJBr_D_BwE\" target=\"_blank\">Fernbus<\/a><\/strong> und Flieger gut zu erreichen. Der <strong><a rel=\"noreferrer noopener\" href=\"https:\/\/airport-dubrovnik.hr\/index.php\/en\/\" target=\"_blank\">Flughafen von Dubrovnik<\/a><\/strong> liegt s\u00fcdlich bei <strong><a rel=\"noreferrer noopener\" href=\"https:\/\/www.dalmatien-online.de\/de\/cavtat\/\" target=\"_blank\">Cavtat<\/a><\/strong> nahe der K\u00fcste.<\/figcaption><\/figure>\n\n\n\n<p>Mit ihrer turbulenten <strong><a rel=\"noreferrer noopener\" href=\"https:\/\/www.dubrovnik-online.net\/english\/history.php\" target=\"_blank\">Geschichte<\/a><\/strong> nicht erst seit dem <strong><a rel=\"noreferrer noopener\" href=\"https:\/\/www.youtube.com\/watch?v=PHmim7pb5-I\" target=\"_blank\">Balkankrieg<\/a><\/strong> ist sie seit 1979 Weltkulturerbe der <strong><a rel=\"noreferrer noopener\" href=\"https:\/\/whc.unesco.org\/en\/list\/95\/\" target=\"_blank\">UNESCO<\/a><\/strong>. Zuweilen ist der Besucherstrom dort gerade zur Hochsaison unertr\u00e4glich, was der Landung der vielen Kreuzfahrtschiffe geschuldet ist. Dann belagern Horden schaulustiger Touristen die Altstadt mit ihrer knapp zwei Kilometer langen <strong><a rel=\"noreferrer noopener\" href=\"https:\/\/www.dalmatien-online.de\/de\/die-stadtmauer-von-dubrovnik\/\" target=\"_blank\">historischen Stadtmauer<\/a><\/strong> und ihren <strong><a rel=\"noreferrer noopener\" href=\"http:\/\/www.tzdubrovnik.hr\/lang\/de\/get\/gradski_vodic\/1596\/die_zehn_wichtigsten_sehensw%C3%BCrdigkeiten_in_dubrovnik.html\" target=\"_blank\">Sehensw\u00fcrdigkeiten<\/a><\/strong>. <\/p>\n\n\n\n<figure class=\"wp-block-image size-large\"><img loading=\"lazy\" decoding=\"async\" width=\"1024\" height=\"672\" src=\"https:\/\/www.dalmatien-online.de\/wp-content\/uploads\/2020\/06\/A-Dubrovnik-seaside-3-1024x672.jpg\" alt=\"\" class=\"wp-image-3113\" srcset=\"https:\/\/www.dalmatien-online.de\/wp-content\/uploads\/2020\/06\/A-Dubrovnik-seaside-3-1024x672.jpg 1024w, https:\/\/www.dalmatien-online.de\/wp-content\/uploads\/2020\/06\/A-Dubrovnik-seaside-3-300x197.jpg 300w, https:\/\/www.dalmatien-online.de\/wp-content\/uploads\/2020\/06\/A-Dubrovnik-seaside-3-768x504.jpg 768w, https:\/\/www.dalmatien-online.de\/wp-content\/uploads\/2020\/06\/A-Dubrovnik-seaside-3-250x164.jpg 250w, https:\/\/www.dalmatien-online.de\/wp-content\/uploads\/2020\/06\/A-Dubrovnik-seaside-3.jpg 1415w\" sizes=\"auto, (max-width: 1024px) 100vw, 1024px\" \/><\/figure>\n\n\n\n<p><\/p>\n\n\n\n<p>Sieht man ein Kreuzfahrtschiff ankern, so hei\u00dft es &#8222;rau\u00df aus der Altstadt&#8220;. Wer Dubrovnik besuchen und auch genie\u00dfen will sollte dies in der Vor- oder Nachsaison tun, denn dann sind die herrlichen <strong><a rel=\"noreferrer noopener\" href=\"https:\/\/www.dalmatien-online.de\/de\/blick-auf-dubrovniks-altstadt\/\" target=\"_blank\">Ausblicke auf die Altstadt<\/a><\/strong> besonders sch\u00f6n.<\/p>\n\n\n\n<hr class=\"wp-block-separator\"\/>\n\n\n\n<figure class=\"wp-block-image size-large\"><img loading=\"lazy\" decoding=\"async\" width=\"1024\" height=\"680\" src=\"https:\/\/www.dalmatien-online.de\/wp-content\/uploads\/2020\/06\/A-Dubrovnik-Stadtmauer-etc-14-1024x680.jpg\" alt=\"\" class=\"wp-image-647\" srcset=\"https:\/\/www.dalmatien-online.de\/wp-content\/uploads\/2020\/06\/A-Dubrovnik-Stadtmauer-etc-14-1024x680.jpg 1024w, https:\/\/www.dalmatien-online.de\/wp-content\/uploads\/2020\/06\/A-Dubrovnik-Stadtmauer-etc-14-300x199.jpg 300w, https:\/\/www.dalmatien-online.de\/wp-content\/uploads\/2020\/06\/A-Dubrovnik-Stadtmauer-etc-14-768x510.jpg 768w, https:\/\/www.dalmatien-online.de\/wp-content\/uploads\/2020\/06\/A-Dubrovnik-Stadtmauer-etc-14-250x166.jpg 250w, https:\/\/www.dalmatien-online.de\/wp-content\/uploads\/2020\/06\/A-Dubrovnik-Stadtmauer-etc-14-400x267.jpg 400w, https:\/\/www.dalmatien-online.de\/wp-content\/uploads\/2020\/06\/A-Dubrovnik-Stadtmauer-etc-14.jpg 1381w\" sizes=\"auto, (max-width: 1024px) 100vw, 1024px\" \/><\/figure>\n\n\n\n<figure class=\"wp-block-image size-large\"><img loading=\"lazy\" decoding=\"async\" width=\"1024\" height=\"673\" src=\"https:\/\/www.dalmatien-online.de\/wp-content\/uploads\/2020\/06\/A-Dubrovnik-Stadtmauer-etc-6-1024x673.jpg\" alt=\"\" class=\"wp-image-648\" srcset=\"https:\/\/www.dalmatien-online.de\/wp-content\/uploads\/2020\/06\/A-Dubrovnik-Stadtmauer-etc-6-1024x673.jpg 1024w, https:\/\/www.dalmatien-online.de\/wp-content\/uploads\/2020\/06\/A-Dubrovnik-Stadtmauer-etc-6-300x197.jpg 300w, https:\/\/www.dalmatien-online.de\/wp-content\/uploads\/2020\/06\/A-Dubrovnik-Stadtmauer-etc-6-768x504.jpg 768w, https:\/\/www.dalmatien-online.de\/wp-content\/uploads\/2020\/06\/A-Dubrovnik-Stadtmauer-etc-6-250x164.jpg 250w, https:\/\/www.dalmatien-online.de\/wp-content\/uploads\/2020\/06\/A-Dubrovnik-Stadtmauer-etc-6.jpg 1489w\" sizes=\"auto, (max-width: 1024px) 100vw, 1024px\" \/><\/figure>\n\n\n\n<figure class=\"wp-block-image size-large\"><img loading=\"lazy\" decoding=\"async\" width=\"673\" height=\"1024\" src=\"https:\/\/www.dalmatien-online.de\/wp-content\/uploads\/2020\/06\/A-Dubrovnik-Stadtmauer-etc-10-673x1024.jpg\" alt=\"\" class=\"wp-image-649\" srcset=\"https:\/\/www.dalmatien-online.de\/wp-content\/uploads\/2020\/06\/A-Dubrovnik-Stadtmauer-etc-10-673x1024.jpg 673w, https:\/\/www.dalmatien-online.de\/wp-content\/uploads\/2020\/06\/A-Dubrovnik-Stadtmauer-etc-10-197x300.jpg 197w, https:\/\/www.dalmatien-online.de\/wp-content\/uploads\/2020\/06\/A-Dubrovnik-Stadtmauer-etc-10-768x1168.jpg 768w, https:\/\/www.dalmatien-online.de\/wp-content\/uploads\/2020\/06\/A-Dubrovnik-Stadtmauer-etc-10-250x380.jpg 250w, https:\/\/www.dalmatien-online.de\/wp-content\/uploads\/2020\/06\/A-Dubrovnik-Stadtmauer-etc-10.jpg 956w\" sizes=\"auto, (max-width: 673px) 100vw, 673px\" \/><\/figure>\n\n\n\n<figure class=\"wp-block-image size-large\"><img loading=\"lazy\" decoding=\"async\" width=\"668\" height=\"1024\" src=\"https:\/\/www.dalmatien-online.de\/wp-content\/uploads\/2020\/06\/A-Dubrovnik-div-2-668x1024.jpg\" alt=\"\" class=\"wp-image-650\" srcset=\"https:\/\/www.dalmatien-online.de\/wp-content\/uploads\/2020\/06\/A-Dubrovnik-div-2-668x1024.jpg 668w, https:\/\/www.dalmatien-online.de\/wp-content\/uploads\/2020\/06\/A-Dubrovnik-div-2-196x300.jpg 196w, https:\/\/www.dalmatien-online.de\/wp-content\/uploads\/2020\/06\/A-Dubrovnik-div-2-768x1177.jpg 768w, https:\/\/www.dalmatien-online.de\/wp-content\/uploads\/2020\/06\/A-Dubrovnik-div-2-250x383.jpg 250w, https:\/\/www.dalmatien-online.de\/wp-content\/uploads\/2020\/06\/A-Dubrovnik-div-2.jpg 967w\" sizes=\"auto, (max-width: 668px) 100vw, 668px\" \/><\/figure>\n\n\n\n<figure class=\"wp-block-image size-large\"><img loading=\"lazy\" decoding=\"async\" width=\"1024\" height=\"665\" src=\"https:\/\/www.dalmatien-online.de\/wp-content\/uploads\/2020\/06\/A-Dubrovnik-div-3-1024x665.jpg\" alt=\"\" class=\"wp-image-651\" srcset=\"https:\/\/www.dalmatien-online.de\/wp-content\/uploads\/2020\/06\/A-Dubrovnik-div-3-1024x665.jpg 1024w, https:\/\/www.dalmatien-online.de\/wp-content\/uploads\/2020\/06\/A-Dubrovnik-div-3-300x195.jpg 300w, https:\/\/www.dalmatien-online.de\/wp-content\/uploads\/2020\/06\/A-Dubrovnik-div-3-768x499.jpg 768w, https:\/\/www.dalmatien-online.de\/wp-content\/uploads\/2020\/06\/A-Dubrovnik-div-3-250x162.jpg 250w, https:\/\/www.dalmatien-online.de\/wp-content\/uploads\/2020\/06\/A-Dubrovnik-div-3.jpg 1463w\" sizes=\"auto, (max-width: 1024px) 100vw, 1024px\" \/><\/figure>\n\n\n\n<figure class=\"wp-block-image size-large\"><img loading=\"lazy\" decoding=\"async\" width=\"1024\" height=\"679\" src=\"https:\/\/www.dalmatien-online.de\/wp-content\/uploads\/2020\/06\/A-Dubrovnik-seaside-4-1024x679.jpg\" alt=\"\" class=\"wp-image-2112\" srcset=\"https:\/\/www.dalmatien-online.de\/wp-content\/uploads\/2020\/06\/A-Dubrovnik-seaside-4-1024x679.jpg 1024w, https:\/\/www.dalmatien-online.de\/wp-content\/uploads\/2020\/06\/A-Dubrovnik-seaside-4-300x199.jpg 300w, https:\/\/www.dalmatien-online.de\/wp-content\/uploads\/2020\/06\/A-Dubrovnik-seaside-4-768x509.jpg 768w, https:\/\/www.dalmatien-online.de\/wp-content\/uploads\/2020\/06\/A-Dubrovnik-seaside-4-250x166.jpg 250w, https:\/\/www.dalmatien-online.de\/wp-content\/uploads\/2020\/06\/A-Dubrovnik-seaside-4.jpg 1445w\" sizes=\"auto, (max-width: 1024px) 100vw, 1024px\" \/><\/figure>\n\n\n\n<figure class=\"wp-block-image size-large\"><img loading=\"lazy\" decoding=\"async\" width=\"1024\" height=\"680\" src=\"https:\/\/www.dalmatien-online.de\/wp-content\/uploads\/2020\/06\/A-Split-Dubrovnik-Disneyland-9-1024x680.jpg\" alt=\"\" class=\"wp-image-2113\" srcset=\"https:\/\/www.dalmatien-online.de\/wp-content\/uploads\/2020\/06\/A-Split-Dubrovnik-Disneyland-9-1024x680.jpg 1024w, https:\/\/www.dalmatien-online.de\/wp-content\/uploads\/2020\/06\/A-Split-Dubrovnik-Disneyland-9-300x199.jpg 300w, https:\/\/www.dalmatien-online.de\/wp-content\/uploads\/2020\/06\/A-Split-Dubrovnik-Disneyland-9-768x510.jpg 768w, https:\/\/www.dalmatien-online.de\/wp-content\/uploads\/2020\/06\/A-Split-Dubrovnik-Disneyland-9-250x166.jpg 250w, https:\/\/www.dalmatien-online.de\/wp-content\/uploads\/2020\/06\/A-Split-Dubrovnik-Disneyland-9-400x267.jpg 400w, https:\/\/www.dalmatien-online.de\/wp-content\/uploads\/2020\/06\/A-Split-Dubrovnik-Disneyland-9.jpg 1353w\" sizes=\"auto, (max-width: 1024px) 100vw, 1024px\" \/><\/figure>\n\n\n\n<figure class=\"wp-block-image size-large\"><img loading=\"lazy\" decoding=\"async\" width=\"650\" height=\"1024\" src=\"https:\/\/www.dalmatien-online.de\/wp-content\/uploads\/2020\/06\/A-Dubrovnik-div-4-650x1024.jpg\" alt=\"\" class=\"wp-image-2114\" srcset=\"https:\/\/www.dalmatien-online.de\/wp-content\/uploads\/2020\/06\/A-Dubrovnik-div-4-650x1024.jpg 650w, https:\/\/www.dalmatien-online.de\/wp-content\/uploads\/2020\/06\/A-Dubrovnik-div-4-190x300.jpg 190w, https:\/\/www.dalmatien-online.de\/wp-content\/uploads\/2020\/06\/A-Dubrovnik-div-4-768x1210.jpg 768w, https:\/\/www.dalmatien-online.de\/wp-content\/uploads\/2020\/06\/A-Dubrovnik-div-4-250x394.jpg 250w, https:\/\/www.dalmatien-online.de\/wp-content\/uploads\/2020\/06\/A-Dubrovnik-div-4.jpg 902w\" sizes=\"auto, (max-width: 650px) 100vw, 650px\" \/><\/figure>\n\n\n\n<figure class=\"wp-block-image size-large\"><img loading=\"lazy\" decoding=\"async\" width=\"672\" height=\"1024\" src=\"https:\/\/www.dalmatien-online.de\/wp-content\/uploads\/2020\/06\/A-Dubrovnik-Stadtmauer-etc-5-672x1024.jpg\" alt=\"\" class=\"wp-image-2115\" srcset=\"https:\/\/www.dalmatien-online.de\/wp-content\/uploads\/2020\/06\/A-Dubrovnik-Stadtmauer-etc-5-672x1024.jpg 672w, https:\/\/www.dalmatien-online.de\/wp-content\/uploads\/2020\/06\/A-Dubrovnik-Stadtmauer-etc-5-197x300.jpg 197w, https:\/\/www.dalmatien-online.de\/wp-content\/uploads\/2020\/06\/A-Dubrovnik-Stadtmauer-etc-5-768x1171.jpg 768w, https:\/\/www.dalmatien-online.de\/wp-content\/uploads\/2020\/06\/A-Dubrovnik-Stadtmauer-etc-5-250x381.jpg 250w, https:\/\/www.dalmatien-online.de\/wp-content\/uploads\/2020\/06\/A-Dubrovnik-Stadtmauer-etc-5.jpg 954w\" sizes=\"auto, (max-width: 672px) 100vw, 672px\" \/><\/figure>\n\n\n\n\n","protected":false},"excerpt":{"rendered":"<p>Mit ihrer turbulenten Geschichte nicht erst seit dem Balkankrieg ist sie seit 1979 Weltkulturerbe der UNESCO. Zuweilen ist der Besucherstrom dort gerade zur Hochsaison unertr\u00e4glich, was der Landung der vielen <a class=\"more-link\" href=\"https:\/\/www.dalmatien-online.de\/de\/dubrovnik\/\">weiterlesen&#8230;<\/a><\/p>\n","protected":false},"author":1,"featured_media":0,"parent":0,"menu_order":0,"comment_status":"closed","ping_status":"closed","template":"","meta":{"footnotes":"","_links_to":"","_links_to_target":""},"tags":[],"class_list":["post-101","page","type-page","status-publish","hentry"],"_links":{"self":[{"href":"https:\/\/www.dalmatien-online.de\/de\/wp-json\/wp\/v2\/pages\/101","targetHints":{"allow":["GET"]}}],"collection":[{"href":"https:\/\/www.dalmatien-online.de\/de\/wp-json\/wp\/v2\/pages"}],"about":[{"href":"https:\/\/www.dalmatien-online.de\/de\/wp-json\/wp\/v2\/types\/page"}],"author":[{"embeddable":true,"href":"https:\/\/www.dalmatien-online.de\/de\/wp-json\/wp\/v2\/users\/1"}],"replies":[{"embeddable":true,"href":"https:\/\/www.dalmatien-online.de\/de\/wp-json\/wp\/v2\/comments?post=101"}],"version-history":[{"count":17,"href":"https:\/\/www.dalmatien-online.de\/de\/wp-json\/wp\/v2\/pages\/101\/revisions"}],"predecessor-version":[{"id":3114,"href":"https:\/\/www.dalmatien-online.de\/de\/wp-json\/wp\/v2\/pages\/101\/revisions\/3114"}],"wp:attachment":[{"href":"https:\/\/www.dalmatien-online.de\/de\/wp-json\/wp\/v2\/media?parent=101"}],"wp:term":[{"taxonomy":"post_tag","embeddable":true,"href":"https:\/\/www.dalmatien-online.de\/de\/wp-json\/wp\/v2\/tags?post=101"}],"curies":[{"name":"wp","href":"https:\/\/api.w.org\/{rel}","templated":true}]}}