{"id":1017,"date":"2020-06-04T13:33:11","date_gmt":"2020-06-04T12:33:11","guid":{"rendered":"https:\/\/www.dalmatien-online.de\/?page_id=1017"},"modified":"2020-06-24T18:50:23","modified_gmt":"2020-06-24T17:50:23","slug":"insel-hvar-2","status":"publish","type":"page","link":"https:\/\/www.dalmatien-online.de\/de\/insel-hvar-2\/","title":{"rendered":"Wandern auf Hvar"},"content":{"rendered":"\n<p>Ob kleinere enspannte Wanderungen oder kraftraubende l\u00e4ngere Touren &#8211; Hvar als Insel bietet viele M\u00f6glichkeiten die Natur und die wunderbaren Aussichten Dalmatiens und der umliegenden Inselwelt zu genie\u00dfen. Bei allen Wandertouren gutes Festes Schuhwerk nutzen und reichlich Wasser im Gep\u00e4ck haben! Auch in der Nebensaison und im Winter kann die Sonne dort richtig brennen. <strong>F\u00fcr die Artikel zu den Touren &#8211; &#8222;Klick&#8220; auf die Fotos!<\/strong><\/p>\n\n\n\n<figure class=\"wp-block-image size-large\"><a href=\"https:\/\/www.dalmatien-online.de\/de\/humac-nach-jelsa\/\" target=\"_blank\" rel=\"noopener noreferrer\"><img loading=\"lazy\" decoding=\"async\" width=\"1024\" height=\"240\" src=\"https:\/\/www.dalmatien-online.de\/wp-content\/uploads\/2020\/06\/0-D-O-Humac-Jelsa-1024x240.jpg\" alt=\"\" class=\"wp-image-3007\" srcset=\"https:\/\/www.dalmatien-online.de\/wp-content\/uploads\/2020\/06\/0-D-O-Humac-Jelsa-1024x240.jpg 1024w, https:\/\/www.dalmatien-online.de\/wp-content\/uploads\/2020\/06\/0-D-O-Humac-Jelsa-300x70.jpg 300w, https:\/\/www.dalmatien-online.de\/wp-content\/uploads\/2020\/06\/0-D-O-Humac-Jelsa-768x180.jpg 768w, https:\/\/www.dalmatien-online.de\/wp-content\/uploads\/2020\/06\/0-D-O-Humac-Jelsa-1536x360.jpg 1536w, https:\/\/www.dalmatien-online.de\/wp-content\/uploads\/2020\/06\/0-D-O-Humac-Jelsa-250x59.jpg 250w, https:\/\/www.dalmatien-online.de\/wp-content\/uploads\/2020\/06\/0-D-O-Humac-Jelsa.jpg 1901w\" sizes=\"auto, (max-width: 1024px) 100vw, 1024px\" \/><\/a><\/figure>\n\n\n\n<figure class=\"wp-block-image size-large\"><a href=\"https:\/\/www.dalmatien-online.de\/de\/hvar-milna-hvar\/\" target=\"_blank\" rel=\"noopener noreferrer\"><img loading=\"lazy\" decoding=\"async\" width=\"1024\" height=\"241\" src=\"https:\/\/www.dalmatien-online.de\/wp-content\/uploads\/2020\/06\/0-D-O-Hvar-Milna-Hvar-t-1024x241.jpg\" alt=\"\" class=\"wp-image-3010\" srcset=\"https:\/\/www.dalmatien-online.de\/wp-content\/uploads\/2020\/06\/0-D-O-Hvar-Milna-Hvar-t-1024x241.jpg 1024w, https:\/\/www.dalmatien-online.de\/wp-content\/uploads\/2020\/06\/0-D-O-Hvar-Milna-Hvar-t-300x71.jpg 300w, https:\/\/www.dalmatien-online.de\/wp-content\/uploads\/2020\/06\/0-D-O-Hvar-Milna-Hvar-t-768x181.jpg 768w, https:\/\/www.dalmatien-online.de\/wp-content\/uploads\/2020\/06\/0-D-O-Hvar-Milna-Hvar-t-250x59.jpg 250w, https:\/\/www.dalmatien-online.de\/wp-content\/uploads\/2020\/06\/0-D-O-Hvar-Milna-Hvar-t.jpg 1333w\" sizes=\"auto, (max-width: 1024px) 100vw, 1024px\" \/><\/a><\/figure>\n\n\n\n<figure class=\"wp-block-image size-large\"><a href=\"https:\/\/www.dalmatien-online.de\/de\/stari-grad-nach-hvar\/\" target=\"_blank\" rel=\"noopener noreferrer\"><img loading=\"lazy\" decoding=\"async\" width=\"1024\" height=\"235\" src=\"https:\/\/www.dalmatien-online.de\/wp-content\/uploads\/2020\/06\/0-D-O-Stari-Grad-Hvar-t-1024x235.jpg\" alt=\"\" class=\"wp-image-3013\" srcset=\"https:\/\/www.dalmatien-online.de\/wp-content\/uploads\/2020\/06\/0-D-O-Stari-Grad-Hvar-t-1024x235.jpg 1024w, https:\/\/www.dalmatien-online.de\/wp-content\/uploads\/2020\/06\/0-D-O-Stari-Grad-Hvar-t-300x69.jpg 300w, https:\/\/www.dalmatien-online.de\/wp-content\/uploads\/2020\/06\/0-D-O-Stari-Grad-Hvar-t-768x176.jpg 768w, https:\/\/www.dalmatien-online.de\/wp-content\/uploads\/2020\/06\/0-D-O-Stari-Grad-Hvar-t-250x57.jpg 250w, https:\/\/www.dalmatien-online.de\/wp-content\/uploads\/2020\/06\/0-D-O-Stari-Grad-Hvar-t.jpg 1487w\" sizes=\"auto, (max-width: 1024px) 100vw, 1024px\" \/><\/a><\/figure>\n\n\n\n<figure class=\"wp-block-image size-large\"><a href=\"https:\/\/www.dalmatien-online.de\/de\/bootstour-stari-grad\/\" target=\"_blank\" rel=\"noopener noreferrer\"><img loading=\"lazy\" decoding=\"async\" width=\"1024\" height=\"249\" src=\"https:\/\/www.dalmatien-online.de\/wp-content\/uploads\/2020\/06\/0-D-O-Stari-Grad-bay-t-1-1024x249.jpg\" alt=\"\" class=\"wp-image-3017\" srcset=\"https:\/\/www.dalmatien-online.de\/wp-content\/uploads\/2020\/06\/0-D-O-Stari-Grad-bay-t-1-1024x249.jpg 1024w, https:\/\/www.dalmatien-online.de\/wp-content\/uploads\/2020\/06\/0-D-O-Stari-Grad-bay-t-1-300x73.jpg 300w, https:\/\/www.dalmatien-online.de\/wp-content\/uploads\/2020\/06\/0-D-O-Stari-Grad-bay-t-1-768x187.jpg 768w, https:\/\/www.dalmatien-online.de\/wp-content\/uploads\/2020\/06\/0-D-O-Stari-Grad-bay-t-1-250x61.jpg 250w, https:\/\/www.dalmatien-online.de\/wp-content\/uploads\/2020\/06\/0-D-O-Stari-Grad-bay-t-1.jpg 1500w\" sizes=\"auto, (max-width: 1024px) 100vw, 1024px\" \/><\/a><\/figure>\n\n\n\n<figure class=\"wp-block-image size-large\"><a href=\"https:\/\/www.dalmatien-online.de\/de\/von-jelsa-entlang-der-kueste-nach-stari-grad\/\" target=\"_blank\" rel=\"noopener noreferrer\"><img loading=\"lazy\" decoding=\"async\" width=\"1024\" height=\"263\" src=\"https:\/\/www.dalmatien-online.de\/wp-content\/uploads\/2020\/06\/0-D-O-Jelsa-Vrboska-Stari-Grad-t-1024x263.jpg\" alt=\"\" class=\"wp-image-3020\" srcset=\"https:\/\/www.dalmatien-online.de\/wp-content\/uploads\/2020\/06\/0-D-O-Jelsa-Vrboska-Stari-Grad-t-1024x263.jpg 1024w, https:\/\/www.dalmatien-online.de\/wp-content\/uploads\/2020\/06\/0-D-O-Jelsa-Vrboska-Stari-Grad-t-300x77.jpg 300w, https:\/\/www.dalmatien-online.de\/wp-content\/uploads\/2020\/06\/0-D-O-Jelsa-Vrboska-Stari-Grad-t-768x197.jpg 768w, https:\/\/www.dalmatien-online.de\/wp-content\/uploads\/2020\/06\/0-D-O-Jelsa-Vrboska-Stari-Grad-t-250x64.jpg 250w, https:\/\/www.dalmatien-online.de\/wp-content\/uploads\/2020\/06\/0-D-O-Jelsa-Vrboska-Stari-Grad-t.jpg 1458w\" sizes=\"auto, (max-width: 1024px) 100vw, 1024px\" \/><\/a><\/figure>\n\n\n\n<p> +++ <strong><a rel=\"noreferrer noopener\" href=\"https:\/\/www.dalmatien-online.de\/humac-nach-jelsa\/\" target=\"_blank\">Von Humac \u00fcber den Inselr\u00fccken nach Jelsa<\/a><\/strong>+++ <strong><a rel=\"noreferrer noopener\" href=\"https:\/\/www.dalmatien-online.de\/hvar-milna-hvar\/\" target=\"_blank\">Von Hvar an der K\u00fcste entlang  nach Milna und \u00fcber den Berg zur\u00fcck<\/a><\/strong>+++ <a rel=\"noreferrer noopener\" href=\"https:\/\/www.dalmatien-online.de\/stari-grad-nach-hvar\/\" target=\"_blank\"><strong>Von Stari Grad \u00fcber die Berge und kleine \u00d6rtchen an die K\u00fcste und schlie\u00dflich nach Hvar<\/strong><\/a>+++ <strong><a rel=\"noreferrer noopener\" href=\"https:\/\/www.dalmatien-online.de\/bootstour-stari-grad\/\" target=\"_blank\">Mit dem Boot durch die Bucht von Stari Grad<\/a><\/strong>+++ <strong><a rel=\"noreferrer noopener\" href=\"https:\/\/www.dalmatien-online.de\/von-jelsa-entlang-der-kueste-nach-stari-grad\/\" target=\"_blank\">Von Jelsa entlang der K\u00fcste \u00fcber Vrboska und Basina nach Stari Grad<\/a><\/strong>&#8230;<\/p>\n\n\n\n\n\n<hr class=\"wp-block-separator\"\/>\n\n\n\n\n","protected":false},"excerpt":{"rendered":"<p>Ob kleinere enspannte Wanderungen oder kraftraubende l\u00e4ngere Touren &#8211; Hvar als Insel bietet viele M\u00f6glichkeiten die Natur und die wunderbaren Aussichten Dalmatiens und der umliegenden Inselwelt zu genie\u00dfen. Bei allen <a class=\"more-link\" href=\"https:\/\/www.dalmatien-online.de\/de\/insel-hvar-2\/\">weiterlesen&#8230;<\/a><\/p>\n","protected":false},"author":2,"featured_media":0,"parent":0,"menu_order":0,"comment_status":"closed","ping_status":"closed","template":"","meta":{"footnotes":"","_links_to":"","_links_to_target":""},"tags":[],"class_list":["post-1017","page","type-page","status-publish","hentry"],"_links":{"self":[{"href":"https:\/\/www.dalmatien-online.de\/de\/wp-json\/wp\/v2\/pages\/1017","targetHints":{"allow":["GET"]}}],"collection":[{"href":"https:\/\/www.dalmatien-online.de\/de\/wp-json\/wp\/v2\/pages"}],"about":[{"href":"https:\/\/www.dalmatien-online.de\/de\/wp-json\/wp\/v2\/types\/page"}],"author":[{"embeddable":true,"href":"https:\/\/www.dalmatien-online.de\/de\/wp-json\/wp\/v2\/users\/2"}],"replies":[{"embeddable":true,"href":"https:\/\/www.dalmatien-online.de\/de\/wp-json\/wp\/v2\/comments?post=1017"}],"version-history":[{"count":24,"href":"https:\/\/www.dalmatien-online.de\/de\/wp-json\/wp\/v2\/pages\/1017\/revisions"}],"predecessor-version":[{"id":3022,"href":"https:\/\/www.dalmatien-online.de\/de\/wp-json\/wp\/v2\/pages\/1017\/revisions\/3022"}],"wp:attachment":[{"href":"https:\/\/www.dalmatien-online.de\/de\/wp-json\/wp\/v2\/media?parent=1017"}],"wp:term":[{"taxonomy":"post_tag","embeddable":true,"href":"https:\/\/www.dalmatien-online.de\/de\/wp-json\/wp\/v2\/tags?post=1017"}],"curies":[{"name":"wp","href":"https:\/\/api.w.org\/{rel}","templated":true}]}}