{"id":104,"date":"2020-05-02T09:06:08","date_gmt":"2020-05-02T08:06:08","guid":{"rendered":"https:\/\/www.dalmatien-online.de\/?page_id=104"},"modified":"2020-06-29T07:59:09","modified_gmt":"2020-06-29T06:59:09","slug":"split","status":"publish","type":"page","link":"https:\/\/www.dalmatien-online.de\/de\/split\/","title":{"rendered":"Split"},"content":{"rendered":"\n<figure class=\"wp-block-image size-large\"><img loading=\"lazy\" decoding=\"async\" width=\"1024\" height=\"260\" src=\"https:\/\/www.dalmatien-online.de\/wp-content\/uploads\/2020\/06\/0-Split-D-O-t-2-1024x260.jpg\" alt=\"\" class=\"wp-image-2929\" srcset=\"https:\/\/www.dalmatien-online.de\/wp-content\/uploads\/2020\/06\/0-Split-D-O-t-2-1024x260.jpg 1024w, https:\/\/www.dalmatien-online.de\/wp-content\/uploads\/2020\/06\/0-Split-D-O-t-2-300x76.jpg 300w, https:\/\/www.dalmatien-online.de\/wp-content\/uploads\/2020\/06\/0-Split-D-O-t-2-768x195.jpg 768w, https:\/\/www.dalmatien-online.de\/wp-content\/uploads\/2020\/06\/0-Split-D-O-t-2-1536x390.jpg 1536w, https:\/\/www.dalmatien-online.de\/wp-content\/uploads\/2020\/06\/0-Split-D-O-t-2-2048x520.jpg 2048w, https:\/\/www.dalmatien-online.de\/wp-content\/uploads\/2020\/06\/0-Split-D-O-t-2-250x64.jpg 250w\" sizes=\"auto, (max-width: 1024px) 100vw, 1024px\" \/><figcaption>Die mitteldalmatische Hafenstadt Split mit ihrer historischen Altstadt ist Weltkulturerbe der <strong><a rel=\"noreferrer noopener\" href=\"https:\/\/whc.unesco.org\/en\/list\/97\/\" target=\"_blank\">UNESCO<\/a><\/strong>. Die historische Altstadt von Split wurde zu gro\u00dfen Teilen in den Palast des R\u00f6mischen <strong><a rel=\"noreferrer noopener\" href=\"https:\/\/en.wikipedia.org\/wiki\/Diocletian\" target=\"_blank\">Kaisers Diokletian<\/a><\/strong> hineingebaut. Daraus enstand ein riesiges <strong><a rel=\"noreferrer noopener\" href=\"https:\/\/www.dalmatien-online.de\/de\/in-den-gassen-von-split\/\" target=\"_blank\">Labyrinth aus kleinen Gassen<\/a><\/strong> in denen man sich auch nach Jahren und als guter Kenner der Stadt noch manchmal verl\u00e4uft, sei es es auch dem Gl\u00e4schen Wein zu viel geschuldet. Egal wohin man blickt &#8211; <strong><a rel=\"noreferrer noopener\" href=\"https:\/\/visitsplit.com\/en\/398\/the-history-of-split\" target=\"_blank\">Geschichte<\/a><\/strong> und wieder Geschichstr\u00e4chtiges. Hier ein paar <strong><a rel=\"noreferrer noopener\" href=\"https:\/\/www.dalmatien-online.de\/de\/impressionen-aus-split\/\" target=\"_blank\">Impressionen aus Split<\/a><\/strong>.<\/figcaption><\/figure>\n\n\n\n<figure class=\"wp-block-image size-large\"><img loading=\"lazy\" decoding=\"async\" width=\"1024\" height=\"695\" src=\"https:\/\/www.dalmatien-online.de\/wp-content\/uploads\/2020\/06\/A-Split-di-n-juga-01-1-1024x695.jpg\" alt=\"\" class=\"wp-image-2473\" srcset=\"https:\/\/www.dalmatien-online.de\/wp-content\/uploads\/2020\/06\/A-Split-di-n-juga-01-1-1024x695.jpg 1024w, https:\/\/www.dalmatien-online.de\/wp-content\/uploads\/2020\/06\/A-Split-di-n-juga-01-1-300x204.jpg 300w, https:\/\/www.dalmatien-online.de\/wp-content\/uploads\/2020\/06\/A-Split-di-n-juga-01-1-768x521.jpg 768w, https:\/\/www.dalmatien-online.de\/wp-content\/uploads\/2020\/06\/A-Split-di-n-juga-01-1-250x170.jpg 250w, https:\/\/www.dalmatien-online.de\/wp-content\/uploads\/2020\/06\/A-Split-di-n-juga-01-1.jpg 1510w\" sizes=\"auto, (max-width: 1024px) 100vw, 1024px\" \/><\/figure>\n\n\n\n<p>Mit dem <strong><a href=\"https:\/\/www.dalmatien-online.de\/de\/splitska-luka-der-hafen-von-split\/\" target=\"_blank\" rel=\"noreferrer noopener\">Spliter Hafen<\/a><\/strong>, dem <strong><a rel=\"noreferrer noopener\" href=\"https:\/\/www.ak-split.hr\/en\/\" target=\"_blank\">Fernbussbahnhof<\/a><\/strong> und dem <strong><a rel=\"noreferrer noopener\" href=\"https:\/\/prodaja.hzpp.hr\/en\/Ticket\/Journey?StartId=72480&amp;DestId=76660&amp;DepartureDate=2020-06-19&amp;DirectTrains=True&amp;Class=2&amp;ReturnTrip=False&amp;Passenger1Count=1&amp;Passenger2Count=0&amp;Benefit1Id=11\" target=\"_blank\">Bahnhof ist Split<\/a><\/strong> Hauptknotenpunkt des Verkehrs in in Dalmatien. Von <strong><a rel=\"noreferrer noopener\" href=\"http:\/\/www.split-airport.hr\/index.php?lang=en\" target=\"_blank\">Split`s Flughafen<\/a><\/strong> an der K\u00fcste der Bucht von Ka\u0161tela ist man in knapp 30 Minuten per Bus oder Taxi in der Altstadt von Split. <strong><a rel=\"noreferrer noopener\" href=\"http:\/\/www.halo-taxi-split.com\/index.php\/en\/\" target=\"_blank\">Taxi vom Flughafen<\/a><\/strong> nach Split um die Bucht von Ka\u0161tela ist f\u00fcr knapp 40 Euro zu haben. Mit dem <strong><a rel=\"noreferrer noopener\" href=\"http:\/\/www.split-airport.hr\/index.php?option=com_content&amp;view=article&amp;id=185&amp;Itemid=176&amp;lang=en\" target=\"_blank\">Bus<\/a><\/strong> alle 30 Minuten von vor dem Flughafenterminal ist eine Fahrt mit knapp 4,50 Euro g\u00fcnstig.<\/p>\n\n\n\n<figure class=\"wp-block-image size-large\"><img loading=\"lazy\" decoding=\"async\" width=\"1024\" height=\"683\" src=\"https:\/\/www.dalmatien-online.de\/wp-content\/uploads\/2020\/06\/A-Split-10-19-mi-8-1024x683.jpg\" alt=\"\" class=\"wp-image-725\" srcset=\"https:\/\/www.dalmatien-online.de\/wp-content\/uploads\/2020\/06\/A-Split-10-19-mi-8-1024x683.jpg 1024w, https:\/\/www.dalmatien-online.de\/wp-content\/uploads\/2020\/06\/A-Split-10-19-mi-8-300x200.jpg 300w, https:\/\/www.dalmatien-online.de\/wp-content\/uploads\/2020\/06\/A-Split-10-19-mi-8-768x512.jpg 768w, https:\/\/www.dalmatien-online.de\/wp-content\/uploads\/2020\/06\/A-Split-10-19-mi-8-250x167.jpg 250w, https:\/\/www.dalmatien-online.de\/wp-content\/uploads\/2020\/06\/A-Split-10-19-mi-8-400x267.jpg 400w, https:\/\/www.dalmatien-online.de\/wp-content\/uploads\/2020\/06\/A-Split-10-19-mi-8.jpg 1500w\" sizes=\"auto, (max-width: 1024px) 100vw, 1024px\" \/><figcaption><strong><a rel=\"noreferrer noopener\" href=\"https:\/\/www.dalmatien-online.de\/de\/split-riva\/\" target=\"_blank\">Split`s &#8222;Riva&#8220;<\/a><\/strong> ist die bei Einheimischen und Touristen beliebte mit Palmen ges\u00e4umte Flaniermeile der dalmatischen Metropole im <strong><a rel=\"noreferrer noopener\" href=\"https:\/\/portsplit.hr\/en\/\" target=\"_blank\">Hafen von Split<\/a><\/strong>. Wer Split besucht, sei es auch nur auf der Durchreise, sollte unbedingt auch den <strong><a rel=\"noreferrer noopener\" href=\"https:\/\/www.dalmatien-online.de\/de\/der-fischmarkt-von-split\/\" target=\"_blank\">Fischmarkt von Split<\/a><\/strong> in der <strong><a href=\"https:\/\/www.dalmatien-online.de\/de\/die-marmontova-in-split\/\" target=\"_blank\" rel=\"noreferrer noopener\">&#8222;Marmontova&#8220;<\/a><\/strong> Stra\u00dfe besuchen.<\/figcaption><\/figure>\n\n\n\n<figure class=\"wp-block-image size-large\"><img loading=\"lazy\" decoding=\"async\" width=\"1024\" height=\"683\" src=\"https:\/\/www.dalmatien-online.de\/wp-content\/uploads\/2020\/06\/0-Split-marmontova-d-online-1-1-1024x683.jpg\" alt=\"\" class=\"wp-image-2682\" srcset=\"https:\/\/www.dalmatien-online.de\/wp-content\/uploads\/2020\/06\/0-Split-marmontova-d-online-1-1-1024x683.jpg 1024w, https:\/\/www.dalmatien-online.de\/wp-content\/uploads\/2020\/06\/0-Split-marmontova-d-online-1-1-300x200.jpg 300w, https:\/\/www.dalmatien-online.de\/wp-content\/uploads\/2020\/06\/0-Split-marmontova-d-online-1-1-768x512.jpg 768w, https:\/\/www.dalmatien-online.de\/wp-content\/uploads\/2020\/06\/0-Split-marmontova-d-online-1-1-250x167.jpg 250w, https:\/\/www.dalmatien-online.de\/wp-content\/uploads\/2020\/06\/0-Split-marmontova-d-online-1-1-400x267.jpg 400w, https:\/\/www.dalmatien-online.de\/wp-content\/uploads\/2020\/06\/0-Split-marmontova-d-online-1-1.jpg 1500w\" sizes=\"auto, (max-width: 1024px) 100vw, 1024px\" \/><figcaption>Ebenfalls einen ausgedehnten Besuch wert ist der <strong><a rel=\"noreferrer noopener\" href=\"https:\/\/www.dalmatien-online.de\/de\/der-markt-von-split\/\" target=\"_blank\">&#8222;Pazar&#8220; der wohl bekannteste Markt<\/a><\/strong> von Split nahe dem &#8222;Silbernen Tor&#8220;, eines der Tore des Diokletianspalasts aus r\u00f6mischer Zeit. In der N\u00e4he des Marktes gelangt man durch das Tor wieder in den Palastbereich zum &#8222;Peristil&#8220;, dem Hauptplatz des ehemaligen Kaiserpalastes.<\/figcaption><\/figure>\n\n\n\n<figure class=\"wp-block-image size-large\"><img loading=\"lazy\" decoding=\"async\" width=\"1024\" height=\"683\" src=\"https:\/\/www.dalmatien-online.de\/wp-content\/uploads\/2020\/06\/A-Split-Markt-D-online-1-1-1024x683.jpg\" alt=\"\" class=\"wp-image-2560\" srcset=\"https:\/\/www.dalmatien-online.de\/wp-content\/uploads\/2020\/06\/A-Split-Markt-D-online-1-1-1024x683.jpg 1024w, https:\/\/www.dalmatien-online.de\/wp-content\/uploads\/2020\/06\/A-Split-Markt-D-online-1-1-300x200.jpg 300w, https:\/\/www.dalmatien-online.de\/wp-content\/uploads\/2020\/06\/A-Split-Markt-D-online-1-1-768x512.jpg 768w, https:\/\/www.dalmatien-online.de\/wp-content\/uploads\/2020\/06\/A-Split-Markt-D-online-1-1-250x167.jpg 250w, https:\/\/www.dalmatien-online.de\/wp-content\/uploads\/2020\/06\/A-Split-Markt-D-online-1-1-400x267.jpg 400w, https:\/\/www.dalmatien-online.de\/wp-content\/uploads\/2020\/06\/A-Split-Markt-D-online-1-1.jpg 1500w\" sizes=\"auto, (max-width: 1024px) 100vw, 1024px\" \/><figcaption>Direkt am &#8222;Peristil&#8220; befindet sich die <strong><a href=\"https:\/\/visitsplit.com\/en\/527\/cathedral-of-saint-domnius\" target=\"_blank\" rel=\"noreferrer noopener\">Kathedrale &#8222;Sveti Duje&#8220;<\/a><\/strong>, von deren Kirchturm ein herrlicher Blick \u00fcber die Stadt und den Hafen zu ergattern ist. Allerdings ist der Aufstieg \u00fcber die alte Metallkonstruktion der Treppe hinauf nicht Jedermanns Sache, zu erkennen an einigen panikerf\u00fcllten Gesichtern.<\/figcaption><\/figure>\n\n\n\n<figure class=\"wp-block-image size-large\"><img loading=\"lazy\" decoding=\"async\" width=\"1024\" height=\"683\" src=\"https:\/\/www.dalmatien-online.de\/wp-content\/uploads\/2020\/06\/A-Split-10-19-mi-5-1-1024x683.jpg\" alt=\"\" class=\"wp-image-2683\" srcset=\"https:\/\/www.dalmatien-online.de\/wp-content\/uploads\/2020\/06\/A-Split-10-19-mi-5-1-1024x683.jpg 1024w, https:\/\/www.dalmatien-online.de\/wp-content\/uploads\/2020\/06\/A-Split-10-19-mi-5-1-300x200.jpg 300w, https:\/\/www.dalmatien-online.de\/wp-content\/uploads\/2020\/06\/A-Split-10-19-mi-5-1-768x512.jpg 768w, https:\/\/www.dalmatien-online.de\/wp-content\/uploads\/2020\/06\/A-Split-10-19-mi-5-1-250x167.jpg 250w, https:\/\/www.dalmatien-online.de\/wp-content\/uploads\/2020\/06\/A-Split-10-19-mi-5-1-400x267.jpg 400w, https:\/\/www.dalmatien-online.de\/wp-content\/uploads\/2020\/06\/A-Split-10-19-mi-5-1.jpg 1500w\" sizes=\"auto, (max-width: 1024px) 100vw, 1024px\" \/><figcaption>Oben links im Bild neben dem Kirchturm im Gr\u00fcnen sieht man hier das beliebte Cafe <strong><a rel=\"noreferrer noopener\" href=\"https:\/\/www.dalmatien-online.de\/de\/vidilica\/\" target=\"_blank\">&#8222;Vidilica&#8220;<\/a><\/strong> mit fantastischem Blick \u00fcber die Stadt und die vorgelagerten Inseln, das neben dem alten j\u00fcdischen Friedhof liegt. Von hier aus geht es weite bergauf in den <strong><a rel=\"noreferrer noopener\" href=\"http:\/\/Park  Marjan\" target=\"_blank\">Park  Marjan<\/a><\/strong> (unten im Bild). Ein Muss f\u00fcr jeden Split Besucher, ebenso wie ein Ausgedehnter Spaziergang oder eine <strong><a href=\"https:\/\/www.dalmatien-online.de\/de\/split-marjan\/\" target=\"_blank\" rel=\"noreferrer noopener\">Wanderung im Walpark &#8222;Marjan&#8220;<\/a><\/strong>. <\/figcaption><\/figure>\n\n\n\n<figure class=\"wp-block-image size-large\"><img loading=\"lazy\" decoding=\"async\" width=\"1024\" height=\"683\" src=\"https:\/\/www.dalmatien-online.de\/wp-content\/uploads\/2020\/06\/15443257_737222526434343_6111046009275321724_o-1-1024x683.jpg\" alt=\"\" class=\"wp-image-2782\" srcset=\"https:\/\/www.dalmatien-online.de\/wp-content\/uploads\/2020\/06\/15443257_737222526434343_6111046009275321724_o-1-1024x683.jpg 1024w, https:\/\/www.dalmatien-online.de\/wp-content\/uploads\/2020\/06\/15443257_737222526434343_6111046009275321724_o-1-300x200.jpg 300w, https:\/\/www.dalmatien-online.de\/wp-content\/uploads\/2020\/06\/15443257_737222526434343_6111046009275321724_o-1-768x512.jpg 768w, https:\/\/www.dalmatien-online.de\/wp-content\/uploads\/2020\/06\/15443257_737222526434343_6111046009275321724_o-1-250x167.jpg 250w, https:\/\/www.dalmatien-online.de\/wp-content\/uploads\/2020\/06\/15443257_737222526434343_6111046009275321724_o-1-400x267.jpg 400w, https:\/\/www.dalmatien-online.de\/wp-content\/uploads\/2020\/06\/15443257_737222526434343_6111046009275321724_o-1.jpg 1443w\" sizes=\"auto, (max-width: 1024px) 100vw, 1024px\" \/><figcaption>Unten im Bild die S\u00fcdwestseite des Hafens mit Blick auf &#8222;Riva&#8220; und einer Art &#8222;Walk of Fame&#8220;. Hier sind entlang der Uferpromenade die Legenden der kroatischen Sporthelden verewigt und man gelangt in Richtung Marina.<\/figcaption><\/figure>\n\n\n\n<hr class=\"wp-block-separator\"\/>\n\n\n\n<figure class=\"wp-block-image size-large\"><img loading=\"lazy\" decoding=\"async\" width=\"1024\" height=\"683\" src=\"https:\/\/www.dalmatien-online.de\/wp-content\/uploads\/2020\/06\/A-split-So-2-1024x683.jpg\" alt=\"\" class=\"wp-image-727\" srcset=\"https:\/\/www.dalmatien-online.de\/wp-content\/uploads\/2020\/06\/A-split-So-2-1024x683.jpg 1024w, https:\/\/www.dalmatien-online.de\/wp-content\/uploads\/2020\/06\/A-split-So-2-300x200.jpg 300w, https:\/\/www.dalmatien-online.de\/wp-content\/uploads\/2020\/06\/A-split-So-2-768x512.jpg 768w, https:\/\/www.dalmatien-online.de\/wp-content\/uploads\/2020\/06\/A-split-So-2-250x167.jpg 250w, https:\/\/www.dalmatien-online.de\/wp-content\/uploads\/2020\/06\/A-split-So-2-400x267.jpg 400w, https:\/\/www.dalmatien-online.de\/wp-content\/uploads\/2020\/06\/A-split-So-2.jpg 1500w\" sizes=\"auto, (max-width: 1024px) 100vw, 1024px\" \/><figcaption>Die gro\u00dfe <strong><a rel=\"noreferrer noopener\" href=\"https:\/\/aci-marinas.com\/marina\/aci-split\/\" target=\"_blank\">ACI Marina<\/a><\/strong> ist hier zu finden mit den zahlreichen Seegelbooten, Katamaranen und protzigen Yachten. Unweit davon an der Steilk\u00fcste schlie\u00dft sich der <strong><a rel=\"noreferrer noopener\" href=\"https:\/\/www.dalmatien-online.de\/de\/der-park-sustipan\/\" target=\"_blank\">Park &#8222;Sustipan&#8220;<\/a><\/strong> an, ein beliebte Fotolokation f\u00fcr frisch verm\u00e4hlte Paare.<\/figcaption><\/figure>\n\n\n\n<figure class=\"wp-block-image size-large\"><img loading=\"lazy\" decoding=\"async\" width=\"1024\" height=\"683\" src=\"https:\/\/www.dalmatien-online.de\/wp-content\/uploads\/2020\/06\/A-Split-10-19-mi-13-1024x683.jpg\" alt=\"\" class=\"wp-image-728\" srcset=\"https:\/\/www.dalmatien-online.de\/wp-content\/uploads\/2020\/06\/A-Split-10-19-mi-13-1024x683.jpg 1024w, https:\/\/www.dalmatien-online.de\/wp-content\/uploads\/2020\/06\/A-Split-10-19-mi-13-300x200.jpg 300w, https:\/\/www.dalmatien-online.de\/wp-content\/uploads\/2020\/06\/A-Split-10-19-mi-13-768x512.jpg 768w, https:\/\/www.dalmatien-online.de\/wp-content\/uploads\/2020\/06\/A-Split-10-19-mi-13-250x167.jpg 250w, https:\/\/www.dalmatien-online.de\/wp-content\/uploads\/2020\/06\/A-Split-10-19-mi-13-400x267.jpg 400w, https:\/\/www.dalmatien-online.de\/wp-content\/uploads\/2020\/06\/A-Split-10-19-mi-13.jpg 1500w\" sizes=\"auto, (max-width: 1024px) 100vw, 1024px\" \/><figcaption>Es gibt zahlreiche <strong><a href=\"https:\/\/www.dalmatien-online.de\/de\/die-straende-von-split\/\" target=\"_blank\" rel=\"noreferrer noopener\">Str\u00e4nde in Split<\/a><\/strong>.  Die rund um den Waldpark &#8222;Marjan&#8220; oder die entlang der K\u00fcstenlinie der Stadt laden dazu ein zu spazieren oder einfach &#8222;mal kurz einzutauchen&#8220; oder auch den ganzen zu faulenzen.<\/figcaption><\/figure>\n\n\n\n<figure class=\"wp-block-image size-large\"><img loading=\"lazy\" decoding=\"async\" width=\"1024\" height=\"683\" src=\"https:\/\/www.dalmatien-online.de\/wp-content\/uploads\/2020\/06\/A-Split-10-19-mi-14-1024x683.jpg\" alt=\"\" class=\"wp-image-731\" srcset=\"https:\/\/www.dalmatien-online.de\/wp-content\/uploads\/2020\/06\/A-Split-10-19-mi-14-1024x683.jpg 1024w, https:\/\/www.dalmatien-online.de\/wp-content\/uploads\/2020\/06\/A-Split-10-19-mi-14-300x200.jpg 300w, https:\/\/www.dalmatien-online.de\/wp-content\/uploads\/2020\/06\/A-Split-10-19-mi-14-768x512.jpg 768w, https:\/\/www.dalmatien-online.de\/wp-content\/uploads\/2020\/06\/A-Split-10-19-mi-14-250x167.jpg 250w, https:\/\/www.dalmatien-online.de\/wp-content\/uploads\/2020\/06\/A-Split-10-19-mi-14-400x267.jpg 400w, https:\/\/www.dalmatien-online.de\/wp-content\/uploads\/2020\/06\/A-Split-10-19-mi-14.jpg 1500w\" sizes=\"auto, (max-width: 1024px) 100vw, 1024px\" \/><figcaption>Auf der Nordseite der sportver\u00fcckten Stadt liegt <strong><a href=\"https:\/\/www.dalmatien-online.de\/de\/das-stadion-poljud\/\" target=\"_blank\" rel=\"noreferrer noopener\">das Stadion &#8222;Poljud&#8220;<\/a><\/strong>, das Heimat des legend\u00e4ren Fu\u00dfballvereins &#8222;Hajduk Split&#8220; ist. Es liegt nahe der K\u00fcste an der Bucht von Ka\u0161tela in beeindruckender Kulisse.<\/figcaption><\/figure>\n\n\n\n<figure class=\"wp-block-image size-large\"><img loading=\"lazy\" decoding=\"async\" width=\"1024\" height=\"683\" src=\"https:\/\/www.dalmatien-online.de\/wp-content\/uploads\/2020\/06\/78397605_1437137789776143_834019323885387776_o-1-1024x683.jpg\" alt=\"\" class=\"wp-image-2668\" srcset=\"https:\/\/www.dalmatien-online.de\/wp-content\/uploads\/2020\/06\/78397605_1437137789776143_834019323885387776_o-1-1024x683.jpg 1024w, https:\/\/www.dalmatien-online.de\/wp-content\/uploads\/2020\/06\/78397605_1437137789776143_834019323885387776_o-1-300x200.jpg 300w, https:\/\/www.dalmatien-online.de\/wp-content\/uploads\/2020\/06\/78397605_1437137789776143_834019323885387776_o-1-768x512.jpg 768w, https:\/\/www.dalmatien-online.de\/wp-content\/uploads\/2020\/06\/78397605_1437137789776143_834019323885387776_o-1-250x167.jpg 250w, https:\/\/www.dalmatien-online.de\/wp-content\/uploads\/2020\/06\/78397605_1437137789776143_834019323885387776_o-1-400x267.jpg 400w, https:\/\/www.dalmatien-online.de\/wp-content\/uploads\/2020\/06\/78397605_1437137789776143_834019323885387776_o-1.jpg 1500w\" sizes=\"auto, (max-width: 1024px) 100vw, 1024px\" \/><figcaption>Unten im Bild ein Blick aus der Ferne \u00fcber &#8222;Mateju\u0161ka&#8220; auf  &#8222;Varo\u0161&#8220;, wo sich Haus \u00fcber Haus den Berg hinauf an den Hang schmiegen, verbunden durch ein Netz aus kleinen Gassen.<\/figcaption><\/figure>\n\n\n\n<figure class=\"wp-block-image size-large\"><img loading=\"lazy\" decoding=\"async\" width=\"1024\" height=\"683\" src=\"https:\/\/www.dalmatien-online.de\/wp-content\/uploads\/2020\/06\/A-Split-181119-mittag-1-1024x683.jpg\" alt=\"\" class=\"wp-image-734\" srcset=\"https:\/\/www.dalmatien-online.de\/wp-content\/uploads\/2020\/06\/A-Split-181119-mittag-1-1024x683.jpg 1024w, https:\/\/www.dalmatien-online.de\/wp-content\/uploads\/2020\/06\/A-Split-181119-mittag-1-300x200.jpg 300w, https:\/\/www.dalmatien-online.de\/wp-content\/uploads\/2020\/06\/A-Split-181119-mittag-1-768x512.jpg 768w, https:\/\/www.dalmatien-online.de\/wp-content\/uploads\/2020\/06\/A-Split-181119-mittag-1-250x167.jpg 250w, https:\/\/www.dalmatien-online.de\/wp-content\/uploads\/2020\/06\/A-Split-181119-mittag-1-400x267.jpg 400w, https:\/\/www.dalmatien-online.de\/wp-content\/uploads\/2020\/06\/A-Split-181119-mittag-1.jpg 1500w\" sizes=\"auto, (max-width: 1024px) 100vw, 1024px\" \/><figcaption>Wer durch die Altstadt durch Split schlendert und genau hinsieht wird immer wieder \u00fcberascht sein von den vielen architektonischen Elementen aus aus allen Epochen der bewegten <strong><a rel=\"noreferrer noopener\" href=\"https:\/\/split.gg\/split-history\/\" target=\"_blank\">Stadtgeschichte<\/a><\/strong>. Auch wenn man die Stadt nach Jahren sehr gut kennt, so finden sich t\u00e4glich noch neue historische <strong><a href=\"https:\/\/www.dalmatien-online.de\/de\/zeitzeugen-der-architektur\/\" target=\"_blank\" rel=\"noreferrer noopener\">Zeitzeugen in der Architektur<\/a><\/strong>, die man vorher noch nicht entdeckt hatte.<\/figcaption><\/figure>\n\n\n\n<figure class=\"wp-block-image size-large\"><img loading=\"lazy\" decoding=\"async\" width=\"1024\" height=\"683\" src=\"https:\/\/www.dalmatien-online.de\/wp-content\/uploads\/2020\/06\/A-Split-301119-2-1024x683.jpg\" alt=\"\" class=\"wp-image-735\" srcset=\"https:\/\/www.dalmatien-online.de\/wp-content\/uploads\/2020\/06\/A-Split-301119-2-1024x683.jpg 1024w, https:\/\/www.dalmatien-online.de\/wp-content\/uploads\/2020\/06\/A-Split-301119-2-300x200.jpg 300w, https:\/\/www.dalmatien-online.de\/wp-content\/uploads\/2020\/06\/A-Split-301119-2-768x512.jpg 768w, https:\/\/www.dalmatien-online.de\/wp-content\/uploads\/2020\/06\/A-Split-301119-2-250x167.jpg 250w, https:\/\/www.dalmatien-online.de\/wp-content\/uploads\/2020\/06\/A-Split-301119-2-400x267.jpg 400w, https:\/\/www.dalmatien-online.de\/wp-content\/uploads\/2020\/06\/A-Split-301119-2.jpg 1500w\" sizes=\"auto, (max-width: 1024px) 100vw, 1024px\" \/><figcaption>Unten im Bild der traditionelle kleine Fischerhafen <strong><a rel=\"noreferrer noopener\" href=\"https:\/\/www.dalmatien-online.de\/de\/matejuska\/\" target=\"_blank\">&#8222;Mateju\u0161ka&#8220;<\/a><\/strong> im Nordwestteil vom Spliter Hafen am fr\u00fchen Morgen. Wer sehr fr\u00fch in Split unterwegs ist , erlebt die Stadt in ganz besonderer Weise. Zuerst den herrlichen Sonnenaufgang genie\u00dfen und dann beim Kaffee am Fischmarkt im &#8222;Slatna Ribica&#8220; (Goldfisch) dem emsigen Treiben zusehen, so kann der Tag beginnen.<\/figcaption><\/figure>\n\n\n\n<figure class=\"wp-block-image size-large\"><img loading=\"lazy\" decoding=\"async\" width=\"1024\" height=\"683\" src=\"https:\/\/www.dalmatien-online.de\/wp-content\/uploads\/2020\/06\/A-Split-rano-3-19-1024x683.jpg\" alt=\"\" class=\"wp-image-2685\" srcset=\"https:\/\/www.dalmatien-online.de\/wp-content\/uploads\/2020\/06\/A-Split-rano-3-19-1024x683.jpg 1024w, https:\/\/www.dalmatien-online.de\/wp-content\/uploads\/2020\/06\/A-Split-rano-3-19-300x200.jpg 300w, https:\/\/www.dalmatien-online.de\/wp-content\/uploads\/2020\/06\/A-Split-rano-3-19-768x512.jpg 768w, https:\/\/www.dalmatien-online.de\/wp-content\/uploads\/2020\/06\/A-Split-rano-3-19-250x167.jpg 250w, https:\/\/www.dalmatien-online.de\/wp-content\/uploads\/2020\/06\/A-Split-rano-3-19-400x267.jpg 400w, https:\/\/www.dalmatien-online.de\/wp-content\/uploads\/2020\/06\/A-Split-rano-3-19.jpg 1500w\" sizes=\"auto, (max-width: 1024px) 100vw, 1024px\" \/><\/figure>\n\n\n\n\n\n\n","protected":false},"excerpt":{"rendered":"<p>Mit dem Spliter Hafen, dem Fernbussbahnhof und dem Bahnhof ist Split Hauptknotenpunkt des Verkehrs in in Dalmatien. Von Split`s Flughafen an der K\u00fcste der Bucht von Ka\u0161tela ist man in <a class=\"more-link\" href=\"https:\/\/www.dalmatien-online.de\/de\/split\/\">weiterlesen&#8230;<\/a><\/p>\n","protected":false},"author":1,"featured_media":0,"parent":0,"menu_order":0,"comment_status":"closed","ping_status":"closed","template":"","meta":{"footnotes":"","_links_to":"","_links_to_target":""},"tags":[],"class_list":["post-104","page","type-page","status-publish","hentry"],"_links":{"self":[{"href":"https:\/\/www.dalmatien-online.de\/de\/wp-json\/wp\/v2\/pages\/104","targetHints":{"allow":["GET"]}}],"collection":[{"href":"https:\/\/www.dalmatien-online.de\/de\/wp-json\/wp\/v2\/pages"}],"about":[{"href":"https:\/\/www.dalmatien-online.de\/de\/wp-json\/wp\/v2\/types\/page"}],"author":[{"embeddable":true,"href":"https:\/\/www.dalmatien-online.de\/de\/wp-json\/wp\/v2\/users\/1"}],"replies":[{"embeddable":true,"href":"https:\/\/www.dalmatien-online.de\/de\/wp-json\/wp\/v2\/comments?post=104"}],"version-history":[{"count":45,"href":"https:\/\/www.dalmatien-online.de\/de\/wp-json\/wp\/v2\/pages\/104\/revisions"}],"predecessor-version":[{"id":3334,"href":"https:\/\/www.dalmatien-online.de\/de\/wp-json\/wp\/v2\/pages\/104\/revisions\/3334"}],"wp:attachment":[{"href":"https:\/\/www.dalmatien-online.de\/de\/wp-json\/wp\/v2\/media?parent=104"}],"wp:term":[{"taxonomy":"post_tag","embeddable":true,"href":"https:\/\/www.dalmatien-online.de\/de\/wp-json\/wp\/v2\/tags?post=104"}],"curies":[{"name":"wp","href":"https:\/\/api.w.org\/{rel}","templated":true}]}}