{"id":1064,"date":"2020-06-04T14:32:58","date_gmt":"2020-06-04T13:32:58","guid":{"rendered":"https:\/\/www.dalmatien-online.de\/?page_id=1064"},"modified":"2020-06-05T20:39:38","modified_gmt":"2020-06-05T19:39:38","slug":"lastovo-nach-skrivena-luka","status":"publish","type":"page","link":"https:\/\/www.dalmatien-online.de\/de\/lastovo-nach-skrivena-luka\/","title":{"rendered":"Lastovo nach Skrivena Luka"},"content":{"rendered":"\n<p>Eine wundersch\u00f6ne Wandertour vom St\u00e4dtchen Lastovo nach Skrivena Luka &#8211; tiefenentspannt &#8222;\u00fcber Stock und Stein&#8220; durch Wald und Oliven zur S\u00fcdseite der Insel.<\/p>\n\n\n\n<hr class=\"wp-block-separator\"\/>\n\n\n\n<figure class=\"wp-block-image size-large\"><img loading=\"lazy\" decoding=\"async\" width=\"1024\" height=\"683\" src=\"https:\/\/www.dalmatien-online.de\/wp-content\/uploads\/2020\/06\/A-Lastovo-abend-1-1018-4-1-1024x683.jpg\" alt=\"\" class=\"wp-image-1392\" srcset=\"https:\/\/www.dalmatien-online.de\/wp-content\/uploads\/2020\/06\/A-Lastovo-abend-1-1018-4-1-1024x683.jpg 1024w, https:\/\/www.dalmatien-online.de\/wp-content\/uploads\/2020\/06\/A-Lastovo-abend-1-1018-4-1-300x200.jpg 300w, https:\/\/www.dalmatien-online.de\/wp-content\/uploads\/2020\/06\/A-Lastovo-abend-1-1018-4-1-768x512.jpg 768w, https:\/\/www.dalmatien-online.de\/wp-content\/uploads\/2020\/06\/A-Lastovo-abend-1-1018-4-1-250x167.jpg 250w, https:\/\/www.dalmatien-online.de\/wp-content\/uploads\/2020\/06\/A-Lastovo-abend-1-1018-4-1-400x267.jpg 400w, https:\/\/www.dalmatien-online.de\/wp-content\/uploads\/2020\/06\/A-Lastovo-abend-1-1018-4-1.jpg 1500w\" sizes=\"auto, (max-width: 1024px) 100vw, 1024px\" \/><figcaption>Startpunkt ist das alte St\u00e4dtchen Lastovo. Bei &#8222;Nacht und Nebel&#8220; so gegen 6.30 &#8211; 7:00 Uhr gestartet zeigt sich die Sch\u00f6nheit der Insel, der Kulturlandschaft und der Natur Lastovos in besonderer Weise.<\/figcaption><\/figure>\n\n\n\n<figure class=\"wp-block-image size-large\"><img loading=\"lazy\" decoding=\"async\" width=\"1024\" height=\"685\" src=\"https:\/\/www.dalmatien-online.de\/wp-content\/uploads\/2020\/06\/A-Lastovo-Sa-1-1024x685.jpg\" alt=\"\" class=\"wp-image-1393\" srcset=\"https:\/\/www.dalmatien-online.de\/wp-content\/uploads\/2020\/06\/A-Lastovo-Sa-1-1024x685.jpg 1024w, https:\/\/www.dalmatien-online.de\/wp-content\/uploads\/2020\/06\/A-Lastovo-Sa-1-300x201.jpg 300w, https:\/\/www.dalmatien-online.de\/wp-content\/uploads\/2020\/06\/A-Lastovo-Sa-1-768x514.jpg 768w, https:\/\/www.dalmatien-online.de\/wp-content\/uploads\/2020\/06\/A-Lastovo-Sa-1-250x167.jpg 250w, https:\/\/www.dalmatien-online.de\/wp-content\/uploads\/2020\/06\/A-Lastovo-Sa-1-400x267.jpg 400w, https:\/\/www.dalmatien-online.de\/wp-content\/uploads\/2020\/06\/A-Lastovo-Sa-1.jpg 1438w\" sizes=\"auto, (max-width: 1024px) 100vw, 1024px\" \/><figcaption>Lastovo hinter sich gelassen durchquert man eine kleine Talebene in Richtung des Waldes mit Obst- und Gem\u00fcsefeldern. Dabei passiert es schon mal dem ein oder anderen tierischen Bewohner am Morgen zu st\u00f6ren.<\/figcaption><\/figure>\n\n\n\n<figure class=\"wp-block-image size-large\"><img loading=\"lazy\" decoding=\"async\" width=\"1024\" height=\"682\" src=\"https:\/\/www.dalmatien-online.de\/wp-content\/uploads\/2020\/06\/A-Lastovo-Fasan-1018-1-1024x682.jpg\" alt=\"\" class=\"wp-image-1394\" srcset=\"https:\/\/www.dalmatien-online.de\/wp-content\/uploads\/2020\/06\/A-Lastovo-Fasan-1018-1-1024x682.jpg 1024w, https:\/\/www.dalmatien-online.de\/wp-content\/uploads\/2020\/06\/A-Lastovo-Fasan-1018-1-300x200.jpg 300w, https:\/\/www.dalmatien-online.de\/wp-content\/uploads\/2020\/06\/A-Lastovo-Fasan-1018-1-768x512.jpg 768w, https:\/\/www.dalmatien-online.de\/wp-content\/uploads\/2020\/06\/A-Lastovo-Fasan-1018-1-250x167.jpg 250w, https:\/\/www.dalmatien-online.de\/wp-content\/uploads\/2020\/06\/A-Lastovo-Fasan-1018-1-400x267.jpg 400w, https:\/\/www.dalmatien-online.de\/wp-content\/uploads\/2020\/06\/A-Lastovo-Fasan-1018-1.jpg 1460w\" sizes=\"auto, (max-width: 1024px) 100vw, 1024px\" \/><figcaption>Hat man die Felder hintersich gelassen endeckt man am Waldrand einen uralten Pfad aus massiven Steinen hinein ins Gr\u00fcn der B\u00e4ume.<\/figcaption><\/figure>\n\n\n\n<figure class=\"wp-block-image size-large\"><img loading=\"lazy\" decoding=\"async\" width=\"683\" height=\"1024\" src=\"https:\/\/www.dalmatien-online.de\/wp-content\/uploads\/2020\/06\/A-Lastovo-Skr-Luka-1018-2-683x1024.jpg\" alt=\"\" class=\"wp-image-1395\" srcset=\"https:\/\/www.dalmatien-online.de\/wp-content\/uploads\/2020\/06\/A-Lastovo-Skr-Luka-1018-2-683x1024.jpg 683w, https:\/\/www.dalmatien-online.de\/wp-content\/uploads\/2020\/06\/A-Lastovo-Skr-Luka-1018-2-200x300.jpg 200w, https:\/\/www.dalmatien-online.de\/wp-content\/uploads\/2020\/06\/A-Lastovo-Skr-Luka-1018-2-768x1152.jpg 768w, https:\/\/www.dalmatien-online.de\/wp-content\/uploads\/2020\/06\/A-Lastovo-Skr-Luka-1018-2-250x375.jpg 250w, https:\/\/www.dalmatien-online.de\/wp-content\/uploads\/2020\/06\/A-Lastovo-Skr-Luka-1018-2.jpg 1000w\" sizes=\"auto, (max-width: 683px) 100vw, 683px\" \/><figcaption>Nach einiger Zeit auf verwunschenen Waldpfaden bergauf und ab \u00f6ffnet sich der Blick gen Himmel.<\/figcaption><\/figure>\n\n\n\n<figure class=\"wp-block-image size-large\"><img loading=\"lazy\" decoding=\"async\" width=\"670\" height=\"1024\" src=\"https:\/\/www.dalmatien-online.de\/wp-content\/uploads\/2020\/06\/A-Lastovo-Skr-Luka-1018-3-670x1024.jpg\" alt=\"\" class=\"wp-image-1396\" srcset=\"https:\/\/www.dalmatien-online.de\/wp-content\/uploads\/2020\/06\/A-Lastovo-Skr-Luka-1018-3-670x1024.jpg 670w, https:\/\/www.dalmatien-online.de\/wp-content\/uploads\/2020\/06\/A-Lastovo-Skr-Luka-1018-3-196x300.jpg 196w, https:\/\/www.dalmatien-online.de\/wp-content\/uploads\/2020\/06\/A-Lastovo-Skr-Luka-1018-3-768x1174.jpg 768w, https:\/\/www.dalmatien-online.de\/wp-content\/uploads\/2020\/06\/A-Lastovo-Skr-Luka-1018-3-250x382.jpg 250w, https:\/\/www.dalmatien-online.de\/wp-content\/uploads\/2020\/06\/A-Lastovo-Skr-Luka-1018-3.jpg 1001w\" sizes=\"auto, (max-width: 670px) 100vw, 670px\" \/><figcaption>Angekommen auf einem der Inselbergchen entlang des alten Pfades wird man mit einem Atem raubenden Blick \u00fcber eines der vernebelten T\u00e4ler belohnt &#8211; Gute Zeit kurz zu rasten und einfach zu genie\u00dfen.<\/figcaption><\/figure>\n\n\n\n<figure class=\"wp-block-image size-large\"><img loading=\"lazy\" decoding=\"async\" width=\"1024\" height=\"683\" src=\"https:\/\/www.dalmatien-online.de\/wp-content\/uploads\/2020\/06\/A-Lastovo-Skr-Luka-1018-8-1024x683.jpg\" alt=\"\" class=\"wp-image-1397\" srcset=\"https:\/\/www.dalmatien-online.de\/wp-content\/uploads\/2020\/06\/A-Lastovo-Skr-Luka-1018-8-1024x683.jpg 1024w, https:\/\/www.dalmatien-online.de\/wp-content\/uploads\/2020\/06\/A-Lastovo-Skr-Luka-1018-8-300x200.jpg 300w, https:\/\/www.dalmatien-online.de\/wp-content\/uploads\/2020\/06\/A-Lastovo-Skr-Luka-1018-8-768x512.jpg 768w, https:\/\/www.dalmatien-online.de\/wp-content\/uploads\/2020\/06\/A-Lastovo-Skr-Luka-1018-8-250x167.jpg 250w, https:\/\/www.dalmatien-online.de\/wp-content\/uploads\/2020\/06\/A-Lastovo-Skr-Luka-1018-8-400x267.jpg 400w, https:\/\/www.dalmatien-online.de\/wp-content\/uploads\/2020\/06\/A-Lastovo-Skr-Luka-1018-8.jpg 1500w\" sizes=\"auto, (max-width: 1024px) 100vw, 1024px\" \/><figcaption>Erstaunt \u00fcber die Vielseitigkeit nat\u00fcrlicher Sch\u00f6nheit der eigentlich sehr kleinen Insel Lastovo setzt man gem\u00e4chlich seinen Weg fort.<\/figcaption><\/figure>\n\n\n\n<figure class=\"wp-block-image size-large\"><img loading=\"lazy\" decoding=\"async\" width=\"1024\" height=\"693\" src=\"https:\/\/www.dalmatien-online.de\/wp-content\/uploads\/2020\/06\/A-Lastovo-Skr-Luka-1018-6-1024x693.jpg\" alt=\"\" class=\"wp-image-1398\" srcset=\"https:\/\/www.dalmatien-online.de\/wp-content\/uploads\/2020\/06\/A-Lastovo-Skr-Luka-1018-6-1024x693.jpg 1024w, https:\/\/www.dalmatien-online.de\/wp-content\/uploads\/2020\/06\/A-Lastovo-Skr-Luka-1018-6-300x203.jpg 300w, https:\/\/www.dalmatien-online.de\/wp-content\/uploads\/2020\/06\/A-Lastovo-Skr-Luka-1018-6-768x519.jpg 768w, https:\/\/www.dalmatien-online.de\/wp-content\/uploads\/2020\/06\/A-Lastovo-Skr-Luka-1018-6-250x169.jpg 250w, https:\/\/www.dalmatien-online.de\/wp-content\/uploads\/2020\/06\/A-Lastovo-Skr-Luka-1018-6.jpg 1492w\" sizes=\"auto, (max-width: 1024px) 100vw, 1024px\" \/><figcaption>Immer von Neuem beeindruckt von der magischen Kulisse.<\/figcaption><\/figure>\n\n\n\n<figure class=\"wp-block-image size-large\"><img loading=\"lazy\" decoding=\"async\" width=\"683\" height=\"1024\" src=\"https:\/\/www.dalmatien-online.de\/wp-content\/uploads\/2020\/06\/A-Lastovo-Skr-Luka-1018-5-683x1024.jpg\" alt=\"\" class=\"wp-image-1399\" srcset=\"https:\/\/www.dalmatien-online.de\/wp-content\/uploads\/2020\/06\/A-Lastovo-Skr-Luka-1018-5-683x1024.jpg 683w, https:\/\/www.dalmatien-online.de\/wp-content\/uploads\/2020\/06\/A-Lastovo-Skr-Luka-1018-5-200x300.jpg 200w, https:\/\/www.dalmatien-online.de\/wp-content\/uploads\/2020\/06\/A-Lastovo-Skr-Luka-1018-5-768x1152.jpg 768w, https:\/\/www.dalmatien-online.de\/wp-content\/uploads\/2020\/06\/A-Lastovo-Skr-Luka-1018-5-250x375.jpg 250w, https:\/\/www.dalmatien-online.de\/wp-content\/uploads\/2020\/06\/A-Lastovo-Skr-Luka-1018-5.jpg 1000w\" sizes=\"auto, (max-width: 683px) 100vw, 683px\" \/><figcaption>Vorbei an lebendig wirkenden Felsformationen schl\u00e4ngelt sich der Pfad weiter nach S\u00fcden.<\/figcaption><\/figure>\n\n\n\n<figure class=\"wp-block-image size-large\"><img loading=\"lazy\" decoding=\"async\" width=\"1024\" height=\"670\" src=\"https:\/\/www.dalmatien-online.de\/wp-content\/uploads\/2020\/06\/A-Lastovo-Skr-Luka-1018-1-1024x670.jpg\" alt=\"\" class=\"wp-image-1400\" srcset=\"https:\/\/www.dalmatien-online.de\/wp-content\/uploads\/2020\/06\/A-Lastovo-Skr-Luka-1018-1-1024x670.jpg 1024w, https:\/\/www.dalmatien-online.de\/wp-content\/uploads\/2020\/06\/A-Lastovo-Skr-Luka-1018-1-300x196.jpg 300w, https:\/\/www.dalmatien-online.de\/wp-content\/uploads\/2020\/06\/A-Lastovo-Skr-Luka-1018-1-768x503.jpg 768w, https:\/\/www.dalmatien-online.de\/wp-content\/uploads\/2020\/06\/A-Lastovo-Skr-Luka-1018-1-250x164.jpg 250w, https:\/\/www.dalmatien-online.de\/wp-content\/uploads\/2020\/06\/A-Lastovo-Skr-Luka-1018-1.jpg 1531w\" sizes=\"auto, (max-width: 1024px) 100vw, 1024px\" \/><\/figure>\n\n\n\n<figure class=\"wp-block-image size-large\"><img loading=\"lazy\" decoding=\"async\" width=\"683\" height=\"1024\" src=\"https:\/\/www.dalmatien-online.de\/wp-content\/uploads\/2020\/06\/A-Lastovo-Skr-Luka-1018-11-683x1024.jpg\" alt=\"\" class=\"wp-image-1401\" srcset=\"https:\/\/www.dalmatien-online.de\/wp-content\/uploads\/2020\/06\/A-Lastovo-Skr-Luka-1018-11-683x1024.jpg 683w, https:\/\/www.dalmatien-online.de\/wp-content\/uploads\/2020\/06\/A-Lastovo-Skr-Luka-1018-11-200x300.jpg 200w, https:\/\/www.dalmatien-online.de\/wp-content\/uploads\/2020\/06\/A-Lastovo-Skr-Luka-1018-11-768x1152.jpg 768w, https:\/\/www.dalmatien-online.de\/wp-content\/uploads\/2020\/06\/A-Lastovo-Skr-Luka-1018-11-250x375.jpg 250w, https:\/\/www.dalmatien-online.de\/wp-content\/uploads\/2020\/06\/A-Lastovo-Skr-Luka-1018-11.jpg 1000w\" sizes=\"auto, (max-width: 683px) 100vw, 683px\" \/><figcaption>Nach einigen Auf- und Abstiegen entlang des Weges durch Wald, kargere Vegetation und Feldern \u00f6ffnet sich nach einem letzten Anstieg der Blick \u00fcber die Bucht von Skrivena Luka mit seinem Leuchtturm.<\/figcaption><\/figure>\n\n\n\n<figure class=\"wp-block-image size-large\"><img loading=\"lazy\" decoding=\"async\" width=\"1024\" height=\"689\" src=\"https:\/\/www.dalmatien-online.de\/wp-content\/uploads\/2020\/06\/A-Lastovo-Skr-Luka-1018-13-1024x689.jpg\" alt=\"\" class=\"wp-image-1402\" srcset=\"https:\/\/www.dalmatien-online.de\/wp-content\/uploads\/2020\/06\/A-Lastovo-Skr-Luka-1018-13-1024x689.jpg 1024w, https:\/\/www.dalmatien-online.de\/wp-content\/uploads\/2020\/06\/A-Lastovo-Skr-Luka-1018-13-300x202.jpg 300w, https:\/\/www.dalmatien-online.de\/wp-content\/uploads\/2020\/06\/A-Lastovo-Skr-Luka-1018-13-768x517.jpg 768w, https:\/\/www.dalmatien-online.de\/wp-content\/uploads\/2020\/06\/A-Lastovo-Skr-Luka-1018-13-1536x1034.jpg 1536w, https:\/\/www.dalmatien-online.de\/wp-content\/uploads\/2020\/06\/A-Lastovo-Skr-Luka-1018-13-250x168.jpg 250w, https:\/\/www.dalmatien-online.de\/wp-content\/uploads\/2020\/06\/A-Lastovo-Skr-Luka-1018-13.jpg 1550w\" sizes=\"auto, (max-width: 1024px) 100vw, 1024px\" \/><figcaption>Welch eine Aussicht! Staunend wird weiter gewandert und langsam hin zum Meer abgestiegen.<\/figcaption><\/figure>\n\n\n\n<figure class=\"wp-block-image size-large\"><img loading=\"lazy\" decoding=\"async\" width=\"1024\" height=\"683\" src=\"https:\/\/www.dalmatien-online.de\/wp-content\/uploads\/2020\/06\/A-Lastovo-Skr-Luka-1018-181-1-1024x683.jpg\" alt=\"\" class=\"wp-image-1403\" srcset=\"https:\/\/www.dalmatien-online.de\/wp-content\/uploads\/2020\/06\/A-Lastovo-Skr-Luka-1018-181-1-1024x683.jpg 1024w, https:\/\/www.dalmatien-online.de\/wp-content\/uploads\/2020\/06\/A-Lastovo-Skr-Luka-1018-181-1-300x200.jpg 300w, https:\/\/www.dalmatien-online.de\/wp-content\/uploads\/2020\/06\/A-Lastovo-Skr-Luka-1018-181-1-768x512.jpg 768w, https:\/\/www.dalmatien-online.de\/wp-content\/uploads\/2020\/06\/A-Lastovo-Skr-Luka-1018-181-1-250x167.jpg 250w, https:\/\/www.dalmatien-online.de\/wp-content\/uploads\/2020\/06\/A-Lastovo-Skr-Luka-1018-181-1-400x267.jpg 400w, https:\/\/www.dalmatien-online.de\/wp-content\/uploads\/2020\/06\/A-Lastovo-Skr-Luka-1018-181-1.jpg 1500w\" sizes=\"auto, (max-width: 1024px) 100vw, 1024px\" \/><figcaption>Ein Fischer zieht seine Kreise in der Bucht unterhalb des Leuchtturms zu dem es einen zieht.<\/figcaption><\/figure>\n\n\n\n<figure class=\"wp-block-image size-large\"><img loading=\"lazy\" decoding=\"async\" width=\"1024\" height=\"683\" src=\"https:\/\/www.dalmatien-online.de\/wp-content\/uploads\/2020\/06\/A-Lastovo-Skr-Luka-1018-17-1024x683.jpg\" alt=\"\" class=\"wp-image-1404\" srcset=\"https:\/\/www.dalmatien-online.de\/wp-content\/uploads\/2020\/06\/A-Lastovo-Skr-Luka-1018-17-1024x683.jpg 1024w, https:\/\/www.dalmatien-online.de\/wp-content\/uploads\/2020\/06\/A-Lastovo-Skr-Luka-1018-17-300x200.jpg 300w, https:\/\/www.dalmatien-online.de\/wp-content\/uploads\/2020\/06\/A-Lastovo-Skr-Luka-1018-17-768x512.jpg 768w, https:\/\/www.dalmatien-online.de\/wp-content\/uploads\/2020\/06\/A-Lastovo-Skr-Luka-1018-17-250x167.jpg 250w, https:\/\/www.dalmatien-online.de\/wp-content\/uploads\/2020\/06\/A-Lastovo-Skr-Luka-1018-17-400x267.jpg 400w, https:\/\/www.dalmatien-online.de\/wp-content\/uploads\/2020\/06\/A-Lastovo-Skr-Luka-1018-17.jpg 1500w\" sizes=\"auto, (max-width: 1024px) 100vw, 1024px\" \/><figcaption>Schlie\u00dflich bergab am Meer angekommen folgt man einem Str\u00e4\u00dfchen entlang des Ufers dem Ruf des Leuchturms folgend. Blick aus der Ferne.<\/figcaption><\/figure>\n\n\n\n<figure class=\"wp-block-image size-large\"><img loading=\"lazy\" decoding=\"async\" width=\"1024\" height=\"698\" src=\"https:\/\/www.dalmatien-online.de\/wp-content\/uploads\/2020\/06\/A-Lastovo-Skr-Luka-1018-16-1-1024x698.jpg\" alt=\"\" class=\"wp-image-1405\" srcset=\"https:\/\/www.dalmatien-online.de\/wp-content\/uploads\/2020\/06\/A-Lastovo-Skr-Luka-1018-16-1-1024x698.jpg 1024w, https:\/\/www.dalmatien-online.de\/wp-content\/uploads\/2020\/06\/A-Lastovo-Skr-Luka-1018-16-1-300x205.jpg 300w, https:\/\/www.dalmatien-online.de\/wp-content\/uploads\/2020\/06\/A-Lastovo-Skr-Luka-1018-16-1-768x524.jpg 768w, https:\/\/www.dalmatien-online.de\/wp-content\/uploads\/2020\/06\/A-Lastovo-Skr-Luka-1018-16-1-1536x1047.jpg 1536w, https:\/\/www.dalmatien-online.de\/wp-content\/uploads\/2020\/06\/A-Lastovo-Skr-Luka-1018-16-1-250x170.jpg 250w, https:\/\/www.dalmatien-online.de\/wp-content\/uploads\/2020\/06\/A-Lastovo-Skr-Luka-1018-16-1.jpg 1549w\" sizes=\"auto, (max-width: 1024px) 100vw, 1024px\" \/><figcaption>Immer weiter entlang der Bucht erfreuen herrliche Ausblicke auf die Umgebung Skrivena Luka.<\/figcaption><\/figure>\n\n\n\n<figure class=\"wp-block-image size-large\"><img loading=\"lazy\" decoding=\"async\" width=\"1024\" height=\"683\" src=\"https:\/\/www.dalmatien-online.de\/wp-content\/uploads\/2020\/06\/A-Lastovo-Skr-Luka-1018-18-1024x683.jpg\" alt=\"\" class=\"wp-image-1407\" srcset=\"https:\/\/www.dalmatien-online.de\/wp-content\/uploads\/2020\/06\/A-Lastovo-Skr-Luka-1018-18-1024x683.jpg 1024w, https:\/\/www.dalmatien-online.de\/wp-content\/uploads\/2020\/06\/A-Lastovo-Skr-Luka-1018-18-300x200.jpg 300w, https:\/\/www.dalmatien-online.de\/wp-content\/uploads\/2020\/06\/A-Lastovo-Skr-Luka-1018-18-768x512.jpg 768w, https:\/\/www.dalmatien-online.de\/wp-content\/uploads\/2020\/06\/A-Lastovo-Skr-Luka-1018-18-250x167.jpg 250w, https:\/\/www.dalmatien-online.de\/wp-content\/uploads\/2020\/06\/A-Lastovo-Skr-Luka-1018-18-400x267.jpg 400w, https:\/\/www.dalmatien-online.de\/wp-content\/uploads\/2020\/06\/A-Lastovo-Skr-Luka-1018-18.jpg 1500w\" sizes=\"auto, (max-width: 1024px) 100vw, 1024px\" \/><figcaption>Kurz nach der Biegung der Bucht erreicht man eine sich bergauf schl\u00e4ngelnde Abzweigung des Str\u00e4\u00dfchens hinauf Richtung Leuchtturm vorbei an Wiesen und B\u00e4umen.<\/figcaption><\/figure>\n\n\n\n<figure class=\"wp-block-image size-large\"><img loading=\"lazy\" decoding=\"async\" width=\"683\" height=\"1024\" src=\"https:\/\/www.dalmatien-online.de\/wp-content\/uploads\/2020\/06\/A-Lastovo-Skr-Luka-1018-19-683x1024.jpg\" alt=\"\" class=\"wp-image-1408\" srcset=\"https:\/\/www.dalmatien-online.de\/wp-content\/uploads\/2020\/06\/A-Lastovo-Skr-Luka-1018-19-683x1024.jpg 683w, https:\/\/www.dalmatien-online.de\/wp-content\/uploads\/2020\/06\/A-Lastovo-Skr-Luka-1018-19-200x300.jpg 200w, https:\/\/www.dalmatien-online.de\/wp-content\/uploads\/2020\/06\/A-Lastovo-Skr-Luka-1018-19-768x1152.jpg 768w, https:\/\/www.dalmatien-online.de\/wp-content\/uploads\/2020\/06\/A-Lastovo-Skr-Luka-1018-19-250x375.jpg 250w, https:\/\/www.dalmatien-online.de\/wp-content\/uploads\/2020\/06\/A-Lastovo-Skr-Luka-1018-19.jpg 1000w\" sizes=\"auto, (max-width: 683px) 100vw, 683px\" \/><figcaption>Zufrieden erreicht man schli\u00dflich oben den Leuchturm an der s\u00fcdlichen Steilk\u00fcste der Insel.<\/figcaption><\/figure>\n\n\n\n<figure class=\"wp-block-image size-large\"><img loading=\"lazy\" decoding=\"async\" width=\"673\" height=\"1024\" src=\"https:\/\/www.dalmatien-online.de\/wp-content\/uploads\/2020\/06\/A-Lastovo-Skr-Luka-1018-16.1-1-673x1024.jpg\" alt=\"\" class=\"wp-image-1406\" srcset=\"https:\/\/www.dalmatien-online.de\/wp-content\/uploads\/2020\/06\/A-Lastovo-Skr-Luka-1018-16.1-1-673x1024.jpg 673w, https:\/\/www.dalmatien-online.de\/wp-content\/uploads\/2020\/06\/A-Lastovo-Skr-Luka-1018-16.1-1-197x300.jpg 197w, https:\/\/www.dalmatien-online.de\/wp-content\/uploads\/2020\/06\/A-Lastovo-Skr-Luka-1018-16.1-1-768x1169.jpg 768w, https:\/\/www.dalmatien-online.de\/wp-content\/uploads\/2020\/06\/A-Lastovo-Skr-Luka-1018-16.1-1-250x380.jpg 250w, https:\/\/www.dalmatien-online.de\/wp-content\/uploads\/2020\/06\/A-Lastovo-Skr-Luka-1018-16.1-1.jpg 949w\" sizes=\"auto, (max-width: 673px) 100vw, 673px\" \/><figcaption>Ein weiterer Schmetterling gr\u00fc\u00dft und w\u00fcnscht Gl\u00fcck!<\/figcaption><\/figure>\n\n\n\n<figure class=\"wp-block-image size-large\"><img loading=\"lazy\" decoding=\"async\" width=\"683\" height=\"1024\" src=\"https:\/\/www.dalmatien-online.de\/wp-content\/uploads\/2020\/06\/A-Lastovo-1018-Ubli-leptir-1-683x1024.jpg\" alt=\"\" class=\"wp-image-1409\" srcset=\"https:\/\/www.dalmatien-online.de\/wp-content\/uploads\/2020\/06\/A-Lastovo-1018-Ubli-leptir-1-683x1024.jpg 683w, https:\/\/www.dalmatien-online.de\/wp-content\/uploads\/2020\/06\/A-Lastovo-1018-Ubli-leptir-1-200x300.jpg 200w, https:\/\/www.dalmatien-online.de\/wp-content\/uploads\/2020\/06\/A-Lastovo-1018-Ubli-leptir-1-768x1152.jpg 768w, https:\/\/www.dalmatien-online.de\/wp-content\/uploads\/2020\/06\/A-Lastovo-1018-Ubli-leptir-1-250x375.jpg 250w, https:\/\/www.dalmatien-online.de\/wp-content\/uploads\/2020\/06\/A-Lastovo-1018-Ubli-leptir-1.jpg 987w\" sizes=\"auto, (max-width: 683px) 100vw, 683px\" \/><figcaption>Nach enspannten dahin schlendern um die Bucht und k\u00fchler Erfrischung im Glas ein Nickerchen am Strand. Nachmittags erholt zur\u00fcck nach Lastovo. <\/figcaption><\/figure>\n\n\n\n<figure class=\"wp-block-image size-large\"><img loading=\"lazy\" decoding=\"async\" width=\"1024\" height=\"683\" src=\"https:\/\/www.dalmatien-online.de\/wp-content\/uploads\/2020\/06\/A-Lastovo-Skr-Luka-1018-22-1-1024x683.jpg\" alt=\"\" class=\"wp-image-1410\" srcset=\"https:\/\/www.dalmatien-online.de\/wp-content\/uploads\/2020\/06\/A-Lastovo-Skr-Luka-1018-22-1-1024x683.jpg 1024w, https:\/\/www.dalmatien-online.de\/wp-content\/uploads\/2020\/06\/A-Lastovo-Skr-Luka-1018-22-1-300x200.jpg 300w, https:\/\/www.dalmatien-online.de\/wp-content\/uploads\/2020\/06\/A-Lastovo-Skr-Luka-1018-22-1-768x512.jpg 768w, https:\/\/www.dalmatien-online.de\/wp-content\/uploads\/2020\/06\/A-Lastovo-Skr-Luka-1018-22-1-250x167.jpg 250w, https:\/\/www.dalmatien-online.de\/wp-content\/uploads\/2020\/06\/A-Lastovo-Skr-Luka-1018-22-1-400x267.jpg 400w, https:\/\/www.dalmatien-online.de\/wp-content\/uploads\/2020\/06\/A-Lastovo-Skr-Luka-1018-22-1.jpg 1500w\" sizes=\"auto, (max-width: 1024px) 100vw, 1024px\" \/><\/figure>\n\n\n\n\n","protected":false},"excerpt":{"rendered":"<p>Eine wundersch\u00f6ne Wandertour vom St\u00e4dtchen Lastovo nach Skrivena Luka &#8211; tiefenentspannt &#8222;\u00fcber Stock und Stein&#8220; durch Wald und Oliven zur S\u00fcdseite der Insel.<\/p>\n","protected":false},"author":2,"featured_media":0,"parent":0,"menu_order":0,"comment_status":"closed","ping_status":"closed","template":"","meta":{"footnotes":"","_links_to":"","_links_to_target":""},"tags":[],"class_list":["post-1064","page","type-page","status-publish","hentry"],"_links":{"self":[{"href":"https:\/\/www.dalmatien-online.de\/de\/wp-json\/wp\/v2\/pages\/1064","targetHints":{"allow":["GET"]}}],"collection":[{"href":"https:\/\/www.dalmatien-online.de\/de\/wp-json\/wp\/v2\/pages"}],"about":[{"href":"https:\/\/www.dalmatien-online.de\/de\/wp-json\/wp\/v2\/types\/page"}],"author":[{"embeddable":true,"href":"https:\/\/www.dalmatien-online.de\/de\/wp-json\/wp\/v2\/users\/2"}],"replies":[{"embeddable":true,"href":"https:\/\/www.dalmatien-online.de\/de\/wp-json\/wp\/v2\/comments?post=1064"}],"version-history":[{"count":4,"href":"https:\/\/www.dalmatien-online.de\/de\/wp-json\/wp\/v2\/pages\/1064\/revisions"}],"predecessor-version":[{"id":1417,"href":"https:\/\/www.dalmatien-online.de\/de\/wp-json\/wp\/v2\/pages\/1064\/revisions\/1417"}],"wp:attachment":[{"href":"https:\/\/www.dalmatien-online.de\/de\/wp-json\/wp\/v2\/media?parent=1064"}],"wp:term":[{"taxonomy":"post_tag","embeddable":true,"href":"https:\/\/www.dalmatien-online.de\/de\/wp-json\/wp\/v2\/tags?post=1064"}],"curies":[{"name":"wp","href":"https:\/\/api.w.org\/{rel}","templated":true}]}}