{"id":1103,"date":"2020-06-04T15:44:16","date_gmt":"2020-06-04T14:44:16","guid":{"rendered":"https:\/\/www.dalmatien-online.de\/?page_id=1103"},"modified":"2020-06-07T14:57:49","modified_gmt":"2020-06-07T13:57:49","slug":"zwiebelkuchen","status":"publish","type":"page","link":"https:\/\/www.dalmatien-online.de\/de\/zwiebelkuchen\/","title":{"rendered":"Zwiebelkuchen"},"content":{"rendered":"\n<p><strong>&#8222;MO`s Fr\u00e4nkischer Zwiebelplotz&#8220;<\/strong> (Zwiebelkuchen) auf kroatische Art unter der Peka gebacken ist als Hauptgericht oder als Party Snack immer ein High Light. F\u00fcr zwei Bleche f\u00fcr 8 &#8211; 10 Personen ( in Franken &#8211; Bayern 6 &#8211; 8 \ud83d\ude09 ) bzw. in diesem Fall zweier emaillierten runden Pfannen f\u00fcr die Peka mit Durchmesser 50-52 cm ben\u00f6tigt man: 2,5- 3 Kilogram Wei\u00dfe Zwiebeln &#8211; besser sind schon wegen der Putz- und Schnibbelarbeiten gr\u00f6\u00dfere Zwiebeln, ungef\u00e4hr 200 Gramm guter ger\u00e4ucherter Speck in W\u00fcrfel geschitten, ca. eine Espressotasse K\u00fcmmel, \u00d6l zum And\u00fcnsten der Zwiebeln, Salz, Pfeffer, ein Essl\u00f6ffel Zucker oder Honig, 0,1 Liter trockener Wei\u00dfwein oder wahlweise rustikaler 0,1 Liter Hefeweizen,  250 &#8211; 300 Gramm Schmand oder Wahlweise Frischk\u00e4se und 4 Eigelb (muss nicht &#8211; ohne ein etwas rustikaleres Gericht). F\u00fcr den Teig braucht man 1 &#8211; 1,2 Kilo Mehl, einen W\u00fcrfel frische Hefe oder ein P\u00e4ckchen Trockenhefe, Salz, Wasser, \u00d6l, reichlich Kraft, Geduld und Liebe.<\/p>\n\n\n\n<figure class=\"wp-block-image size-large\"><img loading=\"lazy\" decoding=\"async\" width=\"1024\" height=\"701\" src=\"https:\/\/www.dalmatien-online.de\/wp-content\/uploads\/2020\/06\/A-Zwiebelpl-8-1024x701.jpg\" alt=\"\" class=\"wp-image-1122\" srcset=\"https:\/\/www.dalmatien-online.de\/wp-content\/uploads\/2020\/06\/A-Zwiebelpl-8-1024x701.jpg 1024w, https:\/\/www.dalmatien-online.de\/wp-content\/uploads\/2020\/06\/A-Zwiebelpl-8-300x205.jpg 300w, https:\/\/www.dalmatien-online.de\/wp-content\/uploads\/2020\/06\/A-Zwiebelpl-8-768x526.jpg 768w, https:\/\/www.dalmatien-online.de\/wp-content\/uploads\/2020\/06\/A-Zwiebelpl-8-250x171.jpg 250w, https:\/\/www.dalmatien-online.de\/wp-content\/uploads\/2020\/06\/A-Zwiebelpl-8.jpg 1413w\" sizes=\"auto, (max-width: 1024px) 100vw, 1024px\" \/><figcaption>Oben der frisch aus der Peka kommende Zwiebelkuchen &#8211; schon der Geruch entsch\u00e4digt f\u00fcr die Strapazen des Zwiebelscheidends und der aufzubringenden Geduld. Am ersten Tag werden die 2,5 &#8211; 3 Kilo Zwiebeln geputzt und in Halbringe geschnitten.<\/figcaption><\/figure>\n\n\n\n<figure class=\"wp-block-image size-large\"><img loading=\"lazy\" decoding=\"async\" width=\"1024\" height=\"683\" src=\"https:\/\/www.dalmatien-online.de\/wp-content\/uploads\/2020\/06\/A-Zwiebelpl-1-1024x683.jpg\" alt=\"\" class=\"wp-image-1123\" srcset=\"https:\/\/www.dalmatien-online.de\/wp-content\/uploads\/2020\/06\/A-Zwiebelpl-1-1024x683.jpg 1024w, https:\/\/www.dalmatien-online.de\/wp-content\/uploads\/2020\/06\/A-Zwiebelpl-1-300x200.jpg 300w, https:\/\/www.dalmatien-online.de\/wp-content\/uploads\/2020\/06\/A-Zwiebelpl-1-768x512.jpg 768w, https:\/\/www.dalmatien-online.de\/wp-content\/uploads\/2020\/06\/A-Zwiebelpl-1-250x167.jpg 250w, https:\/\/www.dalmatien-online.de\/wp-content\/uploads\/2020\/06\/A-Zwiebelpl-1-400x267.jpg 400w, https:\/\/www.dalmatien-online.de\/wp-content\/uploads\/2020\/06\/A-Zwiebelpl-1.jpg 1500w\" sizes=\"auto, (max-width: 1024px) 100vw, 1024px\" \/><figcaption>Es macht Sinn die geschnittenen Zwiebelhalbringe gleich in einem gro\u00dfen Topf oder Br\u00e4ter zu sammeln in dem man sie auch sp\u00e4ter d\u00fcnstet. Sind alle Zwiebeln fertig geschnibbelt und im Br\u00e4ter oder Topf f\u00fcgt man Salz und einen L\u00f6ffel Zucker oder Honig hinzu, mischt gut durch und l\u00e4sst die Mischung 10 Minuten ziehen. So ziehen die Zwiebeln ihren eigenen Saft.<\/figcaption><\/figure>\n\n\n\n<figure class=\"wp-block-image size-large\"><img loading=\"lazy\" decoding=\"async\" width=\"683\" height=\"1024\" src=\"https:\/\/www.dalmatien-online.de\/wp-content\/uploads\/2020\/06\/A-Zwiebelpl-2-683x1024.jpg\" alt=\"\" class=\"wp-image-1124\" srcset=\"https:\/\/www.dalmatien-online.de\/wp-content\/uploads\/2020\/06\/A-Zwiebelpl-2-683x1024.jpg 683w, https:\/\/www.dalmatien-online.de\/wp-content\/uploads\/2020\/06\/A-Zwiebelpl-2-200x300.jpg 200w, https:\/\/www.dalmatien-online.de\/wp-content\/uploads\/2020\/06\/A-Zwiebelpl-2-768x1152.jpg 768w, https:\/\/www.dalmatien-online.de\/wp-content\/uploads\/2020\/06\/A-Zwiebelpl-2-250x375.jpg 250w, https:\/\/www.dalmatien-online.de\/wp-content\/uploads\/2020\/06\/A-Zwiebelpl-2.jpg 1000w\" sizes=\"auto, (max-width: 683px) 100vw, 683px\" \/><figcaption>Nach dem sie einige Zeit gezogen haben gibt der oder die &#8222;D\u00fcnstbeauftragte&#8220; auf die Menge ca. 0,1 Liter Oliven\u00f6l hinzu, mischt nochmals gut durch und ab auf den Herd zum D\u00fcnsten. Jetzt ist es Zeit den K\u00fcmmel und die Speckw\u00fcrfel hinzu zu geben. Zu beachten ist, dass die Zwiebeln nur ganz leicht Farbe ziehen d\u00fcrfen. Wird die Masse zu trocken und l\u00e4uft Gefahr zu sehr zu br\u00e4unen kommt der Schu\u00df Weiswein hinzu. Die Kunst dabei ist es die Zwiebeln auch nicht zu feucht werden zu lassen, deshalb besser ohne Deckel d\u00fcnsten. Sind die Zwiebeln gut durch und haben noch leicht Biss wird der Herd ausgeschaltet. Dann mit dem Schmand oder dem Frischk\u00e4se veredeln und nochmals mit Salz und Pfeffer abschmecken. Jetzt den Deckel drauf und langsam abk\u00fchlen lassen. Sobald die Masse erkaltet ist freuen sich die vier Eigelb auf die Vereinigung mit dem sp\u00e4teren Kuchenbelag. Nochmals wird gut durchgemischt und dann \u00fcber Nacht im K\u00fchlschrank gelagert.<\/figcaption><\/figure>\n\n\n\n<figure class=\"wp-block-image size-large\"><img loading=\"lazy\" decoding=\"async\" width=\"1024\" height=\"683\" src=\"https:\/\/www.dalmatien-online.de\/wp-content\/uploads\/2020\/06\/A-Zwiebelpl-6-1024x683.jpg\" alt=\"\" class=\"wp-image-1127\" srcset=\"https:\/\/www.dalmatien-online.de\/wp-content\/uploads\/2020\/06\/A-Zwiebelpl-6-1024x683.jpg 1024w, https:\/\/www.dalmatien-online.de\/wp-content\/uploads\/2020\/06\/A-Zwiebelpl-6-300x200.jpg 300w, https:\/\/www.dalmatien-online.de\/wp-content\/uploads\/2020\/06\/A-Zwiebelpl-6-768x512.jpg 768w, https:\/\/www.dalmatien-online.de\/wp-content\/uploads\/2020\/06\/A-Zwiebelpl-6-250x167.jpg 250w, https:\/\/www.dalmatien-online.de\/wp-content\/uploads\/2020\/06\/A-Zwiebelpl-6-400x267.jpg 400w, https:\/\/www.dalmatien-online.de\/wp-content\/uploads\/2020\/06\/A-Zwiebelpl-6.jpg 1500w\" sizes=\"auto, (max-width: 1024px) 100vw, 1024px\" \/><figcaption>Zeit f\u00fcr die Zubereitung des Teiges. Es empfiehlt sich eine sehr gro\u00dfe Sch\u00fcssel zu verwenden, denn auch der Teig wird \u00fcber Nacht im K\u00fchlschrank gelagert und l\u00e4uft evetuell Gefahr sonst \u00fcberzulaufen. F\u00fcr den Teig die Hefe in einer Tasse mit lauwarmem Wasser und etwas Zucker oder Honig &#8222;anziehen lassen&#8220; f\u00fcr 10 Minuten, dann ein Kilo Mehl, 4-5 Essl\u00f6ffel Oliven- oder Pflanzen\u00f6l, einem geh\u00e4uften Essl\u00f6ffel Salz und ca. 0,4Liter Wasser in die Sch\u00fcssel geben. Jetzt kommt die Tasse mit der Hefe hinzu und wird <a rel=\"noreferrer noopener\" href=\"https:\/\/www.youtube.com\/watch?v=JR-RcnuD7t0\" target=\"_blank\">gr\u00fcndlich geknetet<\/a>. Ist er zu trocken &#8211; etwas Wasser zugeben, wenn zu feucht etwas Mehl. 1o Minuten Knetzeit sollten es schon sein. Jetzt darf der Teig unter einem feuchten Tuch abgedunkelt f\u00fcr 1 1\/2 bis zwei Stunden gehen. Dann nochmals kneten und ebenfalls \u00fcber Nacht im K\u00fchlschrank lagern. Zwischen durch am Abend nochmals kontrollieren. Geht er zu sehr nochmals kneten und zur\u00fcck in den K\u00fchlschrank.<\/figcaption><\/figure>\n\n\n\n<hr class=\"wp-block-separator\"\/>\n\n\n\n<figure class=\"wp-block-image size-large\"><img loading=\"lazy\" decoding=\"async\" width=\"1024\" height=\"683\" src=\"https:\/\/www.dalmatien-online.de\/wp-content\/uploads\/2020\/06\/A-Zwiebelpl-4-1024x683.jpg\" alt=\"\" class=\"wp-image-1125\" srcset=\"https:\/\/www.dalmatien-online.de\/wp-content\/uploads\/2020\/06\/A-Zwiebelpl-4-1024x683.jpg 1024w, https:\/\/www.dalmatien-online.de\/wp-content\/uploads\/2020\/06\/A-Zwiebelpl-4-300x200.jpg 300w, https:\/\/www.dalmatien-online.de\/wp-content\/uploads\/2020\/06\/A-Zwiebelpl-4-768x512.jpg 768w, https:\/\/www.dalmatien-online.de\/wp-content\/uploads\/2020\/06\/A-Zwiebelpl-4-250x167.jpg 250w, https:\/\/www.dalmatien-online.de\/wp-content\/uploads\/2020\/06\/A-Zwiebelpl-4-400x267.jpg 400w, https:\/\/www.dalmatien-online.de\/wp-content\/uploads\/2020\/06\/A-Zwiebelpl-4.jpg 1500w\" sizes=\"auto, (max-width: 1024px) 100vw, 1024px\" \/><figcaption>Endlich tags darauf  &#8222;Tag der Entscheidung!&#8220;. Den Teig aus dem K\u00fchlschrank nehmen, kurz kneten und bei Zimmertemperatur weiter unter feuchtem Tuch gehen lassen. Zeit zum reichlich &#8222;Sch\u00fcren!&#8220; f\u00fcr eine gute Glut. Dann Ebenfalls den Belag aus dem K\u00fchlschrank holen. Kurz bevor die Glut perfekt f\u00fcr den Plotz ist wird die erste emaillierte Pfanne mit \u00d6l gefettet, der Teig halbiert und die erste H\u00e4lfte ungef\u00e4hr auf die Gr\u00f6\u00dfe der ersten Pfanne gerollt.<\/figcaption><\/figure>\n\n\n\n<figure class=\"wp-block-image size-large\"><img loading=\"lazy\" decoding=\"async\" width=\"1024\" height=\"683\" src=\"https:\/\/www.dalmatien-online.de\/wp-content\/uploads\/2020\/06\/A-Zwiebelpl-5-1024x683.jpg\" alt=\"\" class=\"wp-image-1126\" srcset=\"https:\/\/www.dalmatien-online.de\/wp-content\/uploads\/2020\/06\/A-Zwiebelpl-5-1024x683.jpg 1024w, https:\/\/www.dalmatien-online.de\/wp-content\/uploads\/2020\/06\/A-Zwiebelpl-5-300x200.jpg 300w, https:\/\/www.dalmatien-online.de\/wp-content\/uploads\/2020\/06\/A-Zwiebelpl-5-768x512.jpg 768w, https:\/\/www.dalmatien-online.de\/wp-content\/uploads\/2020\/06\/A-Zwiebelpl-5-250x167.jpg 250w, https:\/\/www.dalmatien-online.de\/wp-content\/uploads\/2020\/06\/A-Zwiebelpl-5-400x267.jpg 400w, https:\/\/www.dalmatien-online.de\/wp-content\/uploads\/2020\/06\/A-Zwiebelpl-5.jpg 1500w\" sizes=\"auto, (max-width: 1024px) 100vw, 1024px\" \/><figcaption>Ein Muss ist reichlich Holz f\u00fcr eine gute Glut, denn es werden ja zwei der leckeren Kuchen gebacken. Hierbei empfiehlt sich nochmals nachzufeuern um die Unterhitze auf dem Schamott bzw. der Steinplatte auch hoch zu halten.<\/figcaption><\/figure>\n\n\n\n<figure class=\"wp-block-image size-large\"><img loading=\"lazy\" decoding=\"async\" width=\"1024\" height=\"697\" src=\"https:\/\/www.dalmatien-online.de\/wp-content\/uploads\/2020\/06\/A-Zwiebelpl-7-1024x697.jpg\" alt=\"\" class=\"wp-image-1128\" srcset=\"https:\/\/www.dalmatien-online.de\/wp-content\/uploads\/2020\/06\/A-Zwiebelpl-7-1024x697.jpg 1024w, https:\/\/www.dalmatien-online.de\/wp-content\/uploads\/2020\/06\/A-Zwiebelpl-7-300x204.jpg 300w, https:\/\/www.dalmatien-online.de\/wp-content\/uploads\/2020\/06\/A-Zwiebelpl-7-768x523.jpg 768w, https:\/\/www.dalmatien-online.de\/wp-content\/uploads\/2020\/06\/A-Zwiebelpl-7-250x170.jpg 250w, https:\/\/www.dalmatien-online.de\/wp-content\/uploads\/2020\/06\/A-Zwiebelpl-7.jpg 1460w\" sizes=\"auto, (max-width: 1024px) 100vw, 1024px\" \/><figcaption>Ist die erste H\u00e4lfte des Teiges auf die Gr\u00f6\u00dfe der Form gerollt wird diese vorsichtig in der emaillierten Panne verteilt, der Teigrand umgeschlagen &#8211; bei Hunger rustikaler, bei viel Liebe filigran &#8211; und mit einer Gabel oder einem Holzspie\u00df angestochen. <\/figcaption><\/figure>\n\n\n\n<figure class=\"wp-block-image size-large\"><img loading=\"lazy\" decoding=\"async\" width=\"1024\" height=\"683\" src=\"https:\/\/www.dalmatien-online.de\/wp-content\/uploads\/2020\/06\/A-Zwiebelpl-10-1024x683.jpg\" alt=\"\" class=\"wp-image-1475\" srcset=\"https:\/\/www.dalmatien-online.de\/wp-content\/uploads\/2020\/06\/A-Zwiebelpl-10-1024x683.jpg 1024w, https:\/\/www.dalmatien-online.de\/wp-content\/uploads\/2020\/06\/A-Zwiebelpl-10-300x200.jpg 300w, https:\/\/www.dalmatien-online.de\/wp-content\/uploads\/2020\/06\/A-Zwiebelpl-10-768x512.jpg 768w, https:\/\/www.dalmatien-online.de\/wp-content\/uploads\/2020\/06\/A-Zwiebelpl-10-250x167.jpg 250w, https:\/\/www.dalmatien-online.de\/wp-content\/uploads\/2020\/06\/A-Zwiebelpl-10-400x267.jpg 400w, https:\/\/www.dalmatien-online.de\/wp-content\/uploads\/2020\/06\/A-Zwiebelpl-10.jpg 1500w\" sizes=\"auto, (max-width: 1024px) 100vw, 1024px\" \/><figcaption>Danach wird vorsichtig die H\u00e4fte des Belages darauf verteilt und glatt gestrichen. Ist die Glut perfekt &#8211; &#8222;Ab unter die Peka!&#8220;<\/figcaption><\/figure>\n\n\n\n<figure class=\"wp-block-image size-large\"><img loading=\"lazy\" decoding=\"async\" width=\"1024\" height=\"683\" src=\"https:\/\/www.dalmatien-online.de\/wp-content\/uploads\/2020\/06\/A-Zwiebelpl-11-1024x683.jpg\" alt=\"\" class=\"wp-image-1476\" srcset=\"https:\/\/www.dalmatien-online.de\/wp-content\/uploads\/2020\/06\/A-Zwiebelpl-11-1024x683.jpg 1024w, https:\/\/www.dalmatien-online.de\/wp-content\/uploads\/2020\/06\/A-Zwiebelpl-11-300x200.jpg 300w, https:\/\/www.dalmatien-online.de\/wp-content\/uploads\/2020\/06\/A-Zwiebelpl-11-768x512.jpg 768w, https:\/\/www.dalmatien-online.de\/wp-content\/uploads\/2020\/06\/A-Zwiebelpl-11-250x167.jpg 250w, https:\/\/www.dalmatien-online.de\/wp-content\/uploads\/2020\/06\/A-Zwiebelpl-11-400x267.jpg 400w, https:\/\/www.dalmatien-online.de\/wp-content\/uploads\/2020\/06\/A-Zwiebelpl-11.jpg 1500w\" sizes=\"auto, (max-width: 1024px) 100vw, 1024px\" \/><figcaption>Jetzt backt der Plotz je nach Menge der verteilten Glut f\u00fcr 40 bis 50 Minuten. Nach den ersten 20 Minuten wird kurz drunter geschaut um eventuell die Glutverteilung zu optimieren.<\/figcaption><\/figure>\n\n\n\n<figure class=\"wp-block-image size-large\"><img loading=\"lazy\" decoding=\"async\" width=\"1024\" height=\"683\" src=\"https:\/\/www.dalmatien-online.de\/wp-content\/uploads\/2020\/06\/A-Zwiebelpl-12-1024x683.jpg\" alt=\"\" class=\"wp-image-1477\" srcset=\"https:\/\/www.dalmatien-online.de\/wp-content\/uploads\/2020\/06\/A-Zwiebelpl-12-1024x683.jpg 1024w, https:\/\/www.dalmatien-online.de\/wp-content\/uploads\/2020\/06\/A-Zwiebelpl-12-300x200.jpg 300w, https:\/\/www.dalmatien-online.de\/wp-content\/uploads\/2020\/06\/A-Zwiebelpl-12-768x512.jpg 768w, https:\/\/www.dalmatien-online.de\/wp-content\/uploads\/2020\/06\/A-Zwiebelpl-12-250x167.jpg 250w, https:\/\/www.dalmatien-online.de\/wp-content\/uploads\/2020\/06\/A-Zwiebelpl-12-400x267.jpg 400w, https:\/\/www.dalmatien-online.de\/wp-content\/uploads\/2020\/06\/A-Zwiebelpl-12.jpg 1500w\" sizes=\"auto, (max-width: 1024px) 100vw, 1024px\" \/><figcaption>Nach Entfernung der Peka Glocke entfalltet sich ein herrlicher Duft! Es kann angerichtet werden! Dobar tek! Guten Appetit!<\/figcaption><\/figure>\n\n\n\n<figure class=\"wp-block-image size-large\"><img loading=\"lazy\" decoding=\"async\" width=\"1024\" height=\"683\" src=\"https:\/\/www.dalmatien-online.de\/wp-content\/uploads\/2020\/06\/A-Zwiebelpl-9-1-1024x683.jpg\" alt=\"\" class=\"wp-image-1478\" srcset=\"https:\/\/www.dalmatien-online.de\/wp-content\/uploads\/2020\/06\/A-Zwiebelpl-9-1-1024x683.jpg 1024w, https:\/\/www.dalmatien-online.de\/wp-content\/uploads\/2020\/06\/A-Zwiebelpl-9-1-300x200.jpg 300w, https:\/\/www.dalmatien-online.de\/wp-content\/uploads\/2020\/06\/A-Zwiebelpl-9-1-768x512.jpg 768w, https:\/\/www.dalmatien-online.de\/wp-content\/uploads\/2020\/06\/A-Zwiebelpl-9-1-250x167.jpg 250w, https:\/\/www.dalmatien-online.de\/wp-content\/uploads\/2020\/06\/A-Zwiebelpl-9-1-400x267.jpg 400w, https:\/\/www.dalmatien-online.de\/wp-content\/uploads\/2020\/06\/A-Zwiebelpl-9-1.jpg 1500w\" sizes=\"auto, (max-width: 1024px) 100vw, 1024px\" \/><figcaption>Weitere leckere Peka Rezepte: <strong><a rel=\"noreferrer noopener\" href=\"https:\/\/www.dalmatien-online.de\/peka-mit-kalbsrippe\/\" target=\"_blank\">&#8222;Kalbsrippe&#8220;<\/a><\/strong>, <strong><a rel=\"noreferrer noopener\" href=\"https:\/\/www.dalmatien-online.de\/gefuellter-tintenfisch\/\" target=\"_blank\">&#8222;Gef\u00fcllter Tintenfisch&#8220;<\/a><\/strong>, <a href=\"https:\/\/www.dalmatien-online.de\/steak-pizza-unter-peka\/\" target=\"_blank\" rel=\"noreferrer noopener\"><strong>&#8222;Steak Pizza<\/strong>&#8222;<\/a>&#8230;<\/figcaption><\/figure>\n\n\n\n\n","protected":false},"excerpt":{"rendered":"<p>&#8222;MO`s Fr\u00e4nkischer Zwiebelplotz&#8220; (Zwiebelkuchen) auf kroatische Art unter der Peka gebacken ist als Hauptgericht oder als Party Snack immer ein High Light. F\u00fcr zwei Bleche f\u00fcr 8 &#8211; 10 Personen <a class=\"more-link\" href=\"https:\/\/www.dalmatien-online.de\/de\/zwiebelkuchen\/\">weiterlesen&#8230;<\/a><\/p>\n","protected":false},"author":2,"featured_media":0,"parent":0,"menu_order":0,"comment_status":"closed","ping_status":"closed","template":"","meta":{"footnotes":"","_links_to":"","_links_to_target":""},"tags":[],"class_list":["post-1103","page","type-page","status-publish","hentry"],"_links":{"self":[{"href":"https:\/\/www.dalmatien-online.de\/de\/wp-json\/wp\/v2\/pages\/1103","targetHints":{"allow":["GET"]}}],"collection":[{"href":"https:\/\/www.dalmatien-online.de\/de\/wp-json\/wp\/v2\/pages"}],"about":[{"href":"https:\/\/www.dalmatien-online.de\/de\/wp-json\/wp\/v2\/types\/page"}],"author":[{"embeddable":true,"href":"https:\/\/www.dalmatien-online.de\/de\/wp-json\/wp\/v2\/users\/2"}],"replies":[{"embeddable":true,"href":"https:\/\/www.dalmatien-online.de\/de\/wp-json\/wp\/v2\/comments?post=1103"}],"version-history":[{"count":18,"href":"https:\/\/www.dalmatien-online.de\/de\/wp-json\/wp\/v2\/pages\/1103\/revisions"}],"predecessor-version":[{"id":1591,"href":"https:\/\/www.dalmatien-online.de\/de\/wp-json\/wp\/v2\/pages\/1103\/revisions\/1591"}],"wp:attachment":[{"href":"https:\/\/www.dalmatien-online.de\/de\/wp-json\/wp\/v2\/media?parent=1103"}],"wp:term":[{"taxonomy":"post_tag","embeddable":true,"href":"https:\/\/www.dalmatien-online.de\/de\/wp-json\/wp\/v2\/tags?post=1103"}],"curies":[{"name":"wp","href":"https:\/\/api.w.org\/{rel}","templated":true}]}}