{"id":1106,"date":"2020-06-04T15:46:30","date_gmt":"2020-06-04T14:46:30","guid":{"rendered":"https:\/\/www.dalmatien-online.de\/?page_id=1106"},"modified":"2020-06-08T10:05:46","modified_gmt":"2020-06-08T09:05:46","slug":"gefuellter-tintenfisch","status":"publish","type":"page","link":"https:\/\/www.dalmatien-online.de\/de\/gefuellter-tintenfisch\/","title":{"rendered":"Gef\u00fcllter Tintenfisch"},"content":{"rendered":"\n<p>&#8230;&#8220;Gef\u00fcllter Tintenfisch&#8220; unter der Peka zubereitet &#8211; einfach nur lecker! <a href=\"https:\/\/www.youtube.com\/watch?v=h7VIZCezk14\" target=\"_blank\" rel=\"noreferrer noopener\">Zuerst putzt man den Fisch<\/a> &#8211; Kiefer, Skelett und Tintenblase vorsichtig entfernen, Haut abziehen und unter flie\u00dfendem Wasser waschen. Die Tentakelchen \/ \u00c4rmchen von den Tuben schneiden und f\u00fcr die sp\u00e4tere F\u00fcllung hacken. F\u00fcr die F\u00fcllung  feine W\u00fcrfel von Speck und Zwiebel d\u00fcnsten &#8211; in einer Sch\u00fcssel erkalten lassen. In der Zwischenzeit frische Kr\u00e4uter und Knoblauch hacken &#8211; dann mit den gehackten \u00c4rmchen, dem Speck und der Zwiebel vermengen, einen Schu\u00df Oliven\u00f6l dazugeben und einen Hauch Pfeffer&#8230;.&#8220;Zeit zu feuern!&#8220;&#8230;<\/p>\n\n\n\n<figure class=\"wp-block-image size-large\"><img loading=\"lazy\" decoding=\"async\" width=\"1024\" height=\"768\" src=\"https:\/\/www.dalmatien-online.de\/wp-content\/uploads\/2020\/06\/0A-t-fisch-4-1024x768.jpg\" alt=\"\" class=\"wp-image-1306\" srcset=\"https:\/\/www.dalmatien-online.de\/wp-content\/uploads\/2020\/06\/0A-t-fisch-4-1024x768.jpg 1024w, https:\/\/www.dalmatien-online.de\/wp-content\/uploads\/2020\/06\/0A-t-fisch-4-300x225.jpg 300w, https:\/\/www.dalmatien-online.de\/wp-content\/uploads\/2020\/06\/0A-t-fisch-4-768x576.jpg 768w, https:\/\/www.dalmatien-online.de\/wp-content\/uploads\/2020\/06\/0A-t-fisch-4-250x187.jpg 250w, https:\/\/www.dalmatien-online.de\/wp-content\/uploads\/2020\/06\/0A-t-fisch-4.jpg 1371w\" sizes=\"auto, (max-width: 1024px) 100vw, 1024px\" \/><figcaption>Wenn das Feuer Fahrt aufgenommen hat bleibt uns Zeit f\u00fcr die weitere Vorbereitung. Das F\u00fcllen der Tuben gelingt gut mit einem kleinen L\u00f6ffel. Dann werden die weiteren Zutaten f\u00fcr  unser &#8222;Gem\u00fcsebett&#8220; geputzt und geschnibbelt. Je nach Saison und Gusto. Hier sind es 2 gro\u00dfe Zwiebeln, 4 Zehen Knoblauch, 4-5 Kartoffeln, 2 Paprika, 4 Tomaten, 1\/4 Hokaido K\u00fcrbis und ein paar klein gehackte Kr\u00e4uter. Jetzt ist`s Zeit die emaillierte Form mit dem Gem\u00fcse, den gef\u00fcllten Tuben und ein paar Speckscheiben zu best\u00fccken. Leicht Salzen und ein guter Schu\u00df Oliven\u00f6l! <\/figcaption><\/figure>\n\n\n\n<hr class=\"wp-block-separator\"\/>\n\n\n\n<figure class=\"wp-block-image size-large\"><img loading=\"lazy\" decoding=\"async\" width=\"1024\" height=\"768\" src=\"https:\/\/www.dalmatien-online.de\/wp-content\/uploads\/2020\/06\/0A-t-fisch-1-1024x768.jpg\" alt=\"\" class=\"wp-image-1307\" srcset=\"https:\/\/www.dalmatien-online.de\/wp-content\/uploads\/2020\/06\/0A-t-fisch-1-1024x768.jpg 1024w, https:\/\/www.dalmatien-online.de\/wp-content\/uploads\/2020\/06\/0A-t-fisch-1-300x225.jpg 300w, https:\/\/www.dalmatien-online.de\/wp-content\/uploads\/2020\/06\/0A-t-fisch-1-768x576.jpg 768w, https:\/\/www.dalmatien-online.de\/wp-content\/uploads\/2020\/06\/0A-t-fisch-1-250x188.jpg 250w, https:\/\/www.dalmatien-online.de\/wp-content\/uploads\/2020\/06\/0A-t-fisch-1.jpg 1492w\" sizes=\"auto, (max-width: 1024px) 100vw, 1024px\" \/><figcaption>So dann wird die Peka Glocke \u00fcber oder neben dem Feuer erhitzt bis eine sch\u00f6ne Menge Glut enstanden ist. Die Vorfreude steigt &#8211; Zeit f\u00fcr ein Schn\u00e4pschen &#8211; &#8222;verdient!&#8220;<\/figcaption><\/figure>\n\n\n\n<figure class=\"wp-block-image size-large\"><img loading=\"lazy\" decoding=\"async\" width=\"1024\" height=\"768\" src=\"https:\/\/www.dalmatien-online.de\/wp-content\/uploads\/2020\/06\/0A-t-fisch-2-1024x768.jpg\" alt=\"\" class=\"wp-image-1308\" srcset=\"https:\/\/www.dalmatien-online.de\/wp-content\/uploads\/2020\/06\/0A-t-fisch-2-1024x768.jpg 1024w, https:\/\/www.dalmatien-online.de\/wp-content\/uploads\/2020\/06\/0A-t-fisch-2-300x225.jpg 300w, https:\/\/www.dalmatien-online.de\/wp-content\/uploads\/2020\/06\/0A-t-fisch-2-768x576.jpg 768w, https:\/\/www.dalmatien-online.de\/wp-content\/uploads\/2020\/06\/0A-t-fisch-2-250x187.jpg 250w, https:\/\/www.dalmatien-online.de\/wp-content\/uploads\/2020\/06\/0A-t-fisch-2.jpg 1250w\" sizes=\"auto, (max-width: 1024px) 100vw, 1024px\" \/><figcaption>Ist die Glut soweit perfekt wird sie vorsichtig an die Seiten verteilt. Die hei\u00dfe Fl\u00e4che wird ges\u00e4ubert und die emaillierte Pfanne gestellt. <\/figcaption><\/figure>\n\n\n\n<figure class=\"wp-block-image size-large\"><img loading=\"lazy\" decoding=\"async\" width=\"1024\" height=\"768\" src=\"https:\/\/www.dalmatien-online.de\/wp-content\/uploads\/2020\/06\/A-Peka-punjene-lignje-4-1024x768.jpg\" alt=\"\" class=\"wp-image-1381\" srcset=\"https:\/\/www.dalmatien-online.de\/wp-content\/uploads\/2020\/06\/A-Peka-punjene-lignje-4-1024x768.jpg 1024w, https:\/\/www.dalmatien-online.de\/wp-content\/uploads\/2020\/06\/A-Peka-punjene-lignje-4-300x225.jpg 300w, https:\/\/www.dalmatien-online.de\/wp-content\/uploads\/2020\/06\/A-Peka-punjene-lignje-4-768x576.jpg 768w, https:\/\/www.dalmatien-online.de\/wp-content\/uploads\/2020\/06\/A-Peka-punjene-lignje-4-250x187.jpg 250w, https:\/\/www.dalmatien-online.de\/wp-content\/uploads\/2020\/06\/A-Peka-punjene-lignje-4.jpg 1371w\" sizes=\"auto, (max-width: 1024px) 100vw, 1024px\" \/><figcaption>Zeit die erhitzte Glocke \u00fcber unseren &#8222;Gef\u00fclltenTraum&#8220; zu setzen und die Glut rund um und darauf zu verteilen. Der Metallring h\u00e4lt die Glut auf der Peka. Jetztbraucht es Geduld!<\/figcaption><\/figure>\n\n\n\n<figure class=\"wp-block-image size-large\"><img loading=\"lazy\" decoding=\"async\" width=\"1024\" height=\"768\" src=\"https:\/\/www.dalmatien-online.de\/wp-content\/uploads\/2020\/06\/A-Peka-punjene-lignje-6-1024x768.jpg\" alt=\"\" class=\"wp-image-1382\" srcset=\"https:\/\/www.dalmatien-online.de\/wp-content\/uploads\/2020\/06\/A-Peka-punjene-lignje-6-1024x768.jpg 1024w, https:\/\/www.dalmatien-online.de\/wp-content\/uploads\/2020\/06\/A-Peka-punjene-lignje-6-300x225.jpg 300w, https:\/\/www.dalmatien-online.de\/wp-content\/uploads\/2020\/06\/A-Peka-punjene-lignje-6-768x576.jpg 768w, https:\/\/www.dalmatien-online.de\/wp-content\/uploads\/2020\/06\/A-Peka-punjene-lignje-6-250x187.jpg 250w, https:\/\/www.dalmatien-online.de\/wp-content\/uploads\/2020\/06\/A-Peka-punjene-lignje-6.jpg 1371w\" sizes=\"auto, (max-width: 1024px) 100vw, 1024px\" \/><figcaption>Nach ca. 20-25 Minuten des Garens im eigenen Saft der Zutaten wird die Glut um der Peka vorsichtig zur Seite geschoben und die Glocke kurz ge\u00f6ffnet um dem Gericht mit 0,25 Liter gutem Rotwein den letzten Schliff zu geben. Die Peka wird wieder geschlossen und mit Glut umringt. Nach weiteren 20-25 Minuten wird der kulinarische Traum Realit\u00e4t! Dobar tek! Guten Appetit!<\/figcaption><\/figure>\n\n\n\n<figure class=\"wp-block-image size-large\"><img loading=\"lazy\" decoding=\"async\" width=\"1024\" height=\"768\" src=\"https:\/\/www.dalmatien-online.de\/wp-content\/uploads\/2020\/06\/A-Peka-punjene-lignje-7-1024x768.jpg\" alt=\"\" class=\"wp-image-1383\" srcset=\"https:\/\/www.dalmatien-online.de\/wp-content\/uploads\/2020\/06\/A-Peka-punjene-lignje-7-1024x768.jpg 1024w, https:\/\/www.dalmatien-online.de\/wp-content\/uploads\/2020\/06\/A-Peka-punjene-lignje-7-300x225.jpg 300w, https:\/\/www.dalmatien-online.de\/wp-content\/uploads\/2020\/06\/A-Peka-punjene-lignje-7-768x576.jpg 768w, https:\/\/www.dalmatien-online.de\/wp-content\/uploads\/2020\/06\/A-Peka-punjene-lignje-7-250x187.jpg 250w, https:\/\/www.dalmatien-online.de\/wp-content\/uploads\/2020\/06\/A-Peka-punjene-lignje-7.jpg 1371w\" sizes=\"auto, (max-width: 1024px) 100vw, 1024px\" \/><figcaption>Weitere leckere Peka Rezepte: <strong><a rel=\"noreferrer noopener\" href=\"https:\/\/www.dalmatien-online.de\/zwiebelkuchen\/\" target=\"_blank\">&#8222;Zwiebelkuchen&#8220;<\/a><\/strong>, <strong><a rel=\"noreferrer noopener\" href=\"https:\/\/www.dalmatien-online.de\/peka-mit-kalbsrippe\/\" target=\"_blank\">&#8222;Kalbsrippe&#8220;<\/a><\/strong><a rel=\"noreferrer noopener\" href=\"https:\/\/www.dalmatien-online.de\/gefuellter-tintenfisch\/\" target=\"_blank\"><strong>,<\/strong><\/a><strong><a rel=\"noreferrer noopener\" href=\"https:\/\/www.dalmatien-online.de\/steak-pizza-unter-peka\/\" target=\"_blank\"> &#8222;Steak Pizza&#8220;<\/a><\/strong><a rel=\"noreferrer noopener\" href=\"https:\/\/www.dalmatien-online.de\/gefuellter-tintenfisch\/\" target=\"_blank\"><strong>,<\/strong><\/a><strong><a rel=\"noreferrer noopener\" href=\"https:\/\/www.dalmatien-online.de\/marinas-krustenbraten\/\" target=\"_blank\"> &#8222;Krustenbraten&#8220;<\/a><\/strong><a rel=\"noreferrer noopener\" href=\"https:\/\/www.dalmatien-online.de\/gefuellter-tintenfisch\/\" target=\"_blank\"><strong>.<\/strong>..<\/a><\/figcaption><\/figure>\n\n\n\n\n","protected":false},"excerpt":{"rendered":"<p>&#8230;&#8220;Gef\u00fcllter Tintenfisch&#8220; unter der Peka zubereitet &#8211; einfach nur lecker! Zuerst putzt man den Fisch &#8211; Kiefer, Skelett und Tintenblase vorsichtig entfernen, Haut abziehen und unter flie\u00dfendem Wasser waschen. Die <a class=\"more-link\" href=\"https:\/\/www.dalmatien-online.de\/de\/gefuellter-tintenfisch\/\">weiterlesen&#8230;<\/a><\/p>\n","protected":false},"author":2,"featured_media":0,"parent":0,"menu_order":0,"comment_status":"closed","ping_status":"closed","template":"","meta":{"footnotes":"","_links_to":"","_links_to_target":""},"tags":[],"class_list":["post-1106","page","type-page","status-publish","hentry"],"_links":{"self":[{"href":"https:\/\/www.dalmatien-online.de\/de\/wp-json\/wp\/v2\/pages\/1106","targetHints":{"allow":["GET"]}}],"collection":[{"href":"https:\/\/www.dalmatien-online.de\/de\/wp-json\/wp\/v2\/pages"}],"about":[{"href":"https:\/\/www.dalmatien-online.de\/de\/wp-json\/wp\/v2\/types\/page"}],"author":[{"embeddable":true,"href":"https:\/\/www.dalmatien-online.de\/de\/wp-json\/wp\/v2\/users\/2"}],"replies":[{"embeddable":true,"href":"https:\/\/www.dalmatien-online.de\/de\/wp-json\/wp\/v2\/comments?post=1106"}],"version-history":[{"count":11,"href":"https:\/\/www.dalmatien-online.de\/de\/wp-json\/wp\/v2\/pages\/1106\/revisions"}],"predecessor-version":[{"id":1602,"href":"https:\/\/www.dalmatien-online.de\/de\/wp-json\/wp\/v2\/pages\/1106\/revisions\/1602"}],"wp:attachment":[{"href":"https:\/\/www.dalmatien-online.de\/de\/wp-json\/wp\/v2\/media?parent=1106"}],"wp:term":[{"taxonomy":"post_tag","embeddable":true,"href":"https:\/\/www.dalmatien-online.de\/de\/wp-json\/wp\/v2\/tags?post=1106"}],"curies":[{"name":"wp","href":"https:\/\/api.w.org\/{rel}","templated":true}]}}