{"id":111,"date":"2020-05-02T09:15:30","date_gmt":"2020-05-02T08:15:30","guid":{"rendered":"https:\/\/www.dalmatien-online.de\/?page_id=111"},"modified":"2020-06-30T09:56:19","modified_gmt":"2020-06-30T08:56:19","slug":"mljet","status":"publish","type":"page","link":"https:\/\/www.dalmatien-online.de\/de\/mljet\/","title":{"rendered":"Mljet"},"content":{"rendered":"\n<figure class=\"wp-block-image size-large is-resized\"><img loading=\"lazy\" decoding=\"async\" src=\"https:\/\/www.dalmatien-online.de\/wp-content\/uploads\/2020\/06\/0-Mljet-D-O-titel-1024x271.jpg\" alt=\"\" class=\"wp-image-2912\" width=\"804\" height=\"212\" srcset=\"https:\/\/www.dalmatien-online.de\/wp-content\/uploads\/2020\/06\/0-Mljet-D-O-titel-1024x271.jpg 1024w, https:\/\/www.dalmatien-online.de\/wp-content\/uploads\/2020\/06\/0-Mljet-D-O-titel-300x79.jpg 300w, https:\/\/www.dalmatien-online.de\/wp-content\/uploads\/2020\/06\/0-Mljet-D-O-titel-768x203.jpg 768w, https:\/\/www.dalmatien-online.de\/wp-content\/uploads\/2020\/06\/0-Mljet-D-O-titel-250x66.jpg 250w, https:\/\/www.dalmatien-online.de\/wp-content\/uploads\/2020\/06\/0-Mljet-D-O-titel.jpg 1499w\" sizes=\"auto, (max-width: 804px) 100vw, 804px\" \/><figcaption>Die Insel Mljet mit ihrem <strong><a rel=\"noreferrer noopener\" href=\"https:\/\/np-mljet.hr\/?lang=en\" target=\"_blank\">Nationalpark<\/a><\/strong> auf der Westseite liegt im S\u00fcden Dalmatiens knapp 30 Kilometer nordwestlich von Dubrovnik. Die ca. 98 Quadratkilometer gro\u00dfe Insel ist die meist bewaldete Insel der Adria. Die Anreise auf die Insel per Autof\u00e4hre erfolgt \u00fcber den kleinen F\u00e4hranleger auf der Halbinsel Pelje\u0161ac nahe Ston Von <strong><a rel=\"noreferrer noopener\" href=\"https:\/\/www.jadrolinija.hr\/hr\/schedule\/LineSearchResults\/Index\/2331774\/2331791\/30062020\" target=\"_blank\">Prapratno nach Sobra auf Mljet<\/a><\/strong>, das mittig auf der Insel liegt \u00f6stlich des Nationalparks. Je nach Jahreszeit und Saison ist die Anreise per Katamaran von Split oder von Dubrovnik m\u00f6glich.<\/figcaption><\/figure>\n\n\n\n<figure class=\"wp-block-image size-large\"><img loading=\"lazy\" decoding=\"async\" width=\"1024\" height=\"683\" src=\"https:\/\/www.dalmatien-online.de\/wp-content\/uploads\/2020\/06\/A-Mljet-d2-18-1-1024x683.jpg\" alt=\"\" class=\"wp-image-2913\" srcset=\"https:\/\/www.dalmatien-online.de\/wp-content\/uploads\/2020\/06\/A-Mljet-d2-18-1-1024x683.jpg 1024w, https:\/\/www.dalmatien-online.de\/wp-content\/uploads\/2020\/06\/A-Mljet-d2-18-1-300x200.jpg 300w, https:\/\/www.dalmatien-online.de\/wp-content\/uploads\/2020\/06\/A-Mljet-d2-18-1-768x512.jpg 768w, https:\/\/www.dalmatien-online.de\/wp-content\/uploads\/2020\/06\/A-Mljet-d2-18-1-250x167.jpg 250w, https:\/\/www.dalmatien-online.de\/wp-content\/uploads\/2020\/06\/A-Mljet-d2-18-1-400x267.jpg 400w, https:\/\/www.dalmatien-online.de\/wp-content\/uploads\/2020\/06\/A-Mljet-d2-18-1.jpg 1500w\" sizes=\"auto, (max-width: 1024px) 100vw, 1024px\" \/><figcaption>Hier auf Dalmatien-Online liegt der Schwerpunkt auf der Westseite aus dem Herzen des Nationalparks mit den Orten <strong><a rel=\"noreferrer noopener\" href=\"https:\/\/www.dalmatien-online.de\/de\/pomena\/\" target=\"_blank\">Pomena<\/a><\/strong>, <strong><a rel=\"noreferrer noopener\" href=\"https:\/\/www.dalmatien-online.de\/de\/polace\/\" target=\"_blank\">Pola\u010de<\/a><\/strong>, <strong><a rel=\"noreferrer noopener\" href=\"https:\/\/www.dalmatien-online.de\/de\/govedari\/\" target=\"_blank\">Gove\u0111ari<\/a><\/strong>, <strong><a rel=\"noreferrer noopener\" href=\"https:\/\/www.dalmatien-online.de\/de\/soline\/\" target=\"_blank\">Soline<\/a><\/strong>, <strong><a rel=\"noreferrer noopener\" href=\"https:\/\/www.dalmatien-online.de\/de\/babine-kuce\/\" target=\"_blank\">Babine Ku\u0107e<\/a><\/strong> und dem <strong><a rel=\"noreferrer noopener\" href=\"https:\/\/www.dalmatien-online.de\/de\/das-kloster-st-maria-sveta-marije\/\" target=\"_blank\">Kloster St. Maria (Sveta Marija)<\/a><\/strong>, das auf einer kleinen Insel einer der Zwei Inselseen beheimatet ist.<\/figcaption><\/figure>\n\n\n\n<figure class=\"wp-block-image size-large\"><img loading=\"lazy\" decoding=\"async\" width=\"1024\" height=\"683\" src=\"https:\/\/www.dalmatien-online.de\/wp-content\/uploads\/2020\/06\/A-Mljet-d2-1-1024x683.jpg\" alt=\"\" class=\"wp-image-2162\" srcset=\"https:\/\/www.dalmatien-online.de\/wp-content\/uploads\/2020\/06\/A-Mljet-d2-1-1024x683.jpg 1024w, https:\/\/www.dalmatien-online.de\/wp-content\/uploads\/2020\/06\/A-Mljet-d2-1-300x200.jpg 300w, https:\/\/www.dalmatien-online.de\/wp-content\/uploads\/2020\/06\/A-Mljet-d2-1-768x512.jpg 768w, https:\/\/www.dalmatien-online.de\/wp-content\/uploads\/2020\/06\/A-Mljet-d2-1-250x167.jpg 250w, https:\/\/www.dalmatien-online.de\/wp-content\/uploads\/2020\/06\/A-Mljet-d2-1-400x267.jpg 400w, https:\/\/www.dalmatien-online.de\/wp-content\/uploads\/2020\/06\/A-Mljet-d2-1.jpg 1500w\" sizes=\"auto, (max-width: 1024px) 100vw, 1024px\" \/><figcaption>Zahlreiche makierte Wanderrouten durch die Inselberge, W\u00e4lder, entlang der K\u00fcste oder um die Seen im Inneren lassen sich auf Mljet finden um die wunderbare Natur dort in vollen Z\u00fcgen genie\u00dfen zu k\u00f6nnen. Auf eigene Faust loszuziehen birgt ein noch gr\u00f6\u00dferes Abenteur, endet jedoch all zu oft &#8211; aus purer Erfahrung &#8211; in einer Sackgasse.<\/figcaption><\/figure>\n\n\n\n<figure class=\"wp-block-image size-large\"><img loading=\"lazy\" decoding=\"async\" width=\"1024\" height=\"683\" src=\"https:\/\/www.dalmatien-online.de\/wp-content\/uploads\/2020\/06\/A-Mljet-d2-8-1024x683.jpg\" alt=\"\" class=\"wp-image-2163\" srcset=\"https:\/\/www.dalmatien-online.de\/wp-content\/uploads\/2020\/06\/A-Mljet-d2-8-1024x683.jpg 1024w, https:\/\/www.dalmatien-online.de\/wp-content\/uploads\/2020\/06\/A-Mljet-d2-8-300x200.jpg 300w, https:\/\/www.dalmatien-online.de\/wp-content\/uploads\/2020\/06\/A-Mljet-d2-8-768x512.jpg 768w, https:\/\/www.dalmatien-online.de\/wp-content\/uploads\/2020\/06\/A-Mljet-d2-8-250x167.jpg 250w, https:\/\/www.dalmatien-online.de\/wp-content\/uploads\/2020\/06\/A-Mljet-d2-8-400x267.jpg 400w, https:\/\/www.dalmatien-online.de\/wp-content\/uploads\/2020\/06\/A-Mljet-d2-8.jpg 1500w\" sizes=\"auto, (max-width: 1024px) 100vw, 1024px\" \/><figcaption>Das Kloster &#8222;St. Maria&#8220; ist gerade zur Saison beliebtes oft per Boot,Katamaran oder Ausflugstouren aus Dubrovnik angefahrenes Ziel. Dann wird es auf der kleinen Route entlang der Seen zum Kloster schon mal etwas unruhiger, dennoch bleibt der Rest des Nationalparks davon unber\u00fchrt, da die Tagestouristen nicht weiter auf der Insel vordringen aus Zeitmangel. Feine Sache!<\/figcaption><\/figure>\n\n\n\n<figure class=\"wp-block-image size-large\"><img loading=\"lazy\" decoding=\"async\" width=\"1024\" height=\"683\" src=\"https:\/\/www.dalmatien-online.de\/wp-content\/uploads\/2020\/06\/A-Mljet-d2-13-1-1024x683.jpg\" alt=\"\" class=\"wp-image-2164\" srcset=\"https:\/\/www.dalmatien-online.de\/wp-content\/uploads\/2020\/06\/A-Mljet-d2-13-1-1024x683.jpg 1024w, https:\/\/www.dalmatien-online.de\/wp-content\/uploads\/2020\/06\/A-Mljet-d2-13-1-300x200.jpg 300w, https:\/\/www.dalmatien-online.de\/wp-content\/uploads\/2020\/06\/A-Mljet-d2-13-1-768x512.jpg 768w, https:\/\/www.dalmatien-online.de\/wp-content\/uploads\/2020\/06\/A-Mljet-d2-13-1-250x167.jpg 250w, https:\/\/www.dalmatien-online.de\/wp-content\/uploads\/2020\/06\/A-Mljet-d2-13-1-400x267.jpg 400w, https:\/\/www.dalmatien-online.de\/wp-content\/uploads\/2020\/06\/A-Mljet-d2-13-1.jpg 1500w\" sizes=\"auto, (max-width: 1024px) 100vw, 1024px\" \/><figcaption>Selten habe ich auf meinen Touren einen sch\u00f6neren und entspannteren Ort zur kulinarischen Einkehr in der dalmatischen Inselwelt entdeckt wie diesen &#8211; <strong><a href=\"https:\/\/www.dalmatien-online.de\/de\/soline\/\" target=\"_blank\" rel=\"noreferrer noopener\">Soline<\/a><\/strong>. Eine winzige Siedlung entlang eines kleinen Meerarmes zu den Seen auf der S\u00fcdseite Mljets. Nach einer l\u00e4ngeren Wanderung eingekehrt auf einen leckeren Oktopussalat und einem k\u00fchlen Bier oder einem Gl\u00e4schen Wein empfindet man sich wie im Paradies angekommen.<\/figcaption><\/figure>\n\n\n\n<figure class=\"wp-block-image size-large\"><img loading=\"lazy\" decoding=\"async\" width=\"1024\" height=\"683\" src=\"https:\/\/www.dalmatien-online.de\/wp-content\/uploads\/2020\/06\/A-Mljet-d2-5-1-1024x683.jpg\" alt=\"\" class=\"wp-image-2165\" srcset=\"https:\/\/www.dalmatien-online.de\/wp-content\/uploads\/2020\/06\/A-Mljet-d2-5-1-1024x683.jpg 1024w, https:\/\/www.dalmatien-online.de\/wp-content\/uploads\/2020\/06\/A-Mljet-d2-5-1-300x200.jpg 300w, https:\/\/www.dalmatien-online.de\/wp-content\/uploads\/2020\/06\/A-Mljet-d2-5-1-768x512.jpg 768w, https:\/\/www.dalmatien-online.de\/wp-content\/uploads\/2020\/06\/A-Mljet-d2-5-1-250x167.jpg 250w, https:\/\/www.dalmatien-online.de\/wp-content\/uploads\/2020\/06\/A-Mljet-d2-5-1-400x267.jpg 400w, https:\/\/www.dalmatien-online.de\/wp-content\/uploads\/2020\/06\/A-Mljet-d2-5-1.jpg 1500w\" sizes=\"auto, (max-width: 1024px) 100vw, 1024px\" \/><\/figure>\n\n\n\n\n\n<hr class=\"wp-block-separator\"\/>\n\n\n\n<div class=\"display-posts-listing image-left\"><div class=\"listing-item\"><a class=\"image\" href=\"https:\/\/www.dalmatien-online.de\/de\/2020\/05\/06\/mljet-nacionalni-park-montokuc\/\"><img loading=\"lazy\" decoding=\"async\" width=\"150\" height=\"150\" src=\"https:\/\/www.dalmatien-online.de\/wp-content\/uploads\/2020\/05\/A-Montekuc-vrlo-rano-1-150x150.jpg\" class=\"attachment-thumbnail size-thumbnail wp-image-318 wp-post-image\" alt=\"\" \/><\/a> <a class=\"title\" href=\"https:\/\/www.dalmatien-online.de\/de\/2020\/05\/06\/mljet-nacionalni-park-montokuc\/\">Mljet &#8211; Nacionalni Park &#8211; &#8222;Montokuc&#8220;<\/a> <span class=\"excerpt\">Insel Mljet - Feuerwache auf dem \"Montokuc\" im Nationalpark Mljet . ...Blick in die Ferne... ...Sonnenaufgang auf dem Montokuc... ...Blick&hellip; <span class=\"excerpt-more\">\u2026<\/span><\/span><\/div><\/div>\n","protected":false},"excerpt":{"rendered":"","protected":false},"author":1,"featured_media":0,"parent":0,"menu_order":0,"comment_status":"closed","ping_status":"closed","template":"","meta":{"footnotes":"","_links_to":"","_links_to_target":""},"tags":[],"class_list":["post-111","page","type-page","status-publish","hentry"],"_links":{"self":[{"href":"https:\/\/www.dalmatien-online.de\/de\/wp-json\/wp\/v2\/pages\/111","targetHints":{"allow":["GET"]}}],"collection":[{"href":"https:\/\/www.dalmatien-online.de\/de\/wp-json\/wp\/v2\/pages"}],"about":[{"href":"https:\/\/www.dalmatien-online.de\/de\/wp-json\/wp\/v2\/types\/page"}],"author":[{"embeddable":true,"href":"https:\/\/www.dalmatien-online.de\/de\/wp-json\/wp\/v2\/users\/1"}],"replies":[{"embeddable":true,"href":"https:\/\/www.dalmatien-online.de\/de\/wp-json\/wp\/v2\/comments?post=111"}],"version-history":[{"count":17,"href":"https:\/\/www.dalmatien-online.de\/de\/wp-json\/wp\/v2\/pages\/111\/revisions"}],"predecessor-version":[{"id":3359,"href":"https:\/\/www.dalmatien-online.de\/de\/wp-json\/wp\/v2\/pages\/111\/revisions\/3359"}],"wp:attachment":[{"href":"https:\/\/www.dalmatien-online.de\/de\/wp-json\/wp\/v2\/media?parent=111"}],"wp:term":[{"taxonomy":"post_tag","embeddable":true,"href":"https:\/\/www.dalmatien-online.de\/de\/wp-json\/wp\/v2\/tags?post=111"}],"curies":[{"name":"wp","href":"https:\/\/api.w.org\/{rel}","templated":true}]}}