{"id":116,"date":"2020-05-02T09:18:24","date_gmt":"2020-05-02T08:18:24","guid":{"rendered":"https:\/\/www.dalmatien-online.de\/?page_id=116"},"modified":"2020-06-23T21:22:45","modified_gmt":"2020-06-23T20:22:45","slug":"peljesac","status":"publish","type":"page","link":"https:\/\/www.dalmatien-online.de\/de\/peljesac\/","title":{"rendered":"Pelje\u0161ac"},"content":{"rendered":"\n<figure class=\"wp-block-image size-large\"><img loading=\"lazy\" decoding=\"async\" width=\"1024\" height=\"245\" src=\"https:\/\/www.dalmatien-online.de\/wp-content\/uploads\/2020\/06\/0-Peljesac-D-O-t-1024x245.jpg\" alt=\"\" class=\"wp-image-2891\" srcset=\"https:\/\/www.dalmatien-online.de\/wp-content\/uploads\/2020\/06\/0-Peljesac-D-O-t-1024x245.jpg 1024w, https:\/\/www.dalmatien-online.de\/wp-content\/uploads\/2020\/06\/0-Peljesac-D-O-t-300x72.jpg 300w, https:\/\/www.dalmatien-online.de\/wp-content\/uploads\/2020\/06\/0-Peljesac-D-O-t-768x184.jpg 768w, https:\/\/www.dalmatien-online.de\/wp-content\/uploads\/2020\/06\/0-Peljesac-D-O-t-250x60.jpg 250w, https:\/\/www.dalmatien-online.de\/wp-content\/uploads\/2020\/06\/0-Peljesac-D-O-t.jpg 1389w\" sizes=\"auto, (max-width: 1024px) 100vw, 1024px\" \/><figcaption>Die Halbinsel Pelje\u0161ac liegt im S\u00fcden Dalmatiens gegen\u00fcber des Neretva Deltas auf dem Festland bei Plo\u010de. Sie ist die zweitgr\u00f6\u00dfte Halbinsel der kroatischen Adria und ist vor allem bekannt f\u00fcr ihre exzellenten Weine wie zum Beispiel den <strong><a rel=\"noreferrer noopener\" href=\"https:\/\/www.wine-searcher.com\/grape-967-plavac-mali\" target=\"_blank\">&#8222;Mali Plavac&#8220; (&#8222;Kleiner Blauer&#8220;)<\/a><\/strong>, den Salinen und der Mauer von Ston (&#8222;Stonske zidine&#8220;). Auf der Seeseite s\u00fcdwestlich ist die Insel Kor\u010dula gegen\u00fcber der alten <strong><a rel=\"noreferrer noopener\" href=\"https:\/\/www.dalmatien-online.de\/de\/orebic\/\" target=\"_blank\">Kapit\u00e4nsstadt Orebi\u0107<\/a><\/strong> vorgelagert. <\/figcaption><\/figure>\n\n\n\n<figure class=\"wp-block-image size-large\"><img loading=\"lazy\" decoding=\"async\" width=\"1024\" height=\"678\" src=\"https:\/\/www.dalmatien-online.de\/wp-content\/uploads\/2020\/06\/A-Orebic-von-oben-19-2-1-1024x678.jpg\" alt=\"\" class=\"wp-image-2892\" srcset=\"https:\/\/www.dalmatien-online.de\/wp-content\/uploads\/2020\/06\/A-Orebic-von-oben-19-2-1-1024x678.jpg 1024w, https:\/\/www.dalmatien-online.de\/wp-content\/uploads\/2020\/06\/A-Orebic-von-oben-19-2-1-300x199.jpg 300w, https:\/\/www.dalmatien-online.de\/wp-content\/uploads\/2020\/06\/A-Orebic-von-oben-19-2-1-768x509.jpg 768w, https:\/\/www.dalmatien-online.de\/wp-content\/uploads\/2020\/06\/A-Orebic-von-oben-19-2-1-250x166.jpg 250w, https:\/\/www.dalmatien-online.de\/wp-content\/uploads\/2020\/06\/A-Orebic-von-oben-19-2-1.jpg 1528w\" sizes=\"auto, (max-width: 1024px) 100vw, 1024px\" \/><figcaption>Nach Pelje\u0161ac gibt es verschiedene M\u00f6glichkeiten der Anreise. Von Split aus f\u00e4hrt man nach S\u00fcden bis Plo\u010de, von dort aus startet t\u00e4glich mehrmals die <strong><a rel=\"noreferrer noopener\" href=\"https:\/\/www.jadrolinija.hr\/hr\/schedule\/LineSearchResults\/Index\/2331770\/2331802\/15062020\" target=\"_blank\">Autof\u00e4hre nach Trpanj<\/a><\/strong> auf der Nordseite der Halbinsel oder von Dubrovnik aus \u00fcber Land Richtung Norden. Die h\u00f6chste Erhebung bildet <strong><a href=\"https:\/\/www.dalmatien-online.de\/de\/peljesac-sveti-ilija\/\" target=\"_blank\" rel=\"noreferrer noopener\">der Inselgipfel des &#8222;Sveti Ilija&#8220;<\/a><\/strong> mit 962 Meter H\u00f6he mit beeindruckenden Aussichten \u00fcber den Inselr\u00fccken in Richtung Festland und die dalmatischen Inseln.<\/figcaption><\/figure>\n\n\n\n<hr class=\"wp-block-separator\"\/>\n\n\n\n<figure class=\"wp-block-image size-large\"><img loading=\"lazy\" decoding=\"async\" width=\"1024\" height=\"680\" src=\"https:\/\/www.dalmatien-online.de\/wp-content\/uploads\/2020\/06\/0A-Vrh-Sv-Ilija-1-1024x680.jpg\" alt=\"\" class=\"wp-image-738\" srcset=\"https:\/\/www.dalmatien-online.de\/wp-content\/uploads\/2020\/06\/0A-Vrh-Sv-Ilija-1-1024x680.jpg 1024w, https:\/\/www.dalmatien-online.de\/wp-content\/uploads\/2020\/06\/0A-Vrh-Sv-Ilija-1-300x199.jpg 300w, https:\/\/www.dalmatien-online.de\/wp-content\/uploads\/2020\/06\/0A-Vrh-Sv-Ilija-1-768x510.jpg 768w, https:\/\/www.dalmatien-online.de\/wp-content\/uploads\/2020\/06\/0A-Vrh-Sv-Ilija-1-250x166.jpg 250w, https:\/\/www.dalmatien-online.de\/wp-content\/uploads\/2020\/06\/0A-Vrh-Sv-Ilija-1-400x267.jpg 400w, https:\/\/www.dalmatien-online.de\/wp-content\/uploads\/2020\/06\/0A-Vrh-Sv-Ilija-1.jpg 1389w\" sizes=\"auto, (max-width: 1024px) 100vw, 1024px\" \/><\/figure>\n\n\n\n<figure class=\"wp-block-image size-large\"><img loading=\"lazy\" decoding=\"async\" width=\"1024\" height=\"668\" src=\"https:\/\/www.dalmatien-online.de\/wp-content\/uploads\/2020\/06\/0A-Vrh-Sv-Ilija-3-2-1024x668.jpg\" alt=\"\" class=\"wp-image-2239\" srcset=\"https:\/\/www.dalmatien-online.de\/wp-content\/uploads\/2020\/06\/0A-Vrh-Sv-Ilija-3-2-1024x668.jpg 1024w, https:\/\/www.dalmatien-online.de\/wp-content\/uploads\/2020\/06\/0A-Vrh-Sv-Ilija-3-2-300x196.jpg 300w, https:\/\/www.dalmatien-online.de\/wp-content\/uploads\/2020\/06\/0A-Vrh-Sv-Ilija-3-2-768x501.jpg 768w, https:\/\/www.dalmatien-online.de\/wp-content\/uploads\/2020\/06\/0A-Vrh-Sv-Ilija-3-2-250x163.jpg 250w, https:\/\/www.dalmatien-online.de\/wp-content\/uploads\/2020\/06\/0A-Vrh-Sv-Ilija-3-2.jpg 1417w\" sizes=\"auto, (max-width: 1024px) 100vw, 1024px\" \/><figcaption><strong><a rel=\"noreferrer noopener\" href=\"https:\/\/www.dalmatien-online.de\/de\/orebic\/\" target=\"_blank\">Orebi\u0107<\/a><\/strong> &#8211; oben im Bild &#8211; hat eine Lange Seefahrertradition, was man an den vielen alten Kapit\u00e4nsvillen dort bemerkt und ist kleiner F\u00e4hrhafen mit Verbindung per <strong><a rel=\"noreferrer noopener\" href=\"https:\/\/www.korculainfo.com\/ferries\/ferry-orebic-korcula-foot-passengers-service\/\" target=\"_blank\">Personenf\u00e4hre<\/a><\/strong> oder <strong><a rel=\"noreferrer noopener\" href=\"https:\/\/www.jadrolinija.hr\/hr\/schedule\/LineSearchResults\/Index\/2331768\/2331743\/15062020\" target=\"_blank\">F\u00e4hre nach Kor\u010dula<\/a><\/strong>. Von Orebi\u0107 aus starten einige verschiedene <strong><a rel=\"noreferrer noopener\" href=\"https:\/\/www.dalmatien-online.de\/de\/peljesac-sveti-ilija\/\" target=\"_blank\">Wanderrouten auf der Sveti Ilija<\/a><\/strong>. Sie sind gut markiert und jeder Freund des Bergwanderns sollte sich dieses Erlebnis nicht entgehen lassen.<br>Unten im Bild &#8211; <strong><a href=\"https:\/\/www.dalmatien-online.de\/de\/ston\/\" target=\"_blank\" rel=\"noreferrer noopener\">Ston<\/a><\/strong> mit seinen Salinen zur Salzgewinnung und der riesigen Befestigung der <strong><a href=\"http:\/\/www.ston.hr\/?u=ston-walls&amp;l=eng&amp;ispis=staticna&amp;id=58&amp;iskljuci=da\" target=\"_blank\" rel=\"noreferrer noopener\">&#8222;Stonske zidine&#8220;<\/a><\/strong> ist auch ein Muss, ist man auf Pelje\u0161ac unterwegs. <\/figcaption><\/figure>\n\n\n\n<figure class=\"wp-block-image size-large\"><img loading=\"lazy\" decoding=\"async\" width=\"1024\" height=\"688\" src=\"https:\/\/www.dalmatien-online.de\/wp-content\/uploads\/2020\/06\/0A-1-Ston-2016-4-1024x688.jpg\" alt=\"\" class=\"wp-image-2229\" srcset=\"https:\/\/www.dalmatien-online.de\/wp-content\/uploads\/2020\/06\/0A-1-Ston-2016-4-1024x688.jpg 1024w, https:\/\/www.dalmatien-online.de\/wp-content\/uploads\/2020\/06\/0A-1-Ston-2016-4-300x202.jpg 300w, https:\/\/www.dalmatien-online.de\/wp-content\/uploads\/2020\/06\/0A-1-Ston-2016-4-768x516.jpg 768w, https:\/\/www.dalmatien-online.de\/wp-content\/uploads\/2020\/06\/0A-1-Ston-2016-4-250x168.jpg 250w, https:\/\/www.dalmatien-online.de\/wp-content\/uploads\/2020\/06\/0A-1-Ston-2016-4.jpg 1365w\" sizes=\"auto, (max-width: 1024px) 100vw, 1024px\" \/><figcaption>Eine Wanderung von Ston \u00fcber die Mauer nach <strong><a href=\"https:\/\/www.dalmatien-online.de\/de\/mali-ston\/\" target=\"_blank\" rel=\"noreferrer noopener\">Mali Ston<\/a><\/strong> auf der anderen Seite des Berges ist ein schwei\u00dftreibendes aber wunderbares Erlebnis mit Aublicken auf die Umgebung. <\/figcaption><\/figure>\n\n\n\n<figure class=\"wp-block-image size-large\"><img loading=\"lazy\" decoding=\"async\" width=\"1024\" height=\"686\" src=\"https:\/\/www.dalmatien-online.de\/wp-content\/uploads\/2020\/06\/0A-1-Ston-2016-14-1-1024x686.jpg\" alt=\"\" class=\"wp-image-2230\" srcset=\"https:\/\/www.dalmatien-online.de\/wp-content\/uploads\/2020\/06\/0A-1-Ston-2016-14-1-1024x686.jpg 1024w, https:\/\/www.dalmatien-online.de\/wp-content\/uploads\/2020\/06\/0A-1-Ston-2016-14-1-300x201.jpg 300w, https:\/\/www.dalmatien-online.de\/wp-content\/uploads\/2020\/06\/0A-1-Ston-2016-14-1-768x514.jpg 768w, https:\/\/www.dalmatien-online.de\/wp-content\/uploads\/2020\/06\/0A-1-Ston-2016-14-1-250x167.jpg 250w, https:\/\/www.dalmatien-online.de\/wp-content\/uploads\/2020\/06\/0A-1-Ston-2016-14-1-400x267.jpg 400w, https:\/\/www.dalmatien-online.de\/wp-content\/uploads\/2020\/06\/0A-1-Ston-2016-14-1.jpg 1423w\" sizes=\"auto, (max-width: 1024px) 100vw, 1024px\" \/><figcaption><strong><a rel=\"noreferrer noopener\" href=\"https:\/\/www.dalmatien-online.de\/de\/trpanj-2\/\" target=\"_blank\">Trpanj<\/a><\/strong> &#8211; unten im Bild &#8211; ist der F\u00e4hrhafen der Halbinsel (siehe oben im Text). Der vertr\u00e4umte kleine Ort mit seiner weitl\u00e4ufigen Bucht, sch\u00f6nen Str\u00e4nden und guter Gastronomie sollte man nicht nur als Durchgangsstation auf der Reise betrachten. Das w\u00e4re schade. <strong><a href=\"http:\/\/www.tzo-trpanj.hr\/\">In Trpanj und Umgebung gibt es viel zu entdecken.<\/a><\/strong><\/figcaption><\/figure>\n\n\n\n<figure class=\"wp-block-image size-large\"><img loading=\"lazy\" decoding=\"async\" width=\"1024\" height=\"683\" src=\"https:\/\/www.dalmatien-online.de\/wp-content\/uploads\/2020\/06\/A-Trpanj-10-19-Nachmittag-3-1-1024x683.jpg\" alt=\"\" class=\"wp-image-2232\" srcset=\"https:\/\/www.dalmatien-online.de\/wp-content\/uploads\/2020\/06\/A-Trpanj-10-19-Nachmittag-3-1-1024x683.jpg 1024w, https:\/\/www.dalmatien-online.de\/wp-content\/uploads\/2020\/06\/A-Trpanj-10-19-Nachmittag-3-1-300x200.jpg 300w, https:\/\/www.dalmatien-online.de\/wp-content\/uploads\/2020\/06\/A-Trpanj-10-19-Nachmittag-3-1-768x512.jpg 768w, https:\/\/www.dalmatien-online.de\/wp-content\/uploads\/2020\/06\/A-Trpanj-10-19-Nachmittag-3-1-250x167.jpg 250w, https:\/\/www.dalmatien-online.de\/wp-content\/uploads\/2020\/06\/A-Trpanj-10-19-Nachmittag-3-1-400x267.jpg 400w, https:\/\/www.dalmatien-online.de\/wp-content\/uploads\/2020\/06\/A-Trpanj-10-19-Nachmittag-3-1.jpg 1500w\" sizes=\"auto, (max-width: 1024px) 100vw, 1024px\" \/><\/figure>\n\n\n\n<figure class=\"wp-block-image size-large\"><img loading=\"lazy\" decoding=\"async\" width=\"1024\" height=\"683\" src=\"https:\/\/www.dalmatien-online.de\/wp-content\/uploads\/2020\/06\/A-Trpanj-10-19-Nachmittag-4-1-1024x683.jpg\" alt=\"\" class=\"wp-image-2241\" srcset=\"https:\/\/www.dalmatien-online.de\/wp-content\/uploads\/2020\/06\/A-Trpanj-10-19-Nachmittag-4-1-1024x683.jpg 1024w, https:\/\/www.dalmatien-online.de\/wp-content\/uploads\/2020\/06\/A-Trpanj-10-19-Nachmittag-4-1-300x200.jpg 300w, https:\/\/www.dalmatien-online.de\/wp-content\/uploads\/2020\/06\/A-Trpanj-10-19-Nachmittag-4-1-768x512.jpg 768w, https:\/\/www.dalmatien-online.de\/wp-content\/uploads\/2020\/06\/A-Trpanj-10-19-Nachmittag-4-1-250x167.jpg 250w, https:\/\/www.dalmatien-online.de\/wp-content\/uploads\/2020\/06\/A-Trpanj-10-19-Nachmittag-4-1-400x267.jpg 400w, https:\/\/www.dalmatien-online.de\/wp-content\/uploads\/2020\/06\/A-Trpanj-10-19-Nachmittag-4-1.jpg 1500w\" sizes=\"auto, (max-width: 1024px) 100vw, 1024px\" \/><\/figure>\n\n\n\n<div class=\"display-posts-listing image-left\"><div class=\"listing-item\"><a class=\"image\" href=\"https:\/\/www.dalmatien-online.de\/en\/peljesac-sveti-ilija\/\"><img loading=\"lazy\" decoding=\"async\" width=\"150\" height=\"150\" src=\"https:\/\/www.dalmatien-online.de\/wp-content\/uploads\/2020\/06\/0A-Vrh-Sv-Ilija-1-2-150x150.jpg\" class=\"attachment-thumbnail size-thumbnail wp-image-2827 wp-post-image\" alt=\"\" \/><\/a> <a class=\"title\" href=\"https:\/\/www.dalmatien-online.de\/en\/peljesac-sveti-ilija\/\">&#8222;Sveti Ijija&#8220; Tour &#8211; Pelje\u0161ac<\/a> <span class=\"excerpt\"> <span class=\"excerpt-more\">\u2026<\/span><\/span><\/div><\/div>\n","protected":false},"excerpt":{"rendered":"","protected":false},"author":1,"featured_media":0,"parent":0,"menu_order":0,"comment_status":"closed","ping_status":"closed","template":"","meta":{"footnotes":"","_links_to":"","_links_to_target":""},"tags":[],"class_list":["post-116","page","type-page","status-publish","hentry"],"_links":{"self":[{"href":"https:\/\/www.dalmatien-online.de\/de\/wp-json\/wp\/v2\/pages\/116","targetHints":{"allow":["GET"]}}],"collection":[{"href":"https:\/\/www.dalmatien-online.de\/de\/wp-json\/wp\/v2\/pages"}],"about":[{"href":"https:\/\/www.dalmatien-online.de\/de\/wp-json\/wp\/v2\/types\/page"}],"author":[{"embeddable":true,"href":"https:\/\/www.dalmatien-online.de\/de\/wp-json\/wp\/v2\/users\/1"}],"replies":[{"embeddable":true,"href":"https:\/\/www.dalmatien-online.de\/de\/wp-json\/wp\/v2\/comments?post=116"}],"version-history":[{"count":19,"href":"https:\/\/www.dalmatien-online.de\/de\/wp-json\/wp\/v2\/pages\/116\/revisions"}],"predecessor-version":[{"id":2893,"href":"https:\/\/www.dalmatien-online.de\/de\/wp-json\/wp\/v2\/pages\/116\/revisions\/2893"}],"wp:attachment":[{"href":"https:\/\/www.dalmatien-online.de\/de\/wp-json\/wp\/v2\/media?parent=116"}],"wp:term":[{"taxonomy":"post_tag","embeddable":true,"href":"https:\/\/www.dalmatien-online.de\/de\/wp-json\/wp\/v2\/tags?post=116"}],"curies":[{"name":"wp","href":"https:\/\/api.w.org\/{rel}","templated":true}]}}