{"id":119,"date":"2020-05-02T09:19:57","date_gmt":"2020-05-02T08:19:57","guid":{"rendered":"https:\/\/www.dalmatien-online.de\/?page_id=119"},"modified":"2020-06-24T11:28:44","modified_gmt":"2020-06-24T10:28:44","slug":"solta","status":"publish","type":"page","link":"https:\/\/www.dalmatien-online.de\/de\/solta\/","title":{"rendered":"\u0160olta"},"content":{"rendered":"\n<figure class=\"wp-block-image size-large\"><img loading=\"lazy\" decoding=\"async\" width=\"1024\" height=\"249\" src=\"https:\/\/www.dalmatien-online.de\/wp-content\/uploads\/2020\/06\/0-D-O-\u0160olta-t-1024x249.jpg\" alt=\"\" class=\"wp-image-2981\" srcset=\"https:\/\/www.dalmatien-online.de\/wp-content\/uploads\/2020\/06\/0-D-O-\u0160olta-t-1024x249.jpg 1024w, https:\/\/www.dalmatien-online.de\/wp-content\/uploads\/2020\/06\/0-D-O-\u0160olta-t-300x73.jpg 300w, https:\/\/www.dalmatien-online.de\/wp-content\/uploads\/2020\/06\/0-D-O-\u0160olta-t-768x187.jpg 768w, https:\/\/www.dalmatien-online.de\/wp-content\/uploads\/2020\/06\/0-D-O-\u0160olta-t-250x61.jpg 250w, https:\/\/www.dalmatien-online.de\/wp-content\/uploads\/2020\/06\/0-D-O-\u0160olta-t.jpg 1500w\" sizes=\"auto, (max-width: 1024px) 100vw, 1024px\" \/><figcaption>Die Insel \u0160olta ist eine der Split vorgelagerten Inseln mit bewegter <strong><a rel=\"noreferrer noopener\" href=\"https:\/\/visitsolta.com\/en\/cultural-heritage\" target=\"_blank\">Geschichte<\/a><\/strong> westlich der Insel Bra\u010d. Mehrmals t\u00e4glich gibt es Verbindungen mit der <strong><a rel=\"noreferrer noopener\" href=\"https:\/\/www.jadrolinija.hr\/hr\/schedule\/LineSearchResults\/Index\/2331792\/2331784\/10062020\" target=\"_blank\">F\u00e4hre von Split nach Roga\u010d<\/a><\/strong> auf \u0160olta. Der Hauptort ist Grohote im Inselinneren. Die gr\u00fcne Insel \u0160olta ist auch bekannt als Produzent ausgezeichneten Oliven\u00f6ls schon zu erkennen an Ortsnamen, wie den des St\u00e4dtchens <strong><a rel=\"noreferrer noopener\" href=\"https:\/\/www.dalmatien-online.de\/maslinica\/\" target=\"_blank\">Maslinica<\/a><\/strong> ( kroatisch &#8222;maslina&#8220; &#8211; &#8222;die Olive&#8220;) an der Westspitze der Insel.<\/figcaption><\/figure>\n\n\n\n<figure class=\"wp-block-image size-large\"><img loading=\"lazy\" decoding=\"async\" width=\"1024\" height=\"408\" src=\"https:\/\/www.dalmatien-online.de\/wp-content\/uploads\/2020\/06\/A-\u0160olta-18-t-1-1024x408.jpg\" alt=\"\" class=\"wp-image-1843\" srcset=\"https:\/\/www.dalmatien-online.de\/wp-content\/uploads\/2020\/06\/A-\u0160olta-18-t-1-1024x408.jpg 1024w, https:\/\/www.dalmatien-online.de\/wp-content\/uploads\/2020\/06\/A-\u0160olta-18-t-1-300x120.jpg 300w, https:\/\/www.dalmatien-online.de\/wp-content\/uploads\/2020\/06\/A-\u0160olta-18-t-1-768x306.jpg 768w, https:\/\/www.dalmatien-online.de\/wp-content\/uploads\/2020\/06\/A-\u0160olta-18-t-1-1536x613.jpg 1536w, https:\/\/www.dalmatien-online.de\/wp-content\/uploads\/2020\/06\/A-\u0160olta-18-t-1-250x100.jpg 250w, https:\/\/www.dalmatien-online.de\/wp-content\/uploads\/2020\/06\/A-\u0160olta-18-t-1.jpg 1860w\" sizes=\"auto, (max-width: 1024px) 100vw, 1024px\" \/><\/figure>\n\n\n\n<hr class=\"wp-block-separator\"\/>\n\n\n\n\n","protected":false},"excerpt":{"rendered":"","protected":false},"author":1,"featured_media":0,"parent":0,"menu_order":0,"comment_status":"closed","ping_status":"closed","template":"","meta":{"footnotes":"","_links_to":"","_links_to_target":""},"tags":[],"class_list":["post-119","page","type-page","status-publish","hentry"],"_links":{"self":[{"href":"https:\/\/www.dalmatien-online.de\/de\/wp-json\/wp\/v2\/pages\/119","targetHints":{"allow":["GET"]}}],"collection":[{"href":"https:\/\/www.dalmatien-online.de\/de\/wp-json\/wp\/v2\/pages"}],"about":[{"href":"https:\/\/www.dalmatien-online.de\/de\/wp-json\/wp\/v2\/types\/page"}],"author":[{"embeddable":true,"href":"https:\/\/www.dalmatien-online.de\/de\/wp-json\/wp\/v2\/users\/1"}],"replies":[{"embeddable":true,"href":"https:\/\/www.dalmatien-online.de\/de\/wp-json\/wp\/v2\/comments?post=119"}],"version-history":[{"count":7,"href":"https:\/\/www.dalmatien-online.de\/de\/wp-json\/wp\/v2\/pages\/119\/revisions"}],"predecessor-version":[{"id":2982,"href":"https:\/\/www.dalmatien-online.de\/de\/wp-json\/wp\/v2\/pages\/119\/revisions\/2982"}],"wp:attachment":[{"href":"https:\/\/www.dalmatien-online.de\/de\/wp-json\/wp\/v2\/media?parent=119"}],"wp:term":[{"taxonomy":"post_tag","embeddable":true,"href":"https:\/\/www.dalmatien-online.de\/de\/wp-json\/wp\/v2\/tags?post=119"}],"curies":[{"name":"wp","href":"https:\/\/api.w.org\/{rel}","templated":true}]}}