{"id":1286,"date":"2020-06-05T13:04:17","date_gmt":"2020-06-05T12:04:17","guid":{"rendered":"https:\/\/www.dalmatien-online.de\/?page_id=1286"},"modified":"2020-06-08T10:06:30","modified_gmt":"2020-06-08T09:06:30","slug":"peka-mit-kalbsrippe","status":"publish","type":"page","link":"https:\/\/www.dalmatien-online.de\/de\/peka-mit-kalbsrippe\/","title":{"rendered":"Peka mit Kalbsrippe"},"content":{"rendered":"\n<p>&#8222;Peka mit Kalbsrippe&#8220; , hier die herbstliche Variante mit u.a. K\u00fcrbis Ende Oktober in Stari Grad auf der Insel Hvar zubereitet, ist f\u00fcr mich eine der leckersten Varianten als Peka-Gericht. Wichtig dabei ist das Fleisch am Knochen beim Metzger des Vertrauens zu bekommen &#8211; in Deutschland leider kaum noch oder nur auf Vorbestellung. Als Zutaten braucht man je nach Gusto und Gr\u00f6\u00dfe der emaillierten Unterpfanne: 3-4 rote Zwiebeln, 4 Zehen Knofi, 5 Kartoffeln, 2 rote Paprika, 1\/3 Hokaido K\u00fcrbis, eine gro\u00dfe Karotte, eine Hand voll Selleriew\u00fcrfel, frische Kr\u00e4uter, einen viertel Liter Wein, ein Schl\u00fcckchen Bier und nat\u00fcrlich das Fleisch am Knochen geteilt in mehrere St\u00fccke.<\/p>\n\n\n\n<hr class=\"wp-block-separator\"\/>\n\n\n\n<figure class=\"wp-block-image size-large\"><img loading=\"lazy\" decoding=\"async\" width=\"1024\" height=\"693\" src=\"https:\/\/www.dalmatien-online.de\/wp-content\/uploads\/2020\/06\/0-A-Peka-S-Grad-3-1024x693.jpg\" alt=\"\" class=\"wp-image-1289\" srcset=\"https:\/\/www.dalmatien-online.de\/wp-content\/uploads\/2020\/06\/0-A-Peka-S-Grad-3-1024x693.jpg 1024w, https:\/\/www.dalmatien-online.de\/wp-content\/uploads\/2020\/06\/0-A-Peka-S-Grad-3-300x203.jpg 300w, https:\/\/www.dalmatien-online.de\/wp-content\/uploads\/2020\/06\/0-A-Peka-S-Grad-3-768x520.jpg 768w, https:\/\/www.dalmatien-online.de\/wp-content\/uploads\/2020\/06\/0-A-Peka-S-Grad-3-250x169.jpg 250w, https:\/\/www.dalmatien-online.de\/wp-content\/uploads\/2020\/06\/0-A-Peka-S-Grad-3.jpg 1369w\" sizes=\"auto, (max-width: 1024px) 100vw, 1024px\" \/><figcaption>Zuerst wird das Gem\u00fcse geputzt und geschnibbelt und mit den Fleischst\u00fccken zun\u00e4chst ungew\u00fcrzt sch\u00f6n gleichm\u00e4\u00dfig in der Pfanne verteilt &#8211; die Kr\u00e4uter und der Wein kommen erst sp\u00e4ter nach ungef\u00e4hr der halben Garzeit hinzu&#8230;<\/figcaption><\/figure>\n\n\n\n<figure class=\"wp-block-image size-large\"><img loading=\"lazy\" decoding=\"async\" width=\"1024\" height=\"689\" src=\"https:\/\/www.dalmatien-online.de\/wp-content\/uploads\/2020\/06\/0-A-Peka-S-Grad-1-1024x689.jpg\" alt=\"\" class=\"wp-image-1290\" srcset=\"https:\/\/www.dalmatien-online.de\/wp-content\/uploads\/2020\/06\/0-A-Peka-S-Grad-1-1024x689.jpg 1024w, https:\/\/www.dalmatien-online.de\/wp-content\/uploads\/2020\/06\/0-A-Peka-S-Grad-1-300x202.jpg 300w, https:\/\/www.dalmatien-online.de\/wp-content\/uploads\/2020\/06\/0-A-Peka-S-Grad-1-768x517.jpg 768w, https:\/\/www.dalmatien-online.de\/wp-content\/uploads\/2020\/06\/0-A-Peka-S-Grad-1-250x168.jpg 250w, https:\/\/www.dalmatien-online.de\/wp-content\/uploads\/2020\/06\/0-A-Peka-S-Grad-1.jpg 1480w\" sizes=\"auto, (max-width: 1024px) 100vw, 1024px\" \/><figcaption>Jetzt werden die Zutaten in der Pfanne gezalzen, gepfeffert, mit Paprikapulver veredelt und mit 5-6 Essl\u00f6ffeln Oliven\u00f6l \u00fcbergossen und leicht einmassiert. Zeit unseren Pfanneninnhalt &#8222;ziehen&#8220; zu lassen. <\/figcaption><\/figure>\n\n\n\n<figure class=\"wp-block-image size-large\"><img loading=\"lazy\" decoding=\"async\" width=\"1024\" height=\"694\" src=\"https:\/\/www.dalmatien-online.de\/wp-content\/uploads\/2020\/06\/0-A-Peka-S-Grad-2-1024x694.jpg\" alt=\"\" class=\"wp-image-1291\" srcset=\"https:\/\/www.dalmatien-online.de\/wp-content\/uploads\/2020\/06\/0-A-Peka-S-Grad-2-1024x694.jpg 1024w, https:\/\/www.dalmatien-online.de\/wp-content\/uploads\/2020\/06\/0-A-Peka-S-Grad-2-300x203.jpg 300w, https:\/\/www.dalmatien-online.de\/wp-content\/uploads\/2020\/06\/0-A-Peka-S-Grad-2-768x521.jpg 768w, https:\/\/www.dalmatien-online.de\/wp-content\/uploads\/2020\/06\/0-A-Peka-S-Grad-2-1536x1042.jpg 1536w, https:\/\/www.dalmatien-online.de\/wp-content\/uploads\/2020\/06\/0-A-Peka-S-Grad-2-250x170.jpg 250w, https:\/\/www.dalmatien-online.de\/wp-content\/uploads\/2020\/06\/0-A-Peka-S-Grad-2.jpg 1600w\" sizes=\"auto, (max-width: 1024px) 100vw, 1024px\" \/><figcaption>W\u00e4hrend das Gem\u00fcse und Fleisch mariniert wird das Feuer vorbereitet, ein Bierchen aufgenmacht und und die Atmoph\u00e4re genossen, bis die Glut bereit ist. Dann die emallierte Pfanne unter die Peka gestellt und die Glut darauf und rund um verteilt. Jetzt darf das Gericht erst mal 40 &#8211; 45 Minuten im eigenen Saft schoren. Nach der Zeit wird kurz vorsichtig ge\u00f6ffnet und der Wein und die frischen Kr\u00e4uter &#8211; hier Rosmarin &#8211; zugef\u00fcgt, wieder verschlossen und weitere 45 &#8211; 50 Minuten geschmoort. Je nach Gr\u00f6\u00dfe des Pfanneninhalts und der Menge der Zutaten variiert die Garzeit zwischen 90 und 130 Minuten &#8211; auch nat\u00fcrlich abh\u00e4ngig von der Hitze und Menge der Glut. Nat\u00fcrlich kann man die Leckerei auch wesentlich l\u00e4nger mit weniger Glut garen &#8211; je nach Lust und Laune.<\/figcaption><\/figure>\n\n\n\n<figure class=\"wp-block-image size-large\"><img loading=\"lazy\" decoding=\"async\" width=\"1024\" height=\"683\" src=\"https:\/\/www.dalmatien-online.de\/wp-content\/uploads\/2020\/06\/0-A-Peka-S-Grad-5-1024x683.jpg\" alt=\"\" class=\"wp-image-1292\" srcset=\"https:\/\/www.dalmatien-online.de\/wp-content\/uploads\/2020\/06\/0-A-Peka-S-Grad-5-1024x683.jpg 1024w, https:\/\/www.dalmatien-online.de\/wp-content\/uploads\/2020\/06\/0-A-Peka-S-Grad-5-300x200.jpg 300w, https:\/\/www.dalmatien-online.de\/wp-content\/uploads\/2020\/06\/0-A-Peka-S-Grad-5-768x512.jpg 768w, https:\/\/www.dalmatien-online.de\/wp-content\/uploads\/2020\/06\/0-A-Peka-S-Grad-5-250x167.jpg 250w, https:\/\/www.dalmatien-online.de\/wp-content\/uploads\/2020\/06\/0-A-Peka-S-Grad-5-400x267.jpg 400w, https:\/\/www.dalmatien-online.de\/wp-content\/uploads\/2020\/06\/0-A-Peka-S-Grad-5.jpg 1347w\" sizes=\"auto, (max-width: 1024px) 100vw, 1024px\" \/><figcaption>Ge\u00f6ffnet nach knapp 90 &#8211; 100 Minuten verstr\u00f6hmt der g\u00f6ttliche Duft der Leckerei im Umfeld. Ein S\u00f6\u00dfchen &#8222;zum reinlegen&#8220; ist enstanden. Das Fleisch super zart und die Beilagen &#8222;ein Gedicht!&#8220; Dobar tek! Guten Appetit!<\/figcaption><\/figure>\n\n\n\n<figure class=\"wp-block-image size-large\"><img loading=\"lazy\" decoding=\"async\" width=\"1024\" height=\"697\" src=\"https:\/\/www.dalmatien-online.de\/wp-content\/uploads\/2020\/06\/0-A-Peka-S-Grad-4-1024x697.jpg\" alt=\"\" class=\"wp-image-1293\" srcset=\"https:\/\/www.dalmatien-online.de\/wp-content\/uploads\/2020\/06\/0-A-Peka-S-Grad-4-1024x697.jpg 1024w, https:\/\/www.dalmatien-online.de\/wp-content\/uploads\/2020\/06\/0-A-Peka-S-Grad-4-300x204.jpg 300w, https:\/\/www.dalmatien-online.de\/wp-content\/uploads\/2020\/06\/0-A-Peka-S-Grad-4-768x523.jpg 768w, https:\/\/www.dalmatien-online.de\/wp-content\/uploads\/2020\/06\/0-A-Peka-S-Grad-4-250x170.jpg 250w, https:\/\/www.dalmatien-online.de\/wp-content\/uploads\/2020\/06\/0-A-Peka-S-Grad-4.jpg 1492w\" sizes=\"auto, (max-width: 1024px) 100vw, 1024px\" \/><figcaption>Weitere leckere Peka Rezepte: <strong><a rel=\"noreferrer noopener\" href=\"https:\/\/www.dalmatien-online.de\/zwiebelkuchen\/\" target=\"_blank\">&#8222;Zwiebelkuchen&#8220;<\/a><\/strong>, <a rel=\"noreferrer noopener\" href=\"https:\/\/www.dalmatien-online.de\/gefuellter-tintenfisch\/\" target=\"_blank\"><strong>&#8222;Gef\u00fcllter Tintenfisch&#8220;,<\/strong><\/a><strong><a rel=\"noreferrer noopener\" href=\"https:\/\/www.dalmatien-online.de\/steak-pizza-unter-peka\/\" target=\"_blank\"> &#8222;Steak Pizza&#8220;<\/a><\/strong><a rel=\"noreferrer noopener\" href=\"https:\/\/www.dalmatien-online.de\/gefuellter-tintenfisch\/\" target=\"_blank\"><strong>,<\/strong><\/a><strong><a rel=\"noreferrer noopener\" href=\"https:\/\/www.dalmatien-online.de\/marinas-krustenbraten\/\" target=\"_blank\"> &#8222;Krustenbraten&#8220;<\/a><\/strong><a rel=\"noreferrer noopener\" href=\"https:\/\/www.dalmatien-online.de\/gefuellter-tintenfisch\/\" target=\"_blank\"><strong>.<\/strong>..<\/a><\/figcaption><\/figure>\n\n\n\n\n","protected":false},"excerpt":{"rendered":"<p>&#8222;Peka mit Kalbsrippe&#8220; , hier die herbstliche Variante mit u.a. K\u00fcrbis Ende Oktober in Stari Grad auf der Insel Hvar zubereitet, ist f\u00fcr mich eine der leckersten Varianten als Peka-Gericht. <a class=\"more-link\" href=\"https:\/\/www.dalmatien-online.de\/de\/peka-mit-kalbsrippe\/\">weiterlesen&#8230;<\/a><\/p>\n","protected":false},"author":2,"featured_media":0,"parent":0,"menu_order":0,"comment_status":"closed","ping_status":"closed","template":"","meta":{"footnotes":"","_links_to":"","_links_to_target":""},"tags":[],"class_list":["post-1286","page","type-page","status-publish","hentry"],"_links":{"self":[{"href":"https:\/\/www.dalmatien-online.de\/de\/wp-json\/wp\/v2\/pages\/1286","targetHints":{"allow":["GET"]}}],"collection":[{"href":"https:\/\/www.dalmatien-online.de\/de\/wp-json\/wp\/v2\/pages"}],"about":[{"href":"https:\/\/www.dalmatien-online.de\/de\/wp-json\/wp\/v2\/types\/page"}],"author":[{"embeddable":true,"href":"https:\/\/www.dalmatien-online.de\/de\/wp-json\/wp\/v2\/users\/2"}],"replies":[{"embeddable":true,"href":"https:\/\/www.dalmatien-online.de\/de\/wp-json\/wp\/v2\/comments?post=1286"}],"version-history":[{"count":10,"href":"https:\/\/www.dalmatien-online.de\/de\/wp-json\/wp\/v2\/pages\/1286\/revisions"}],"predecessor-version":[{"id":1603,"href":"https:\/\/www.dalmatien-online.de\/de\/wp-json\/wp\/v2\/pages\/1286\/revisions\/1603"}],"wp:attachment":[{"href":"https:\/\/www.dalmatien-online.de\/de\/wp-json\/wp\/v2\/media?parent=1286"}],"wp:term":[{"taxonomy":"post_tag","embeddable":true,"href":"https:\/\/www.dalmatien-online.de\/de\/wp-json\/wp\/v2\/tags?post=1286"}],"curies":[{"name":"wp","href":"https:\/\/api.w.org\/{rel}","templated":true}]}}