{"id":1311,"date":"2020-06-05T13:39:44","date_gmt":"2020-06-05T12:39:44","guid":{"rendered":"https:\/\/www.dalmatien-online.de\/?page_id=1311"},"modified":"2020-06-08T10:04:57","modified_gmt":"2020-06-08T09:04:57","slug":"steak-pizza-unter-peka","status":"publish","type":"page","link":"https:\/\/www.dalmatien-online.de\/de\/steak-pizza-unter-peka\/","title":{"rendered":"Steak Pizza unter Peka"},"content":{"rendered":"\n<p>Zugegeben &#8211; <strong>&#8222;MO`s Steak Pizza&#8220;<\/strong> unter der Peka gebacken enstand aus der Not heraus an einem Sonntag ohne Einkaufsm\u00f6glichkeiten im Garten sitztend bei Freunden. Nach einiger Zeit ging die Frage um &#8211; Was nun essen? L\u00e4den waren geschlossen. Also &#8222;ab in die K\u00fcche auf die Suche!&#8220; Vom vort\u00e4glichen Grillen hatten wir noch 2 Schweiner\u00fcckensteaks beachticher Gr\u00f6\u00dfe im K\u00fchlschrank, allerdings nicht gerade genug f\u00fcr alle. Nach einigem Suchen und Durchforsten u.a. des Gem\u00fcsefachs enstand die Idee. Seit dem immer wieder gerne. <\/p>\n\n\n\n<p>Zutaten f\u00fcr eine emallierte Peka Pfanne mit 52cm Durchmesser:<\/p>\n\n\n\n<p> 2 marinierte Schweiner\u00fcckensteaks in schmale Streifen geschnitten, eine gro\u00dfe Zwiebel in Halbringen, 2 &#8211; 3 Zehen Knoblauch gehackt, 4 kleine bunte Paprika in Streifen, Tomatenmark, eine dose gehackte Tomaten,  frischer gehackter Thymian und Rosmarin aus dem Garten, nat\u00fcrlich 2 Hand voll K\u00e4se &#8211; hier Pecorino und Edamer, Salz, Pfeffer, einen Teel\u00f6ffel ger\u00e4uchertes Paprikapulver und einen Pizzateig aus 500 &#8211; 600 Gramm Mehl.<\/p>\n\n\n\n<p><\/p>\n\n\n\n<figure class=\"wp-block-image size-large\"><img loading=\"lazy\" decoding=\"async\" width=\"1024\" height=\"694\" src=\"https:\/\/www.dalmatien-online.de\/wp-content\/uploads\/2020\/06\/I-Phone-divers-032-1024x694.jpg\" alt=\"\" class=\"wp-image-1314\" srcset=\"https:\/\/www.dalmatien-online.de\/wp-content\/uploads\/2020\/06\/I-Phone-divers-032-1024x694.jpg 1024w, https:\/\/www.dalmatien-online.de\/wp-content\/uploads\/2020\/06\/I-Phone-divers-032-300x203.jpg 300w, https:\/\/www.dalmatien-online.de\/wp-content\/uploads\/2020\/06\/I-Phone-divers-032-768x520.jpg 768w, https:\/\/www.dalmatien-online.de\/wp-content\/uploads\/2020\/06\/I-Phone-divers-032-250x169.jpg 250w, https:\/\/www.dalmatien-online.de\/wp-content\/uploads\/2020\/06\/I-Phone-divers-032.jpg 1445w\" sizes=\"auto, (max-width: 1024px) 100vw, 1024px\" \/><figcaption>Am leckersten ist der Teig, wenn er am Vortag zubereitet wurde. Hier &#8222;ging&#8220; er 2 1\/2 Stunden und war auch sehr k\u00f6stlich, knusprig und nicht &#8222;l\u00e4tschig&#8220;.<\/figcaption><\/figure>\n\n\n\n<figure class=\"wp-block-image size-large\"><img loading=\"lazy\" decoding=\"async\" width=\"1024\" height=\"683\" src=\"https:\/\/www.dalmatien-online.de\/wp-content\/uploads\/2020\/06\/I-Phone-divers-033-1024x683.jpg\" alt=\"\" class=\"wp-image-1315\" srcset=\"https:\/\/www.dalmatien-online.de\/wp-content\/uploads\/2020\/06\/I-Phone-divers-033-1024x683.jpg 1024w, https:\/\/www.dalmatien-online.de\/wp-content\/uploads\/2020\/06\/I-Phone-divers-033-300x200.jpg 300w, https:\/\/www.dalmatien-online.de\/wp-content\/uploads\/2020\/06\/I-Phone-divers-033-768x512.jpg 768w, https:\/\/www.dalmatien-online.de\/wp-content\/uploads\/2020\/06\/I-Phone-divers-033-250x167.jpg 250w, https:\/\/www.dalmatien-online.de\/wp-content\/uploads\/2020\/06\/I-Phone-divers-033-400x267.jpg 400w, https:\/\/www.dalmatien-online.de\/wp-content\/uploads\/2020\/06\/I-Phone-divers-033.jpg 1500w\" sizes=\"auto, (max-width: 1024px) 100vw, 1024px\" \/><figcaption>W\u00e4hrend des &#8222;Schmurgelns&#8220; des Feuers f\u00fcr eine gute Glut wird in der K\u00fcche die Tomatensauce und das Steak mit den weiteren Zutaten vorbereizet. Zum einen eine leckere So\u00dfe aus dem Tomatenmark, den gehackten Tomaten aus der Dose, den Knoblauchzehen, den Gew\u00fcrzen mit den Kr\u00e4\u00fctern und einem Sch\u00fc\u00dfchen Wein &#8211; zum Anderen werden die Zwiebelhalbringe mit den Paprikas und den Fleischstreifen in einer Pfanne auf dem Herd kurz f\u00fcr 4-5 Minuten vorged\u00fcnstet, dann zur Seite gestellt.<\/figcaption><\/figure>\n\n\n\n<hr class=\"wp-block-separator\"\/>\n\n\n\n<figure class=\"wp-block-image size-large\"><img loading=\"lazy\" decoding=\"async\" width=\"697\" height=\"1024\" src=\"https:\/\/www.dalmatien-online.de\/wp-content\/uploads\/2020\/06\/I-Phone-divers-031-697x1024.jpg\" alt=\"\" class=\"wp-image-1317\" srcset=\"https:\/\/www.dalmatien-online.de\/wp-content\/uploads\/2020\/06\/I-Phone-divers-031-697x1024.jpg 697w, https:\/\/www.dalmatien-online.de\/wp-content\/uploads\/2020\/06\/I-Phone-divers-031-204x300.jpg 204w, https:\/\/www.dalmatien-online.de\/wp-content\/uploads\/2020\/06\/I-Phone-divers-031-768x1128.jpg 768w, https:\/\/www.dalmatien-online.de\/wp-content\/uploads\/2020\/06\/I-Phone-divers-031-250x367.jpg 250w, https:\/\/www.dalmatien-online.de\/wp-content\/uploads\/2020\/06\/I-Phone-divers-031.jpg 1034w\" sizes=\"auto, (max-width: 697px) 100vw, 697px\" \/><figcaption>Wenn die Glut bereit ist wird der Teig gerollt und in der vorgefetteten emaillierten Schale verarbeitet, gleich einer Pizza mit So\u00dfe bestrichen und mit dem Steakbelag und dem K\u00e4se belegt.<\/figcaption><\/figure>\n\n\n\n<figure class=\"wp-block-image size-large\"><img loading=\"lazy\" decoding=\"async\" width=\"1024\" height=\"683\" src=\"https:\/\/www.dalmatien-online.de\/wp-content\/uploads\/2020\/06\/I-Phone-divers-034-1024x683.jpg\" alt=\"\" class=\"wp-image-1316\" srcset=\"https:\/\/www.dalmatien-online.de\/wp-content\/uploads\/2020\/06\/I-Phone-divers-034-1024x683.jpg 1024w, https:\/\/www.dalmatien-online.de\/wp-content\/uploads\/2020\/06\/I-Phone-divers-034-300x200.jpg 300w, https:\/\/www.dalmatien-online.de\/wp-content\/uploads\/2020\/06\/I-Phone-divers-034-768x512.jpg 768w, https:\/\/www.dalmatien-online.de\/wp-content\/uploads\/2020\/06\/I-Phone-divers-034-250x167.jpg 250w, https:\/\/www.dalmatien-online.de\/wp-content\/uploads\/2020\/06\/I-Phone-divers-034-400x267.jpg 400w, https:\/\/www.dalmatien-online.de\/wp-content\/uploads\/2020\/06\/I-Phone-divers-034.jpg 1500w\" sizes=\"auto, (max-width: 1024px) 100vw, 1024px\" \/><figcaption>&#8222;Ab unter die Peka!&#8220; Die Backzeit liegt je nach Hitze und Menge der Glut bei 30-45 Minuten. Nach 20 Minuten folgt ein pr\u00fcfender vorsichtiger Blick drunter, um eventuell die Glutauflage zu optimieren.<\/figcaption><\/figure>\n\n\n\n<figure class=\"wp-block-image size-large\"><img loading=\"lazy\" decoding=\"async\" width=\"1024\" height=\"683\" src=\"https:\/\/www.dalmatien-online.de\/wp-content\/uploads\/2020\/06\/I-Phone-divers-035-1024x683.jpg\" alt=\"\" class=\"wp-image-1318\" srcset=\"https:\/\/www.dalmatien-online.de\/wp-content\/uploads\/2020\/06\/I-Phone-divers-035-1024x683.jpg 1024w, https:\/\/www.dalmatien-online.de\/wp-content\/uploads\/2020\/06\/I-Phone-divers-035-300x200.jpg 300w, https:\/\/www.dalmatien-online.de\/wp-content\/uploads\/2020\/06\/I-Phone-divers-035-768x512.jpg 768w, https:\/\/www.dalmatien-online.de\/wp-content\/uploads\/2020\/06\/I-Phone-divers-035-250x167.jpg 250w, https:\/\/www.dalmatien-online.de\/wp-content\/uploads\/2020\/06\/I-Phone-divers-035-400x267.jpg 400w, https:\/\/www.dalmatien-online.de\/wp-content\/uploads\/2020\/06\/I-Phone-divers-035.jpg 1500w\" sizes=\"auto, (max-width: 1024px) 100vw, 1024px\" \/><figcaption>Staunend und voller Vorfreude mit einem Bierchen oder einem Gl\u00e4schen Wein harrt man der Leckerei. Nach 40 &#8211; 45 Minuten und unversch\u00e4mt gutem Duft wird der kulinarische Traum wahr.<\/figcaption><\/figure>\n\n\n\n<figure class=\"wp-block-image size-large\"><img loading=\"lazy\" decoding=\"async\" width=\"1024\" height=\"683\" src=\"https:\/\/www.dalmatien-online.de\/wp-content\/uploads\/2020\/06\/I-Phone-divers-036-1024x683.jpg\" alt=\"\" class=\"wp-image-1319\" srcset=\"https:\/\/www.dalmatien-online.de\/wp-content\/uploads\/2020\/06\/I-Phone-divers-036-1024x683.jpg 1024w, https:\/\/www.dalmatien-online.de\/wp-content\/uploads\/2020\/06\/I-Phone-divers-036-300x200.jpg 300w, https:\/\/www.dalmatien-online.de\/wp-content\/uploads\/2020\/06\/I-Phone-divers-036-768x512.jpg 768w, https:\/\/www.dalmatien-online.de\/wp-content\/uploads\/2020\/06\/I-Phone-divers-036-250x167.jpg 250w, https:\/\/www.dalmatien-online.de\/wp-content\/uploads\/2020\/06\/I-Phone-divers-036-400x267.jpg 400w, https:\/\/www.dalmatien-online.de\/wp-content\/uploads\/2020\/06\/I-Phone-divers-036.jpg 1500w\" sizes=\"auto, (max-width: 1024px) 100vw, 1024px\" \/><figcaption>Die &#8222;Steak Pizza&#8220; aus der Peka ist fertig und kann ihren Weg auf den Teller und an den Gaumen antreten! Dazu wird nochmals nachgeschenkt und K\u00f6stlichkeit genossen. Dobar tek! Guten Appetit!<\/figcaption><\/figure>\n\n\n\n<figure class=\"wp-block-image size-large\"><img loading=\"lazy\" decoding=\"async\" width=\"1024\" height=\"683\" src=\"https:\/\/www.dalmatien-online.de\/wp-content\/uploads\/2020\/06\/I-Phone-divers-037-1024x683.jpg\" alt=\"\" class=\"wp-image-1320\" srcset=\"https:\/\/www.dalmatien-online.de\/wp-content\/uploads\/2020\/06\/I-Phone-divers-037-1024x683.jpg 1024w, https:\/\/www.dalmatien-online.de\/wp-content\/uploads\/2020\/06\/I-Phone-divers-037-300x200.jpg 300w, https:\/\/www.dalmatien-online.de\/wp-content\/uploads\/2020\/06\/I-Phone-divers-037-768x512.jpg 768w, https:\/\/www.dalmatien-online.de\/wp-content\/uploads\/2020\/06\/I-Phone-divers-037-250x167.jpg 250w, https:\/\/www.dalmatien-online.de\/wp-content\/uploads\/2020\/06\/I-Phone-divers-037-400x267.jpg 400w, https:\/\/www.dalmatien-online.de\/wp-content\/uploads\/2020\/06\/I-Phone-divers-037.jpg 1500w\" sizes=\"auto, (max-width: 1024px) 100vw, 1024px\" \/><figcaption>Weitere leckere Peka Rezepte: <strong><a rel=\"noreferrer noopener\" href=\"https:\/\/www.dalmatien-online.de\/zwiebelkuchen\/\" target=\"_blank\">&#8222;Zwiebelkuchen&#8220;<\/a><\/strong>, <strong><a rel=\"noreferrer noopener\" href=\"https:\/\/www.dalmatien-online.de\/peka-mit-kalbsrippe\/\" target=\"_blank\">&#8222;Kalbsrippe&#8220;<\/a><\/strong>, <a rel=\"noreferrer noopener\" href=\"https:\/\/www.dalmatien-online.de\/gefuellter-tintenfisch\/\" target=\"_blank\"><strong>&#8222;Gef\u00fcllter Tintenfisch&#8220;<\/strong><\/a><a rel=\"noreferrer noopener\" href=\"https:\/\/www.dalmatien-online.de\/gefuellter-tintenfisch\/\" target=\"_blank\"><strong>,<\/strong><\/a><strong><a rel=\"noreferrer noopener\" href=\"https:\/\/www.dalmatien-online.de\/marinas-krustenbraten\/\" target=\"_blank\"> &#8222;Krustenbraten&#8220;<\/a><\/strong><a rel=\"noreferrer noopener\" href=\"https:\/\/www.dalmatien-online.de\/gefuellter-tintenfisch\/\" target=\"_blank\"><strong>.<\/strong>..<\/a><\/figcaption><\/figure>\n\n\n\n\n","protected":false},"excerpt":{"rendered":"<p>Zugegeben &#8211; &#8222;MO`s Steak Pizza&#8220; unter der Peka gebacken enstand aus der Not heraus an einem Sonntag ohne Einkaufsm\u00f6glichkeiten im Garten sitztend bei Freunden. Nach einiger Zeit ging die Frage <a class=\"more-link\" href=\"https:\/\/www.dalmatien-online.de\/de\/steak-pizza-unter-peka\/\">weiterlesen&#8230;<\/a><\/p>\n","protected":false},"author":2,"featured_media":0,"parent":0,"menu_order":0,"comment_status":"closed","ping_status":"closed","template":"","meta":{"footnotes":"","_links_to":"","_links_to_target":""},"tags":[],"class_list":["post-1311","page","type-page","status-publish","hentry"],"_links":{"self":[{"href":"https:\/\/www.dalmatien-online.de\/de\/wp-json\/wp\/v2\/pages\/1311","targetHints":{"allow":["GET"]}}],"collection":[{"href":"https:\/\/www.dalmatien-online.de\/de\/wp-json\/wp\/v2\/pages"}],"about":[{"href":"https:\/\/www.dalmatien-online.de\/de\/wp-json\/wp\/v2\/types\/page"}],"author":[{"embeddable":true,"href":"https:\/\/www.dalmatien-online.de\/de\/wp-json\/wp\/v2\/users\/2"}],"replies":[{"embeddable":true,"href":"https:\/\/www.dalmatien-online.de\/de\/wp-json\/wp\/v2\/comments?post=1311"}],"version-history":[{"count":9,"href":"https:\/\/www.dalmatien-online.de\/de\/wp-json\/wp\/v2\/pages\/1311\/revisions"}],"predecessor-version":[{"id":1601,"href":"https:\/\/www.dalmatien-online.de\/de\/wp-json\/wp\/v2\/pages\/1311\/revisions\/1601"}],"wp:attachment":[{"href":"https:\/\/www.dalmatien-online.de\/de\/wp-json\/wp\/v2\/media?parent=1311"}],"wp:term":[{"taxonomy":"post_tag","embeddable":true,"href":"https:\/\/www.dalmatien-online.de\/de\/wp-json\/wp\/v2\/tags?post=1311"}],"curies":[{"name":"wp","href":"https:\/\/api.w.org\/{rel}","templated":true}]}}