{"id":134,"date":"2020-05-02T10:16:58","date_gmt":"2020-05-02T09:16:58","guid":{"rendered":"https:\/\/www.dalmatien-online.de\/?page_id=134"},"modified":"2020-06-26T18:50:40","modified_gmt":"2020-06-26T17:50:40","slug":"peka","status":"publish","type":"page","link":"https:\/\/www.dalmatien-online.de\/de\/peka\/","title":{"rendered":"Peka"},"content":{"rendered":"\n<figure class=\"wp-block-image size-large\"><img loading=\"lazy\" decoding=\"async\" width=\"1024\" height=\"252\" src=\"https:\/\/www.dalmatien-online.de\/wp-content\/uploads\/2020\/06\/0-D-O-Peka-t-1024x252.jpg\" alt=\"\" class=\"wp-image-3234\" srcset=\"https:\/\/www.dalmatien-online.de\/wp-content\/uploads\/2020\/06\/0-D-O-Peka-t-1024x252.jpg 1024w, https:\/\/www.dalmatien-online.de\/wp-content\/uploads\/2020\/06\/0-D-O-Peka-t-300x74.jpg 300w, https:\/\/www.dalmatien-online.de\/wp-content\/uploads\/2020\/06\/0-D-O-Peka-t-768x189.jpg 768w, https:\/\/www.dalmatien-online.de\/wp-content\/uploads\/2020\/06\/0-D-O-Peka-t-250x62.jpg 250w, https:\/\/www.dalmatien-online.de\/wp-content\/uploads\/2020\/06\/0-D-O-Peka-t.jpg 1250w\" sizes=\"auto, (max-width: 1024px) 100vw, 1024px\" \/><\/figure>\n\n\n\n<p>&#8222;Ispod peke&#8220; (oder \u201eispod sa\u010da&#8220; (in Bosnien) bzw. \u201epod pekom\u201c) ist eine der traditionellen kroatischen Arten der Zubereitung von Speisen. Wir haben schon K\u00fcchen in alten, kroatischen Steinh\u00e4usern gesehen, in denen als Herd und Ofen ausschlie\u00dflich eine offene Feuerstelle und eine h\u00f6henverstellbare Kette von der K\u00fcchendecke hingen, an der eine metallene Glocke, die &#8222;cripnja&#8220;, befestigt war. Die dalmatinische Peka bezeichnet eine gro\u00dfe, eiserne oder emaillierte Pfanne, die reichlich mit Fleisch oder Fisch und Meerestieren, sowie Gem\u00fcse gef\u00fcllt ist. Diese wird von unten mit einem hei\u00dfen Stein, auf dem vorher ein Feuer entfacht wurde, und von oben mit Glutst\u00fccken und Asche auf der schmiedeeisernen Glocke gegart und gegrillt.<\/p>\n\n\n\n<figure class=\"wp-block-image size-large\"><img loading=\"lazy\" decoding=\"async\" width=\"1024\" height=\"693\" src=\"https:\/\/www.dalmatien-online.de\/wp-content\/uploads\/2020\/06\/0-A-Peka-S-Grad-3-1-1024x693.jpg\" alt=\"\" class=\"wp-image-3236\" srcset=\"https:\/\/www.dalmatien-online.de\/wp-content\/uploads\/2020\/06\/0-A-Peka-S-Grad-3-1-1024x693.jpg 1024w, https:\/\/www.dalmatien-online.de\/wp-content\/uploads\/2020\/06\/0-A-Peka-S-Grad-3-1-300x203.jpg 300w, https:\/\/www.dalmatien-online.de\/wp-content\/uploads\/2020\/06\/0-A-Peka-S-Grad-3-1-768x520.jpg 768w, https:\/\/www.dalmatien-online.de\/wp-content\/uploads\/2020\/06\/0-A-Peka-S-Grad-3-1-250x169.jpg 250w, https:\/\/www.dalmatien-online.de\/wp-content\/uploads\/2020\/06\/0-A-Peka-S-Grad-3-1.jpg 1369w\" sizes=\"auto, (max-width: 1024px) 100vw, 1024px\" \/><\/figure>\n\n\n\n<p>W\u00e4hrend bei Fisch die Glut des vorherigen Feuers ausreicht, wird bei Br\u00e4ten und viel Fleisch in der Peka auf einem Teil der Feuerstelle das Feuer weiter betrieben, um \u00fcber einige Stunden immer wieder langsam etwas Glut \u00fcber den Ring auf der Glocke nachzulegen.<\/p>\n\n\n\n<figure class=\"wp-block-image size-large\"><img loading=\"lazy\" decoding=\"async\" width=\"1024\" height=\"768\" src=\"https:\/\/www.dalmatien-online.de\/wp-content\/uploads\/2020\/06\/0A-t-fisch-4-1-1024x768.jpg\" alt=\"\" class=\"wp-image-3237\" srcset=\"https:\/\/www.dalmatien-online.de\/wp-content\/uploads\/2020\/06\/0A-t-fisch-4-1-1024x768.jpg 1024w, https:\/\/www.dalmatien-online.de\/wp-content\/uploads\/2020\/06\/0A-t-fisch-4-1-300x225.jpg 300w, https:\/\/www.dalmatien-online.de\/wp-content\/uploads\/2020\/06\/0A-t-fisch-4-1-768x576.jpg 768w, https:\/\/www.dalmatien-online.de\/wp-content\/uploads\/2020\/06\/0A-t-fisch-4-1-250x187.jpg 250w, https:\/\/www.dalmatien-online.de\/wp-content\/uploads\/2020\/06\/0A-t-fisch-4-1.jpg 1371w\" sizes=\"auto, (max-width: 1024px) 100vw, 1024px\" \/><\/figure>\n\n\n\n<p class=\"has-text-align-right\">Doch auch mit einer modernen K\u00fcche findet sich heutzutage auf fast jedem kroatischen Grundst\u00fcck ein gemauerter Steinbackofen, in dem eine oder mehrere Pekas zubereitet werden k\u00f6nnen. Das Essen aus der Peka geh\u00f6rt nicht nur f\u00fcr uns zu den absoluten Highlights der dalmatinischen K\u00fcche!<\/p>\n\n\n\n<figure class=\"wp-block-image size-large\"><img loading=\"lazy\" decoding=\"async\" width=\"1024\" height=\"768\" src=\"https:\/\/www.dalmatien-online.de\/wp-content\/uploads\/2020\/06\/A-Peka-Robinzon-4-1024x768.jpg\" alt=\"\" class=\"wp-image-3238\" srcset=\"https:\/\/www.dalmatien-online.de\/wp-content\/uploads\/2020\/06\/A-Peka-Robinzon-4-1024x768.jpg 1024w, https:\/\/www.dalmatien-online.de\/wp-content\/uploads\/2020\/06\/A-Peka-Robinzon-4-300x225.jpg 300w, https:\/\/www.dalmatien-online.de\/wp-content\/uploads\/2020\/06\/A-Peka-Robinzon-4-768x576.jpg 768w, https:\/\/www.dalmatien-online.de\/wp-content\/uploads\/2020\/06\/A-Peka-Robinzon-4-250x187.jpg 250w, https:\/\/www.dalmatien-online.de\/wp-content\/uploads\/2020\/06\/A-Peka-Robinzon-4.jpg 1371w\" sizes=\"auto, (max-width: 1024px) 100vw, 1024px\" \/><\/figure>\n\n\n\n<p>Leckere Peka Rezepte: <strong><a rel=\"noreferrer noopener\" href=\"https:\/\/www.dalmatien-online.de\/zwiebelkuchen\/\" target=\"_blank\">&#8222;Zwiebelkuchen&#8220;<\/a><\/strong>, <strong><a rel=\"noreferrer noopener\" href=\"https:\/\/www.dalmatien-online.de\/peka-mit-kalbsrippe\/\" target=\"_blank\">&#8222;Kalbsrippe&#8220;<\/a><\/strong>, <a rel=\"noreferrer noopener\" href=\"https:\/\/www.dalmatien-online.de\/gefuellter-tintenfisch\/\" target=\"_blank\"><strong>&#8222;Gef\u00fcllter Tintenfisch&#8220;,<\/strong><\/a><strong><a href=\"https:\/\/www.dalmatien-online.de\/steak-pizza-unter-peka\/\" target=\"_blank\" rel=\"noreferrer noopener\"> &#8222;Steak Pizza&#8220;<\/a><\/strong><a rel=\"noreferrer noopener\" href=\"https:\/\/www.dalmatien-online.de\/gefuellter-tintenfisch\/\" target=\"_blank\"><strong>,<\/strong><\/a><strong><a rel=\"noreferrer noopener\" href=\"https:\/\/www.dalmatien-online.de\/marinas-krustenbraten\/\" target=\"_blank\"> &#8222;Krustenbraten&#8220;<\/a><\/strong><a rel=\"noreferrer noopener\" href=\"https:\/\/www.dalmatien-online.de\/gefuellter-tintenfisch\/\" target=\"_blank\"><strong>.<\/strong>..<\/a><\/p>\n\n\n\n<figure class=\"wp-block-image size-large\"><img loading=\"lazy\" decoding=\"async\" width=\"1024\" height=\"768\" src=\"http:\/\/www.dalmatien-online.de\/wp-content\/uploads\/2020\/06\/A-Peka-punjene-lignje-6-1024x768.jpg\" alt=\"\" class=\"wp-image-1382\" srcset=\"https:\/\/www.dalmatien-online.de\/wp-content\/uploads\/2020\/06\/A-Peka-punjene-lignje-6-1024x768.jpg 1024w, https:\/\/www.dalmatien-online.de\/wp-content\/uploads\/2020\/06\/A-Peka-punjene-lignje-6-300x225.jpg 300w, https:\/\/www.dalmatien-online.de\/wp-content\/uploads\/2020\/06\/A-Peka-punjene-lignje-6-768x576.jpg 768w, https:\/\/www.dalmatien-online.de\/wp-content\/uploads\/2020\/06\/A-Peka-punjene-lignje-6-250x187.jpg 250w, https:\/\/www.dalmatien-online.de\/wp-content\/uploads\/2020\/06\/A-Peka-punjene-lignje-6.jpg 1371w\" sizes=\"auto, (max-width: 1024px) 100vw, 1024px\" \/><\/figure>\n\n\n\n<figure class=\"wp-block-image size-large\"><img loading=\"lazy\" decoding=\"async\" width=\"1024\" height=\"683\" src=\"https:\/\/www.dalmatien-online.de\/wp-content\/uploads\/2020\/06\/A-L\u00fclli-150520-3-1024x683.jpg\" alt=\"\" class=\"wp-image-584\" srcset=\"https:\/\/www.dalmatien-online.de\/wp-content\/uploads\/2020\/06\/A-L\u00fclli-150520-3-1024x683.jpg 1024w, https:\/\/www.dalmatien-online.de\/wp-content\/uploads\/2020\/06\/A-L\u00fclli-150520-3-300x200.jpg 300w, https:\/\/www.dalmatien-online.de\/wp-content\/uploads\/2020\/06\/A-L\u00fclli-150520-3-768x512.jpg 768w, https:\/\/www.dalmatien-online.de\/wp-content\/uploads\/2020\/06\/A-L\u00fclli-150520-3-250x167.jpg 250w, https:\/\/www.dalmatien-online.de\/wp-content\/uploads\/2020\/06\/A-L\u00fclli-150520-3-400x267.jpg 400w, https:\/\/www.dalmatien-online.de\/wp-content\/uploads\/2020\/06\/A-L\u00fclli-150520-3.jpg 1500w\" sizes=\"auto, (max-width: 1024px) 100vw, 1024px\" \/><\/figure>\n\n\n\n<figure class=\"wp-block-image size-large\"><img loading=\"lazy\" decoding=\"async\" width=\"658\" height=\"1024\" src=\"https:\/\/www.dalmatien-online.de\/wp-content\/uploads\/2020\/06\/A-L\u00fclli-150520-i-1-658x1024.jpg\" alt=\"\" class=\"wp-image-585\" srcset=\"https:\/\/www.dalmatien-online.de\/wp-content\/uploads\/2020\/06\/A-L\u00fclli-150520-i-1-658x1024.jpg 658w, https:\/\/www.dalmatien-online.de\/wp-content\/uploads\/2020\/06\/A-L\u00fclli-150520-i-1-193x300.jpg 193w, https:\/\/www.dalmatien-online.de\/wp-content\/uploads\/2020\/06\/A-L\u00fclli-150520-i-1-768x1195.jpg 768w, https:\/\/www.dalmatien-online.de\/wp-content\/uploads\/2020\/06\/A-L\u00fclli-150520-i-1-250x389.jpg 250w, https:\/\/www.dalmatien-online.de\/wp-content\/uploads\/2020\/06\/A-L\u00fclli-150520-i-1.jpg 980w\" sizes=\"auto, (max-width: 658px) 100vw, 658px\" \/><\/figure>\n\n\n\n<figure class=\"wp-block-image size-large\"><img loading=\"lazy\" decoding=\"async\" width=\"1024\" height=\"690\" src=\"https:\/\/www.dalmatien-online.de\/wp-content\/uploads\/2020\/06\/A-L\u00fclli-150520-4-1024x690.jpg\" alt=\"\" class=\"wp-image-586\" srcset=\"https:\/\/www.dalmatien-online.de\/wp-content\/uploads\/2020\/06\/A-L\u00fclli-150520-4-1024x690.jpg 1024w, https:\/\/www.dalmatien-online.de\/wp-content\/uploads\/2020\/06\/A-L\u00fclli-150520-4-300x202.jpg 300w, https:\/\/www.dalmatien-online.de\/wp-content\/uploads\/2020\/06\/A-L\u00fclli-150520-4-768x518.jpg 768w, https:\/\/www.dalmatien-online.de\/wp-content\/uploads\/2020\/06\/A-L\u00fclli-150520-4-250x168.jpg 250w, https:\/\/www.dalmatien-online.de\/wp-content\/uploads\/2020\/06\/A-L\u00fclli-150520-4.jpg 1469w\" sizes=\"auto, (max-width: 1024px) 100vw, 1024px\" \/><\/figure>\n\n\n\n<hr class=\"wp-block-separator\"\/>\n\n\n\n<div class=\"display-posts-listing image-left\"><div class=\"listing-item\"><a class=\"image\" href=\"https:\/\/www.dalmatien-online.de\/en\/gefuellter-tintenfisch\/\"><img loading=\"lazy\" decoding=\"async\" width=\"150\" height=\"150\" src=\"https:\/\/www.dalmatien-online.de\/wp-content\/uploads\/2020\/06\/A-Peka-punjene-lignje-7-150x150.jpg\" class=\"attachment-thumbnail size-thumbnail wp-image-1383 wp-post-image\" alt=\"\" \/><\/a> <a class=\"title\" href=\"https:\/\/www.dalmatien-online.de\/en\/gefuellter-tintenfisch\/\">Stuffed Squid Under Peka<\/a> <span class=\"excerpt\"> <span class=\"excerpt-more\">\u2026<\/span><\/span><\/div><div class=\"listing-item\"><a class=\"image\" href=\"https:\/\/www.dalmatien-online.de\/de\/steak-pizza-unter-peka\/\"><img loading=\"lazy\" decoding=\"async\" width=\"150\" height=\"150\" src=\"https:\/\/www.dalmatien-online.de\/wp-content\/uploads\/2020\/06\/I-Phone-divers-037-150x150.jpg\" class=\"attachment-thumbnail size-thumbnail wp-image-1320 wp-post-image\" alt=\"\" \/><\/a> <a class=\"title\" href=\"https:\/\/www.dalmatien-online.de\/de\/steak-pizza-unter-peka\/\">&#8222;Steak Pizza aus der Peka&#8220;<\/a> <span class=\"excerpt\"> <span class=\"excerpt-more\">\u2026<\/span><\/span><\/div><\/div>\n","protected":false},"excerpt":{"rendered":"<p>&#8222;Ispod peke&#8220; (oder \u201eispod sa\u010da&#8220; (in Bosnien) bzw. \u201epod pekom\u201c) ist eine der traditionellen kroatischen Arten der Zubereitung von Speisen. Wir haben schon K\u00fcchen in alten, kroatischen Steinh\u00e4usern gesehen, in <a class=\"more-link\" href=\"https:\/\/www.dalmatien-online.de\/de\/steak-pizza-unter-peka\/\">weiterlesen&#8230;<\/a><\/p>\n","protected":false},"author":1,"featured_media":0,"parent":0,"menu_order":0,"comment_status":"closed","ping_status":"closed","template":"","meta":{"footnotes":"","_links_to":"","_links_to_target":""},"tags":[],"class_list":["post-134","page","type-page","status-publish","hentry"],"_links":{"self":[{"href":"https:\/\/www.dalmatien-online.de\/de\/wp-json\/wp\/v2\/pages\/134","targetHints":{"allow":["GET"]}}],"collection":[{"href":"https:\/\/www.dalmatien-online.de\/de\/wp-json\/wp\/v2\/pages"}],"about":[{"href":"https:\/\/www.dalmatien-online.de\/de\/wp-json\/wp\/v2\/types\/page"}],"author":[{"embeddable":true,"href":"https:\/\/www.dalmatien-online.de\/de\/wp-json\/wp\/v2\/users\/1"}],"replies":[{"embeddable":true,"href":"https:\/\/www.dalmatien-online.de\/de\/wp-json\/wp\/v2\/comments?post=134"}],"version-history":[{"count":13,"href":"https:\/\/www.dalmatien-online.de\/de\/wp-json\/wp\/v2\/pages\/134\/revisions"}],"predecessor-version":[{"id":3239,"href":"https:\/\/www.dalmatien-online.de\/de\/wp-json\/wp\/v2\/pages\/134\/revisions\/3239"}],"wp:attachment":[{"href":"https:\/\/www.dalmatien-online.de\/de\/wp-json\/wp\/v2\/media?parent=134"}],"wp:term":[{"taxonomy":"post_tag","embeddable":true,"href":"https:\/\/www.dalmatien-online.de\/de\/wp-json\/wp\/v2\/tags?post=134"}],"curies":[{"name":"wp","href":"https:\/\/api.w.org\/{rel}","templated":true}]}}