{"id":1505,"date":"2020-06-06T18:23:43","date_gmt":"2020-06-06T17:23:43","guid":{"rendered":"https:\/\/www.dalmatien-online.de\/?page_id=1505"},"modified":"2020-07-04T13:53:07","modified_gmt":"2020-07-04T12:53:07","slug":"hvar-milna-hvar","status":"publish","type":"page","link":"https:\/\/www.dalmatien-online.de\/de\/hvar-milna-hvar\/","title":{"rendered":"Hvar &#8211; Milna &#8211; Hvar"},"content":{"rendered":"\n<p>Eine sch\u00f6ne Wandertour entlang eines kleinen K\u00fcstenpfades von Hvar Stadt nach Milna und von dort \u00fcber den Berg zur\u00fcck nach Hvar\u2026<\/p>\n\n\n\n<figure class=\"wp-block-image size-large\"><img loading=\"lazy\" decoding=\"async\" width=\"1024\" height=\"678\" src=\"https:\/\/www.dalmatien-online.de\/wp-content\/uploads\/2020\/06\/A-Stari-Grad-do-Hvara-49-1024x678.jpg\" alt=\"\" class=\"wp-image-1859\" srcset=\"https:\/\/www.dalmatien-online.de\/wp-content\/uploads\/2020\/06\/A-Stari-Grad-do-Hvara-49-1024x678.jpg 1024w, https:\/\/www.dalmatien-online.de\/wp-content\/uploads\/2020\/06\/A-Stari-Grad-do-Hvara-49-300x199.jpg 300w, https:\/\/www.dalmatien-online.de\/wp-content\/uploads\/2020\/06\/A-Stari-Grad-do-Hvara-49-768x509.jpg 768w, https:\/\/www.dalmatien-online.de\/wp-content\/uploads\/2020\/06\/A-Stari-Grad-do-Hvara-49-250x166.jpg 250w, https:\/\/www.dalmatien-online.de\/wp-content\/uploads\/2020\/06\/A-Stari-Grad-do-Hvara-49.jpg 1528w\" sizes=\"auto, (max-width: 1024px) 100vw, 1024px\" \/><\/figure>\n\n\n\n<figure class=\"wp-block-image size-large\"><img loading=\"lazy\" decoding=\"async\" width=\"710\" height=\"1024\" src=\"https:\/\/www.dalmatien-online.de\/wp-content\/uploads\/2020\/06\/A-H-Milna-H-11-710x1024.jpg\" alt=\"\" class=\"wp-image-1860\" srcset=\"https:\/\/www.dalmatien-online.de\/wp-content\/uploads\/2020\/06\/A-H-Milna-H-11-710x1024.jpg 710w, https:\/\/www.dalmatien-online.de\/wp-content\/uploads\/2020\/06\/A-H-Milna-H-11-208x300.jpg 208w, https:\/\/www.dalmatien-online.de\/wp-content\/uploads\/2020\/06\/A-H-Milna-H-11-768x1108.jpg 768w, https:\/\/www.dalmatien-online.de\/wp-content\/uploads\/2020\/06\/A-H-Milna-H-11-250x361.jpg 250w, https:\/\/www.dalmatien-online.de\/wp-content\/uploads\/2020\/06\/A-H-Milna-H-11.jpg 934w\" sizes=\"auto, (max-width: 710px) 100vw, 710px\" \/><\/figure>\n\n\n\n<figure class=\"wp-block-image size-large\"><img loading=\"lazy\" decoding=\"async\" width=\"714\" height=\"1024\" src=\"https:\/\/www.dalmatien-online.de\/wp-content\/uploads\/2020\/06\/A-H-Milna-h-1-714x1024.jpg\" alt=\"\" class=\"wp-image-1861\" srcset=\"https:\/\/www.dalmatien-online.de\/wp-content\/uploads\/2020\/06\/A-H-Milna-h-1-714x1024.jpg 714w, https:\/\/www.dalmatien-online.de\/wp-content\/uploads\/2020\/06\/A-H-Milna-h-1-209x300.jpg 209w, https:\/\/www.dalmatien-online.de\/wp-content\/uploads\/2020\/06\/A-H-Milna-h-1-768x1101.jpg 768w, https:\/\/www.dalmatien-online.de\/wp-content\/uploads\/2020\/06\/A-H-Milna-h-1-250x358.jpg 250w, https:\/\/www.dalmatien-online.de\/wp-content\/uploads\/2020\/06\/A-H-Milna-h-1.jpg 914w\" sizes=\"auto, (max-width: 714px) 100vw, 714px\" \/><\/figure>\n\n\n\n<figure class=\"wp-block-image size-large\"><img loading=\"lazy\" decoding=\"async\" width=\"1024\" height=\"671\" src=\"https:\/\/www.dalmatien-online.de\/wp-content\/uploads\/2020\/06\/Leuchtturmla-q2-1024x671.jpg\" alt=\"\" class=\"wp-image-1862\" srcset=\"https:\/\/www.dalmatien-online.de\/wp-content\/uploads\/2020\/06\/Leuchtturmla-q2-1024x671.jpg 1024w, https:\/\/www.dalmatien-online.de\/wp-content\/uploads\/2020\/06\/Leuchtturmla-q2-300x197.jpg 300w, https:\/\/www.dalmatien-online.de\/wp-content\/uploads\/2020\/06\/Leuchtturmla-q2-768x504.jpg 768w, https:\/\/www.dalmatien-online.de\/wp-content\/uploads\/2020\/06\/Leuchtturmla-q2-250x164.jpg 250w, https:\/\/www.dalmatien-online.de\/wp-content\/uploads\/2020\/06\/Leuchtturmla-q2.jpg 1446w\" sizes=\"auto, (max-width: 1024px) 100vw, 1024px\" \/><\/figure>\n\n\n\n<figure class=\"wp-block-image size-large\"><img loading=\"lazy\" decoding=\"async\" width=\"694\" height=\"1024\" src=\"https:\/\/www.dalmatien-online.de\/wp-content\/uploads\/2020\/06\/Konoba-Bucht-694x1024.jpg\" alt=\"\" class=\"wp-image-1863\" srcset=\"https:\/\/www.dalmatien-online.de\/wp-content\/uploads\/2020\/06\/Konoba-Bucht-694x1024.jpg 694w, https:\/\/www.dalmatien-online.de\/wp-content\/uploads\/2020\/06\/Konoba-Bucht-203x300.jpg 203w, https:\/\/www.dalmatien-online.de\/wp-content\/uploads\/2020\/06\/Konoba-Bucht-768x1133.jpg 768w, https:\/\/www.dalmatien-online.de\/wp-content\/uploads\/2020\/06\/Konoba-Bucht-250x369.jpg 250w, https:\/\/www.dalmatien-online.de\/wp-content\/uploads\/2020\/06\/Konoba-Bucht.jpg 915w\" sizes=\"auto, (max-width: 694px) 100vw, 694px\" \/><\/figure>\n\n\n\n<figure class=\"wp-block-image size-large\"><img loading=\"lazy\" decoding=\"async\" width=\"726\" height=\"1024\" src=\"https:\/\/www.dalmatien-online.de\/wp-content\/uploads\/2020\/06\/Pfad-k\u00fcste-Hvar-Milna-726x1024.jpg\" alt=\"\" class=\"wp-image-1864\" srcset=\"https:\/\/www.dalmatien-online.de\/wp-content\/uploads\/2020\/06\/Pfad-k\u00fcste-Hvar-Milna-726x1024.jpg 726w, https:\/\/www.dalmatien-online.de\/wp-content\/uploads\/2020\/06\/Pfad-k\u00fcste-Hvar-Milna-213x300.jpg 213w, https:\/\/www.dalmatien-online.de\/wp-content\/uploads\/2020\/06\/Pfad-k\u00fcste-Hvar-Milna-768x1083.jpg 768w, https:\/\/www.dalmatien-online.de\/wp-content\/uploads\/2020\/06\/Pfad-k\u00fcste-Hvar-Milna-250x353.jpg 250w, https:\/\/www.dalmatien-online.de\/wp-content\/uploads\/2020\/06\/Pfad-k\u00fcste-Hvar-Milna.jpg 931w\" sizes=\"auto, (max-width: 726px) 100vw, 726px\" \/><\/figure>\n\n\n\n<hr class=\"wp-block-separator\"\/>\n\n\n\n<figure class=\"wp-block-image size-large\"><img loading=\"lazy\" decoding=\"async\" width=\"1024\" height=\"674\" src=\"https:\/\/www.dalmatien-online.de\/wp-content\/uploads\/2020\/06\/Hvar-Milna-weg-2-1024x674.jpg\" alt=\"\" class=\"wp-image-1865\" srcset=\"https:\/\/www.dalmatien-online.de\/wp-content\/uploads\/2020\/06\/Hvar-Milna-weg-2-1024x674.jpg 1024w, https:\/\/www.dalmatien-online.de\/wp-content\/uploads\/2020\/06\/Hvar-Milna-weg-2-300x198.jpg 300w, https:\/\/www.dalmatien-online.de\/wp-content\/uploads\/2020\/06\/Hvar-Milna-weg-2-768x506.jpg 768w, https:\/\/www.dalmatien-online.de\/wp-content\/uploads\/2020\/06\/Hvar-Milna-weg-2-250x165.jpg 250w, https:\/\/www.dalmatien-online.de\/wp-content\/uploads\/2020\/06\/Hvar-Milna-weg-2.jpg 1373w\" sizes=\"auto, (max-width: 1024px) 100vw, 1024px\" \/><\/figure>\n\n\n\n<figure class=\"wp-block-image size-large\"><img loading=\"lazy\" decoding=\"async\" width=\"715\" height=\"1024\" src=\"https:\/\/www.dalmatien-online.de\/wp-content\/uploads\/2020\/06\/O-H-Milna-H-H\u00e4hne-715x1024.jpg\" alt=\"\" class=\"wp-image-1866\" srcset=\"https:\/\/www.dalmatien-online.de\/wp-content\/uploads\/2020\/06\/O-H-Milna-H-H\u00e4hne-715x1024.jpg 715w, https:\/\/www.dalmatien-online.de\/wp-content\/uploads\/2020\/06\/O-H-Milna-H-H\u00e4hne-209x300.jpg 209w, https:\/\/www.dalmatien-online.de\/wp-content\/uploads\/2020\/06\/O-H-Milna-H-H\u00e4hne-768x1100.jpg 768w, https:\/\/www.dalmatien-online.de\/wp-content\/uploads\/2020\/06\/O-H-Milna-H-H\u00e4hne-250x358.jpg 250w, https:\/\/www.dalmatien-online.de\/wp-content\/uploads\/2020\/06\/O-H-Milna-H-H\u00e4hne.jpg 980w\" sizes=\"auto, (max-width: 715px) 100vw, 715px\" \/><\/figure>\n\n\n\n<figure class=\"wp-block-image size-large\"><img loading=\"lazy\" decoding=\"async\" width=\"1024\" height=\"675\" src=\"https:\/\/www.dalmatien-online.de\/wp-content\/uploads\/2020\/06\/Bucht-Milna-1-1024x675.jpg\" alt=\"\" class=\"wp-image-1867\" srcset=\"https:\/\/www.dalmatien-online.de\/wp-content\/uploads\/2020\/06\/Bucht-Milna-1-1024x675.jpg 1024w, https:\/\/www.dalmatien-online.de\/wp-content\/uploads\/2020\/06\/Bucht-Milna-1-300x198.jpg 300w, https:\/\/www.dalmatien-online.de\/wp-content\/uploads\/2020\/06\/Bucht-Milna-1-768x506.jpg 768w, https:\/\/www.dalmatien-online.de\/wp-content\/uploads\/2020\/06\/Bucht-Milna-1-250x165.jpg 250w, https:\/\/www.dalmatien-online.de\/wp-content\/uploads\/2020\/06\/Bucht-Milna-1.jpg 1390w\" sizes=\"auto, (max-width: 1024px) 100vw, 1024px\" \/><\/figure>\n\n\n\n<figure class=\"wp-block-image size-large\"><img loading=\"lazy\" decoding=\"async\" width=\"1024\" height=\"678\" src=\"https:\/\/www.dalmatien-online.de\/wp-content\/uploads\/2020\/06\/A-Stari-Grad-do-Hvara-33-1024x678.jpg\" alt=\"\" class=\"wp-image-1868\" srcset=\"https:\/\/www.dalmatien-online.de\/wp-content\/uploads\/2020\/06\/A-Stari-Grad-do-Hvara-33-1024x678.jpg 1024w, https:\/\/www.dalmatien-online.de\/wp-content\/uploads\/2020\/06\/A-Stari-Grad-do-Hvara-33-300x199.jpg 300w, https:\/\/www.dalmatien-online.de\/wp-content\/uploads\/2020\/06\/A-Stari-Grad-do-Hvara-33-768x509.jpg 768w, https:\/\/www.dalmatien-online.de\/wp-content\/uploads\/2020\/06\/A-Stari-Grad-do-Hvara-33-250x166.jpg 250w, https:\/\/www.dalmatien-online.de\/wp-content\/uploads\/2020\/06\/A-Stari-Grad-do-Hvara-33.jpg 1528w\" sizes=\"auto, (max-width: 1024px) 100vw, 1024px\" \/><\/figure>\n\n\n\n<figure class=\"wp-block-image size-large is-resized\"><img loading=\"lazy\" decoding=\"async\" src=\"https:\/\/www.dalmatien-online.de\/wp-content\/uploads\/2020\/06\/0A-Stari-Grad-Hvar-30-Milna-1-1-1024x696.jpg\" alt=\"\" class=\"wp-image-1869\" width=\"580\" height=\"394\" srcset=\"https:\/\/www.dalmatien-online.de\/wp-content\/uploads\/2020\/06\/0A-Stari-Grad-Hvar-30-Milna-1-1-1024x696.jpg 1024w, https:\/\/www.dalmatien-online.de\/wp-content\/uploads\/2020\/06\/0A-Stari-Grad-Hvar-30-Milna-1-1-300x204.jpg 300w, https:\/\/www.dalmatien-online.de\/wp-content\/uploads\/2020\/06\/0A-Stari-Grad-Hvar-30-Milna-1-1-768x522.jpg 768w, https:\/\/www.dalmatien-online.de\/wp-content\/uploads\/2020\/06\/0A-Stari-Grad-Hvar-30-Milna-1-1-250x170.jpg 250w, https:\/\/www.dalmatien-online.de\/wp-content\/uploads\/2020\/06\/0A-Stari-Grad-Hvar-30-Milna-1-1.jpg 1434w\" sizes=\"auto, (max-width: 580px) 100vw, 580px\" \/><\/figure>\n\n\n\n<figure class=\"wp-block-image size-large\"><img loading=\"lazy\" decoding=\"async\" width=\"1024\" height=\"679\" src=\"https:\/\/www.dalmatien-online.de\/wp-content\/uploads\/2020\/06\/A-Stari-Grad-do-Hvara-36-1-1024x679.jpg\" alt=\"\" class=\"wp-image-1872\" srcset=\"https:\/\/www.dalmatien-online.de\/wp-content\/uploads\/2020\/06\/A-Stari-Grad-do-Hvara-36-1-1024x679.jpg 1024w, https:\/\/www.dalmatien-online.de\/wp-content\/uploads\/2020\/06\/A-Stari-Grad-do-Hvara-36-1-300x199.jpg 300w, https:\/\/www.dalmatien-online.de\/wp-content\/uploads\/2020\/06\/A-Stari-Grad-do-Hvara-36-1-768x509.jpg 768w, https:\/\/www.dalmatien-online.de\/wp-content\/uploads\/2020\/06\/A-Stari-Grad-do-Hvara-36-1-250x166.jpg 250w, https:\/\/www.dalmatien-online.de\/wp-content\/uploads\/2020\/06\/A-Stari-Grad-do-Hvara-36-1.jpg 1457w\" sizes=\"auto, (max-width: 1024px) 100vw, 1024px\" \/><\/figure>\n\n\n\n<figure class=\"wp-block-image size-large\"><img loading=\"lazy\" decoding=\"async\" width=\"679\" height=\"1024\" src=\"https:\/\/www.dalmatien-online.de\/wp-content\/uploads\/2020\/06\/Hvar-Milna-Hvar-pony-679x1024.jpg\" alt=\"\" class=\"wp-image-1873\" srcset=\"https:\/\/www.dalmatien-online.de\/wp-content\/uploads\/2020\/06\/Hvar-Milna-Hvar-pony-679x1024.jpg 679w, https:\/\/www.dalmatien-online.de\/wp-content\/uploads\/2020\/06\/Hvar-Milna-Hvar-pony-199x300.jpg 199w, https:\/\/www.dalmatien-online.de\/wp-content\/uploads\/2020\/06\/Hvar-Milna-Hvar-pony-768x1158.jpg 768w, https:\/\/www.dalmatien-online.de\/wp-content\/uploads\/2020\/06\/Hvar-Milna-Hvar-pony-250x377.jpg 250w, https:\/\/www.dalmatien-online.de\/wp-content\/uploads\/2020\/06\/Hvar-Milna-Hvar-pony.jpg 879w\" sizes=\"auto, (max-width: 679px) 100vw, 679px\" \/><\/figure>\n\n\n\n<figure class=\"wp-block-image size-large\"><img loading=\"lazy\" decoding=\"async\" width=\"1024\" height=\"674\" src=\"https:\/\/www.dalmatien-online.de\/wp-content\/uploads\/2020\/06\/Milna-Hvar-Berg-vor-Hvar-1024x674.jpg\" alt=\"\" class=\"wp-image-1874\" srcset=\"https:\/\/www.dalmatien-online.de\/wp-content\/uploads\/2020\/06\/Milna-Hvar-Berg-vor-Hvar-1024x674.jpg 1024w, https:\/\/www.dalmatien-online.de\/wp-content\/uploads\/2020\/06\/Milna-Hvar-Berg-vor-Hvar-300x197.jpg 300w, https:\/\/www.dalmatien-online.de\/wp-content\/uploads\/2020\/06\/Milna-Hvar-Berg-vor-Hvar-768x505.jpg 768w, https:\/\/www.dalmatien-online.de\/wp-content\/uploads\/2020\/06\/Milna-Hvar-Berg-vor-Hvar-250x164.jpg 250w, https:\/\/www.dalmatien-online.de\/wp-content\/uploads\/2020\/06\/Milna-Hvar-Berg-vor-Hvar.jpg 1426w\" sizes=\"auto, (max-width: 1024px) 100vw, 1024px\" \/><\/figure>\n\n\n\n<figure class=\"wp-block-image size-large\"><img loading=\"lazy\" decoding=\"async\" width=\"1024\" height=\"683\" src=\"https:\/\/www.dalmatien-online.de\/wp-content\/uploads\/2020\/06\/A-Hvar-11-19-Milna-etc-l-tag-4-1024x683.jpg\" alt=\"\" class=\"wp-image-1875\" srcset=\"https:\/\/www.dalmatien-online.de\/wp-content\/uploads\/2020\/06\/A-Hvar-11-19-Milna-etc-l-tag-4-1024x683.jpg 1024w, https:\/\/www.dalmatien-online.de\/wp-content\/uploads\/2020\/06\/A-Hvar-11-19-Milna-etc-l-tag-4-300x200.jpg 300w, https:\/\/www.dalmatien-online.de\/wp-content\/uploads\/2020\/06\/A-Hvar-11-19-Milna-etc-l-tag-4-768x512.jpg 768w, https:\/\/www.dalmatien-online.de\/wp-content\/uploads\/2020\/06\/A-Hvar-11-19-Milna-etc-l-tag-4-250x167.jpg 250w, https:\/\/www.dalmatien-online.de\/wp-content\/uploads\/2020\/06\/A-Hvar-11-19-Milna-etc-l-tag-4-400x267.jpg 400w, https:\/\/www.dalmatien-online.de\/wp-content\/uploads\/2020\/06\/A-Hvar-11-19-Milna-etc-l-tag-4.jpg 1500w\" sizes=\"auto, (max-width: 1024px) 100vw, 1024px\" \/><figcaption><strong><a href=\"https:\/\/www.dalmatien-online.de\/de\/insel-hvar-2\/\">ZUR\u00dcCK<\/a><\/strong><\/figcaption><\/figure>\n\n\n\n\n","protected":false},"excerpt":{"rendered":"<p>Eine sch\u00f6ne Wandertour entlang eines kleinen K\u00fcstenpfades von Hvar Stadt nach Milna und von dort \u00fcber den Berg zur\u00fcck nach Hvar\u2026<\/p>\n","protected":false},"author":2,"featured_media":0,"parent":0,"menu_order":0,"comment_status":"closed","ping_status":"closed","template":"","meta":{"footnotes":"","_links_to":"","_links_to_target":""},"tags":[],"class_list":["post-1505","page","type-page","status-publish","hentry"],"_links":{"self":[{"href":"https:\/\/www.dalmatien-online.de\/de\/wp-json\/wp\/v2\/pages\/1505","targetHints":{"allow":["GET"]}}],"collection":[{"href":"https:\/\/www.dalmatien-online.de\/de\/wp-json\/wp\/v2\/pages"}],"about":[{"href":"https:\/\/www.dalmatien-online.de\/de\/wp-json\/wp\/v2\/types\/page"}],"author":[{"embeddable":true,"href":"https:\/\/www.dalmatien-online.de\/de\/wp-json\/wp\/v2\/users\/2"}],"replies":[{"embeddable":true,"href":"https:\/\/www.dalmatien-online.de\/de\/wp-json\/wp\/v2\/comments?post=1505"}],"version-history":[{"count":4,"href":"https:\/\/www.dalmatien-online.de\/de\/wp-json\/wp\/v2\/pages\/1505\/revisions"}],"predecessor-version":[{"id":3379,"href":"https:\/\/www.dalmatien-online.de\/de\/wp-json\/wp\/v2\/pages\/1505\/revisions\/3379"}],"wp:attachment":[{"href":"https:\/\/www.dalmatien-online.de\/de\/wp-json\/wp\/v2\/media?parent=1505"}],"wp:term":[{"taxonomy":"post_tag","embeddable":true,"href":"https:\/\/www.dalmatien-online.de\/de\/wp-json\/wp\/v2\/tags?post=1505"}],"curies":[{"name":"wp","href":"https:\/\/api.w.org\/{rel}","templated":true}]}}