{"id":1537,"date":"2020-06-06T19:31:27","date_gmt":"2020-06-06T18:31:27","guid":{"rendered":"https:\/\/www.dalmatien-online.de\/?page_id=1537"},"modified":"2020-06-30T09:29:53","modified_gmt":"2020-06-30T08:29:53","slug":"lastovo-2","status":"publish","type":"page","link":"https:\/\/www.dalmatien-online.de\/de\/lastovo-2\/","title":{"rendered":"Lastovo"},"content":{"rendered":"\n<figure class=\"wp-block-image size-large\"><img loading=\"lazy\" decoding=\"async\" width=\"1024\" height=\"242\" src=\"https:\/\/www.dalmatien-online.de\/wp-content\/uploads\/2020\/06\/0-Latovo-D-O-Titel-1024x242.jpg\" alt=\"\" class=\"wp-image-2904\" srcset=\"https:\/\/www.dalmatien-online.de\/wp-content\/uploads\/2020\/06\/0-Latovo-D-O-Titel-1024x242.jpg 1024w, https:\/\/www.dalmatien-online.de\/wp-content\/uploads\/2020\/06\/0-Latovo-D-O-Titel-300x71.jpg 300w, https:\/\/www.dalmatien-online.de\/wp-content\/uploads\/2020\/06\/0-Latovo-D-O-Titel-768x182.jpg 768w, https:\/\/www.dalmatien-online.de\/wp-content\/uploads\/2020\/06\/0-Latovo-D-O-Titel-250x59.jpg 250w, https:\/\/www.dalmatien-online.de\/wp-content\/uploads\/2020\/06\/0-Latovo-D-O-Titel.jpg 1500w\" sizes=\"auto, (max-width: 1024px) 100vw, 1024px\" \/><figcaption>Die Insel Lastovo, ein Ort mit bewegter <strong><a rel=\"noreferrer noopener\" href=\"https:\/\/www.lastovo.org\/en\/history\" target=\"_blank\">Geschichte<\/a><\/strong>, gleich Vis einstmalig Milit\u00e4rsperrgebiet auf Grund ihrer damaligen strategischen Lage erscheint ein bischen vergessen auf der touristischen Landkarte, was f\u00fcr Kenner den Reiz und den Charm der Natursch\u00f6nheit ausmacht. Lastovo ist noch so etwas wie ein kleiner Geheimtipp.<\/figcaption><\/figure>\n\n\n\n<figure class=\"wp-block-image size-large\"><img loading=\"lazy\" decoding=\"async\" width=\"1024\" height=\"683\" src=\"https:\/\/www.dalmatien-online.de\/wp-content\/uploads\/2020\/06\/A-Lastovo-Zakopatica-1018-1-2-1024x683.jpg\" alt=\"\" class=\"wp-image-2906\" srcset=\"https:\/\/www.dalmatien-online.de\/wp-content\/uploads\/2020\/06\/A-Lastovo-Zakopatica-1018-1-2-1024x683.jpg 1024w, https:\/\/www.dalmatien-online.de\/wp-content\/uploads\/2020\/06\/A-Lastovo-Zakopatica-1018-1-2-300x200.jpg 300w, https:\/\/www.dalmatien-online.de\/wp-content\/uploads\/2020\/06\/A-Lastovo-Zakopatica-1018-1-2-768x512.jpg 768w, https:\/\/www.dalmatien-online.de\/wp-content\/uploads\/2020\/06\/A-Lastovo-Zakopatica-1018-1-2-250x167.jpg 250w, https:\/\/www.dalmatien-online.de\/wp-content\/uploads\/2020\/06\/A-Lastovo-Zakopatica-1018-1-2-400x267.jpg 400w, https:\/\/www.dalmatien-online.de\/wp-content\/uploads\/2020\/06\/A-Lastovo-Zakopatica-1018-1-2.jpg 1500w\" sizes=\"auto, (max-width: 1024px) 100vw, 1024px\" \/><\/figure>\n\n\n\n<p>Mit der F\u00e4hre erreicht man die Insel auf der Route <strong><a rel=\"noreferrer noopener\" href=\"https:\/\/www.jadrolinija.hr\/en\/schedule\/LineSearchResults\/Index\/2331792\/2331803\/13062020\" target=\"_blank\"> Split &#8211; Vela Luka (Kor\u010dula) &#8211; Ubli (Lastovo)<\/a><\/strong> in knapp 6 1\/2 Stunden &#8211; mit dem Katamaran <strong><a rel=\"noreferrer noopener\" href=\"https:\/\/www.jadrolinija.hr\/en\/schedule\/LineSearchResults\/Index\/2331792\/2331803\/13062020\" target=\"_blank\">Split &#8211; Hvar &#8211; Vela Luka &#8211; Lastovo<\/a><\/strong> in knapp 3 1\/2 Stunden. Die Hauptsaison ist kurz und in der Nebensaison kommt es schon mal vor, dass man einziger Tourist auf der F\u00e4hre dorthin ist auf der letzten Etappe von Vela Luka auf Kor\u010dula nach Ubli auf Lastovo. Ein Paradies f\u00fcr Wanderer und Ruhe Suchende. <\/p>\n\n\n\n<figure class=\"wp-block-image size-large\"><img loading=\"lazy\" decoding=\"async\" width=\"1024\" height=\"685\" src=\"https:\/\/www.dalmatien-online.de\/wp-content\/uploads\/2020\/06\/A-lastovo-divers-14-1-1024x685.jpg\" alt=\"\" class=\"wp-image-2907\" srcset=\"https:\/\/www.dalmatien-online.de\/wp-content\/uploads\/2020\/06\/A-lastovo-divers-14-1-1024x685.jpg 1024w, https:\/\/www.dalmatien-online.de\/wp-content\/uploads\/2020\/06\/A-lastovo-divers-14-1-300x201.jpg 300w, https:\/\/www.dalmatien-online.de\/wp-content\/uploads\/2020\/06\/A-lastovo-divers-14-1-768x514.jpg 768w, https:\/\/www.dalmatien-online.de\/wp-content\/uploads\/2020\/06\/A-lastovo-divers-14-1-250x167.jpg 250w, https:\/\/www.dalmatien-online.de\/wp-content\/uploads\/2020\/06\/A-lastovo-divers-14-1-400x267.jpg 400w, https:\/\/www.dalmatien-online.de\/wp-content\/uploads\/2020\/06\/A-lastovo-divers-14-1.jpg 1437w\" sizes=\"auto, (max-width: 1024px) 100vw, 1024px\" \/><\/figure>\n\n\n\n<p>Das St\u00e4dtchen <strong><a rel=\"noreferrer noopener\" href=\"https:\/\/www.dalmatien-online.de\/de\/lastovo\/\" target=\"_blank\">Lastovo<\/a><\/strong> liegt etwas versteckt hinter einem K\u00fcstenberg auf der Nordseite. Unterhalb Lastovo`s an der K\u00fcste liegt die kleine Siedung <strong><a rel=\"noreferrer noopener\" href=\"https:\/\/www.dalmatien-online.de\/de\/lucica\/\" target=\"_blank\">Lu\u010dica<\/a><\/strong>, eine kleine Ansammlung von H\u00e4uschen direkt an der Adria in einer kleinen Bucht.<\/p>\n\n\n\n<figure class=\"wp-block-image size-large\"><img loading=\"lazy\" decoding=\"async\" width=\"1024\" height=\"683\" src=\"https:\/\/www.dalmatien-online.de\/wp-content\/uploads\/2020\/06\/A-lastovo-lucuca-o-gore-1-2-1024x683.jpg\" alt=\"\" class=\"wp-image-2910\" srcset=\"https:\/\/www.dalmatien-online.de\/wp-content\/uploads\/2020\/06\/A-lastovo-lucuca-o-gore-1-2-1024x683.jpg 1024w, https:\/\/www.dalmatien-online.de\/wp-content\/uploads\/2020\/06\/A-lastovo-lucuca-o-gore-1-2-300x200.jpg 300w, https:\/\/www.dalmatien-online.de\/wp-content\/uploads\/2020\/06\/A-lastovo-lucuca-o-gore-1-2-768x512.jpg 768w, https:\/\/www.dalmatien-online.de\/wp-content\/uploads\/2020\/06\/A-lastovo-lucuca-o-gore-1-2-250x167.jpg 250w, https:\/\/www.dalmatien-online.de\/wp-content\/uploads\/2020\/06\/A-lastovo-lucuca-o-gore-1-2-400x267.jpg 400w, https:\/\/www.dalmatien-online.de\/wp-content\/uploads\/2020\/06\/A-lastovo-lucuca-o-gore-1-2.jpg 1500w\" sizes=\"auto, (max-width: 1024px) 100vw, 1024px\" \/><\/figure>\n\n\n\n<p> Dann sind da noch kleine vertr\u00e4umte K\u00fcstenorte mit wundersch\u00f6nen Buchten wie <strong><a rel=\"noreferrer noopener\" href=\"https:\/\/www.dalmatien-online.de\/de\/zaklopatica\/\" target=\"_blank\">Zaklopatica<\/a><\/strong> auf der Nordseite oder <strong><a rel=\"noreferrer noopener\" href=\"https:\/\/www.dalmatien-online.de\/de\/skrivena-luka\/\" target=\"_blank\">Skrivena Luka<\/a><\/strong> mit seinem<strong><a rel=\"noreferrer noopener\" href=\"https:\/\/www.dalmatien-online.de\/de\/leuchturm-struga-auf-lastovo\/\" target=\"_blank\"> Leuchtturm Struga<\/a><\/strong> an der Steilk\u00fcste auf der offenen S\u00fcdseite der Insel mit Blick Richtung Italien. <\/p>\n\n\n\n<figure class=\"wp-block-image size-large\"><img loading=\"lazy\" decoding=\"async\" width=\"673\" height=\"1024\" src=\"https:\/\/www.dalmatien-online.de\/wp-content\/uploads\/2020\/06\/A-Lastovo-Skr-Luka-1018-16.1-3-673x1024.jpg\" alt=\"\" class=\"wp-image-2908\" srcset=\"https:\/\/www.dalmatien-online.de\/wp-content\/uploads\/2020\/06\/A-Lastovo-Skr-Luka-1018-16.1-3-673x1024.jpg 673w, https:\/\/www.dalmatien-online.de\/wp-content\/uploads\/2020\/06\/A-Lastovo-Skr-Luka-1018-16.1-3-197x300.jpg 197w, https:\/\/www.dalmatien-online.de\/wp-content\/uploads\/2020\/06\/A-Lastovo-Skr-Luka-1018-16.1-3-768x1169.jpg 768w, https:\/\/www.dalmatien-online.de\/wp-content\/uploads\/2020\/06\/A-Lastovo-Skr-Luka-1018-16.1-3-250x380.jpg 250w, https:\/\/www.dalmatien-online.de\/wp-content\/uploads\/2020\/06\/A-Lastovo-Skr-Luka-1018-16.1-3.jpg 949w\" sizes=\"auto, (max-width: 673px) 100vw, 673px\" \/><\/figure>\n\n\n\n<p>Auf Lastovo packt einen das Fieber Abenteur erleben zu wollen auf den verwunschenen Pfaden und auf Tour zu gehen wie <strong><a rel=\"noreferrer noopener\" href=\"https:\/\/www.dalmatien-online.de\/de\/lastovo-nach-skrivena-luka\/\" target=\"_blank\">Von Lastovo nach Skrivena Luka<\/a><\/strong> oder <strong><a rel=\"noreferrer noopener\" href=\"https:\/\/www.dalmatien-online.de\/de\/von-lastovo-zur-bucht-zace\/\" target=\"_blank\">Von Lastovo zur kleinen Bucht von Zace.<\/a><\/strong><\/p>\n\n\n\n<figure class=\"wp-block-image size-large\"><img loading=\"lazy\" decoding=\"async\" width=\"1024\" height=\"683\" src=\"https:\/\/www.dalmatien-online.de\/wp-content\/uploads\/2020\/06\/A-Lastovo-Skr-Luka-1018-7-1024x683.jpg\" alt=\"\" class=\"wp-image-2909\" srcset=\"https:\/\/www.dalmatien-online.de\/wp-content\/uploads\/2020\/06\/A-Lastovo-Skr-Luka-1018-7-1024x683.jpg 1024w, https:\/\/www.dalmatien-online.de\/wp-content\/uploads\/2020\/06\/A-Lastovo-Skr-Luka-1018-7-300x200.jpg 300w, https:\/\/www.dalmatien-online.de\/wp-content\/uploads\/2020\/06\/A-Lastovo-Skr-Luka-1018-7-768x512.jpg 768w, https:\/\/www.dalmatien-online.de\/wp-content\/uploads\/2020\/06\/A-Lastovo-Skr-Luka-1018-7-250x167.jpg 250w, https:\/\/www.dalmatien-online.de\/wp-content\/uploads\/2020\/06\/A-Lastovo-Skr-Luka-1018-7-400x267.jpg 400w, https:\/\/www.dalmatien-online.de\/wp-content\/uploads\/2020\/06\/A-Lastovo-Skr-Luka-1018-7.jpg 1500w\" sizes=\"auto, (max-width: 1024px) 100vw, 1024px\" \/><figcaption>Unten im Bild der Blick in Richtung Osten entlang der Nordk\u00fcste der Insel mit dem kleinen Ort Zaklopatica und seiner vertr\u00e4umten Bucht. Dieser ist auch fu\u00dfl\u00e4ufig von Lastovo auf kleinen uralten Pfaden entlang der K\u00fcste im Wald zu erreichen &#8211; auch eine sch\u00f6ne kleine Tour. Hinter dem Berg in der oberen rechten Bildh\u00e4lfte versteckt sich das St\u00e4dtchen Lastovo hinter der K\u00fcste, welches von hier nicht zu erkennen ist.<\/figcaption><\/figure>\n\n\n\n<figure class=\"wp-block-image size-large\"><img loading=\"lazy\" decoding=\"async\" width=\"1024\" height=\"683\" src=\"https:\/\/www.dalmatien-online.de\/wp-content\/uploads\/2020\/06\/A-Lastovo-Zakopatica-1018-1-1-1024x683.jpg\" alt=\"\" class=\"wp-image-2155\" srcset=\"https:\/\/www.dalmatien-online.de\/wp-content\/uploads\/2020\/06\/A-Lastovo-Zakopatica-1018-1-1-1024x683.jpg 1024w, https:\/\/www.dalmatien-online.de\/wp-content\/uploads\/2020\/06\/A-Lastovo-Zakopatica-1018-1-1-300x200.jpg 300w, https:\/\/www.dalmatien-online.de\/wp-content\/uploads\/2020\/06\/A-Lastovo-Zakopatica-1018-1-1-768x512.jpg 768w, https:\/\/www.dalmatien-online.de\/wp-content\/uploads\/2020\/06\/A-Lastovo-Zakopatica-1018-1-1-250x167.jpg 250w, https:\/\/www.dalmatien-online.de\/wp-content\/uploads\/2020\/06\/A-Lastovo-Zakopatica-1018-1-1-400x267.jpg 400w, https:\/\/www.dalmatien-online.de\/wp-content\/uploads\/2020\/06\/A-Lastovo-Zakopatica-1018-1-1.jpg 1500w\" sizes=\"auto, (max-width: 1024px) 100vw, 1024px\" \/><figcaption>Lastovo steht seit 2006 unter Naturschutz. Das Archipel besteht aus den 2 gr\u00f6\u00dferen Inseln Lastovo und Su\u0161ac und weiteren 42 winzigen Inseln oder Felsen und wird unter dem Namen &#8222;<strong><a rel=\"noreferrer noopener\" href=\"http:\/\/pp-lastovo.hr\/?lang=en\" target=\"_blank\">Naturpark Lastovo<\/a><\/strong>&#8220; vereint.<\/figcaption><\/figure>\n\n\n\n<figure class=\"wp-block-image size-large\"><img loading=\"lazy\" decoding=\"async\" width=\"683\" height=\"1024\" src=\"https:\/\/www.dalmatien-online.de\/wp-content\/uploads\/2020\/06\/A-Lastovo-Sv-Nikola-Zace-5-1-683x1024.jpg\" alt=\"\" class=\"wp-image-2156\" srcset=\"https:\/\/www.dalmatien-online.de\/wp-content\/uploads\/2020\/06\/A-Lastovo-Sv-Nikola-Zace-5-1-683x1024.jpg 683w, https:\/\/www.dalmatien-online.de\/wp-content\/uploads\/2020\/06\/A-Lastovo-Sv-Nikola-Zace-5-1-200x300.jpg 200w, https:\/\/www.dalmatien-online.de\/wp-content\/uploads\/2020\/06\/A-Lastovo-Sv-Nikola-Zace-5-1-768x1152.jpg 768w, https:\/\/www.dalmatien-online.de\/wp-content\/uploads\/2020\/06\/A-Lastovo-Sv-Nikola-Zace-5-1-250x375.jpg 250w, https:\/\/www.dalmatien-online.de\/wp-content\/uploads\/2020\/06\/A-Lastovo-Sv-Nikola-Zace-5-1.jpg 1000w\" sizes=\"auto, (max-width: 683px) 100vw, 683px\" \/><figcaption>Blick auf eines der T\u00e4ler im Inselinneren \u00fcberhalb einer kleinen Kapelle im Wald mit Blick  \u00fcber die Felder und die alten Olivenheine \u00f6stlich von Lastovo, das im Hintergrund zu erahnen ist. Immer wieder bieten sich solch herrliche Blicke, w\u00e4hrend man durch die Natur der Insel streift. <\/figcaption><\/figure>\n\n\n\n<figure class=\"wp-block-image size-large\"><img loading=\"lazy\" decoding=\"async\" width=\"1024\" height=\"684\" src=\"https:\/\/www.dalmatien-online.de\/wp-content\/uploads\/2020\/06\/A-Lastovo-Sv-Nikola-Zace-4-2-1024x684.jpg\" alt=\"\" class=\"wp-image-2157\" srcset=\"https:\/\/www.dalmatien-online.de\/wp-content\/uploads\/2020\/06\/A-Lastovo-Sv-Nikola-Zace-4-2-1024x684.jpg 1024w, https:\/\/www.dalmatien-online.de\/wp-content\/uploads\/2020\/06\/A-Lastovo-Sv-Nikola-Zace-4-2-300x200.jpg 300w, https:\/\/www.dalmatien-online.de\/wp-content\/uploads\/2020\/06\/A-Lastovo-Sv-Nikola-Zace-4-2-768x513.jpg 768w, https:\/\/www.dalmatien-online.de\/wp-content\/uploads\/2020\/06\/A-Lastovo-Sv-Nikola-Zace-4-2-1536x1026.jpg 1536w, https:\/\/www.dalmatien-online.de\/wp-content\/uploads\/2020\/06\/A-Lastovo-Sv-Nikola-Zace-4-2-250x167.jpg 250w, https:\/\/www.dalmatien-online.de\/wp-content\/uploads\/2020\/06\/A-Lastovo-Sv-Nikola-Zace-4-2-400x267.jpg 400w, https:\/\/www.dalmatien-online.de\/wp-content\/uploads\/2020\/06\/A-Lastovo-Sv-Nikola-Zace-4-2.jpg 1572w\" sizes=\"auto, (max-width: 1024px) 100vw, 1024px\" \/><\/figure>\n\n\n\n<hr class=\"wp-block-separator\"\/>\n\n\n\n\n","protected":false},"excerpt":{"rendered":"<p>Mit der F\u00e4hre erreicht man die Insel auf der Route Split &#8211; Vela Luka (Kor\u010dula) &#8211; Ubli (Lastovo) in knapp 6 1\/2 Stunden &#8211; mit dem Katamaran Split &#8211; Hvar <a class=\"more-link\" href=\"https:\/\/www.dalmatien-online.de\/de\/lastovo-2\/\">weiterlesen&#8230;<\/a><\/p>\n","protected":false},"author":2,"featured_media":0,"parent":0,"menu_order":0,"comment_status":"closed","ping_status":"closed","template":"","meta":{"footnotes":"","_links_to":"","_links_to_target":""},"tags":[],"class_list":["post-1537","page","type-page","status-publish","hentry"],"_links":{"self":[{"href":"https:\/\/www.dalmatien-online.de\/de\/wp-json\/wp\/v2\/pages\/1537","targetHints":{"allow":["GET"]}}],"collection":[{"href":"https:\/\/www.dalmatien-online.de\/de\/wp-json\/wp\/v2\/pages"}],"about":[{"href":"https:\/\/www.dalmatien-online.de\/de\/wp-json\/wp\/v2\/types\/page"}],"author":[{"embeddable":true,"href":"https:\/\/www.dalmatien-online.de\/de\/wp-json\/wp\/v2\/users\/2"}],"replies":[{"embeddable":true,"href":"https:\/\/www.dalmatien-online.de\/de\/wp-json\/wp\/v2\/comments?post=1537"}],"version-history":[{"count":25,"href":"https:\/\/www.dalmatien-online.de\/de\/wp-json\/wp\/v2\/pages\/1537\/revisions"}],"predecessor-version":[{"id":3357,"href":"https:\/\/www.dalmatien-online.de\/de\/wp-json\/wp\/v2\/pages\/1537\/revisions\/3357"}],"wp:attachment":[{"href":"https:\/\/www.dalmatien-online.de\/de\/wp-json\/wp\/v2\/media?parent=1537"}],"wp:term":[{"taxonomy":"post_tag","embeddable":true,"href":"https:\/\/www.dalmatien-online.de\/de\/wp-json\/wp\/v2\/tags?post=1537"}],"curies":[{"name":"wp","href":"https:\/\/api.w.org\/{rel}","templated":true}]}}