{"id":1578,"date":"2020-06-07T13:18:56","date_gmt":"2020-06-07T12:18:56","guid":{"rendered":"https:\/\/www.dalmatien-online.de\/?page_id=1578"},"modified":"2020-06-07T13:18:57","modified_gmt":"2020-06-07T12:18:57","slug":"von-sutivan-nach-supetar","status":"publish","type":"page","link":"https:\/\/www.dalmatien-online.de\/de\/von-sutivan-nach-supetar\/","title":{"rendered":"Von Sutivan nach Supetar"},"content":{"rendered":"\n<p>Eine kleine Wanderung entlang der K\u00fcste Bra\u010d`s nach Supetar mit herlichen Ausblicken auf die gegen\u00fcber liegende Hafenstadt Split und den Oliveng\u00e4rten&#8230;<\/p>\n\n\n\n<hr class=\"wp-block-separator\"\/>\n\n\n\n\n","protected":false},"excerpt":{"rendered":"<p>Eine kleine Wanderung entlang der K\u00fcste Bra\u010d`s nach Supetar mit herlichen Ausblicken auf die gegen\u00fcber liegende Hafenstadt Split und den Oliveng\u00e4rten&#8230;<\/p>\n","protected":false},"author":2,"featured_media":0,"parent":0,"menu_order":0,"comment_status":"closed","ping_status":"closed","template":"","meta":{"footnotes":"","_links_to":"","_links_to_target":""},"tags":[],"class_list":["post-1578","page","type-page","status-publish","hentry"],"_links":{"self":[{"href":"https:\/\/www.dalmatien-online.de\/de\/wp-json\/wp\/v2\/pages\/1578","targetHints":{"allow":["GET"]}}],"collection":[{"href":"https:\/\/www.dalmatien-online.de\/de\/wp-json\/wp\/v2\/pages"}],"about":[{"href":"https:\/\/www.dalmatien-online.de\/de\/wp-json\/wp\/v2\/types\/page"}],"author":[{"embeddable":true,"href":"https:\/\/www.dalmatien-online.de\/de\/wp-json\/wp\/v2\/users\/2"}],"replies":[{"embeddable":true,"href":"https:\/\/www.dalmatien-online.de\/de\/wp-json\/wp\/v2\/comments?post=1578"}],"version-history":[{"count":1,"href":"https:\/\/www.dalmatien-online.de\/de\/wp-json\/wp\/v2\/pages\/1578\/revisions"}],"predecessor-version":[{"id":1579,"href":"https:\/\/www.dalmatien-online.de\/de\/wp-json\/wp\/v2\/pages\/1578\/revisions\/1579"}],"wp:attachment":[{"href":"https:\/\/www.dalmatien-online.de\/de\/wp-json\/wp\/v2\/media?parent=1578"}],"wp:term":[{"taxonomy":"post_tag","embeddable":true,"href":"https:\/\/www.dalmatien-online.de\/de\/wp-json\/wp\/v2\/tags?post=1578"}],"curies":[{"name":"wp","href":"https:\/\/api.w.org\/{rel}","templated":true}]}}