{"id":1803,"date":"2020-06-09T19:55:37","date_gmt":"2020-06-09T18:55:37","guid":{"rendered":"https:\/\/www.dalmatien-online.de\/?page_id=1803"},"modified":"2020-06-09T19:57:32","modified_gmt":"2020-06-09T18:57:32","slug":"saure-haehnchenherzen","status":"publish","type":"page","link":"https:\/\/www.dalmatien-online.de\/de\/saure-haehnchenherzen\/","title":{"rendered":"Saure H\u00e4hnchenherzen"},"content":{"rendered":"\n<p>Saure H\u00e4hnchenherzen im Semmelkn\u00f6del mit ged\u00fcnsteter Paprika&#8230;<\/p>\n\n\n\n<figure class=\"wp-block-image size-large\"><img loading=\"lazy\" decoding=\"async\" width=\"817\" height=\"796\" src=\"https:\/\/www.dalmatien-online.de\/wp-content\/uploads\/2020\/06\/A-Saure-Herz-Huhn-1.jpg\" alt=\"\" class=\"wp-image-1806\" srcset=\"https:\/\/www.dalmatien-online.de\/wp-content\/uploads\/2020\/06\/A-Saure-Herz-Huhn-1.jpg 817w, https:\/\/www.dalmatien-online.de\/wp-content\/uploads\/2020\/06\/A-Saure-Herz-Huhn-1-300x292.jpg 300w, https:\/\/www.dalmatien-online.de\/wp-content\/uploads\/2020\/06\/A-Saure-Herz-Huhn-1-768x748.jpg 768w, https:\/\/www.dalmatien-online.de\/wp-content\/uploads\/2020\/06\/A-Saure-Herz-Huhn-1-250x244.jpg 250w\" sizes=\"auto, (max-width: 817px) 100vw, 817px\" \/><\/figure>\n\n\n\n<hr class=\"wp-block-separator\"\/>\n\n\n\n\n","protected":false},"excerpt":{"rendered":"<p>Saure H\u00e4hnchenherzen im Semmelkn\u00f6del mit ged\u00fcnsteter Paprika&#8230;<\/p>\n","protected":false},"author":2,"featured_media":0,"parent":0,"menu_order":0,"comment_status":"closed","ping_status":"closed","template":"","meta":{"footnotes":"","_links_to":"","_links_to_target":""},"tags":[],"class_list":["post-1803","page","type-page","status-publish","hentry"],"_links":{"self":[{"href":"https:\/\/www.dalmatien-online.de\/de\/wp-json\/wp\/v2\/pages\/1803","targetHints":{"allow":["GET"]}}],"collection":[{"href":"https:\/\/www.dalmatien-online.de\/de\/wp-json\/wp\/v2\/pages"}],"about":[{"href":"https:\/\/www.dalmatien-online.de\/de\/wp-json\/wp\/v2\/types\/page"}],"author":[{"embeddable":true,"href":"https:\/\/www.dalmatien-online.de\/de\/wp-json\/wp\/v2\/users\/2"}],"replies":[{"embeddable":true,"href":"https:\/\/www.dalmatien-online.de\/de\/wp-json\/wp\/v2\/comments?post=1803"}],"version-history":[{"count":2,"href":"https:\/\/www.dalmatien-online.de\/de\/wp-json\/wp\/v2\/pages\/1803\/revisions"}],"predecessor-version":[{"id":1807,"href":"https:\/\/www.dalmatien-online.de\/de\/wp-json\/wp\/v2\/pages\/1803\/revisions\/1807"}],"wp:attachment":[{"href":"https:\/\/www.dalmatien-online.de\/de\/wp-json\/wp\/v2\/media?parent=1803"}],"wp:term":[{"taxonomy":"post_tag","embeddable":true,"href":"https:\/\/www.dalmatien-online.de\/de\/wp-json\/wp\/v2\/tags?post=1803"}],"curies":[{"name":"wp","href":"https:\/\/api.w.org\/{rel}","templated":true}]}}