{"id":2367,"date":"2020-06-17T07:33:51","date_gmt":"2020-06-17T06:33:51","guid":{"rendered":"https:\/\/www.dalmatien-online.de\/?page_id=2367"},"modified":"2020-06-27T09:53:43","modified_gmt":"2020-06-27T08:53:43","slug":"mit-dem-boot-zu-den-radman-muehlen","status":"publish","type":"page","link":"https:\/\/www.dalmatien-online.de\/de\/mit-dem-boot-zu-den-radman-muehlen\/","title":{"rendered":"Mit dem Boot zu den Radman M\u00fchlen"},"content":{"rendered":"\n<figure class=\"wp-block-image size-large\"><img loading=\"lazy\" decoding=\"async\" width=\"1024\" height=\"250\" src=\"https:\/\/www.dalmatien-online.de\/wp-content\/uploads\/2020\/06\/0-D-O-Cetina-tour-t-1024x250.jpg\" alt=\"\" class=\"wp-image-3300\" srcset=\"https:\/\/www.dalmatien-online.de\/wp-content\/uploads\/2020\/06\/0-D-O-Cetina-tour-t-1024x250.jpg 1024w, https:\/\/www.dalmatien-online.de\/wp-content\/uploads\/2020\/06\/0-D-O-Cetina-tour-t-300x73.jpg 300w, https:\/\/www.dalmatien-online.de\/wp-content\/uploads\/2020\/06\/0-D-O-Cetina-tour-t-768x187.jpg 768w, https:\/\/www.dalmatien-online.de\/wp-content\/uploads\/2020\/06\/0-D-O-Cetina-tour-t-250x61.jpg 250w, https:\/\/www.dalmatien-online.de\/wp-content\/uploads\/2020\/06\/0-D-O-Cetina-tour-t.jpg 1500w\" sizes=\"auto, (max-width: 1024px) 100vw, 1024px\" \/><figcaption>Startpunkt in Omi\u0161 &#8211; F\u00e4hrt man mit dem Boot den Unterlauf der Cetina hinauf, so zeigt sich die Sch\u00f6nheit der noch sehr urspr\u00fcnglichen Natur des Flu\u00dfes. Zahlreiche Tierarten sind zu beobachten wie Wasserv\u00f6gel oder gro\u00dfe Wasserschildkr\u00f6ten. Zun\u00e4chst geht es landeinw\u00e4rts und dann s\u00fcdlich parallel zur Adria, die sich hinter einem Bergkamm versteckt. Nach einiger Zeit verengt sich der Flu\u00df und man f\u00e4hrt weiter und die Vegetation entlang des Flu\u00dfes wird immer dichter. Nach ungef\u00e4hr 35-40 Minuten enspannter Fahrt erreicht man schlie\u00dflich die <strong><a rel=\"noreferrer noopener\" href=\"http:\/\/www.radmanove-mlinice.hr\/index.php\/en\/radman-s-mills\/radman-s-mills-history\" target=\"_blank\">Radman M\u00fchlen mit ihrem Restaurant<\/a><\/strong>. Dort kann man k\u00f6stliche Kroatische Spezialit\u00e4ten speisen u.a. auch Peka &#8211; Gerichte. Nach einiger Zeit geht es zur\u00fcck Richtung Omi\u0161.<\/figcaption><\/figure>\n\n\n\n<figure class=\"wp-block-image size-large\"><img loading=\"lazy\" decoding=\"async\" width=\"1024\" height=\"683\" src=\"https:\/\/www.dalmatien-online.de\/wp-content\/uploads\/2020\/06\/A-Mi-9-19-omis-1-1-1024x683.jpg\" alt=\"\" class=\"wp-image-2370\" srcset=\"https:\/\/www.dalmatien-online.de\/wp-content\/uploads\/2020\/06\/A-Mi-9-19-omis-1-1-1024x683.jpg 1024w, https:\/\/www.dalmatien-online.de\/wp-content\/uploads\/2020\/06\/A-Mi-9-19-omis-1-1-300x200.jpg 300w, https:\/\/www.dalmatien-online.de\/wp-content\/uploads\/2020\/06\/A-Mi-9-19-omis-1-1-768x512.jpg 768w, https:\/\/www.dalmatien-online.de\/wp-content\/uploads\/2020\/06\/A-Mi-9-19-omis-1-1-250x167.jpg 250w, https:\/\/www.dalmatien-online.de\/wp-content\/uploads\/2020\/06\/A-Mi-9-19-omis-1-1-400x267.jpg 400w, https:\/\/www.dalmatien-online.de\/wp-content\/uploads\/2020\/06\/A-Mi-9-19-omis-1-1.jpg 1500w\" sizes=\"auto, (max-width: 1024px) 100vw, 1024px\" \/><\/figure>\n\n\n\n<figure class=\"wp-block-image size-large\"><img loading=\"lazy\" decoding=\"async\" width=\"1024\" height=\"683\" src=\"https:\/\/www.dalmatien-online.de\/wp-content\/uploads\/2020\/06\/A-Cetina-20-1-1024x683.jpg\" alt=\"\" class=\"wp-image-2371\" srcset=\"https:\/\/www.dalmatien-online.de\/wp-content\/uploads\/2020\/06\/A-Cetina-20-1-1024x683.jpg 1024w, https:\/\/www.dalmatien-online.de\/wp-content\/uploads\/2020\/06\/A-Cetina-20-1-300x200.jpg 300w, https:\/\/www.dalmatien-online.de\/wp-content\/uploads\/2020\/06\/A-Cetina-20-1-768x512.jpg 768w, https:\/\/www.dalmatien-online.de\/wp-content\/uploads\/2020\/06\/A-Cetina-20-1-250x167.jpg 250w, https:\/\/www.dalmatien-online.de\/wp-content\/uploads\/2020\/06\/A-Cetina-20-1-400x267.jpg 400w, https:\/\/www.dalmatien-online.de\/wp-content\/uploads\/2020\/06\/A-Cetina-20-1.jpg 1500w\" sizes=\"auto, (max-width: 1024px) 100vw, 1024px\" \/><\/figure>\n\n\n\n<figure class=\"wp-block-image size-large\"><img loading=\"lazy\" decoding=\"async\" width=\"1024\" height=\"683\" src=\"https:\/\/www.dalmatien-online.de\/wp-content\/uploads\/2020\/06\/A-Cetina-20-3-1024x683.jpg\" alt=\"\" class=\"wp-image-2372\" srcset=\"https:\/\/www.dalmatien-online.de\/wp-content\/uploads\/2020\/06\/A-Cetina-20-3-1024x683.jpg 1024w, https:\/\/www.dalmatien-online.de\/wp-content\/uploads\/2020\/06\/A-Cetina-20-3-300x200.jpg 300w, https:\/\/www.dalmatien-online.de\/wp-content\/uploads\/2020\/06\/A-Cetina-20-3-768x512.jpg 768w, https:\/\/www.dalmatien-online.de\/wp-content\/uploads\/2020\/06\/A-Cetina-20-3-250x167.jpg 250w, https:\/\/www.dalmatien-online.de\/wp-content\/uploads\/2020\/06\/A-Cetina-20-3-400x267.jpg 400w, https:\/\/www.dalmatien-online.de\/wp-content\/uploads\/2020\/06\/A-Cetina-20-3.jpg 1500w\" sizes=\"auto, (max-width: 1024px) 100vw, 1024px\" \/><\/figure>\n\n\n\n<figure class=\"wp-block-image size-large\"><img loading=\"lazy\" decoding=\"async\" width=\"1024\" height=\"683\" src=\"https:\/\/www.dalmatien-online.de\/wp-content\/uploads\/2020\/06\/A-Cetina-11.5-1024x683.jpg\" alt=\"\" class=\"wp-image-2373\" srcset=\"https:\/\/www.dalmatien-online.de\/wp-content\/uploads\/2020\/06\/A-Cetina-11.5-1024x683.jpg 1024w, https:\/\/www.dalmatien-online.de\/wp-content\/uploads\/2020\/06\/A-Cetina-11.5-300x200.jpg 300w, https:\/\/www.dalmatien-online.de\/wp-content\/uploads\/2020\/06\/A-Cetina-11.5-768x512.jpg 768w, https:\/\/www.dalmatien-online.de\/wp-content\/uploads\/2020\/06\/A-Cetina-11.5-250x167.jpg 250w, https:\/\/www.dalmatien-online.de\/wp-content\/uploads\/2020\/06\/A-Cetina-11.5-400x267.jpg 400w, https:\/\/www.dalmatien-online.de\/wp-content\/uploads\/2020\/06\/A-Cetina-11.5.jpg 1500w\" sizes=\"auto, (max-width: 1024px) 100vw, 1024px\" \/><\/figure>\n\n\n\n<figure class=\"wp-block-image size-large\"><img loading=\"lazy\" decoding=\"async\" width=\"1024\" height=\"683\" src=\"https:\/\/www.dalmatien-online.de\/wp-content\/uploads\/2020\/06\/A-Cetina-2-1024x683.jpg\" alt=\"\" class=\"wp-image-2374\" srcset=\"https:\/\/www.dalmatien-online.de\/wp-content\/uploads\/2020\/06\/A-Cetina-2-1024x683.jpg 1024w, https:\/\/www.dalmatien-online.de\/wp-content\/uploads\/2020\/06\/A-Cetina-2-300x200.jpg 300w, https:\/\/www.dalmatien-online.de\/wp-content\/uploads\/2020\/06\/A-Cetina-2-768x512.jpg 768w, https:\/\/www.dalmatien-online.de\/wp-content\/uploads\/2020\/06\/A-Cetina-2-250x167.jpg 250w, https:\/\/www.dalmatien-online.de\/wp-content\/uploads\/2020\/06\/A-Cetina-2-400x267.jpg 400w, https:\/\/www.dalmatien-online.de\/wp-content\/uploads\/2020\/06\/A-Cetina-2.jpg 1500w\" sizes=\"auto, (max-width: 1024px) 100vw, 1024px\" \/><\/figure>\n\n\n\n<figure class=\"wp-block-image size-large\"><img loading=\"lazy\" decoding=\"async\" width=\"1024\" height=\"683\" src=\"https:\/\/www.dalmatien-online.de\/wp-content\/uploads\/2020\/06\/A-Cetina-4-1024x683.jpg\" alt=\"\" class=\"wp-image-2375\" srcset=\"https:\/\/www.dalmatien-online.de\/wp-content\/uploads\/2020\/06\/A-Cetina-4-1024x683.jpg 1024w, https:\/\/www.dalmatien-online.de\/wp-content\/uploads\/2020\/06\/A-Cetina-4-300x200.jpg 300w, https:\/\/www.dalmatien-online.de\/wp-content\/uploads\/2020\/06\/A-Cetina-4-768x512.jpg 768w, https:\/\/www.dalmatien-online.de\/wp-content\/uploads\/2020\/06\/A-Cetina-4-250x167.jpg 250w, https:\/\/www.dalmatien-online.de\/wp-content\/uploads\/2020\/06\/A-Cetina-4-400x267.jpg 400w, https:\/\/www.dalmatien-online.de\/wp-content\/uploads\/2020\/06\/A-Cetina-4.jpg 1500w\" sizes=\"auto, (max-width: 1024px) 100vw, 1024px\" \/><\/figure>\n\n\n\n<figure class=\"wp-block-image size-large\"><img loading=\"lazy\" decoding=\"async\" width=\"1024\" height=\"683\" src=\"https:\/\/www.dalmatien-online.de\/wp-content\/uploads\/2020\/06\/A-Cetina-7-1024x683.jpg\" alt=\"\" class=\"wp-image-2376\" srcset=\"https:\/\/www.dalmatien-online.de\/wp-content\/uploads\/2020\/06\/A-Cetina-7-1024x683.jpg 1024w, https:\/\/www.dalmatien-online.de\/wp-content\/uploads\/2020\/06\/A-Cetina-7-300x200.jpg 300w, https:\/\/www.dalmatien-online.de\/wp-content\/uploads\/2020\/06\/A-Cetina-7-768x512.jpg 768w, https:\/\/www.dalmatien-online.de\/wp-content\/uploads\/2020\/06\/A-Cetina-7-250x167.jpg 250w, https:\/\/www.dalmatien-online.de\/wp-content\/uploads\/2020\/06\/A-Cetina-7-400x267.jpg 400w, https:\/\/www.dalmatien-online.de\/wp-content\/uploads\/2020\/06\/A-Cetina-7.jpg 1500w\" sizes=\"auto, (max-width: 1024px) 100vw, 1024px\" \/><\/figure>\n\n\n\n<figure class=\"wp-block-image size-large\"><img loading=\"lazy\" decoding=\"async\" width=\"1024\" height=\"683\" src=\"https:\/\/www.dalmatien-online.de\/wp-content\/uploads\/2020\/06\/A-Cetina-1-1024x683.jpg\" alt=\"\" class=\"wp-image-2377\" srcset=\"https:\/\/www.dalmatien-online.de\/wp-content\/uploads\/2020\/06\/A-Cetina-1-1024x683.jpg 1024w, https:\/\/www.dalmatien-online.de\/wp-content\/uploads\/2020\/06\/A-Cetina-1-300x200.jpg 300w, https:\/\/www.dalmatien-online.de\/wp-content\/uploads\/2020\/06\/A-Cetina-1-768x512.jpg 768w, https:\/\/www.dalmatien-online.de\/wp-content\/uploads\/2020\/06\/A-Cetina-1-250x167.jpg 250w, https:\/\/www.dalmatien-online.de\/wp-content\/uploads\/2020\/06\/A-Cetina-1-400x267.jpg 400w, https:\/\/www.dalmatien-online.de\/wp-content\/uploads\/2020\/06\/A-Cetina-1.jpg 1500w\" sizes=\"auto, (max-width: 1024px) 100vw, 1024px\" \/><\/figure>\n\n\n\n<figure class=\"wp-block-image size-large\"><img loading=\"lazy\" decoding=\"async\" width=\"1024\" height=\"683\" src=\"https:\/\/www.dalmatien-online.de\/wp-content\/uploads\/2020\/06\/A-Cetina-5-1024x683.jpg\" alt=\"\" class=\"wp-image-2378\" srcset=\"https:\/\/www.dalmatien-online.de\/wp-content\/uploads\/2020\/06\/A-Cetina-5-1024x683.jpg 1024w, https:\/\/www.dalmatien-online.de\/wp-content\/uploads\/2020\/06\/A-Cetina-5-300x200.jpg 300w, https:\/\/www.dalmatien-online.de\/wp-content\/uploads\/2020\/06\/A-Cetina-5-768x512.jpg 768w, https:\/\/www.dalmatien-online.de\/wp-content\/uploads\/2020\/06\/A-Cetina-5-250x167.jpg 250w, https:\/\/www.dalmatien-online.de\/wp-content\/uploads\/2020\/06\/A-Cetina-5-400x267.jpg 400w, https:\/\/www.dalmatien-online.de\/wp-content\/uploads\/2020\/06\/A-Cetina-5.jpg 1500w\" sizes=\"auto, (max-width: 1024px) 100vw, 1024px\" \/><\/figure>\n\n\n\n<figure class=\"wp-block-image size-large\"><img loading=\"lazy\" decoding=\"async\" width=\"1024\" height=\"683\" src=\"https:\/\/www.dalmatien-online.de\/wp-content\/uploads\/2020\/06\/A-Cetina-8-1024x683.jpg\" alt=\"\" class=\"wp-image-2379\" srcset=\"https:\/\/www.dalmatien-online.de\/wp-content\/uploads\/2020\/06\/A-Cetina-8-1024x683.jpg 1024w, https:\/\/www.dalmatien-online.de\/wp-content\/uploads\/2020\/06\/A-Cetina-8-300x200.jpg 300w, https:\/\/www.dalmatien-online.de\/wp-content\/uploads\/2020\/06\/A-Cetina-8-768x512.jpg 768w, https:\/\/www.dalmatien-online.de\/wp-content\/uploads\/2020\/06\/A-Cetina-8-250x167.jpg 250w, https:\/\/www.dalmatien-online.de\/wp-content\/uploads\/2020\/06\/A-Cetina-8-400x267.jpg 400w, https:\/\/www.dalmatien-online.de\/wp-content\/uploads\/2020\/06\/A-Cetina-8.jpg 1500w\" sizes=\"auto, (max-width: 1024px) 100vw, 1024px\" \/><\/figure>\n\n\n\n<figure class=\"wp-block-image size-large\"><img loading=\"lazy\" decoding=\"async\" width=\"1024\" height=\"683\" src=\"https:\/\/www.dalmatien-online.de\/wp-content\/uploads\/2020\/06\/A-Cetina-10-1024x683.jpg\" alt=\"\" class=\"wp-image-2380\" srcset=\"https:\/\/www.dalmatien-online.de\/wp-content\/uploads\/2020\/06\/A-Cetina-10-1024x683.jpg 1024w, https:\/\/www.dalmatien-online.de\/wp-content\/uploads\/2020\/06\/A-Cetina-10-300x200.jpg 300w, https:\/\/www.dalmatien-online.de\/wp-content\/uploads\/2020\/06\/A-Cetina-10-768x512.jpg 768w, https:\/\/www.dalmatien-online.de\/wp-content\/uploads\/2020\/06\/A-Cetina-10-250x167.jpg 250w, https:\/\/www.dalmatien-online.de\/wp-content\/uploads\/2020\/06\/A-Cetina-10-400x267.jpg 400w, https:\/\/www.dalmatien-online.de\/wp-content\/uploads\/2020\/06\/A-Cetina-10.jpg 1500w\" sizes=\"auto, (max-width: 1024px) 100vw, 1024px\" \/><\/figure>\n\n\n\n<figure class=\"wp-block-image size-large\"><img loading=\"lazy\" decoding=\"async\" width=\"1024\" height=\"683\" src=\"https:\/\/www.dalmatien-online.de\/wp-content\/uploads\/2020\/06\/A-Cetina-6-1024x683.jpg\" alt=\"\" class=\"wp-image-2381\" srcset=\"https:\/\/www.dalmatien-online.de\/wp-content\/uploads\/2020\/06\/A-Cetina-6-1024x683.jpg 1024w, https:\/\/www.dalmatien-online.de\/wp-content\/uploads\/2020\/06\/A-Cetina-6-300x200.jpg 300w, https:\/\/www.dalmatien-online.de\/wp-content\/uploads\/2020\/06\/A-Cetina-6-768x512.jpg 768w, https:\/\/www.dalmatien-online.de\/wp-content\/uploads\/2020\/06\/A-Cetina-6-250x167.jpg 250w, https:\/\/www.dalmatien-online.de\/wp-content\/uploads\/2020\/06\/A-Cetina-6-400x267.jpg 400w, https:\/\/www.dalmatien-online.de\/wp-content\/uploads\/2020\/06\/A-Cetina-6.jpg 1500w\" sizes=\"auto, (max-width: 1024px) 100vw, 1024px\" \/><\/figure>\n\n\n\n<figure class=\"wp-block-image size-large\"><img loading=\"lazy\" decoding=\"async\" width=\"1024\" height=\"683\" src=\"https:\/\/www.dalmatien-online.de\/wp-content\/uploads\/2020\/06\/A-Cetina-9-1-1024x683.jpg\" alt=\"\" class=\"wp-image-2383\" srcset=\"https:\/\/www.dalmatien-online.de\/wp-content\/uploads\/2020\/06\/A-Cetina-9-1-1024x683.jpg 1024w, https:\/\/www.dalmatien-online.de\/wp-content\/uploads\/2020\/06\/A-Cetina-9-1-300x200.jpg 300w, https:\/\/www.dalmatien-online.de\/wp-content\/uploads\/2020\/06\/A-Cetina-9-1-768x512.jpg 768w, https:\/\/www.dalmatien-online.de\/wp-content\/uploads\/2020\/06\/A-Cetina-9-1-1536x1024.jpg 1536w, https:\/\/www.dalmatien-online.de\/wp-content\/uploads\/2020\/06\/A-Cetina-9-1-2048x1365.jpg 2048w, https:\/\/www.dalmatien-online.de\/wp-content\/uploads\/2020\/06\/A-Cetina-9-1-250x167.jpg 250w, https:\/\/www.dalmatien-online.de\/wp-content\/uploads\/2020\/06\/A-Cetina-9-1-400x267.jpg 400w\" sizes=\"auto, (max-width: 1024px) 100vw, 1024px\" \/><figcaption><strong><a href=\"https:\/\/www.dalmatien-online.de\/de\/omis\/\">ZUR\u00dcCK<\/a><\/strong><\/figcaption><\/figure>\n\n\n\n<p><\/p>\n\n\n\n<hr class=\"wp-block-separator\"\/>\n\n\n\n\n","protected":false},"excerpt":{"rendered":"","protected":false},"author":2,"featured_media":0,"parent":0,"menu_order":0,"comment_status":"closed","ping_status":"closed","template":"","meta":{"footnotes":"","_links_to":"","_links_to_target":""},"tags":[],"class_list":["post-2367","page","type-page","status-publish","hentry"],"_links":{"self":[{"href":"https:\/\/www.dalmatien-online.de\/de\/wp-json\/wp\/v2\/pages\/2367","targetHints":{"allow":["GET"]}}],"collection":[{"href":"https:\/\/www.dalmatien-online.de\/de\/wp-json\/wp\/v2\/pages"}],"about":[{"href":"https:\/\/www.dalmatien-online.de\/de\/wp-json\/wp\/v2\/types\/page"}],"author":[{"embeddable":true,"href":"https:\/\/www.dalmatien-online.de\/de\/wp-json\/wp\/v2\/users\/2"}],"replies":[{"embeddable":true,"href":"https:\/\/www.dalmatien-online.de\/de\/wp-json\/wp\/v2\/comments?post=2367"}],"version-history":[{"count":4,"href":"https:\/\/www.dalmatien-online.de\/de\/wp-json\/wp\/v2\/pages\/2367\/revisions"}],"predecessor-version":[{"id":3301,"href":"https:\/\/www.dalmatien-online.de\/de\/wp-json\/wp\/v2\/pages\/2367\/revisions\/3301"}],"wp:attachment":[{"href":"https:\/\/www.dalmatien-online.de\/de\/wp-json\/wp\/v2\/media?parent=2367"}],"wp:term":[{"taxonomy":"post_tag","embeddable":true,"href":"https:\/\/www.dalmatien-online.de\/de\/wp-json\/wp\/v2\/tags?post=2367"}],"curies":[{"name":"wp","href":"https:\/\/api.w.org\/{rel}","templated":true}]}}