{"id":2455,"date":"2020-06-18T13:15:06","date_gmt":"2020-06-18T12:15:06","guid":{"rendered":"https:\/\/www.dalmatien-online.de\/?page_id=2455"},"modified":"2020-06-27T10:09:23","modified_gmt":"2020-06-27T09:09:23","slug":"von-omis-nach-naklice","status":"publish","type":"page","link":"https:\/\/www.dalmatien-online.de\/de\/von-omis-nach-naklice\/","title":{"rendered":"Von Omi\u0161 nach Naklice und zur Kapelle Sveti Juraj"},"content":{"rendered":"\n<figure class=\"wp-block-image size-large\"><img loading=\"lazy\" decoding=\"async\" width=\"1024\" height=\"226\" src=\"https:\/\/www.dalmatien-online.de\/wp-content\/uploads\/2020\/06\/0-D-O-Omis-Naklice-Sv-Juraj-t-1024x226.jpg\" alt=\"\" class=\"wp-image-3304\" srcset=\"https:\/\/www.dalmatien-online.de\/wp-content\/uploads\/2020\/06\/0-D-O-Omis-Naklice-Sv-Juraj-t-1024x226.jpg 1024w, https:\/\/www.dalmatien-online.de\/wp-content\/uploads\/2020\/06\/0-D-O-Omis-Naklice-Sv-Juraj-t-300x66.jpg 300w, https:\/\/www.dalmatien-online.de\/wp-content\/uploads\/2020\/06\/0-D-O-Omis-Naklice-Sv-Juraj-t-768x170.jpg 768w, https:\/\/www.dalmatien-online.de\/wp-content\/uploads\/2020\/06\/0-D-O-Omis-Naklice-Sv-Juraj-t-250x55.jpg 250w, https:\/\/www.dalmatien-online.de\/wp-content\/uploads\/2020\/06\/0-D-O-Omis-Naklice-Sv-Juraj-t.jpg 1380w\" sizes=\"auto, (max-width: 1024px) 100vw, 1024px\" \/><figcaption>Eine sch\u00f6ne kleine Wanderung ist die von Omi\u0161 nach Naklice auf einem alten Bergpfad und schlie\u00dflich zur <strong><a rel=\"noreferrer noopener\" href=\"https:\/\/gata.hr\/wp\/?p=375\" target=\"_blank\">Kapelle &#8222;Sveti Juraj&#8220;<\/a><\/strong> unweit des Ortes Gata. Startpunkt ist die Altstadt von Omi\u0161. von dort aus geht es weiter \u00fcber die Br\u00fccke und rechts in die Stra\u00dfe &#8222;Mosorska Cesta&#8220; in Richtung <strong><a rel=\"noreferrer noopener\" href=\"http:\/\/www.ac-lisicina.hr\/lokacija-d.html\" target=\"_blank\">Auto Camp Lisi\u010dina<\/a><\/strong>. Von dort aus f\u00fchrt der Weg hinauf auf den alten Bergpfad nach Naklice. In Naklice sprach ich mit einer \u00e4lteren kroatischen Dame, die mir erz\u00e4hlte der alte Bergpfad war in ihrer Kindheit der t\u00e4gliche Schulweg. Wahrscheinlich mit ein Grund, dass sie so r\u00fcstig daher kam in ihrem hohen Alter.<\/figcaption><\/figure>\n\n\n\n<p><\/p>\n\n\n\n<figure class=\"wp-block-image size-large\"><img loading=\"lazy\" decoding=\"async\" width=\"1024\" height=\"677\" src=\"https:\/\/www.dalmatien-online.de\/wp-content\/uploads\/2020\/06\/A-G-O-G-B-K-9-1024x677.jpg\" alt=\"\" class=\"wp-image-2457\" srcset=\"https:\/\/www.dalmatien-online.de\/wp-content\/uploads\/2020\/06\/A-G-O-G-B-K-9-1024x677.jpg 1024w, https:\/\/www.dalmatien-online.de\/wp-content\/uploads\/2020\/06\/A-G-O-G-B-K-9-300x198.jpg 300w, https:\/\/www.dalmatien-online.de\/wp-content\/uploads\/2020\/06\/A-G-O-G-B-K-9-768x507.jpg 768w, https:\/\/www.dalmatien-online.de\/wp-content\/uploads\/2020\/06\/A-G-O-G-B-K-9-250x165.jpg 250w, https:\/\/www.dalmatien-online.de\/wp-content\/uploads\/2020\/06\/A-G-O-G-B-K-9.jpg 1412w\" sizes=\"auto, (max-width: 1024px) 100vw, 1024px\" \/><figcaption>Entlang des steinigen Pfades hinauf nach Naklice er\u00f6ffnen sich herrliche Blicke auf Omi\u0161 und die Cetina bevor man nach einigen Biegungen die Stadt aud den Augen verliert. Nun ist man weiter unterwegs bergauf in den K\u00fcstenbergen.<\/figcaption><\/figure>\n\n\n\n<figure class=\"wp-block-image size-large\"><img loading=\"lazy\" decoding=\"async\" width=\"1024\" height=\"674\" src=\"https:\/\/www.dalmatien-online.de\/wp-content\/uploads\/2020\/06\/A-G-O-G-B-K-6-1024x674.jpg\" alt=\"\" class=\"wp-image-2459\" srcset=\"https:\/\/www.dalmatien-online.de\/wp-content\/uploads\/2020\/06\/A-G-O-G-B-K-6-1024x674.jpg 1024w, https:\/\/www.dalmatien-online.de\/wp-content\/uploads\/2020\/06\/A-G-O-G-B-K-6-300x197.jpg 300w, https:\/\/www.dalmatien-online.de\/wp-content\/uploads\/2020\/06\/A-G-O-G-B-K-6-768x505.jpg 768w, https:\/\/www.dalmatien-online.de\/wp-content\/uploads\/2020\/06\/A-G-O-G-B-K-6-250x164.jpg 250w, https:\/\/www.dalmatien-online.de\/wp-content\/uploads\/2020\/06\/A-G-O-G-B-K-6.jpg 1359w\" sizes=\"auto, (max-width: 1024px) 100vw, 1024px\" \/><figcaption>Omi\u0161 von oben &#8211; der Flu\u00df Cetina ist kaum noch zu sehen. Links oben im Bild &#8211; der Turm der kleinen Altstadtfestung <strong><a href=\"https:\/\/www.dalmatien-online.de\/de\/die-festung-mirabela\/\" target=\"_blank\" rel=\"noreferrer noopener\">&#8222;Mirabela&#8220;<\/a><\/strong> aus dem 13. Jahrhundert.<\/figcaption><\/figure>\n\n\n\n<figure class=\"wp-block-image size-large\"><img loading=\"lazy\" decoding=\"async\" width=\"676\" height=\"1024\" src=\"https:\/\/www.dalmatien-online.de\/wp-content\/uploads\/2020\/06\/A-G-O-G-B-K-7-676x1024.jpg\" alt=\"\" class=\"wp-image-2460\" srcset=\"https:\/\/www.dalmatien-online.de\/wp-content\/uploads\/2020\/06\/A-G-O-G-B-K-7-676x1024.jpg 676w, https:\/\/www.dalmatien-online.de\/wp-content\/uploads\/2020\/06\/A-G-O-G-B-K-7-198x300.jpg 198w, https:\/\/www.dalmatien-online.de\/wp-content\/uploads\/2020\/06\/A-G-O-G-B-K-7-768x1163.jpg 768w, https:\/\/www.dalmatien-online.de\/wp-content\/uploads\/2020\/06\/A-G-O-G-B-K-7-250x378.jpg 250w, https:\/\/www.dalmatien-online.de\/wp-content\/uploads\/2020\/06\/A-G-O-G-B-K-7.jpg 938w\" sizes=\"auto, (max-width: 676px) 100vw, 676px\" \/><figcaption>Stetig schl\u00e4ngelt sich der geschichtstr\u00e4chtige Weg aufw\u00e4rts nach Naklice entlang an kleinen und gr\u00f6\u00dferen Abgr\u00fcnden durch die Natur der K\u00fcstenberge<\/figcaption><\/figure>\n\n\n\n<figure class=\"wp-block-image size-large\"><img loading=\"lazy\" decoding=\"async\" width=\"1024\" height=\"674\" src=\"https:\/\/www.dalmatien-online.de\/wp-content\/uploads\/2020\/06\/A-G-O-G-B-K-5-1024x674.jpg\" alt=\"\" class=\"wp-image-2461\" srcset=\"https:\/\/www.dalmatien-online.de\/wp-content\/uploads\/2020\/06\/A-G-O-G-B-K-5-1024x674.jpg 1024w, https:\/\/www.dalmatien-online.de\/wp-content\/uploads\/2020\/06\/A-G-O-G-B-K-5-300x197.jpg 300w, https:\/\/www.dalmatien-online.de\/wp-content\/uploads\/2020\/06\/A-G-O-G-B-K-5-768x505.jpg 768w, https:\/\/www.dalmatien-online.de\/wp-content\/uploads\/2020\/06\/A-G-O-G-B-K-5-250x165.jpg 250w, https:\/\/www.dalmatien-online.de\/wp-content\/uploads\/2020\/06\/A-G-O-G-B-K-5.jpg 1439w\" sizes=\"auto, (max-width: 1024px) 100vw, 1024px\" \/><figcaption>Gem\u00e4chlich verschwindet die Stadt hinter den Baumkronen und der Blick konzentriert sich auf die Berge in der Umgebung.<\/figcaption><\/figure>\n\n\n\n<figure class=\"wp-block-image size-large\"><img loading=\"lazy\" decoding=\"async\" width=\"1024\" height=\"682\" src=\"https:\/\/www.dalmatien-online.de\/wp-content\/uploads\/2020\/06\/A-G-O-G-B-K-4-1024x682.jpg\" alt=\"\" class=\"wp-image-2462\" srcset=\"https:\/\/www.dalmatien-online.de\/wp-content\/uploads\/2020\/06\/A-G-O-G-B-K-4-1024x682.jpg 1024w, https:\/\/www.dalmatien-online.de\/wp-content\/uploads\/2020\/06\/A-G-O-G-B-K-4-300x200.jpg 300w, https:\/\/www.dalmatien-online.de\/wp-content\/uploads\/2020\/06\/A-G-O-G-B-K-4-768x512.jpg 768w, https:\/\/www.dalmatien-online.de\/wp-content\/uploads\/2020\/06\/A-G-O-G-B-K-4-250x167.jpg 250w, https:\/\/www.dalmatien-online.de\/wp-content\/uploads\/2020\/06\/A-G-O-G-B-K-4-400x267.jpg 400w, https:\/\/www.dalmatien-online.de\/wp-content\/uploads\/2020\/06\/A-G-O-G-B-K-4.jpg 1397w\" sizes=\"auto, (max-width: 1024px) 100vw, 1024px\" \/><figcaption>Nach gut ein bis eineinhalb Stunden  ist man schlie\u00dflich in Naklice angekommen. Weiter geht es auf der Landstra\u00dfe durch den Ort und dann weiter rechts auf die Hauptstra\u00dfe in Richtung Gata.<\/figcaption><\/figure>\n\n\n\n<figure class=\"wp-block-image size-large\"><img loading=\"lazy\" decoding=\"async\" width=\"1024\" height=\"676\" src=\"https:\/\/www.dalmatien-online.de\/wp-content\/uploads\/2020\/06\/A-G-O-G-B-K-2-1024x676.jpg\" alt=\"\" class=\"wp-image-2463\" srcset=\"https:\/\/www.dalmatien-online.de\/wp-content\/uploads\/2020\/06\/A-G-O-G-B-K-2-1024x676.jpg 1024w, https:\/\/www.dalmatien-online.de\/wp-content\/uploads\/2020\/06\/A-G-O-G-B-K-2-300x198.jpg 300w, https:\/\/www.dalmatien-online.de\/wp-content\/uploads\/2020\/06\/A-G-O-G-B-K-2-768x507.jpg 768w, https:\/\/www.dalmatien-online.de\/wp-content\/uploads\/2020\/06\/A-G-O-G-B-K-2-250x165.jpg 250w, https:\/\/www.dalmatien-online.de\/wp-content\/uploads\/2020\/06\/A-G-O-G-B-K-2.jpg 1256w\" sizes=\"auto, (max-width: 1024px) 100vw, 1024px\" \/><figcaption>Nach einer Zeit ist ein Wegweiser zur kleinen<strong><a href=\"https:\/\/gata.hr\/wp\/?p=375\" target=\"_blank\" rel=\"noreferrer noopener\"> Kirche &#8222;Sveti Juraj&#8220;<\/a><\/strong> zu sehen und es wird dem Weg gefolgt bis das Kirchlein schlie\u00dflich erreicht ist. Steht man vor der Kirche und h\u00e4lt rechts auf den Abhang zu, schweift der Blick erstaunt von der Kulisse \u00fcber das Cetinatal hinter der K\u00fcste und durch \u00d6ffnung des Gebirgsmassivs erscheint Omi\u0161 mit der M\u00fcndung des Flu\u00dfes und Adria. <\/figcaption><\/figure>\n\n\n\n<figure class=\"wp-block-image size-large\"><img loading=\"lazy\" decoding=\"async\" width=\"1024\" height=\"678\" src=\"https:\/\/www.dalmatien-online.de\/wp-content\/uploads\/2020\/06\/A-G-O-G-B-K-3-1024x678.jpg\" alt=\"\" class=\"wp-image-2464\" srcset=\"https:\/\/www.dalmatien-online.de\/wp-content\/uploads\/2020\/06\/A-G-O-G-B-K-3-1024x678.jpg 1024w, https:\/\/www.dalmatien-online.de\/wp-content\/uploads\/2020\/06\/A-G-O-G-B-K-3-300x199.jpg 300w, https:\/\/www.dalmatien-online.de\/wp-content\/uploads\/2020\/06\/A-G-O-G-B-K-3-768x508.jpg 768w, https:\/\/www.dalmatien-online.de\/wp-content\/uploads\/2020\/06\/A-G-O-G-B-K-3-250x166.jpg 250w, https:\/\/www.dalmatien-online.de\/wp-content\/uploads\/2020\/06\/A-G-O-G-B-K-3.jpg 1435w\" sizes=\"auto, (max-width: 1024px) 100vw, 1024px\" \/><figcaption>Auf dem Weg zur\u00fcck gibt es mehrere Varianten. \u00dcber Gata und alte Bergpfade entlang der Cetina zur\u00fcck, auf der Stra\u00dfe oder auf unserem bisherigen Weg.<br><strong><a href=\"https:\/\/www.dalmatien-online.de\/de\/omis\/\">ZUR\u00dcCK<\/a><\/strong><\/figcaption><\/figure>\n\n\n\n<hr class=\"wp-block-separator\"\/>\n\n\n\n\n","protected":false},"excerpt":{"rendered":"","protected":false},"author":2,"featured_media":0,"parent":0,"menu_order":0,"comment_status":"closed","ping_status":"closed","template":"","meta":{"footnotes":"","_links_to":"","_links_to_target":""},"tags":[],"class_list":["post-2455","page","type-page","status-publish","hentry"],"_links":{"self":[{"href":"https:\/\/www.dalmatien-online.de\/de\/wp-json\/wp\/v2\/pages\/2455","targetHints":{"allow":["GET"]}}],"collection":[{"href":"https:\/\/www.dalmatien-online.de\/de\/wp-json\/wp\/v2\/pages"}],"about":[{"href":"https:\/\/www.dalmatien-online.de\/de\/wp-json\/wp\/v2\/types\/page"}],"author":[{"embeddable":true,"href":"https:\/\/www.dalmatien-online.de\/de\/wp-json\/wp\/v2\/users\/2"}],"replies":[{"embeddable":true,"href":"https:\/\/www.dalmatien-online.de\/de\/wp-json\/wp\/v2\/comments?post=2455"}],"version-history":[{"count":7,"href":"https:\/\/www.dalmatien-online.de\/de\/wp-json\/wp\/v2\/pages\/2455\/revisions"}],"predecessor-version":[{"id":3305,"href":"https:\/\/www.dalmatien-online.de\/de\/wp-json\/wp\/v2\/pages\/2455\/revisions\/3305"}],"wp:attachment":[{"href":"https:\/\/www.dalmatien-online.de\/de\/wp-json\/wp\/v2\/media?parent=2455"}],"wp:term":[{"taxonomy":"post_tag","embeddable":true,"href":"https:\/\/www.dalmatien-online.de\/de\/wp-json\/wp\/v2\/tags?post=2455"}],"curies":[{"name":"wp","href":"https:\/\/api.w.org\/{rel}","templated":true}]}}