{"id":2477,"date":"2020-06-19T10:19:09","date_gmt":"2020-06-19T09:19:09","guid":{"rendered":"https:\/\/www.dalmatien-online.de\/?page_id=2477"},"modified":"2020-06-19T10:19:10","modified_gmt":"2020-06-19T09:19:10","slug":"die-arschloecher-von-makarska","status":"publish","type":"page","link":"https:\/\/www.dalmatien-online.de\/de\/die-arschloecher-von-makarska\/","title":{"rendered":"Die &#8222;Arschl\u00f6cher&#8220; von Makarska"},"content":{"rendered":"\n<p>Seit 1999 bereise ich nun Kroatien mit dem Schwerpunkt auf Dalmatien. Leider ist ist es seit dieser Zeit immer noch so, das verbl\u00f6dete Schwachk\u00f6pfe neben ihren Altreifen den Bauschut, Haushaltsm\u00fcll oder zum Beispiel ihre alten Elektroger\u00e4te oder Waschmaschinen in der Natur abladen &#8211; scheint leider Tradition zu sein, egal ob auf den Inseln oder entlang der K\u00fcste. Verst\u00e4rkt kann man das leider derzeit in Makarska wahrnehmen, was mit unter &#8211; so hat man den Eindruck &#8211; an dem Bauboom in der Stadt liegt. Unmengen an Bauschutt entdeckte ich unterhalb des kleinen \u00d6rtchens Makar in der Natur. Hierzu ein Versprechen: Sollte ich eines dieser Arschl\u00f6cher beim Abladen des Schutts in den Abhang treffen, so fliegt diese Umweltsau gemeinam mit dem Schutt oder ist versehentlich 33 Mal gegen den n\u00e4chsten Baum gelaufen. <\/p>\n\n\n\n<p><\/p>\n\n\n\n<hr class=\"wp-block-separator\"\/>\n\n\n\n\n","protected":false},"excerpt":{"rendered":"<p>Seit 1999 bereise ich nun Kroatien mit dem Schwerpunkt auf Dalmatien. Leider ist ist es seit dieser Zeit immer noch so, das verbl\u00f6dete Schwachk\u00f6pfe neben ihren Altreifen den Bauschut, Haushaltsm\u00fcll <a class=\"more-link\" href=\"https:\/\/www.dalmatien-online.de\/de\/die-arschloecher-von-makarska\/\">weiterlesen&#8230;<\/a><\/p>\n","protected":false},"author":2,"featured_media":0,"parent":0,"menu_order":0,"comment_status":"closed","ping_status":"closed","template":"","meta":{"footnotes":"","_links_to":"","_links_to_target":""},"tags":[],"class_list":["post-2477","page","type-page","status-publish","hentry"],"_links":{"self":[{"href":"https:\/\/www.dalmatien-online.de\/de\/wp-json\/wp\/v2\/pages\/2477","targetHints":{"allow":["GET"]}}],"collection":[{"href":"https:\/\/www.dalmatien-online.de\/de\/wp-json\/wp\/v2\/pages"}],"about":[{"href":"https:\/\/www.dalmatien-online.de\/de\/wp-json\/wp\/v2\/types\/page"}],"author":[{"embeddable":true,"href":"https:\/\/www.dalmatien-online.de\/de\/wp-json\/wp\/v2\/users\/2"}],"replies":[{"embeddable":true,"href":"https:\/\/www.dalmatien-online.de\/de\/wp-json\/wp\/v2\/comments?post=2477"}],"version-history":[{"count":1,"href":"https:\/\/www.dalmatien-online.de\/de\/wp-json\/wp\/v2\/pages\/2477\/revisions"}],"predecessor-version":[{"id":2478,"href":"https:\/\/www.dalmatien-online.de\/de\/wp-json\/wp\/v2\/pages\/2477\/revisions\/2478"}],"wp:attachment":[{"href":"https:\/\/www.dalmatien-online.de\/de\/wp-json\/wp\/v2\/media?parent=2477"}],"wp:term":[{"taxonomy":"post_tag","embeddable":true,"href":"https:\/\/www.dalmatien-online.de\/de\/wp-json\/wp\/v2\/tags?post=2477"}],"curies":[{"name":"wp","href":"https:\/\/api.w.org\/{rel}","templated":true}]}}