{"id":2539,"date":"2020-06-19T17:17:15","date_gmt":"2020-06-19T16:17:15","guid":{"rendered":"https:\/\/www.dalmatien-online.de\/?page_id=2539"},"modified":"2020-06-29T06:44:53","modified_gmt":"2020-06-29T05:44:53","slug":"das-stadion-poljud","status":"publish","type":"page","link":"https:\/\/www.dalmatien-online.de\/de\/das-stadion-poljud\/","title":{"rendered":"Das Stadion &#8222;Poljud&#8220;"},"content":{"rendered":"\n<figure class=\"wp-block-image size-large\"><img loading=\"lazy\" decoding=\"async\" width=\"1024\" height=\"219\" src=\"https:\/\/www.dalmatien-online.de\/wp-content\/uploads\/2020\/06\/0-D-O-Poljud-t-1024x219.jpg\" alt=\"\" class=\"wp-image-3315\" srcset=\"https:\/\/www.dalmatien-online.de\/wp-content\/uploads\/2020\/06\/0-D-O-Poljud-t-1024x219.jpg 1024w, https:\/\/www.dalmatien-online.de\/wp-content\/uploads\/2020\/06\/0-D-O-Poljud-t-300x64.jpg 300w, https:\/\/www.dalmatien-online.de\/wp-content\/uploads\/2020\/06\/0-D-O-Poljud-t-768x164.jpg 768w, https:\/\/www.dalmatien-online.de\/wp-content\/uploads\/2020\/06\/0-D-O-Poljud-t-940x200.jpg 940w, https:\/\/www.dalmatien-online.de\/wp-content\/uploads\/2020\/06\/0-D-O-Poljud-t-250x53.jpg 250w, https:\/\/www.dalmatien-online.de\/wp-content\/uploads\/2020\/06\/0-D-O-Poljud-t.jpg 1483w\" sizes=\"auto, (max-width: 1024px) 100vw, 1024px\" \/><figcaption>Das Fu\u00dfballstadion &#8222;Poljud&#8220; liegt auf der Nordseite der Stadt Split unweit der Bucht von Ka\u0161tela und beheimatet den legend\u00e4ren Fu\u00dfballverein <strong><a rel=\"noreferrer noopener\" href=\"https:\/\/hajduk.hr\/eng\/\" target=\"_blank\">&#8222;Hajduk Split&#8220;<\/a><\/strong>. Kaum eine Stra\u00dfe oder ein Platz ist ist in der Stadt zu finden wo nicht irgendwo ein Graffiti oder ein Schriftzug des Vereins oder der &#8222;Ultras&#8220; (<strong><a rel=\"noreferrer noopener\" href=\"http:\/\/www.torcida.hr\/\" target=\"_blank\">&#8222;Torcida 1950&#8220;<\/a><\/strong>) zu sehen ist. Split ist eine auch eine sportver\u00fcckte Region und die Leute lieben ihren Verein, was zuweilen schon anstrengend sein kann.<\/figcaption><\/figure>\n\n\n\n<figure class=\"wp-block-image size-large\"><img loading=\"lazy\" decoding=\"async\" width=\"1024\" height=\"683\" src=\"https:\/\/www.dalmatien-online.de\/wp-content\/uploads\/2020\/06\/78397605_1437137789776143_834019323885387776_o-1024x683.jpg\" alt=\"\" class=\"wp-image-2541\" srcset=\"https:\/\/www.dalmatien-online.de\/wp-content\/uploads\/2020\/06\/78397605_1437137789776143_834019323885387776_o-1024x683.jpg 1024w, https:\/\/www.dalmatien-online.de\/wp-content\/uploads\/2020\/06\/78397605_1437137789776143_834019323885387776_o-300x200.jpg 300w, https:\/\/www.dalmatien-online.de\/wp-content\/uploads\/2020\/06\/78397605_1437137789776143_834019323885387776_o-768x512.jpg 768w, https:\/\/www.dalmatien-online.de\/wp-content\/uploads\/2020\/06\/78397605_1437137789776143_834019323885387776_o-250x167.jpg 250w, https:\/\/www.dalmatien-online.de\/wp-content\/uploads\/2020\/06\/78397605_1437137789776143_834019323885387776_o-400x267.jpg 400w, https:\/\/www.dalmatien-online.de\/wp-content\/uploads\/2020\/06\/78397605_1437137789776143_834019323885387776_o.jpg 1500w\" sizes=\"auto, (max-width: 1024px) 100vw, 1024px\" \/><\/figure>\n\n\n\n<figure class=\"wp-block-image size-large\"><img loading=\"lazy\" decoding=\"async\" width=\"1024\" height=\"673\" src=\"https:\/\/www.dalmatien-online.de\/wp-content\/uploads\/2020\/06\/12240276_555522301271034_2719137681099851143_o-1-1024x673.jpg\" alt=\"\" class=\"wp-image-2545\" srcset=\"https:\/\/www.dalmatien-online.de\/wp-content\/uploads\/2020\/06\/12240276_555522301271034_2719137681099851143_o-1-1024x673.jpg 1024w, https:\/\/www.dalmatien-online.de\/wp-content\/uploads\/2020\/06\/12240276_555522301271034_2719137681099851143_o-1-300x197.jpg 300w, https:\/\/www.dalmatien-online.de\/wp-content\/uploads\/2020\/06\/12240276_555522301271034_2719137681099851143_o-1-768x505.jpg 768w, https:\/\/www.dalmatien-online.de\/wp-content\/uploads\/2020\/06\/12240276_555522301271034_2719137681099851143_o-1-250x164.jpg 250w, https:\/\/www.dalmatien-online.de\/wp-content\/uploads\/2020\/06\/12240276_555522301271034_2719137681099851143_o-1.jpg 1452w\" sizes=\"auto, (max-width: 1024px) 100vw, 1024px\" \/><\/figure>\n\n\n\n<figure class=\"wp-block-image size-large\"><img loading=\"lazy\" decoding=\"async\" width=\"680\" height=\"1024\" src=\"https:\/\/www.dalmatien-online.de\/wp-content\/uploads\/2020\/06\/12265738_555522247937706_3038470307698703071_o-680x1024.jpg\" alt=\"\" class=\"wp-image-2542\" srcset=\"https:\/\/www.dalmatien-online.de\/wp-content\/uploads\/2020\/06\/12265738_555522247937706_3038470307698703071_o-680x1024.jpg 680w, https:\/\/www.dalmatien-online.de\/wp-content\/uploads\/2020\/06\/12265738_555522247937706_3038470307698703071_o-199x300.jpg 199w, https:\/\/www.dalmatien-online.de\/wp-content\/uploads\/2020\/06\/12265738_555522247937706_3038470307698703071_o-768x1156.jpg 768w, https:\/\/www.dalmatien-online.de\/wp-content\/uploads\/2020\/06\/12265738_555522247937706_3038470307698703071_o-250x376.jpg 250w, https:\/\/www.dalmatien-online.de\/wp-content\/uploads\/2020\/06\/12265738_555522247937706_3038470307698703071_o.jpg 988w\" sizes=\"auto, (max-width: 680px) 100vw, 680px\" \/><\/figure>\n\n\n\n<figure class=\"wp-block-image size-large\"><img loading=\"lazy\" decoding=\"async\" width=\"1024\" height=\"669\" src=\"https:\/\/www.dalmatien-online.de\/wp-content\/uploads\/2020\/06\/12265938_555522181271046_1775882708224226160_o-1024x669.jpg\" alt=\"\" class=\"wp-image-2543\" srcset=\"https:\/\/www.dalmatien-online.de\/wp-content\/uploads\/2020\/06\/12265938_555522181271046_1775882708224226160_o-1024x669.jpg 1024w, https:\/\/www.dalmatien-online.de\/wp-content\/uploads\/2020\/06\/12265938_555522181271046_1775882708224226160_o-300x196.jpg 300w, https:\/\/www.dalmatien-online.de\/wp-content\/uploads\/2020\/06\/12265938_555522181271046_1775882708224226160_o-768x502.jpg 768w, https:\/\/www.dalmatien-online.de\/wp-content\/uploads\/2020\/06\/12265938_555522181271046_1775882708224226160_o-250x163.jpg 250w, https:\/\/www.dalmatien-online.de\/wp-content\/uploads\/2020\/06\/12265938_555522181271046_1775882708224226160_o.jpg 1442w\" sizes=\"auto, (max-width: 1024px) 100vw, 1024px\" \/><\/figure>\n\n\n\n<figure class=\"wp-block-image size-large\"><img loading=\"lazy\" decoding=\"async\" width=\"1024\" height=\"676\" src=\"https:\/\/www.dalmatien-online.de\/wp-content\/uploads\/2020\/06\/12244614_555522327937698_3929954723685856447_o-1024x676.jpg\" alt=\"\" class=\"wp-image-2546\" srcset=\"https:\/\/www.dalmatien-online.de\/wp-content\/uploads\/2020\/06\/12244614_555522327937698_3929954723685856447_o-1024x676.jpg 1024w, https:\/\/www.dalmatien-online.de\/wp-content\/uploads\/2020\/06\/12244614_555522327937698_3929954723685856447_o-300x198.jpg 300w, https:\/\/www.dalmatien-online.de\/wp-content\/uploads\/2020\/06\/12244614_555522327937698_3929954723685856447_o-768x507.jpg 768w, https:\/\/www.dalmatien-online.de\/wp-content\/uploads\/2020\/06\/12244614_555522327937698_3929954723685856447_o-250x165.jpg 250w, https:\/\/www.dalmatien-online.de\/wp-content\/uploads\/2020\/06\/12244614_555522327937698_3929954723685856447_o.jpg 1446w\" sizes=\"auto, (max-width: 1024px) 100vw, 1024px\" \/><\/figure>\n\n\n\n<figure class=\"wp-block-image size-large\"><img loading=\"lazy\" decoding=\"async\" width=\"1024\" height=\"664\" src=\"https:\/\/www.dalmatien-online.de\/wp-content\/uploads\/2020\/06\/12239455_555522171271047_2759462552620963362_o-1024x664.jpg\" alt=\"\" class=\"wp-image-2547\" srcset=\"https:\/\/www.dalmatien-online.de\/wp-content\/uploads\/2020\/06\/12239455_555522171271047_2759462552620963362_o-1024x664.jpg 1024w, https:\/\/www.dalmatien-online.de\/wp-content\/uploads\/2020\/06\/12239455_555522171271047_2759462552620963362_o-300x195.jpg 300w, https:\/\/www.dalmatien-online.de\/wp-content\/uploads\/2020\/06\/12239455_555522171271047_2759462552620963362_o-768x498.jpg 768w, https:\/\/www.dalmatien-online.de\/wp-content\/uploads\/2020\/06\/12239455_555522171271047_2759462552620963362_o-250x162.jpg 250w, https:\/\/www.dalmatien-online.de\/wp-content\/uploads\/2020\/06\/12239455_555522171271047_2759462552620963362_o.jpg 1381w\" sizes=\"auto, (max-width: 1024px) 100vw, 1024px\" \/><\/figure>\n\n\n\n<figure class=\"wp-block-image size-large\"><img loading=\"lazy\" decoding=\"async\" width=\"1024\" height=\"683\" src=\"https:\/\/www.dalmatien-online.de\/wp-content\/uploads\/2020\/06\/a-Poljud-2-1024x683.jpg\" alt=\"\" class=\"wp-image-2665\" srcset=\"https:\/\/www.dalmatien-online.de\/wp-content\/uploads\/2020\/06\/a-Poljud-2-1024x683.jpg 1024w, https:\/\/www.dalmatien-online.de\/wp-content\/uploads\/2020\/06\/a-Poljud-2-300x200.jpg 300w, https:\/\/www.dalmatien-online.de\/wp-content\/uploads\/2020\/06\/a-Poljud-2-768x512.jpg 768w, https:\/\/www.dalmatien-online.de\/wp-content\/uploads\/2020\/06\/a-Poljud-2-250x167.jpg 250w, https:\/\/www.dalmatien-online.de\/wp-content\/uploads\/2020\/06\/a-Poljud-2-400x267.jpg 400w, https:\/\/www.dalmatien-online.de\/wp-content\/uploads\/2020\/06\/a-Poljud-2.jpg 1500w\" sizes=\"auto, (max-width: 1024px) 100vw, 1024px\" \/><\/figure>\n\n\n\n<figure class=\"wp-block-image size-large\"><img loading=\"lazy\" decoding=\"async\" width=\"1024\" height=\"679\" src=\"https:\/\/www.dalmatien-online.de\/wp-content\/uploads\/2020\/06\/a-Poljud-3-1024x679.jpg\" alt=\"\" class=\"wp-image-2666\" srcset=\"https:\/\/www.dalmatien-online.de\/wp-content\/uploads\/2020\/06\/a-Poljud-3-1024x679.jpg 1024w, https:\/\/www.dalmatien-online.de\/wp-content\/uploads\/2020\/06\/a-Poljud-3-300x199.jpg 300w, https:\/\/www.dalmatien-online.de\/wp-content\/uploads\/2020\/06\/a-Poljud-3-768x509.jpg 768w, https:\/\/www.dalmatien-online.de\/wp-content\/uploads\/2020\/06\/a-Poljud-3-250x166.jpg 250w, https:\/\/www.dalmatien-online.de\/wp-content\/uploads\/2020\/06\/a-Poljud-3.jpg 1483w\" sizes=\"auto, (max-width: 1024px) 100vw, 1024px\" \/><\/figure>\n\n\n\n<figure class=\"wp-block-image size-large\"><img loading=\"lazy\" decoding=\"async\" width=\"1024\" height=\"708\" src=\"https:\/\/www.dalmatien-online.de\/wp-content\/uploads\/2020\/06\/12194832_555521934604404_8720354668304449296_o-1024x708.jpg\" alt=\"\" class=\"wp-image-2548\" srcset=\"https:\/\/www.dalmatien-online.de\/wp-content\/uploads\/2020\/06\/12194832_555521934604404_8720354668304449296_o-1024x708.jpg 1024w, https:\/\/www.dalmatien-online.de\/wp-content\/uploads\/2020\/06\/12194832_555521934604404_8720354668304449296_o-300x207.jpg 300w, https:\/\/www.dalmatien-online.de\/wp-content\/uploads\/2020\/06\/12194832_555521934604404_8720354668304449296_o-768x531.jpg 768w, https:\/\/www.dalmatien-online.de\/wp-content\/uploads\/2020\/06\/12194832_555521934604404_8720354668304449296_o-250x173.jpg 250w, https:\/\/www.dalmatien-online.de\/wp-content\/uploads\/2020\/06\/12194832_555521934604404_8720354668304449296_o.jpg 1341w\" sizes=\"auto, (max-width: 1024px) 100vw, 1024px\" \/><\/figure>\n\n\n\n<figure class=\"wp-block-image size-large\"><img loading=\"lazy\" decoding=\"async\" width=\"1024\" height=\"699\" src=\"https:\/\/www.dalmatien-online.de\/wp-content\/uploads\/2020\/06\/12265867_555521191271145_7654560427026951340_o-1024x699.jpg\" alt=\"\" class=\"wp-image-2549\" srcset=\"https:\/\/www.dalmatien-online.de\/wp-content\/uploads\/2020\/06\/12265867_555521191271145_7654560427026951340_o-1024x699.jpg 1024w, https:\/\/www.dalmatien-online.de\/wp-content\/uploads\/2020\/06\/12265867_555521191271145_7654560427026951340_o-300x205.jpg 300w, https:\/\/www.dalmatien-online.de\/wp-content\/uploads\/2020\/06\/12265867_555521191271145_7654560427026951340_o-768x524.jpg 768w, https:\/\/www.dalmatien-online.de\/wp-content\/uploads\/2020\/06\/12265867_555521191271145_7654560427026951340_o-250x171.jpg 250w, https:\/\/www.dalmatien-online.de\/wp-content\/uploads\/2020\/06\/12265867_555521191271145_7654560427026951340_o.jpg 1434w\" sizes=\"auto, (max-width: 1024px) 100vw, 1024px\" \/><figcaption><strong><a href=\"https:\/\/www.dalmatien-online.de\/de\/split\/\">ZUR\u00dcCK<\/a><\/strong><\/figcaption><\/figure>\n\n\n\n\n\n<p><\/p>\n\n\n\n<hr class=\"wp-block-separator\"\/>\n\n\n\n\n","protected":false},"excerpt":{"rendered":"","protected":false},"author":2,"featured_media":0,"parent":0,"menu_order":0,"comment_status":"closed","ping_status":"closed","template":"","meta":{"footnotes":"","_links_to":"","_links_to_target":""},"tags":[],"class_list":["post-2539","page","type-page","status-publish","hentry"],"_links":{"self":[{"href":"https:\/\/www.dalmatien-online.de\/de\/wp-json\/wp\/v2\/pages\/2539","targetHints":{"allow":["GET"]}}],"collection":[{"href":"https:\/\/www.dalmatien-online.de\/de\/wp-json\/wp\/v2\/pages"}],"about":[{"href":"https:\/\/www.dalmatien-online.de\/de\/wp-json\/wp\/v2\/types\/page"}],"author":[{"embeddable":true,"href":"https:\/\/www.dalmatien-online.de\/de\/wp-json\/wp\/v2\/users\/2"}],"replies":[{"embeddable":true,"href":"https:\/\/www.dalmatien-online.de\/de\/wp-json\/wp\/v2\/comments?post=2539"}],"version-history":[{"count":5,"href":"https:\/\/www.dalmatien-online.de\/de\/wp-json\/wp\/v2\/pages\/2539\/revisions"}],"predecessor-version":[{"id":3316,"href":"https:\/\/www.dalmatien-online.de\/de\/wp-json\/wp\/v2\/pages\/2539\/revisions\/3316"}],"wp:attachment":[{"href":"https:\/\/www.dalmatien-online.de\/de\/wp-json\/wp\/v2\/media?parent=2539"}],"wp:term":[{"taxonomy":"post_tag","embeddable":true,"href":"https:\/\/www.dalmatien-online.de\/de\/wp-json\/wp\/v2\/tags?post=2539"}],"curies":[{"name":"wp","href":"https:\/\/api.w.org\/{rel}","templated":true}]}}