{"id":2614,"date":"2020-06-20T06:04:35","date_gmt":"2020-06-20T05:04:35","guid":{"rendered":"https:\/\/www.dalmatien-online.de\/?page_id=2614"},"modified":"2020-06-20T06:04:36","modified_gmt":"2020-06-20T05:04:36","slug":"gut-zu-wissen","status":"publish","type":"page","link":"https:\/\/www.dalmatien-online.de\/de\/gut-zu-wissen\/","title":{"rendered":"Gut zu wissen!"},"content":{"rendered":"\n<p><\/p>\n\n\n\n<p><\/p>\n\n\n\n<hr class=\"wp-block-separator\"\/>\n\n\n\n<div class=\"display-posts-listing image-left\"><div class=\"listing-item\"><a class=\"image\" href=\"https:\/\/www.dalmatien-online.de\/de\/2020\/09\/21\/kuna-euro-gebuehren-und-dcc\/\"><img loading=\"lazy\" decoding=\"async\" width=\"150\" height=\"150\" src=\"https:\/\/www.dalmatien-online.de\/wp-content\/uploads\/2020\/09\/geld-abheben-kroatien-wechselkurs-150x150.jpg\" class=\"attachment-thumbnail size-thumbnail wp-image-3428 wp-post-image\" alt=\"Warnung auf dem Bildschirm des Bankautomaten\" \/><\/a> <a class=\"title\" href=\"https:\/\/www.dalmatien-online.de\/de\/2020\/09\/21\/kuna-euro-gebuehren-und-dcc\/\">Kuna, Geb\u00fchren und DCC<\/a> <span class=\"excerpt\">Vorsicht Nepper, Schlepper, Bauernf\u00e4nger!(Quelle: www.deutscheskonto.org) Ein Umtausch der eigenen W\u00e4hrung in die in Kroatien trotz EU-Mitgliedschaft noch sehr viel gebr\u00e4uchlichere&hellip; <span class=\"excerpt-more\">\u2026<\/span><\/span><\/div><\/div>\n","protected":false},"excerpt":{"rendered":"","protected":false},"author":2,"featured_media":0,"parent":0,"menu_order":0,"comment_status":"closed","ping_status":"closed","template":"","meta":{"footnotes":"","_links_to":"","_links_to_target":""},"tags":[],"class_list":["post-2614","page","type-page","status-publish","hentry"],"_links":{"self":[{"href":"https:\/\/www.dalmatien-online.de\/de\/wp-json\/wp\/v2\/pages\/2614","targetHints":{"allow":["GET"]}}],"collection":[{"href":"https:\/\/www.dalmatien-online.de\/de\/wp-json\/wp\/v2\/pages"}],"about":[{"href":"https:\/\/www.dalmatien-online.de\/de\/wp-json\/wp\/v2\/types\/page"}],"author":[{"embeddable":true,"href":"https:\/\/www.dalmatien-online.de\/de\/wp-json\/wp\/v2\/users\/2"}],"replies":[{"embeddable":true,"href":"https:\/\/www.dalmatien-online.de\/de\/wp-json\/wp\/v2\/comments?post=2614"}],"version-history":[{"count":1,"href":"https:\/\/www.dalmatien-online.de\/de\/wp-json\/wp\/v2\/pages\/2614\/revisions"}],"predecessor-version":[{"id":2615,"href":"https:\/\/www.dalmatien-online.de\/de\/wp-json\/wp\/v2\/pages\/2614\/revisions\/2615"}],"wp:attachment":[{"href":"https:\/\/www.dalmatien-online.de\/de\/wp-json\/wp\/v2\/media?parent=2614"}],"wp:term":[{"taxonomy":"post_tag","embeddable":true,"href":"https:\/\/www.dalmatien-online.de\/de\/wp-json\/wp\/v2\/tags?post=2614"}],"curies":[{"name":"wp","href":"https:\/\/api.w.org\/{rel}","templated":true}]}}