{"id":2633,"date":"2020-06-20T11:27:23","date_gmt":"2020-06-20T10:27:23","guid":{"rendered":"https:\/\/www.dalmatien-online.de\/?page_id=2633"},"modified":"2020-06-27T07:03:04","modified_gmt":"2020-06-27T06:03:04","slug":"der-park-sustipan","status":"publish","type":"page","link":"https:\/\/www.dalmatien-online.de\/de\/der-park-sustipan\/","title":{"rendered":"Der Park &#8222;Sustipan&#8220;"},"content":{"rendered":"\n<figure class=\"wp-block-image size-large\"><img loading=\"lazy\" decoding=\"async\" width=\"981\" height=\"238\" src=\"https:\/\/www.dalmatien-online.de\/wp-content\/uploads\/2020\/06\/0-D.jpg\" alt=\"\" class=\"wp-image-3296\" srcset=\"https:\/\/www.dalmatien-online.de\/wp-content\/uploads\/2020\/06\/0-D.jpg 981w, https:\/\/www.dalmatien-online.de\/wp-content\/uploads\/2020\/06\/0-D-300x73.jpg 300w, https:\/\/www.dalmatien-online.de\/wp-content\/uploads\/2020\/06\/0-D-768x186.jpg 768w, https:\/\/www.dalmatien-online.de\/wp-content\/uploads\/2020\/06\/0-D-250x61.jpg 250w\" sizes=\"auto, (max-width: 981px) 100vw, 981px\" \/><\/figure>\n\n\n\n<p><\/p>\n\n\n\n<figure class=\"wp-block-image size-large\"><img loading=\"lazy\" decoding=\"async\" width=\"1024\" height=\"678\" src=\"https:\/\/www.dalmatien-online.de\/wp-content\/uploads\/2020\/06\/15000060_713165862173343_2307788902779878950_o-1024x678.jpg\" alt=\"\" class=\"wp-image-2634\" srcset=\"https:\/\/www.dalmatien-online.de\/wp-content\/uploads\/2020\/06\/15000060_713165862173343_2307788902779878950_o-1024x678.jpg 1024w, https:\/\/www.dalmatien-online.de\/wp-content\/uploads\/2020\/06\/15000060_713165862173343_2307788902779878950_o-300x199.jpg 300w, https:\/\/www.dalmatien-online.de\/wp-content\/uploads\/2020\/06\/15000060_713165862173343_2307788902779878950_o-768x509.jpg 768w, https:\/\/www.dalmatien-online.de\/wp-content\/uploads\/2020\/06\/15000060_713165862173343_2307788902779878950_o-250x166.jpg 250w, https:\/\/www.dalmatien-online.de\/wp-content\/uploads\/2020\/06\/15000060_713165862173343_2307788902779878950_o.jpg 1460w\" sizes=\"auto, (max-width: 1024px) 100vw, 1024px\" \/><figcaption>Der Park wird auf der Seeseite von Steilk\u00fcste begrenzt, an der auf zahlreichen B\u00e4nken genug Platz zum Verweilen und Genie\u00dfen geboten ist. Im Zentrum des Parks gibt es ein kleines steinernes Pavillon, gerne auch mal genutzt um ein &#8222;T\u00fctchen&#8220; zu rauchen, was an dem s\u00fc\u00dflichen Duft in der der sonst frischen Meeresluft auszumachen ist.<\/figcaption><\/figure>\n\n\n\n<figure class=\"wp-block-image size-large\"><img loading=\"lazy\" decoding=\"async\" width=\"1024\" height=\"677\" src=\"https:\/\/www.dalmatien-online.de\/wp-content\/uploads\/2020\/06\/16487692_765476763608919_5565168181462040448_o-1024x677.jpg\" alt=\"\" class=\"wp-image-2635\" srcset=\"https:\/\/www.dalmatien-online.de\/wp-content\/uploads\/2020\/06\/16487692_765476763608919_5565168181462040448_o-1024x677.jpg 1024w, https:\/\/www.dalmatien-online.de\/wp-content\/uploads\/2020\/06\/16487692_765476763608919_5565168181462040448_o-300x198.jpg 300w, https:\/\/www.dalmatien-online.de\/wp-content\/uploads\/2020\/06\/16487692_765476763608919_5565168181462040448_o-768x508.jpg 768w, https:\/\/www.dalmatien-online.de\/wp-content\/uploads\/2020\/06\/16487692_765476763608919_5565168181462040448_o-250x165.jpg 250w, https:\/\/www.dalmatien-online.de\/wp-content\/uploads\/2020\/06\/16487692_765476763608919_5565168181462040448_o.jpg 1462w\" sizes=\"auto, (max-width: 1024px) 100vw, 1024px\" \/><\/figure>\n\n\n\n<figure class=\"wp-block-image size-large\"><img loading=\"lazy\" decoding=\"async\" width=\"1024\" height=\"683\" src=\"https:\/\/www.dalmatien-online.de\/wp-content\/uploads\/2020\/06\/79833666_1459759140847341_7685613753060032512_o-1024x683.jpg\" alt=\"\" class=\"wp-image-2636\" srcset=\"https:\/\/www.dalmatien-online.de\/wp-content\/uploads\/2020\/06\/79833666_1459759140847341_7685613753060032512_o-1024x683.jpg 1024w, https:\/\/www.dalmatien-online.de\/wp-content\/uploads\/2020\/06\/79833666_1459759140847341_7685613753060032512_o-300x200.jpg 300w, https:\/\/www.dalmatien-online.de\/wp-content\/uploads\/2020\/06\/79833666_1459759140847341_7685613753060032512_o-768x512.jpg 768w, https:\/\/www.dalmatien-online.de\/wp-content\/uploads\/2020\/06\/79833666_1459759140847341_7685613753060032512_o-250x167.jpg 250w, https:\/\/www.dalmatien-online.de\/wp-content\/uploads\/2020\/06\/79833666_1459759140847341_7685613753060032512_o-400x267.jpg 400w, https:\/\/www.dalmatien-online.de\/wp-content\/uploads\/2020\/06\/79833666_1459759140847341_7685613753060032512_o.jpg 1500w\" sizes=\"auto, (max-width: 1024px) 100vw, 1024px\" \/><\/figure>\n\n\n\n<figure class=\"wp-block-image size-large\"><img loading=\"lazy\" decoding=\"async\" width=\"1024\" height=\"669\" src=\"https:\/\/www.dalmatien-online.de\/wp-content\/uploads\/2020\/06\/16487591_765476766942252_7230546173023524440_o-1024x669.jpg\" alt=\"\" class=\"wp-image-2637\" srcset=\"https:\/\/www.dalmatien-online.de\/wp-content\/uploads\/2020\/06\/16487591_765476766942252_7230546173023524440_o-1024x669.jpg 1024w, https:\/\/www.dalmatien-online.de\/wp-content\/uploads\/2020\/06\/16487591_765476766942252_7230546173023524440_o-300x196.jpg 300w, https:\/\/www.dalmatien-online.de\/wp-content\/uploads\/2020\/06\/16487591_765476766942252_7230546173023524440_o-768x502.jpg 768w, https:\/\/www.dalmatien-online.de\/wp-content\/uploads\/2020\/06\/16487591_765476766942252_7230546173023524440_o-250x163.jpg 250w, https:\/\/www.dalmatien-online.de\/wp-content\/uploads\/2020\/06\/16487591_765476766942252_7230546173023524440_o.jpg 1470w\" sizes=\"auto, (max-width: 1024px) 100vw, 1024px\" \/><figcaption><strong><a href=\"https:\/\/www.dalmatien-online.de\/de\/split\/\">ZUR\u00dcCK<\/a><\/strong><\/figcaption><\/figure>\n\n\n\n<hr class=\"wp-block-separator\"\/>\n\n\n\n\n","protected":false},"excerpt":{"rendered":"","protected":false},"author":2,"featured_media":0,"parent":0,"menu_order":0,"comment_status":"closed","ping_status":"closed","template":"","meta":{"footnotes":"","_links_to":"","_links_to_target":""},"tags":[],"class_list":["post-2633","page","type-page","status-publish","hentry"],"_links":{"self":[{"href":"https:\/\/www.dalmatien-online.de\/de\/wp-json\/wp\/v2\/pages\/2633","targetHints":{"allow":["GET"]}}],"collection":[{"href":"https:\/\/www.dalmatien-online.de\/de\/wp-json\/wp\/v2\/pages"}],"about":[{"href":"https:\/\/www.dalmatien-online.de\/de\/wp-json\/wp\/v2\/types\/page"}],"author":[{"embeddable":true,"href":"https:\/\/www.dalmatien-online.de\/de\/wp-json\/wp\/v2\/users\/2"}],"replies":[{"embeddable":true,"href":"https:\/\/www.dalmatien-online.de\/de\/wp-json\/wp\/v2\/comments?post=2633"}],"version-history":[{"count":3,"href":"https:\/\/www.dalmatien-online.de\/de\/wp-json\/wp\/v2\/pages\/2633\/revisions"}],"predecessor-version":[{"id":3297,"href":"https:\/\/www.dalmatien-online.de\/de\/wp-json\/wp\/v2\/pages\/2633\/revisions\/3297"}],"wp:attachment":[{"href":"https:\/\/www.dalmatien-online.de\/de\/wp-json\/wp\/v2\/media?parent=2633"}],"wp:term":[{"taxonomy":"post_tag","embeddable":true,"href":"https:\/\/www.dalmatien-online.de\/de\/wp-json\/wp\/v2\/tags?post=2633"}],"curies":[{"name":"wp","href":"https:\/\/api.w.org\/{rel}","templated":true}]}}