{"id":2790,"date":"2020-06-23T09:59:54","date_gmt":"2020-06-23T08:59:54","guid":{"rendered":"https:\/\/www.dalmatien-online.de\/?page_id=2790"},"modified":"2020-06-23T10:15:39","modified_gmt":"2020-06-23T09:15:39","slug":"zeitzeugen-der-architektur","status":"publish","type":"page","link":"https:\/\/www.dalmatien-online.de\/de\/zeitzeugen-der-architektur\/","title":{"rendered":"Zeitzeugen der Architektur"},"content":{"rendered":"\n<p>Nicht nur in der Spliter Altstadt sind historische Elemente aus der Historie der K\u00fcstenstadt zu finden. Unterwegs, zum Beispiel im Industriegebiet der Stadt oder in anderen Vierteln, solpert man immer wieder \u00fcber Sarkophage aus vorchristlicher Zeit oder andere \u00dcberbleibsel aus der Geschichte der K\u00fcstenregion, einfach zur Seite ger\u00e4umt, eingebaut oder wieder verwendet. Hier ein paar Impressionen.<\/p>\n\n\n\n<figure class=\"wp-block-image size-large\"><img loading=\"lazy\" decoding=\"async\" width=\"683\" height=\"1024\" src=\"https:\/\/www.dalmatien-online.de\/wp-content\/uploads\/2020\/06\/A-fr-Peristil-2-683x1024.jpg\" alt=\"\" class=\"wp-image-2792\" srcset=\"https:\/\/www.dalmatien-online.de\/wp-content\/uploads\/2020\/06\/A-fr-Peristil-2-683x1024.jpg 683w, https:\/\/www.dalmatien-online.de\/wp-content\/uploads\/2020\/06\/A-fr-Peristil-2-200x300.jpg 200w, https:\/\/www.dalmatien-online.de\/wp-content\/uploads\/2020\/06\/A-fr-Peristil-2-768x1152.jpg 768w, https:\/\/www.dalmatien-online.de\/wp-content\/uploads\/2020\/06\/A-fr-Peristil-2-1024x1536.jpg 1024w, https:\/\/www.dalmatien-online.de\/wp-content\/uploads\/2020\/06\/A-fr-Peristil-2-1365x2048.jpg 1365w, https:\/\/www.dalmatien-online.de\/wp-content\/uploads\/2020\/06\/A-fr-Peristil-2-250x375.jpg 250w, https:\/\/www.dalmatien-online.de\/wp-content\/uploads\/2020\/06\/A-fr-Peristil-2-scaled.jpg 1707w\" sizes=\"auto, (max-width: 683px) 100vw, 683px\" \/><\/figure>\n\n\n\n<figure class=\"wp-block-image size-large\"><img loading=\"lazy\" decoding=\"async\" width=\"679\" height=\"1024\" src=\"https:\/\/www.dalmatien-online.de\/wp-content\/uploads\/2020\/06\/A-fr-Peristil-1-679x1024.jpg\" alt=\"\" class=\"wp-image-2793\" srcset=\"https:\/\/www.dalmatien-online.de\/wp-content\/uploads\/2020\/06\/A-fr-Peristil-1-679x1024.jpg 679w, https:\/\/www.dalmatien-online.de\/wp-content\/uploads\/2020\/06\/A-fr-Peristil-1-199x300.jpg 199w, https:\/\/www.dalmatien-online.de\/wp-content\/uploads\/2020\/06\/A-fr-Peristil-1-768x1159.jpg 768w, https:\/\/www.dalmatien-online.de\/wp-content\/uploads\/2020\/06\/A-fr-Peristil-1-250x377.jpg 250w, https:\/\/www.dalmatien-online.de\/wp-content\/uploads\/2020\/06\/A-fr-Peristil-1.jpg 983w\" sizes=\"auto, (max-width: 679px) 100vw, 679px\" \/><\/figure>\n\n\n\n<figure class=\"wp-block-image size-large\"><img loading=\"lazy\" decoding=\"async\" width=\"1024\" height=\"683\" src=\"https:\/\/www.dalmatien-online.de\/wp-content\/uploads\/2020\/06\/A-Split-Do-golub-1-1-1024x683.jpg\" alt=\"\" class=\"wp-image-2794\" srcset=\"https:\/\/www.dalmatien-online.de\/wp-content\/uploads\/2020\/06\/A-Split-Do-golub-1-1-1024x683.jpg 1024w, https:\/\/www.dalmatien-online.de\/wp-content\/uploads\/2020\/06\/A-Split-Do-golub-1-1-300x200.jpg 300w, https:\/\/www.dalmatien-online.de\/wp-content\/uploads\/2020\/06\/A-Split-Do-golub-1-1-768x512.jpg 768w, https:\/\/www.dalmatien-online.de\/wp-content\/uploads\/2020\/06\/A-Split-Do-golub-1-1-250x167.jpg 250w, https:\/\/www.dalmatien-online.de\/wp-content\/uploads\/2020\/06\/A-Split-Do-golub-1-1-400x267.jpg 400w, https:\/\/www.dalmatien-online.de\/wp-content\/uploads\/2020\/06\/A-Split-Do-golub-1-1.jpg 1500w\" sizes=\"auto, (max-width: 1024px) 100vw, 1024px\" \/><\/figure>\n\n\n\n<figure class=\"wp-block-image size-large\"><img loading=\"lazy\" decoding=\"async\" width=\"1024\" height=\"683\" src=\"https:\/\/www.dalmatien-online.de\/wp-content\/uploads\/2020\/06\/A-Split-Pics-D-online-2-1-1024x683.jpg\" alt=\"\" class=\"wp-image-2796\" srcset=\"https:\/\/www.dalmatien-online.de\/wp-content\/uploads\/2020\/06\/A-Split-Pics-D-online-2-1-1024x683.jpg 1024w, https:\/\/www.dalmatien-online.de\/wp-content\/uploads\/2020\/06\/A-Split-Pics-D-online-2-1-300x200.jpg 300w, https:\/\/www.dalmatien-online.de\/wp-content\/uploads\/2020\/06\/A-Split-Pics-D-online-2-1-768x512.jpg 768w, https:\/\/www.dalmatien-online.de\/wp-content\/uploads\/2020\/06\/A-Split-Pics-D-online-2-1-250x167.jpg 250w, https:\/\/www.dalmatien-online.de\/wp-content\/uploads\/2020\/06\/A-Split-Pics-D-online-2-1-400x267.jpg 400w, https:\/\/www.dalmatien-online.de\/wp-content\/uploads\/2020\/06\/A-Split-Pics-D-online-2-1.jpg 1500w\" sizes=\"auto, (max-width: 1024px) 100vw, 1024px\" \/><\/figure>\n\n\n\n<figure class=\"wp-block-image size-large\"><img loading=\"lazy\" decoding=\"async\" width=\"683\" height=\"1024\" src=\"https:\/\/www.dalmatien-online.de\/wp-content\/uploads\/2020\/06\/A-Split-131119-abend-1-683x1024.jpg\" alt=\"\" class=\"wp-image-2797\" srcset=\"https:\/\/www.dalmatien-online.de\/wp-content\/uploads\/2020\/06\/A-Split-131119-abend-1-683x1024.jpg 683w, https:\/\/www.dalmatien-online.de\/wp-content\/uploads\/2020\/06\/A-Split-131119-abend-1-200x300.jpg 200w, https:\/\/www.dalmatien-online.de\/wp-content\/uploads\/2020\/06\/A-Split-131119-abend-1-768x1152.jpg 768w, https:\/\/www.dalmatien-online.de\/wp-content\/uploads\/2020\/06\/A-Split-131119-abend-1-250x375.jpg 250w, https:\/\/www.dalmatien-online.de\/wp-content\/uploads\/2020\/06\/A-Split-131119-abend-1.jpg 1000w\" sizes=\"auto, (max-width: 683px) 100vw, 683px\" \/><\/figure>\n\n\n\n<figure class=\"wp-block-image size-large\"><img loading=\"lazy\" decoding=\"async\" width=\"683\" height=\"1024\" src=\"https:\/\/www.dalmatien-online.de\/wp-content\/uploads\/2020\/06\/A-Split-151119-5-683x1024.jpg\" alt=\"\" class=\"wp-image-2798\" srcset=\"https:\/\/www.dalmatien-online.de\/wp-content\/uploads\/2020\/06\/A-Split-151119-5-683x1024.jpg 683w, https:\/\/www.dalmatien-online.de\/wp-content\/uploads\/2020\/06\/A-Split-151119-5-200x300.jpg 200w, https:\/\/www.dalmatien-online.de\/wp-content\/uploads\/2020\/06\/A-Split-151119-5-768x1152.jpg 768w, https:\/\/www.dalmatien-online.de\/wp-content\/uploads\/2020\/06\/A-Split-151119-5-250x375.jpg 250w, https:\/\/www.dalmatien-online.de\/wp-content\/uploads\/2020\/06\/A-Split-151119-5.jpg 1000w\" sizes=\"auto, (max-width: 683px) 100vw, 683px\" \/><\/figure>\n\n\n\n<figure class=\"wp-block-image size-large\"><img loading=\"lazy\" decoding=\"async\" width=\"1024\" height=\"683\" src=\"https:\/\/www.dalmatien-online.de\/wp-content\/uploads\/2020\/06\/A-Split-301119-3-1024x683.jpg\" alt=\"\" class=\"wp-image-2799\" srcset=\"https:\/\/www.dalmatien-online.de\/wp-content\/uploads\/2020\/06\/A-Split-301119-3-1024x683.jpg 1024w, https:\/\/www.dalmatien-online.de\/wp-content\/uploads\/2020\/06\/A-Split-301119-3-300x200.jpg 300w, https:\/\/www.dalmatien-online.de\/wp-content\/uploads\/2020\/06\/A-Split-301119-3-768x512.jpg 768w, https:\/\/www.dalmatien-online.de\/wp-content\/uploads\/2020\/06\/A-Split-301119-3-250x167.jpg 250w, https:\/\/www.dalmatien-online.de\/wp-content\/uploads\/2020\/06\/A-Split-301119-3-400x267.jpg 400w, https:\/\/www.dalmatien-online.de\/wp-content\/uploads\/2020\/06\/A-Split-301119-3.jpg 1500w\" sizes=\"auto, (max-width: 1024px) 100vw, 1024px\" \/><figcaption><strong><a href=\"https:\/\/www.dalmatien-online.de\/de\/split\/\">ZUR\u00dcCK<\/a><\/strong><\/figcaption><\/figure>\n\n\n\n\n\n<p><\/p>\n\n\n\n<hr class=\"wp-block-separator\"\/>\n\n\n\n\n","protected":false},"excerpt":{"rendered":"<p>Nicht nur in der Spliter Altstadt sind historische Elemente aus der Historie der K\u00fcstenstadt zu finden. Unterwegs, zum Beispiel im Industriegebiet der Stadt oder in anderen Vierteln, solpert man immer <a class=\"more-link\" href=\"https:\/\/www.dalmatien-online.de\/de\/zeitzeugen-der-architektur\/\">weiterlesen&#8230;<\/a><\/p>\n","protected":false},"author":2,"featured_media":0,"parent":0,"menu_order":0,"comment_status":"closed","ping_status":"closed","template":"","meta":{"footnotes":"","_links_to":"","_links_to_target":""},"tags":[],"class_list":["post-2790","page","type-page","status-publish","hentry"],"_links":{"self":[{"href":"https:\/\/www.dalmatien-online.de\/de\/wp-json\/wp\/v2\/pages\/2790","targetHints":{"allow":["GET"]}}],"collection":[{"href":"https:\/\/www.dalmatien-online.de\/de\/wp-json\/wp\/v2\/pages"}],"about":[{"href":"https:\/\/www.dalmatien-online.de\/de\/wp-json\/wp\/v2\/types\/page"}],"author":[{"embeddable":true,"href":"https:\/\/www.dalmatien-online.de\/de\/wp-json\/wp\/v2\/users\/2"}],"replies":[{"embeddable":true,"href":"https:\/\/www.dalmatien-online.de\/de\/wp-json\/wp\/v2\/comments?post=2790"}],"version-history":[{"count":3,"href":"https:\/\/www.dalmatien-online.de\/de\/wp-json\/wp\/v2\/pages\/2790\/revisions"}],"predecessor-version":[{"id":2802,"href":"https:\/\/www.dalmatien-online.de\/de\/wp-json\/wp\/v2\/pages\/2790\/revisions\/2802"}],"wp:attachment":[{"href":"https:\/\/www.dalmatien-online.de\/de\/wp-json\/wp\/v2\/media?parent=2790"}],"wp:term":[{"taxonomy":"post_tag","embeddable":true,"href":"https:\/\/www.dalmatien-online.de\/de\/wp-json\/wp\/v2\/tags?post=2790"}],"curies":[{"name":"wp","href":"https:\/\/api.w.org\/{rel}","templated":true}]}}