{"id":3064,"date":"2020-06-25T06:37:03","date_gmt":"2020-06-25T05:37:03","guid":{"rendered":"https:\/\/www.dalmatien-online.de\/?page_id=3064"},"modified":"2020-06-25T17:04:14","modified_gmt":"2020-06-25T16:04:14","slug":"die-festung-sv-nikola","status":"publish","type":"page","link":"https:\/\/www.dalmatien-online.de\/de\/die-festung-sv-nikola\/","title":{"rendered":"Die Festung Sv. Nikola \u0160ibenik"},"content":{"rendered":"\n<figure class=\"wp-block-image size-large\"><img loading=\"lazy\" decoding=\"async\" width=\"1024\" height=\"221\" src=\"https:\/\/www.dalmatien-online.de\/wp-content\/uploads\/2020\/06\/0-D-O-Sv-Nikola-t-1024x221.jpg\" alt=\"\" class=\"wp-image-3073\" srcset=\"https:\/\/www.dalmatien-online.de\/wp-content\/uploads\/2020\/06\/0-D-O-Sv-Nikola-t-1024x221.jpg 1024w, https:\/\/www.dalmatien-online.de\/wp-content\/uploads\/2020\/06\/0-D-O-Sv-Nikola-t-300x65.jpg 300w, https:\/\/www.dalmatien-online.de\/wp-content\/uploads\/2020\/06\/0-D-O-Sv-Nikola-t-768x166.jpg 768w, https:\/\/www.dalmatien-online.de\/wp-content\/uploads\/2020\/06\/0-D-O-Sv-Nikola-t-250x54.jpg 250w, https:\/\/www.dalmatien-online.de\/wp-content\/uploads\/2020\/06\/0-D-O-Sv-Nikola-t.jpg 1500w\" sizes=\"auto, (max-width: 1024px) 100vw, 1024px\" \/><figcaption>Im 16. Jahrhundert vom venezianischen Ingenieur Sammichelle erbaut, diente sie zur Verteidigung der Stadt von der Seeseite aus und ist von allen Seiten mit Wasser umgeben. Nur ein kleiner Damm f\u00fchrt hin\u00fcber zum Bauwerk, welches in seiner Gr\u00f6\u00dfe und Bulligkeit beeindruckt.<\/figcaption><\/figure>\n\n\n\n<figure class=\"wp-block-image size-large\"><img loading=\"lazy\" decoding=\"async\" width=\"1024\" height=\"683\" src=\"https:\/\/www.dalmatien-online.de\/wp-content\/uploads\/2020\/06\/A-Kanal-sv-Ante-18-4-1024x683.jpg\" alt=\"\" class=\"wp-image-3068\" srcset=\"https:\/\/www.dalmatien-online.de\/wp-content\/uploads\/2020\/06\/A-Kanal-sv-Ante-18-4-1024x683.jpg 1024w, https:\/\/www.dalmatien-online.de\/wp-content\/uploads\/2020\/06\/A-Kanal-sv-Ante-18-4-300x200.jpg 300w, https:\/\/www.dalmatien-online.de\/wp-content\/uploads\/2020\/06\/A-Kanal-sv-Ante-18-4-768x512.jpg 768w, https:\/\/www.dalmatien-online.de\/wp-content\/uploads\/2020\/06\/A-Kanal-sv-Ante-18-4-250x167.jpg 250w, https:\/\/www.dalmatien-online.de\/wp-content\/uploads\/2020\/06\/A-Kanal-sv-Ante-18-4-400x267.jpg 400w, https:\/\/www.dalmatien-online.de\/wp-content\/uploads\/2020\/06\/A-Kanal-sv-Ante-18-4.jpg 1500w\" sizes=\"auto, (max-width: 1024px) 100vw, 1024px\" \/><figcaption>Von hier aus war die Einfahrt durch den Kanal ( unten im Bild) hin zur Stadt gut zu kontrollieren und zu verteidigen. Gegen\u00fcber auf der Landspitze ist der Leuchturm &#8222;Jadrija&#8220; zu sehen, der westlich der Festung liegt und die andere Seite der Kanaleinfahrt begrenzt.<\/figcaption><\/figure>\n\n\n\n<figure class=\"wp-block-image size-large\"><img loading=\"lazy\" decoding=\"async\" width=\"1024\" height=\"683\" src=\"https:\/\/www.dalmatien-online.de\/wp-content\/uploads\/2020\/06\/A-Sibenik-18-Sv-ante-26-1-1024x683.jpg\" alt=\"\" class=\"wp-image-3069\" srcset=\"https:\/\/www.dalmatien-online.de\/wp-content\/uploads\/2020\/06\/A-Sibenik-18-Sv-ante-26-1-1024x683.jpg 1024w, https:\/\/www.dalmatien-online.de\/wp-content\/uploads\/2020\/06\/A-Sibenik-18-Sv-ante-26-1-300x200.jpg 300w, https:\/\/www.dalmatien-online.de\/wp-content\/uploads\/2020\/06\/A-Sibenik-18-Sv-ante-26-1-768x512.jpg 768w, https:\/\/www.dalmatien-online.de\/wp-content\/uploads\/2020\/06\/A-Sibenik-18-Sv-ante-26-1-250x167.jpg 250w, https:\/\/www.dalmatien-online.de\/wp-content\/uploads\/2020\/06\/A-Sibenik-18-Sv-ante-26-1-400x267.jpg 400w, https:\/\/www.dalmatien-online.de\/wp-content\/uploads\/2020\/06\/A-Sibenik-18-Sv-ante-26-1.jpg 1500w\" sizes=\"auto, (max-width: 1024px) 100vw, 1024px\" \/><figcaption>Sieht man etwas genauer hin, so finden sich auch innerhalb der Festungsanlage wieder kleine pers\u00f6nliche Zeitzeugen, wie unten im Bild die Verewigung eines Soldaten von 1914. So zumindest meine Interpretation der Inschrift und Aussage eines alten kroatischen Veterans, mit dem ich dort ein interessantes Gespr\u00e4ch hatte.<\/figcaption><\/figure>\n\n\n\n<figure class=\"wp-block-image size-large\"><img loading=\"lazy\" decoding=\"async\" width=\"1024\" height=\"683\" src=\"https:\/\/www.dalmatien-online.de\/wp-content\/uploads\/2020\/06\/A-Sibenik-18-Sv-ante-30-1-1024x683.jpg\" alt=\"\" class=\"wp-image-3070\" srcset=\"https:\/\/www.dalmatien-online.de\/wp-content\/uploads\/2020\/06\/A-Sibenik-18-Sv-ante-30-1-1024x683.jpg 1024w, https:\/\/www.dalmatien-online.de\/wp-content\/uploads\/2020\/06\/A-Sibenik-18-Sv-ante-30-1-300x200.jpg 300w, https:\/\/www.dalmatien-online.de\/wp-content\/uploads\/2020\/06\/A-Sibenik-18-Sv-ante-30-1-768x512.jpg 768w, https:\/\/www.dalmatien-online.de\/wp-content\/uploads\/2020\/06\/A-Sibenik-18-Sv-ante-30-1-250x167.jpg 250w, https:\/\/www.dalmatien-online.de\/wp-content\/uploads\/2020\/06\/A-Sibenik-18-Sv-ante-30-1-400x267.jpg 400w, https:\/\/www.dalmatien-online.de\/wp-content\/uploads\/2020\/06\/A-Sibenik-18-Sv-ante-30-1.jpg 1500w\" sizes=\"auto, (max-width: 1024px) 100vw, 1024px\" \/><figcaption>Hier nun der Blick von der Seeseite von der Insel Zlarin kommend und auf den Kanal zusteuernd, der sich hinter dem Bollwerk der Verteidigung weiter in Richtung Nordosten zur Stadt hin zieht. Im Hintergrund ist schon ein Teil der Stadt zu sehen und die Festung Sv. Ivan.<\/figcaption><\/figure>\n\n\n\n<figure class=\"wp-block-image size-large\"><img loading=\"lazy\" decoding=\"async\" width=\"1024\" height=\"683\" src=\"https:\/\/www.dalmatien-online.de\/wp-content\/uploads\/2020\/06\/A-Kanal-sv-Ante-18-5-1024x683.jpg\" alt=\"\" class=\"wp-image-3071\" srcset=\"https:\/\/www.dalmatien-online.de\/wp-content\/uploads\/2020\/06\/A-Kanal-sv-Ante-18-5-1024x683.jpg 1024w, https:\/\/www.dalmatien-online.de\/wp-content\/uploads\/2020\/06\/A-Kanal-sv-Ante-18-5-300x200.jpg 300w, https:\/\/www.dalmatien-online.de\/wp-content\/uploads\/2020\/06\/A-Kanal-sv-Ante-18-5-768x512.jpg 768w, https:\/\/www.dalmatien-online.de\/wp-content\/uploads\/2020\/06\/A-Kanal-sv-Ante-18-5-250x167.jpg 250w, https:\/\/www.dalmatien-online.de\/wp-content\/uploads\/2020\/06\/A-Kanal-sv-Ante-18-5-400x267.jpg 400w, https:\/\/www.dalmatien-online.de\/wp-content\/uploads\/2020\/06\/A-Kanal-sv-Ante-18-5.jpg 1500w\" sizes=\"auto, (max-width: 1024px) 100vw, 1024px\" \/><figcaption>Das wahre Ausma\u00df von Sv. Nikola offenbart sich erst im Inneren, hat man die Mauern erklommen. Bei der schieren Gr\u00f6\u00dfe der Anlage bewundert man die Leistung der Erbauer und die Neugier treibt an, weiter im Bauwerk auf Erkundungstour zu gehen.<\/figcaption><\/figure>\n\n\n\n<figure class=\"wp-block-image size-large\"><img loading=\"lazy\" decoding=\"async\" width=\"1024\" height=\"683\" src=\"https:\/\/www.dalmatien-online.de\/wp-content\/uploads\/2020\/06\/A-Sibenik-18-Sv-ante-25-1-1024x683.jpg\" alt=\"\" class=\"wp-image-3077\" srcset=\"https:\/\/www.dalmatien-online.de\/wp-content\/uploads\/2020\/06\/A-Sibenik-18-Sv-ante-25-1-1024x683.jpg 1024w, https:\/\/www.dalmatien-online.de\/wp-content\/uploads\/2020\/06\/A-Sibenik-18-Sv-ante-25-1-300x200.jpg 300w, https:\/\/www.dalmatien-online.de\/wp-content\/uploads\/2020\/06\/A-Sibenik-18-Sv-ante-25-1-768x512.jpg 768w, https:\/\/www.dalmatien-online.de\/wp-content\/uploads\/2020\/06\/A-Sibenik-18-Sv-ante-25-1-250x167.jpg 250w, https:\/\/www.dalmatien-online.de\/wp-content\/uploads\/2020\/06\/A-Sibenik-18-Sv-ante-25-1-400x267.jpg 400w, https:\/\/www.dalmatien-online.de\/wp-content\/uploads\/2020\/06\/A-Sibenik-18-Sv-ante-25-1.jpg 1500w\" sizes=\"auto, (max-width: 1024px) 100vw, 1024px\" \/><figcaption>Der Rundumblick durch die Schie\u00dfscharten auf die Adria und die vorgelagerten Inseln verdeutlicht die einst wichtige strategische Lage des Bauwerks durch die Jahrhunderte f\u00fcr die Stadt und die Region um \u0160ibenik.<\/figcaption><\/figure>\n\n\n\n<figure class=\"wp-block-image size-large\"><img loading=\"lazy\" decoding=\"async\" width=\"1024\" height=\"650\" src=\"https:\/\/www.dalmatien-online.de\/wp-content\/uploads\/2020\/06\/A-Tour-Sv-Nikola-4-1024x650.jpg\" alt=\"\" class=\"wp-image-3083\" srcset=\"https:\/\/www.dalmatien-online.de\/wp-content\/uploads\/2020\/06\/A-Tour-Sv-Nikola-4-1024x650.jpg 1024w, https:\/\/www.dalmatien-online.de\/wp-content\/uploads\/2020\/06\/A-Tour-Sv-Nikola-4-300x190.jpg 300w, https:\/\/www.dalmatien-online.de\/wp-content\/uploads\/2020\/06\/A-Tour-Sv-Nikola-4-768x487.jpg 768w, https:\/\/www.dalmatien-online.de\/wp-content\/uploads\/2020\/06\/A-Tour-Sv-Nikola-4-250x159.jpg 250w, https:\/\/www.dalmatien-online.de\/wp-content\/uploads\/2020\/06\/A-Tour-Sv-Nikola-4.jpg 1412w\" sizes=\"auto, (max-width: 1024px) 100vw, 1024px\" \/><figcaption>Schlie\u00dflich ein rostiges eisernes Tor mit einem Treppenabgang entdeckt, beginnt der gruselige Teil des Erkundens der Wehranlage. Schaurig geht es abw\u00e4rts im Dunkeln bei feucht und fauligem Geruch.<\/figcaption><\/figure>\n\n\n\n<figure class=\"wp-block-image size-large\"><img loading=\"lazy\" decoding=\"async\" width=\"1024\" height=\"664\" src=\"https:\/\/www.dalmatien-online.de\/wp-content\/uploads\/2020\/06\/A-Tour-Sv-Nikola-8-1024x664.jpg\" alt=\"\" class=\"wp-image-3081\" srcset=\"https:\/\/www.dalmatien-online.de\/wp-content\/uploads\/2020\/06\/A-Tour-Sv-Nikola-8-1024x664.jpg 1024w, https:\/\/www.dalmatien-online.de\/wp-content\/uploads\/2020\/06\/A-Tour-Sv-Nikola-8-300x195.jpg 300w, https:\/\/www.dalmatien-online.de\/wp-content\/uploads\/2020\/06\/A-Tour-Sv-Nikola-8-768x498.jpg 768w, https:\/\/www.dalmatien-online.de\/wp-content\/uploads\/2020\/06\/A-Tour-Sv-Nikola-8-250x162.jpg 250w, https:\/\/www.dalmatien-online.de\/wp-content\/uploads\/2020\/06\/A-Tour-Sv-Nikola-8.jpg 1417w\" sizes=\"auto, (max-width: 1024px) 100vw, 1024px\" \/><figcaption>Auch im Untergescho\u00df der Festung erstaunt die immense Fl\u00e4che der verschiedenen R\u00e4umlichkeiten, seien es Zellen f\u00fcr Gefangene, gro\u00dfe Lager oder weitere Verteidigungbauten wie Schie\u00dfscharten knapp \u00fcber dem Niveau des Meeresspiegels.<\/figcaption><\/figure>\n\n\n\n<figure class=\"wp-block-image size-large\"><img loading=\"lazy\" decoding=\"async\" width=\"1024\" height=\"683\" src=\"https:\/\/www.dalmatien-online.de\/wp-content\/uploads\/2020\/06\/A-Sibenik-18-Sv-ante-29-1-1024x683.jpg\" alt=\"\" class=\"wp-image-3078\" srcset=\"https:\/\/www.dalmatien-online.de\/wp-content\/uploads\/2020\/06\/A-Sibenik-18-Sv-ante-29-1-1024x683.jpg 1024w, https:\/\/www.dalmatien-online.de\/wp-content\/uploads\/2020\/06\/A-Sibenik-18-Sv-ante-29-1-300x200.jpg 300w, https:\/\/www.dalmatien-online.de\/wp-content\/uploads\/2020\/06\/A-Sibenik-18-Sv-ante-29-1-768x512.jpg 768w, https:\/\/www.dalmatien-online.de\/wp-content\/uploads\/2020\/06\/A-Sibenik-18-Sv-ante-29-1-250x167.jpg 250w, https:\/\/www.dalmatien-online.de\/wp-content\/uploads\/2020\/06\/A-Sibenik-18-Sv-ante-29-1-400x267.jpg 400w, https:\/\/www.dalmatien-online.de\/wp-content\/uploads\/2020\/06\/A-Sibenik-18-Sv-ante-29-1.jpg 1500w\" sizes=\"auto, (max-width: 1024px) 100vw, 1024px\" \/><figcaption>Alte Wappen zeugen von den alten Herren der Region und der kriegerischen Vergangenheit, langsam dahin modernd. Der Zahn der Zeit nagt an Sv. Nikola. Derzeit wird die Festung restauriert, um den Zustand zu erhalten und sie steht auf der Vorschlagsliste f\u00fcr das UNESCO Weltkulturerbe.<\/figcaption><\/figure>\n\n\n\n<figure class=\"wp-block-image size-large\"><img loading=\"lazy\" decoding=\"async\" width=\"1024\" height=\"689\" src=\"https:\/\/www.dalmatien-online.de\/wp-content\/uploads\/2020\/06\/A-Sibenik-18-Sv-ante-28-1-1024x689.jpg\" alt=\"\" class=\"wp-image-3085\" srcset=\"https:\/\/www.dalmatien-online.de\/wp-content\/uploads\/2020\/06\/A-Sibenik-18-Sv-ante-28-1-1024x689.jpg 1024w, https:\/\/www.dalmatien-online.de\/wp-content\/uploads\/2020\/06\/A-Sibenik-18-Sv-ante-28-1-300x202.jpg 300w, https:\/\/www.dalmatien-online.de\/wp-content\/uploads\/2020\/06\/A-Sibenik-18-Sv-ante-28-1-768x516.jpg 768w, https:\/\/www.dalmatien-online.de\/wp-content\/uploads\/2020\/06\/A-Sibenik-18-Sv-ante-28-1-250x168.jpg 250w, https:\/\/www.dalmatien-online.de\/wp-content\/uploads\/2020\/06\/A-Sibenik-18-Sv-ante-28-1.jpg 1496w\" sizes=\"auto, (max-width: 1024px) 100vw, 1024px\" \/><\/figure>\n\n\n\n<p><strong><a href=\"https:\/\/www.dalmatien-online.de\/de\/sibenik\/\">ZUR\u00dcCK<\/a><\/strong><\/p>\n\n\n\n<hr class=\"wp-block-separator\"\/>\n\n\n\n\n","protected":false},"excerpt":{"rendered":"<p>ZUR\u00dcCK<\/p>\n","protected":false},"author":2,"featured_media":0,"parent":0,"menu_order":0,"comment_status":"closed","ping_status":"closed","template":"","meta":{"footnotes":"","_links_to":"","_links_to_target":""},"tags":[],"class_list":["post-3064","page","type-page","status-publish","hentry"],"_links":{"self":[{"href":"https:\/\/www.dalmatien-online.de\/de\/wp-json\/wp\/v2\/pages\/3064","targetHints":{"allow":["GET"]}}],"collection":[{"href":"https:\/\/www.dalmatien-online.de\/de\/wp-json\/wp\/v2\/pages"}],"about":[{"href":"https:\/\/www.dalmatien-online.de\/de\/wp-json\/wp\/v2\/types\/page"}],"author":[{"embeddable":true,"href":"https:\/\/www.dalmatien-online.de\/de\/wp-json\/wp\/v2\/users\/2"}],"replies":[{"embeddable":true,"href":"https:\/\/www.dalmatien-online.de\/de\/wp-json\/wp\/v2\/comments?post=3064"}],"version-history":[{"count":12,"href":"https:\/\/www.dalmatien-online.de\/de\/wp-json\/wp\/v2\/pages\/3064\/revisions"}],"predecessor-version":[{"id":3115,"href":"https:\/\/www.dalmatien-online.de\/de\/wp-json\/wp\/v2\/pages\/3064\/revisions\/3115"}],"wp:attachment":[{"href":"https:\/\/www.dalmatien-online.de\/de\/wp-json\/wp\/v2\/media?parent=3064"}],"wp:term":[{"taxonomy":"post_tag","embeddable":true,"href":"https:\/\/www.dalmatien-online.de\/de\/wp-json\/wp\/v2\/tags?post=3064"}],"curies":[{"name":"wp","href":"https:\/\/api.w.org\/{rel}","templated":true}]}}