{"id":3363,"date":"2020-07-04T11:06:56","date_gmt":"2020-07-04T10:06:56","guid":{"rendered":"http:\/\/www.dalmatien-online.de\/?page_id=3363"},"modified":"2020-07-04T11:19:47","modified_gmt":"2020-07-04T10:19:47","slug":"ueber-uns","status":"publish","type":"page","link":"https:\/\/www.dalmatien-online.de\/de\/ueber-uns\/","title":{"rendered":"\u00dcber Uns"},"content":{"rendered":"\n<figure class=\"wp-block-image size-large\"><img loading=\"lazy\" decoding=\"async\" width=\"1024\" height=\"221\" src=\"https:\/\/www.dalmatien-online.de\/wp-content\/uploads\/2020\/07\/0-about-us-D-O-t-1024x221.jpg\" alt=\"\" class=\"wp-image-3366\" srcset=\"https:\/\/www.dalmatien-online.de\/wp-content\/uploads\/2020\/07\/0-about-us-D-O-t-1024x221.jpg 1024w, https:\/\/www.dalmatien-online.de\/wp-content\/uploads\/2020\/07\/0-about-us-D-O-t-300x65.jpg 300w, https:\/\/www.dalmatien-online.de\/wp-content\/uploads\/2020\/07\/0-about-us-D-O-t-768x166.jpg 768w, https:\/\/www.dalmatien-online.de\/wp-content\/uploads\/2020\/07\/0-about-us-D-O-t-250x54.jpg 250w, https:\/\/www.dalmatien-online.de\/wp-content\/uploads\/2020\/07\/0-about-us-D-O-t.jpg 1420w\" sizes=\"auto, (max-width: 1024px) 100vw, 1024px\" \/><figcaption>&#8222;Dalmatien Online&#8220; versteht sich als subjektives Portal f\u00fcr Menschen, die sich f\u00fcr Kroatien interessieren und gibt f\u00fcr unerfahrene Reisende reichlich Hilfestellung und Informationen. Unser Schwerpunkt liegt hierbei auf dem S\u00fcden des Landes &#8211; Dalmatien. <br><br>Aufgrund von politischen Entwicklungen und der Auswirkungen des &#8222;Corona&#8220; Viruses k\u00f6nnen wir leider keine Gew\u00e4hr \u00fcber die Richtigkeit der Angaben geben (z. B. Reisebeschr\u00e4nkungen, \u00d6ffnungszeiten oder evetueller Gesch\u00e4ftsschlie\u00dfungen vor Ort usw.).<br><br>Das verwendete Fotomaterial stammt von Andreas MO Schlosser (&#8222;Croatia by MO&#8220;), der das Copyright auf die Fotos besitzt.<br><br><br><br><\/figcaption><\/figure>\n\n\n\n<p><\/p>\n\n\n\n<hr class=\"wp-block-separator\"\/>\n\n\n\n\n","protected":false},"excerpt":{"rendered":"","protected":false},"author":2,"featured_media":0,"parent":0,"menu_order":0,"comment_status":"closed","ping_status":"closed","template":"","meta":{"footnotes":"","_links_to":"","_links_to_target":""},"tags":[],"class_list":["post-3363","page","type-page","status-publish","hentry"],"_links":{"self":[{"href":"https:\/\/www.dalmatien-online.de\/de\/wp-json\/wp\/v2\/pages\/3363","targetHints":{"allow":["GET"]}}],"collection":[{"href":"https:\/\/www.dalmatien-online.de\/de\/wp-json\/wp\/v2\/pages"}],"about":[{"href":"https:\/\/www.dalmatien-online.de\/de\/wp-json\/wp\/v2\/types\/page"}],"author":[{"embeddable":true,"href":"https:\/\/www.dalmatien-online.de\/de\/wp-json\/wp\/v2\/users\/2"}],"replies":[{"embeddable":true,"href":"https:\/\/www.dalmatien-online.de\/de\/wp-json\/wp\/v2\/comments?post=3363"}],"version-history":[{"count":2,"href":"https:\/\/www.dalmatien-online.de\/de\/wp-json\/wp\/v2\/pages\/3363\/revisions"}],"predecessor-version":[{"id":3367,"href":"https:\/\/www.dalmatien-online.de\/de\/wp-json\/wp\/v2\/pages\/3363\/revisions\/3367"}],"wp:attachment":[{"href":"https:\/\/www.dalmatien-online.de\/de\/wp-json\/wp\/v2\/media?parent=3363"}],"wp:term":[{"taxonomy":"post_tag","embeddable":true,"href":"https:\/\/www.dalmatien-online.de\/de\/wp-json\/wp\/v2\/tags?post=3363"}],"curies":[{"name":"wp","href":"https:\/\/api.w.org\/{rel}","templated":true}]}}