{"id":3368,"date":"2020-07-04T11:25:21","date_gmt":"2020-07-04T10:25:21","guid":{"rendered":"http:\/\/www.dalmatien-online.de\/?page_id=3368"},"modified":"2020-07-04T11:25:22","modified_gmt":"2020-07-04T10:25:22","slug":"wie-wohin-transport-in-kroatien","status":"publish","type":"page","link":"https:\/\/www.dalmatien-online.de\/de\/wie-wohin-transport-in-kroatien\/","title":{"rendered":"Wie Wohin? Transport in Kroatien"},"content":{"rendered":"\n<figure class=\"wp-block-image size-large\"><img loading=\"lazy\" decoding=\"async\" width=\"1024\" height=\"257\" src=\"https:\/\/www.dalmatien-online.de\/wp-content\/uploads\/2020\/06\/0-D-O-how-where-t-1024x257.jpg\" alt=\"\" class=\"wp-image-3251\" srcset=\"https:\/\/www.dalmatien-online.de\/wp-content\/uploads\/2020\/06\/0-D-O-how-where-t-1024x257.jpg 1024w, https:\/\/www.dalmatien-online.de\/wp-content\/uploads\/2020\/06\/0-D-O-how-where-t-300x75.jpg 300w, https:\/\/www.dalmatien-online.de\/wp-content\/uploads\/2020\/06\/0-D-O-how-where-t-768x193.jpg 768w, https:\/\/www.dalmatien-online.de\/wp-content\/uploads\/2020\/06\/0-D-O-how-where-t-250x63.jpg 250w, https:\/\/www.dalmatien-online.de\/wp-content\/uploads\/2020\/06\/0-D-O-how-where-t.jpg 1500w\" sizes=\"auto, (max-width: 1024px) 100vw, 1024px\" \/><figcaption>&#8222;Wie Wohin?&#8220;\u2026oder &#8222;Wie von A nach B?&#8220; wenn man Kroatien unterwegs ist oder noch \u00fcber die Anreise nachdenkt. Hier einige Tipp`s und Seiten dazu. Kroatien und das im S\u00fcden liegende Dalmatien verf\u00fcgt \u00fcber hervoragende Verbindungen ins Land per Luft,Wasser oder zu Lande. Mit dem <strong><a rel=\"noreferrer noopener\" href=\"https:\/\/www.zadar-airport.hr\/en\" target=\"_blank\">Flughafen in Zadar<\/a><\/strong>, dem<strong><a rel=\"noreferrer noopener\" href=\"http:\/\/www.split-airport.hr\/index.php?lang=en\" target=\"_blank\"> Flughafen Split<\/a><\/strong> und dem <strong><a rel=\"noreferrer noopener\" href=\"https:\/\/airport-dubrovnik.hr\/index.php\/en\/\" target=\"_blank\">Flughafen Dubrovnik<\/a><\/strong> oder dem <strong><a rel=\"noreferrer noopener\" href=\"https:\/\/www.zagreb-airport.hr\/en\" target=\"_blank\">Flughafen Zagreb<\/a><\/strong> in der Hauptstadt ist man in alle Welt gut vernetzt. <br><\/figcaption><\/figure>\n\n\n\n<figure class=\"wp-block-image size-large\"><img loading=\"lazy\" decoding=\"async\" width=\"1024\" height=\"683\" src=\"https:\/\/www.dalmatien-online.de\/wp-content\/uploads\/2020\/06\/A-Split-Lastovo-4-1-1024x683.jpg\" alt=\"\" class=\"wp-image-3252\" srcset=\"https:\/\/www.dalmatien-online.de\/wp-content\/uploads\/2020\/06\/A-Split-Lastovo-4-1-1024x683.jpg 1024w, https:\/\/www.dalmatien-online.de\/wp-content\/uploads\/2020\/06\/A-Split-Lastovo-4-1-300x200.jpg 300w, https:\/\/www.dalmatien-online.de\/wp-content\/uploads\/2020\/06\/A-Split-Lastovo-4-1-768x512.jpg 768w, https:\/\/www.dalmatien-online.de\/wp-content\/uploads\/2020\/06\/A-Split-Lastovo-4-1-250x167.jpg 250w, https:\/\/www.dalmatien-online.de\/wp-content\/uploads\/2020\/06\/A-Split-Lastovo-4-1-400x267.jpg 400w, https:\/\/www.dalmatien-online.de\/wp-content\/uploads\/2020\/06\/A-Split-Lastovo-4-1.jpg 1500w\" sizes=\"auto, (max-width: 1024px) 100vw, 1024px\" \/><figcaption>Man ist dort auch viel und oft per Boot, Schiff oder Autof\u00e4hre unterwegs, eine herrliche Art zu reisen. Neben dem gr\u00f6\u00dften Anbieter <strong><a rel=\"noreferrer noopener\" href=\"https:\/\/www.jadrolinija.hr\/de\/faehren-kroatien\" target=\"_blank\">&#8222;Jadrolinija&#8220;<\/a><\/strong> gibt es auch noch einige Kleinere wie <strong><a rel=\"noreferrer noopener\" href=\"https:\/\/www.krilo.hr\/en\/\" target=\"_blank\">&#8222;Krilo Jet&#8220;<\/a><\/strong> um mal eine zu nennen. Die Busverbindungen innerhalb Kroatiens sind meiner Erfahrung nach sehr gut, egal ob Lokale Linienetze wie das in Split <strong><a rel=\"noreferrer noopener\" href=\"http:\/\/www.promet-split.hr\/en\/\" target=\"_blank\">&#8222;Promet Split&#8220;<\/a><\/strong> oder die <strong><a rel=\"noreferrer noopener\" href=\"https:\/\/www.buscroatia.com\/\" target=\"_blank\">Fernbusverbindungen<\/a><\/strong> aus jedem gr\u00f6\u00dferen St\u00e4dtchen. Weitere in Kroatien aktive Busunternehmen sind auch <strong><a rel=\"noreferrer noopener\" href=\"https:\/\/cazmatrans.hr\/en\/\" target=\"_blank\">\u010cazmatrans<\/a><\/strong> oder <strong><a rel=\"noreferrer noopener\" href=\"https:\/\/www.promet-makarska.hr\/en\/\" target=\"_blank\">Promet Makarska<\/a><\/strong> mit Ihren Linien entlang der K\u00fcste, im Innland oder den Fernreisen wie u.a. nach Bosnien oder Montenegro usw.<\/figcaption><\/figure>\n\n\n\n<figure class=\"wp-block-image size-large\"><img loading=\"lazy\" decoding=\"async\" width=\"1024\" height=\"683\" src=\"https:\/\/www.dalmatien-online.de\/wp-content\/uploads\/2020\/06\/A-Split-10-19-mi-9-1024x683.jpg\" alt=\"\" class=\"wp-image-2034\" srcset=\"https:\/\/www.dalmatien-online.de\/wp-content\/uploads\/2020\/06\/A-Split-10-19-mi-9-1024x683.jpg 1024w, https:\/\/www.dalmatien-online.de\/wp-content\/uploads\/2020\/06\/A-Split-10-19-mi-9-300x200.jpg 300w, https:\/\/www.dalmatien-online.de\/wp-content\/uploads\/2020\/06\/A-Split-10-19-mi-9-768x512.jpg 768w, https:\/\/www.dalmatien-online.de\/wp-content\/uploads\/2020\/06\/A-Split-10-19-mi-9-250x167.jpg 250w, https:\/\/www.dalmatien-online.de\/wp-content\/uploads\/2020\/06\/A-Split-10-19-mi-9-400x267.jpg 400w, https:\/\/www.dalmatien-online.de\/wp-content\/uploads\/2020\/06\/A-Split-10-19-mi-9.jpg 1500w\" sizes=\"auto, (max-width: 1024px) 100vw, 1024px\" \/><\/figure>\n\n\n\n<hr class=\"wp-block-separator\"\/>\n\n\n\n\n","protected":false},"excerpt":{"rendered":"","protected":false},"author":2,"featured_media":0,"parent":0,"menu_order":0,"comment_status":"closed","ping_status":"closed","template":"","meta":{"footnotes":"","_links_to":"","_links_to_target":""},"tags":[],"class_list":["post-3368","page","type-page","status-publish","hentry"],"_links":{"self":[{"href":"https:\/\/www.dalmatien-online.de\/de\/wp-json\/wp\/v2\/pages\/3368","targetHints":{"allow":["GET"]}}],"collection":[{"href":"https:\/\/www.dalmatien-online.de\/de\/wp-json\/wp\/v2\/pages"}],"about":[{"href":"https:\/\/www.dalmatien-online.de\/de\/wp-json\/wp\/v2\/types\/page"}],"author":[{"embeddable":true,"href":"https:\/\/www.dalmatien-online.de\/de\/wp-json\/wp\/v2\/users\/2"}],"replies":[{"embeddable":true,"href":"https:\/\/www.dalmatien-online.de\/de\/wp-json\/wp\/v2\/comments?post=3368"}],"version-history":[{"count":1,"href":"https:\/\/www.dalmatien-online.de\/de\/wp-json\/wp\/v2\/pages\/3368\/revisions"}],"predecessor-version":[{"id":3369,"href":"https:\/\/www.dalmatien-online.de\/de\/wp-json\/wp\/v2\/pages\/3368\/revisions\/3369"}],"wp:attachment":[{"href":"https:\/\/www.dalmatien-online.de\/de\/wp-json\/wp\/v2\/media?parent=3368"}],"wp:term":[{"taxonomy":"post_tag","embeddable":true,"href":"https:\/\/www.dalmatien-online.de\/de\/wp-json\/wp\/v2\/tags?post=3368"}],"curies":[{"name":"wp","href":"https:\/\/api.w.org\/{rel}","templated":true}]}}