{"id":457,"date":"2020-06-01T12:25:57","date_gmt":"2020-06-01T11:25:57","guid":{"rendered":"https:\/\/www.dalmatien-online.de\/?page_id=457"},"modified":"2020-06-26T08:43:02","modified_gmt":"2020-06-26T07:43:02","slug":"jadran-kamen","status":"publish","type":"page","link":"https:\/\/www.dalmatien-online.de\/de\/jadran-kamen\/","title":{"rendered":"Jadran Kamen"},"content":{"rendered":"\n<figure class=\"wp-block-image size-large\"><img loading=\"lazy\" decoding=\"async\" width=\"1024\" height=\"238\" src=\"https:\/\/www.dalmatien-online.de\/wp-content\/uploads\/2020\/06\/0-D-O-Jadran-Kamen-t-1024x238.jpg\" alt=\"\" class=\"wp-image-3131\" srcset=\"https:\/\/www.dalmatien-online.de\/wp-content\/uploads\/2020\/06\/0-D-O-Jadran-Kamen-t-1024x238.jpg 1024w, https:\/\/www.dalmatien-online.de\/wp-content\/uploads\/2020\/06\/0-D-O-Jadran-Kamen-t-300x70.jpg 300w, https:\/\/www.dalmatien-online.de\/wp-content\/uploads\/2020\/06\/0-D-O-Jadran-Kamen-t-768x179.jpg 768w, https:\/\/www.dalmatien-online.de\/wp-content\/uploads\/2020\/06\/0-D-O-Jadran-Kamen-t-250x58.jpg 250w, https:\/\/www.dalmatien-online.de\/wp-content\/uploads\/2020\/06\/0-D-O-Jadran-Kamen-t.jpg 1388w\" sizes=\"auto, (max-width: 1024px) 100vw, 1024px\" \/><\/figure>\n\n\n\n<hr class=\"wp-block-separator\"\/>\n\n\n\n<figure class=\"wp-block-image size-large\"><img loading=\"lazy\" decoding=\"async\" width=\"1024\" height=\"672\" src=\"https:\/\/www.dalmatien-online.de\/wp-content\/uploads\/2020\/06\/0APu\u010di\u0161\u0107a-Steinbruch-Steinmetzschule-13-1-1024x672.jpg\" alt=\"\" class=\"wp-image-1457\" srcset=\"https:\/\/www.dalmatien-online.de\/wp-content\/uploads\/2020\/06\/0APu\u010di\u0161\u0107a-Steinbruch-Steinmetzschule-13-1-1024x672.jpg 1024w, https:\/\/www.dalmatien-online.de\/wp-content\/uploads\/2020\/06\/0APu\u010di\u0161\u0107a-Steinbruch-Steinmetzschule-13-1-300x197.jpg 300w, https:\/\/www.dalmatien-online.de\/wp-content\/uploads\/2020\/06\/0APu\u010di\u0161\u0107a-Steinbruch-Steinmetzschule-13-1-768x504.jpg 768w, https:\/\/www.dalmatien-online.de\/wp-content\/uploads\/2020\/06\/0APu\u010di\u0161\u0107a-Steinbruch-Steinmetzschule-13-1-250x164.jpg 250w, https:\/\/www.dalmatien-online.de\/wp-content\/uploads\/2020\/06\/0APu\u010di\u0161\u0107a-Steinbruch-Steinmetzschule-13-1.jpg 1413w\" sizes=\"auto, (max-width: 1024px) 100vw, 1024px\" \/><\/figure>\n\n\n\n<figure class=\"wp-block-image size-large\"><img loading=\"lazy\" decoding=\"async\" width=\"1024\" height=\"691\" src=\"https:\/\/www.dalmatien-online.de\/wp-content\/uploads\/2020\/06\/0APu\u010di\u0161\u0107a-Steinbruch-Steinmetzschule-16-1024x691.jpg\" alt=\"\" class=\"wp-image-1458\" srcset=\"https:\/\/www.dalmatien-online.de\/wp-content\/uploads\/2020\/06\/0APu\u010di\u0161\u0107a-Steinbruch-Steinmetzschule-16-1024x691.jpg 1024w, https:\/\/www.dalmatien-online.de\/wp-content\/uploads\/2020\/06\/0APu\u010di\u0161\u0107a-Steinbruch-Steinmetzschule-16-300x203.jpg 300w, https:\/\/www.dalmatien-online.de\/wp-content\/uploads\/2020\/06\/0APu\u010di\u0161\u0107a-Steinbruch-Steinmetzschule-16-768x518.jpg 768w, https:\/\/www.dalmatien-online.de\/wp-content\/uploads\/2020\/06\/0APu\u010di\u0161\u0107a-Steinbruch-Steinmetzschule-16-250x169.jpg 250w, https:\/\/www.dalmatien-online.de\/wp-content\/uploads\/2020\/06\/0APu\u010di\u0161\u0107a-Steinbruch-Steinmetzschule-16.jpg 1385w\" sizes=\"auto, (max-width: 1024px) 100vw, 1024px\" \/><\/figure>\n\n\n\n<figure class=\"wp-block-image size-large\"><img loading=\"lazy\" decoding=\"async\" width=\"1024\" height=\"685\" src=\"https:\/\/www.dalmatien-online.de\/wp-content\/uploads\/2020\/06\/0APu\u010di\u0161\u0107a-Steinbruch-Steinmetzschule-12-1024x685.jpg\" alt=\"\" class=\"wp-image-1459\" srcset=\"https:\/\/www.dalmatien-online.de\/wp-content\/uploads\/2020\/06\/0APu\u010di\u0161\u0107a-Steinbruch-Steinmetzschule-12-1024x685.jpg 1024w, https:\/\/www.dalmatien-online.de\/wp-content\/uploads\/2020\/06\/0APu\u010di\u0161\u0107a-Steinbruch-Steinmetzschule-12-300x201.jpg 300w, https:\/\/www.dalmatien-online.de\/wp-content\/uploads\/2020\/06\/0APu\u010di\u0161\u0107a-Steinbruch-Steinmetzschule-12-768x514.jpg 768w, https:\/\/www.dalmatien-online.de\/wp-content\/uploads\/2020\/06\/0APu\u010di\u0161\u0107a-Steinbruch-Steinmetzschule-12-250x167.jpg 250w, https:\/\/www.dalmatien-online.de\/wp-content\/uploads\/2020\/06\/0APu\u010di\u0161\u0107a-Steinbruch-Steinmetzschule-12-400x267.jpg 400w, https:\/\/www.dalmatien-online.de\/wp-content\/uploads\/2020\/06\/0APu\u010di\u0161\u0107a-Steinbruch-Steinmetzschule-12.jpg 1332w\" sizes=\"auto, (max-width: 1024px) 100vw, 1024px\" \/><figcaption><a href=\"https:\/\/www.dalmatien-online.de\/de\/brac\/\">ZUR\u00dcCK<\/a><\/figcaption><\/figure>\n\n\n\n\n\n\n","protected":false},"excerpt":{"rendered":"","protected":false},"author":2,"featured_media":0,"parent":0,"menu_order":0,"comment_status":"closed","ping_status":"closed","template":"","meta":{"footnotes":"","_links_to":"","_links_to_target":""},"tags":[],"class_list":["post-457","page","type-page","status-publish","hentry"],"_links":{"self":[{"href":"https:\/\/www.dalmatien-online.de\/de\/wp-json\/wp\/v2\/pages\/457","targetHints":{"allow":["GET"]}}],"collection":[{"href":"https:\/\/www.dalmatien-online.de\/de\/wp-json\/wp\/v2\/pages"}],"about":[{"href":"https:\/\/www.dalmatien-online.de\/de\/wp-json\/wp\/v2\/types\/page"}],"author":[{"embeddable":true,"href":"https:\/\/www.dalmatien-online.de\/de\/wp-json\/wp\/v2\/users\/2"}],"replies":[{"embeddable":true,"href":"https:\/\/www.dalmatien-online.de\/de\/wp-json\/wp\/v2\/comments?post=457"}],"version-history":[{"count":4,"href":"https:\/\/www.dalmatien-online.de\/de\/wp-json\/wp\/v2\/pages\/457\/revisions"}],"predecessor-version":[{"id":3132,"href":"https:\/\/www.dalmatien-online.de\/de\/wp-json\/wp\/v2\/pages\/457\/revisions\/3132"}],"wp:attachment":[{"href":"https:\/\/www.dalmatien-online.de\/de\/wp-json\/wp\/v2\/media?parent=457"}],"wp:term":[{"taxonomy":"post_tag","embeddable":true,"href":"https:\/\/www.dalmatien-online.de\/de\/wp-json\/wp\/v2\/tags?post=457"}],"curies":[{"name":"wp","href":"https:\/\/api.w.org\/{rel}","templated":true}]}}