{"id":575,"date":"2020-06-01T15:35:12","date_gmt":"2020-06-01T14:35:12","guid":{"rendered":"https:\/\/www.dalmatien-online.de\/?page_id=575"},"modified":"2020-06-08T15:25:16","modified_gmt":"2020-06-08T14:25:16","slug":"cevapcici","status":"publish","type":"page","link":"https:\/\/www.dalmatien-online.de\/de\/cevapcici\/","title":{"rendered":"\u0106evap\u010di\u0107i"},"content":{"rendered":"\n<figure class=\"wp-block-image size-large\"><img loading=\"lazy\" decoding=\"async\" width=\"1024\" height=\"683\" src=\"https:\/\/www.dalmatien-online.de\/wp-content\/uploads\/2020\/06\/A-Cevape-2-1024x683.jpg\" alt=\"\" class=\"wp-image-579\" srcset=\"https:\/\/www.dalmatien-online.de\/wp-content\/uploads\/2020\/06\/A-Cevape-2-1024x683.jpg 1024w, https:\/\/www.dalmatien-online.de\/wp-content\/uploads\/2020\/06\/A-Cevape-2-300x200.jpg 300w, https:\/\/www.dalmatien-online.de\/wp-content\/uploads\/2020\/06\/A-Cevape-2-768x512.jpg 768w, https:\/\/www.dalmatien-online.de\/wp-content\/uploads\/2020\/06\/A-Cevape-2-250x167.jpg 250w, https:\/\/www.dalmatien-online.de\/wp-content\/uploads\/2020\/06\/A-Cevape-2-400x267.jpg 400w, https:\/\/www.dalmatien-online.de\/wp-content\/uploads\/2020\/06\/A-Cevape-2.jpg 1500w\" sizes=\"auto, (max-width: 1024px) 100vw, 1024px\" \/><\/figure>\n\n\n\n<figure class=\"wp-block-image size-large\"><img loading=\"lazy\" decoding=\"async\" width=\"1024\" height=\"682\" src=\"https:\/\/www.dalmatien-online.de\/wp-content\/uploads\/2020\/06\/A-Cevape-vorb-2-1024x682.jpg\" alt=\"\" class=\"wp-image-578\" srcset=\"https:\/\/www.dalmatien-online.de\/wp-content\/uploads\/2020\/06\/A-Cevape-vorb-2-1024x682.jpg 1024w, https:\/\/www.dalmatien-online.de\/wp-content\/uploads\/2020\/06\/A-Cevape-vorb-2-300x200.jpg 300w, https:\/\/www.dalmatien-online.de\/wp-content\/uploads\/2020\/06\/A-Cevape-vorb-2-768x511.jpg 768w, https:\/\/www.dalmatien-online.de\/wp-content\/uploads\/2020\/06\/A-Cevape-vorb-2-250x166.jpg 250w, https:\/\/www.dalmatien-online.de\/wp-content\/uploads\/2020\/06\/A-Cevape-vorb-2-400x267.jpg 400w, https:\/\/www.dalmatien-online.de\/wp-content\/uploads\/2020\/06\/A-Cevape-vorb-2.jpg 1523w\" sizes=\"auto, (max-width: 1024px) 100vw, 1024px\" \/><\/figure>\n\n\n\n<figure class=\"wp-block-image size-large\"><img loading=\"lazy\" decoding=\"async\" width=\"1024\" height=\"683\" src=\"https:\/\/www.dalmatien-online.de\/wp-content\/uploads\/2020\/06\/A-Cevape-vorb-3-1024x683.jpg\" alt=\"\" class=\"wp-image-580\" srcset=\"https:\/\/www.dalmatien-online.de\/wp-content\/uploads\/2020\/06\/A-Cevape-vorb-3-1024x683.jpg 1024w, https:\/\/www.dalmatien-online.de\/wp-content\/uploads\/2020\/06\/A-Cevape-vorb-3-300x200.jpg 300w, https:\/\/www.dalmatien-online.de\/wp-content\/uploads\/2020\/06\/A-Cevape-vorb-3-768x512.jpg 768w, https:\/\/www.dalmatien-online.de\/wp-content\/uploads\/2020\/06\/A-Cevape-vorb-3-250x167.jpg 250w, https:\/\/www.dalmatien-online.de\/wp-content\/uploads\/2020\/06\/A-Cevape-vorb-3-400x267.jpg 400w, https:\/\/www.dalmatien-online.de\/wp-content\/uploads\/2020\/06\/A-Cevape-vorb-3.jpg 1500w\" sizes=\"auto, (max-width: 1024px) 100vw, 1024px\" \/><\/figure>\n\n\n\n<figure class=\"wp-block-image size-large\"><img loading=\"lazy\" decoding=\"async\" width=\"1024\" height=\"683\" src=\"https:\/\/www.dalmatien-online.de\/wp-content\/uploads\/2020\/06\/A-Cevape-1-1024x683.jpg\" alt=\"\" class=\"wp-image-581\" srcset=\"https:\/\/www.dalmatien-online.de\/wp-content\/uploads\/2020\/06\/A-Cevape-1-1024x683.jpg 1024w, https:\/\/www.dalmatien-online.de\/wp-content\/uploads\/2020\/06\/A-Cevape-1-300x200.jpg 300w, https:\/\/www.dalmatien-online.de\/wp-content\/uploads\/2020\/06\/A-Cevape-1-768x512.jpg 768w, https:\/\/www.dalmatien-online.de\/wp-content\/uploads\/2020\/06\/A-Cevape-1-250x167.jpg 250w, https:\/\/www.dalmatien-online.de\/wp-content\/uploads\/2020\/06\/A-Cevape-1-400x267.jpg 400w, https:\/\/www.dalmatien-online.de\/wp-content\/uploads\/2020\/06\/A-Cevape-1.jpg 1500w\" sizes=\"auto, (max-width: 1024px) 100vw, 1024px\" \/><\/figure>\n\n\n\n<hr class=\"wp-block-separator\"\/>\n\n\n\n\n","protected":false},"excerpt":{"rendered":"","protected":false},"author":2,"featured_media":0,"parent":0,"menu_order":0,"comment_status":"closed","ping_status":"closed","template":"","meta":{"footnotes":"","_links_to":"","_links_to_target":""},"tags":[],"class_list":["post-575","page","type-page","status-publish","hentry"],"_links":{"self":[{"href":"https:\/\/www.dalmatien-online.de\/de\/wp-json\/wp\/v2\/pages\/575","targetHints":{"allow":["GET"]}}],"collection":[{"href":"https:\/\/www.dalmatien-online.de\/de\/wp-json\/wp\/v2\/pages"}],"about":[{"href":"https:\/\/www.dalmatien-online.de\/de\/wp-json\/wp\/v2\/types\/page"}],"author":[{"embeddable":true,"href":"https:\/\/www.dalmatien-online.de\/de\/wp-json\/wp\/v2\/users\/2"}],"replies":[{"embeddable":true,"href":"https:\/\/www.dalmatien-online.de\/de\/wp-json\/wp\/v2\/comments?post=575"}],"version-history":[{"count":3,"href":"https:\/\/www.dalmatien-online.de\/de\/wp-json\/wp\/v2\/pages\/575\/revisions"}],"predecessor-version":[{"id":1717,"href":"https:\/\/www.dalmatien-online.de\/de\/wp-json\/wp\/v2\/pages\/575\/revisions\/1717"}],"wp:attachment":[{"href":"https:\/\/www.dalmatien-online.de\/de\/wp-json\/wp\/v2\/media?parent=575"}],"wp:term":[{"taxonomy":"post_tag","embeddable":true,"href":"https:\/\/www.dalmatien-online.de\/de\/wp-json\/wp\/v2\/tags?post=575"}],"curies":[{"name":"wp","href":"https:\/\/api.w.org\/{rel}","templated":true}]}}