{"id":620,"date":"2020-06-02T09:01:16","date_gmt":"2020-06-02T08:01:16","guid":{"rendered":"https:\/\/www.dalmatien-online.de\/?page_id=620"},"modified":"2020-06-24T05:17:37","modified_gmt":"2020-06-24T04:17:37","slug":"makarska","status":"publish","type":"page","link":"https:\/\/www.dalmatien-online.de\/de\/makarska\/","title":{"rendered":"Makarska Riviera"},"content":{"rendered":"\n<figure class=\"wp-block-image size-large\"><img loading=\"lazy\" decoding=\"async\" width=\"1024\" height=\"255\" src=\"https:\/\/www.dalmatien-online.de\/wp-content\/uploads\/2020\/06\/0-Makarska-R-D-O-t-1024x255.jpg\" alt=\"\" class=\"wp-image-2931\" srcset=\"https:\/\/www.dalmatien-online.de\/wp-content\/uploads\/2020\/06\/0-Makarska-R-D-O-t-1024x255.jpg 1024w, https:\/\/www.dalmatien-online.de\/wp-content\/uploads\/2020\/06\/0-Makarska-R-D-O-t-300x75.jpg 300w, https:\/\/www.dalmatien-online.de\/wp-content\/uploads\/2020\/06\/0-Makarska-R-D-O-t-768x191.jpg 768w, https:\/\/www.dalmatien-online.de\/wp-content\/uploads\/2020\/06\/0-Makarska-R-D-O-t-250x62.jpg 250w, https:\/\/www.dalmatien-online.de\/wp-content\/uploads\/2020\/06\/0-Makarska-R-D-O-t.jpg 1500w\" sizes=\"auto, (max-width: 1024px) 100vw, 1024px\" \/><figcaption>Die Makarska Riviera bezeichnet einen knapp 45 -50 Kilometer langen Streifen entlang der K\u00fcstenstra\u00dfe Adria Magistrale (Jadranska magistrala) mit zahlreichen St\u00e4dtchen und vertra\u00fcmten Buchten und ist auf der Landseite vom Massiv des Biokovogebirges begrenzt. Aufgereiht gleich an einer Perlenkette liegen St\u00e4dtchen wie <strong><a rel=\"noreferrer noopener\" href=\"https:\/\/www.dalmatien-online.de\/de\/brela\/\" target=\"_blank\">Brela<\/a><\/strong>, <strong><a rel=\"noreferrer noopener\" href=\"https:\/\/www.dalmatien-online.de\/de\/baska-voda\/\" target=\"_blank\">Ba\u0161ka Voda<\/a><\/strong>, <strong><a rel=\"noreferrer noopener\" href=\"https:\/\/www.dalmatien-online.de\/de\/bratus\/\" target=\"_blank\">Bratu\u0161<\/a><\/strong>, Promajna, Tu\u010depi, Drvenik und <strong><a rel=\"noreferrer noopener\" href=\"https:\/\/www.dalmatien-online.de\/de\/gradac\/\" target=\"_blank\">Gradac<\/a><\/strong> um einige zu nennen. Sie ist sehr beliebt, seien es Pauschal-, Bade- oder Individualtouristen, oder beim leidigen Partyvolk im Hochsommer wie zum Beispiel auf der Hotelseite von Makarska, was auch and der sehr guten Wasserqualit\u00e4t der Str\u00e4nde liegt. Es gibt Zahlreiche mit blauer Flagge. Von Erholung bis Party &#8211; f\u00fcr jeden etwas dabei.<\/figcaption><\/figure>\n\n\n\n<figure class=\"wp-block-image size-large\"><img loading=\"lazy\" decoding=\"async\" width=\"1024\" height=\"675\" src=\"https:\/\/www.dalmatien-online.de\/wp-content\/uploads\/2020\/06\/A-Makarska-3-1024x675.jpg\" alt=\"\" class=\"wp-image-2349\" srcset=\"https:\/\/www.dalmatien-online.de\/wp-content\/uploads\/2020\/06\/A-Makarska-3-1024x675.jpg 1024w, https:\/\/www.dalmatien-online.de\/wp-content\/uploads\/2020\/06\/A-Makarska-3-300x198.jpg 300w, https:\/\/www.dalmatien-online.de\/wp-content\/uploads\/2020\/06\/A-Makarska-3-768x506.jpg 768w, https:\/\/www.dalmatien-online.de\/wp-content\/uploads\/2020\/06\/A-Makarska-3-250x165.jpg 250w, https:\/\/www.dalmatien-online.de\/wp-content\/uploads\/2020\/06\/A-Makarska-3.jpg 1401w\" sizes=\"auto, (max-width: 1024px) 100vw, 1024px\" \/><\/figure>\n\n\n\n<p> Die Anreise an die Makarska Riviera ist am sinnvollsten \u00fcber den <strong><a rel=\"noreferrer noopener\" href=\"http:\/\/www.split-airport.hr\/index.php?lang=en\" target=\"_blank\">Flughafen Ka\u0161tela bei Split<\/a><\/strong>, will man die Umwelt schonen mit <strong><a rel=\"noreferrer noopener\" href=\"https:\/\/getbybus.com\/en\/?gclid=EAIaIQobChMIw9CWj5-G6gIVEcayCh1Y4gLjEAAYASAAEgIfCPD_BwE\" target=\"_blank\">Fernbus<\/a><\/strong>. Die gr\u00f6\u00dferen St\u00e4dtchen entlang der K\u00fcste werden von den meisten Linien angefahren, die kleineren sind gut vom <strong><a rel=\"noreferrer noopener\" href=\"http:\/\/www.autobusni-kolodvor.com\/en\/makarska_16_11.aspx\" target=\"_blank\">Busbahnhof in Makarska<\/a><\/strong> zu erreichen.<\/p>\n\n\n\n<p>Die Hafenstadt Makarska am Fu\u00dfe des Biokovo Gebirges gelegen ist ein wunderbarer Ausgangspunkt f\u00fcr <strong><a rel=\"noreferrer noopener\" href=\"https:\/\/www.dalmatien-online.de\/de\/biokovo\/\" target=\"_blank\">Wander- und Bergtouren in das Bergmassiv<\/a><\/strong>. Makarska empfinde ich als eine Stadt mit zwei Herzen in ihrer Brust. Da ist zum einen die &#8222;Neustadt&#8220; mit ihrem <strong><a rel=\"noreferrer noopener\" href=\"https:\/\/www.dalmatien-online.de\/de\/der-stadtstrand-makarskas\/\" target=\"_blank\">weitl\u00e4ufigen Stadtstrand<\/a><\/strong>, den gro\u00dfen Hotels und dem Troubel und zum anderen <strong><a rel=\"noreferrer noopener\" href=\"https:\/\/www.dalmatien-online.de\/de\/die-altstadt-von-makarska\/\" target=\"_blank\">die Altstadt<\/a><\/strong> mit dem kleinen Hafen und dem anschlie\u00dfenden <strong><a rel=\"noreferrer noopener\" href=\"https:\/\/www.dalmatien-online.de\/de\/der-waldpark-sveti-petar-makarska\/\" target=\"_blank\">Waldparks &#8222;Sveti Petar&#8220;<\/a><\/strong> und dem <strong><a rel=\"noreferrer noopener\" href=\"https:\/\/www.dalmatien-online.de\/de\/der-waldpark-osejava-makarska\/\" target=\"_blank\">Waldpark &#8222;Osejava&#8220;<\/a><\/strong>, die die Hafeneinfahrt an der K\u00fcste einrahmen. Das Gebirge im R\u00fccken ist das Tor in die <strong><a rel=\"noreferrer noopener\" href=\"https:\/\/pp-biokovo.hr\/en\/20\/home\" target=\"_blank\">Wildnis des Biokovo<\/a><\/strong> mit seiner h\u00f6chsten Erhebung den &#8222;Sveti Jure&#8220; mit 1762Metern. Makarska ist auch guter Ausgangspunkt f\u00fcr Ausfl\u00fcge ins Hinterland oder auf die Insel Bra\u010d mit <strong><a rel=\"noreferrer noopener\" href=\"https:\/\/www.jadrolinija.hr\/hr\/schedule\/LineSearchResults\/Index\/2331758\/2331797\/17062020\" target=\"_blank\">F\u00e4hrverbindungen<\/a><\/strong> mehrmals t\u00e4glich nach Sumartin aus dem Hafen.<\/p>\n\n\n\n<figure class=\"wp-block-image size-large\"><img loading=\"lazy\" decoding=\"async\" width=\"1024\" height=\"683\" src=\"https:\/\/www.dalmatien-online.de\/wp-content\/uploads\/2020\/06\/A-Makarska-Di-10-19-3-4-1024x683.jpg\" alt=\"\" class=\"wp-image-653\" srcset=\"https:\/\/www.dalmatien-online.de\/wp-content\/uploads\/2020\/06\/A-Makarska-Di-10-19-3-4-1024x683.jpg 1024w, https:\/\/www.dalmatien-online.de\/wp-content\/uploads\/2020\/06\/A-Makarska-Di-10-19-3-4-300x200.jpg 300w, https:\/\/www.dalmatien-online.de\/wp-content\/uploads\/2020\/06\/A-Makarska-Di-10-19-3-4-768x512.jpg 768w, https:\/\/www.dalmatien-online.de\/wp-content\/uploads\/2020\/06\/A-Makarska-Di-10-19-3-4-250x167.jpg 250w, https:\/\/www.dalmatien-online.de\/wp-content\/uploads\/2020\/06\/A-Makarska-Di-10-19-3-4-400x267.jpg 400w, https:\/\/www.dalmatien-online.de\/wp-content\/uploads\/2020\/06\/A-Makarska-Di-10-19-3-4.jpg 1500w\" sizes=\"auto, (max-width: 1024px) 100vw, 1024px\" \/><\/figure>\n\n\n\n<figure class=\"wp-block-image size-large\"><img loading=\"lazy\" decoding=\"async\" width=\"1024\" height=\"683\" src=\"https:\/\/www.dalmatien-online.de\/wp-content\/uploads\/2020\/06\/A-Makarska-10-19-fr\u00fch-1-1024x683.jpg\" alt=\"\" class=\"wp-image-654\" srcset=\"https:\/\/www.dalmatien-online.de\/wp-content\/uploads\/2020\/06\/A-Makarska-10-19-fr\u00fch-1-1024x683.jpg 1024w, https:\/\/www.dalmatien-online.de\/wp-content\/uploads\/2020\/06\/A-Makarska-10-19-fr\u00fch-1-300x200.jpg 300w, https:\/\/www.dalmatien-online.de\/wp-content\/uploads\/2020\/06\/A-Makarska-10-19-fr\u00fch-1-768x512.jpg 768w, https:\/\/www.dalmatien-online.de\/wp-content\/uploads\/2020\/06\/A-Makarska-10-19-fr\u00fch-1-250x167.jpg 250w, https:\/\/www.dalmatien-online.de\/wp-content\/uploads\/2020\/06\/A-Makarska-10-19-fr\u00fch-1-400x267.jpg 400w, https:\/\/www.dalmatien-online.de\/wp-content\/uploads\/2020\/06\/A-Makarska-10-19-fr\u00fch-1.jpg 1500w\" sizes=\"auto, (max-width: 1024px) 100vw, 1024px\" \/><\/figure>\n\n\n\n<figure class=\"wp-block-image size-large\"><img loading=\"lazy\" decoding=\"async\" width=\"1024\" height=\"683\" src=\"https:\/\/www.dalmatien-online.de\/wp-content\/uploads\/2020\/06\/A-Makarska-Fr-NaMittag-7-1024x683.jpg\" alt=\"\" class=\"wp-image-659\" srcset=\"https:\/\/www.dalmatien-online.de\/wp-content\/uploads\/2020\/06\/A-Makarska-Fr-NaMittag-7-1024x683.jpg 1024w, https:\/\/www.dalmatien-online.de\/wp-content\/uploads\/2020\/06\/A-Makarska-Fr-NaMittag-7-300x200.jpg 300w, https:\/\/www.dalmatien-online.de\/wp-content\/uploads\/2020\/06\/A-Makarska-Fr-NaMittag-7-768x512.jpg 768w, https:\/\/www.dalmatien-online.de\/wp-content\/uploads\/2020\/06\/A-Makarska-Fr-NaMittag-7-250x167.jpg 250w, https:\/\/www.dalmatien-online.de\/wp-content\/uploads\/2020\/06\/A-Makarska-Fr-NaMittag-7-400x267.jpg 400w, https:\/\/www.dalmatien-online.de\/wp-content\/uploads\/2020\/06\/A-Makarska-Fr-NaMittag-7.jpg 1500w\" sizes=\"auto, (max-width: 1024px) 100vw, 1024px\" \/><\/figure>\n\n\n\n<hr class=\"wp-block-separator\"\/>\n\n\n\n<figure class=\"wp-block-image size-large\"><img loading=\"lazy\" decoding=\"async\" width=\"1024\" height=\"683\" src=\"https:\/\/www.dalmatien-online.de\/wp-content\/uploads\/2020\/06\/A-Makarska-Di-7-1024x683.jpg\" alt=\"\" class=\"wp-image-657\" srcset=\"https:\/\/www.dalmatien-online.de\/wp-content\/uploads\/2020\/06\/A-Makarska-Di-7-1024x683.jpg 1024w, https:\/\/www.dalmatien-online.de\/wp-content\/uploads\/2020\/06\/A-Makarska-Di-7-300x200.jpg 300w, https:\/\/www.dalmatien-online.de\/wp-content\/uploads\/2020\/06\/A-Makarska-Di-7-768x512.jpg 768w, https:\/\/www.dalmatien-online.de\/wp-content\/uploads\/2020\/06\/A-Makarska-Di-7-250x167.jpg 250w, https:\/\/www.dalmatien-online.de\/wp-content\/uploads\/2020\/06\/A-Makarska-Di-7-400x267.jpg 400w, https:\/\/www.dalmatien-online.de\/wp-content\/uploads\/2020\/06\/A-Makarska-Di-7.jpg 1500w\" sizes=\"auto, (max-width: 1024px) 100vw, 1024px\" \/><\/figure>\n\n\n\n<figure class=\"wp-block-image size-large\"><img loading=\"lazy\" decoding=\"async\" width=\"1024\" height=\"683\" src=\"https:\/\/www.dalmatien-online.de\/wp-content\/uploads\/2020\/06\/A-makarska-z-dan-18-3-1024x683.jpg\" alt=\"\" class=\"wp-image-658\" srcset=\"https:\/\/www.dalmatien-online.de\/wp-content\/uploads\/2020\/06\/A-makarska-z-dan-18-3-1024x683.jpg 1024w, https:\/\/www.dalmatien-online.de\/wp-content\/uploads\/2020\/06\/A-makarska-z-dan-18-3-300x200.jpg 300w, https:\/\/www.dalmatien-online.de\/wp-content\/uploads\/2020\/06\/A-makarska-z-dan-18-3-768x512.jpg 768w, https:\/\/www.dalmatien-online.de\/wp-content\/uploads\/2020\/06\/A-makarska-z-dan-18-3-250x167.jpg 250w, https:\/\/www.dalmatien-online.de\/wp-content\/uploads\/2020\/06\/A-makarska-z-dan-18-3-400x267.jpg 400w, https:\/\/www.dalmatien-online.de\/wp-content\/uploads\/2020\/06\/A-makarska-z-dan-18-3.jpg 1500w\" sizes=\"auto, (max-width: 1024px) 100vw, 1024px\" \/><\/figure>\n\n\n\n<figure class=\"wp-block-image size-large\"><img loading=\"lazy\" decoding=\"async\" width=\"683\" height=\"1024\" src=\"https:\/\/www.dalmatien-online.de\/wp-content\/uploads\/2020\/06\/A-Makarska-Fr-fr\u00fch-2016-9-683x1024.jpg\" alt=\"\" class=\"wp-image-660\" srcset=\"https:\/\/www.dalmatien-online.de\/wp-content\/uploads\/2020\/06\/A-Makarska-Fr-fr\u00fch-2016-9-683x1024.jpg 683w, https:\/\/www.dalmatien-online.de\/wp-content\/uploads\/2020\/06\/A-Makarska-Fr-fr\u00fch-2016-9-200x300.jpg 200w, https:\/\/www.dalmatien-online.de\/wp-content\/uploads\/2020\/06\/A-Makarska-Fr-fr\u00fch-2016-9-768x1152.jpg 768w, https:\/\/www.dalmatien-online.de\/wp-content\/uploads\/2020\/06\/A-Makarska-Fr-fr\u00fch-2016-9-250x375.jpg 250w, https:\/\/www.dalmatien-online.de\/wp-content\/uploads\/2020\/06\/A-Makarska-Fr-fr\u00fch-2016-9.jpg 1000w\" sizes=\"auto, (max-width: 683px) 100vw, 683px\" \/><\/figure>\n\n\n\n<figure class=\"wp-block-image size-large\"><img loading=\"lazy\" decoding=\"async\" width=\"1024\" height=\"690\" src=\"https:\/\/www.dalmatien-online.de\/wp-content\/uploads\/2020\/06\/A-Makarska-Di-10-19-3-5-1024x690.jpg\" alt=\"\" class=\"wp-image-661\" srcset=\"https:\/\/www.dalmatien-online.de\/wp-content\/uploads\/2020\/06\/A-Makarska-Di-10-19-3-5-1024x690.jpg 1024w, https:\/\/www.dalmatien-online.de\/wp-content\/uploads\/2020\/06\/A-Makarska-Di-10-19-3-5-300x202.jpg 300w, https:\/\/www.dalmatien-online.de\/wp-content\/uploads\/2020\/06\/A-Makarska-Di-10-19-3-5-768x517.jpg 768w, https:\/\/www.dalmatien-online.de\/wp-content\/uploads\/2020\/06\/A-Makarska-Di-10-19-3-5-250x168.jpg 250w, https:\/\/www.dalmatien-online.de\/wp-content\/uploads\/2020\/06\/A-Makarska-Di-10-19-3-5.jpg 1492w\" sizes=\"auto, (max-width: 1024px) 100vw, 1024px\" \/><\/figure>\n\n\n\n\n","protected":false},"excerpt":{"rendered":"<p>Die Anreise an die Makarska Riviera ist am sinnvollsten \u00fcber den Flughafen Ka\u0161tela bei Split, will man die Umwelt schonen mit Fernbus. Die gr\u00f6\u00dferen St\u00e4dtchen entlang der K\u00fcste werden von <a class=\"more-link\" href=\"https:\/\/www.dalmatien-online.de\/de\/makarska\/\">weiterlesen&#8230;<\/a><\/p>\n","protected":false},"author":2,"featured_media":0,"parent":0,"menu_order":0,"comment_status":"closed","ping_status":"closed","template":"","meta":{"footnotes":"","_links_to":"","_links_to_target":""},"tags":[],"class_list":["post-620","page","type-page","status-publish","hentry"],"_links":{"self":[{"href":"https:\/\/www.dalmatien-online.de\/de\/wp-json\/wp\/v2\/pages\/620","targetHints":{"allow":["GET"]}}],"collection":[{"href":"https:\/\/www.dalmatien-online.de\/de\/wp-json\/wp\/v2\/pages"}],"about":[{"href":"https:\/\/www.dalmatien-online.de\/de\/wp-json\/wp\/v2\/types\/page"}],"author":[{"embeddable":true,"href":"https:\/\/www.dalmatien-online.de\/de\/wp-json\/wp\/v2\/users\/2"}],"replies":[{"embeddable":true,"href":"https:\/\/www.dalmatien-online.de\/de\/wp-json\/wp\/v2\/comments?post=620"}],"version-history":[{"count":22,"href":"https:\/\/www.dalmatien-online.de\/de\/wp-json\/wp\/v2\/pages\/620\/revisions"}],"predecessor-version":[{"id":2932,"href":"https:\/\/www.dalmatien-online.de\/de\/wp-json\/wp\/v2\/pages\/620\/revisions\/2932"}],"wp:attachment":[{"href":"https:\/\/www.dalmatien-online.de\/de\/wp-json\/wp\/v2\/media?parent=620"}],"wp:term":[{"taxonomy":"post_tag","embeddable":true,"href":"https:\/\/www.dalmatien-online.de\/de\/wp-json\/wp\/v2\/tags?post=620"}],"curies":[{"name":"wp","href":"https:\/\/api.w.org\/{rel}","templated":true}]}}