{"id":623,"date":"2020-06-02T09:02:51","date_gmt":"2020-06-02T08:02:51","guid":{"rendered":"https:\/\/www.dalmatien-online.de\/?page_id=623"},"modified":"2020-07-04T10:46:13","modified_gmt":"2020-07-04T09:46:13","slug":"omis","status":"publish","type":"page","link":"https:\/\/www.dalmatien-online.de\/de\/omis\/","title":{"rendered":"Omi\u0161"},"content":{"rendered":"\n<figure class=\"wp-block-image size-large\"><img loading=\"lazy\" decoding=\"async\" width=\"1024\" height=\"255\" src=\"https:\/\/www.dalmatien-online.de\/wp-content\/uploads\/2020\/06\/0-D-O-Omi\u0161-t-1024x255.jpg\" alt=\"\" class=\"wp-image-2940\" srcset=\"https:\/\/www.dalmatien-online.de\/wp-content\/uploads\/2020\/06\/0-D-O-Omi\u0161-t-1024x255.jpg 1024w, https:\/\/www.dalmatien-online.de\/wp-content\/uploads\/2020\/06\/0-D-O-Omi\u0161-t-300x75.jpg 300w, https:\/\/www.dalmatien-online.de\/wp-content\/uploads\/2020\/06\/0-D-O-Omi\u0161-t-768x191.jpg 768w, https:\/\/www.dalmatien-online.de\/wp-content\/uploads\/2020\/06\/0-D-O-Omi\u0161-t-1536x382.jpg 1536w, https:\/\/www.dalmatien-online.de\/wp-content\/uploads\/2020\/06\/0-D-O-Omi\u0161-t-250x62.jpg 250w, https:\/\/www.dalmatien-online.de\/wp-content\/uploads\/2020\/06\/0-D-O-Omi\u0161-t.jpg 1860w\" sizes=\"auto, (max-width: 1024px) 100vw, 1024px\" \/><figcaption>S\u00fcdlich knapp 30 Kilometer entfernt von Split liegt Omi\u0161. Die alte Piratenstadt an der K\u00fcste bildet zwischen der Gebirgskette des &#8222;Mosor&#8220; und und der der &#8222;Ragoznica&#8220; das Tor ins Hinterland mit der <strong><a rel=\"noreferrer noopener\" href=\"https:\/\/www.dalmatien-online.de\/de\/die-flussmuendung-der-cetina\/\" target=\"_blank\">M\u00fcndung des Flu\u00dfes &#8222;Cetina&#8220;<\/a><\/strong>. F\u00fcr Leute mit Lust auf Abenteur ist Omi\u0161 der perfekte Spot &#8211; &#8222;Zu Lande, zu Wasser oder in der Luft&#8220;. Ob Bergwandern oder Wandern entlang der Cetina, per <strong><a rel=\"noreferrer noopener\" href=\"https:\/\/www.dalmatien-online.de\/de\/mit-dem-boot-zu-den-radman-muehlen\/\" target=\"_blank\">Boot die Cetina aufw\u00e4rts<\/a><\/strong>, baden an den <strong><a rel=\"noreferrer noopener\" href=\"https:\/\/www.dalmatien-online.de\/de\/die-straende-von-omis\/\" target=\"_blank\">weitl\u00e4ufigen Str\u00e4nden<\/a><\/strong> oder <strong><a rel=\"noreferrer noopener\" href=\"https:\/\/zipline-croatia.com\/en\/\" target=\"_blank\">Zipline \u00fcber den Cetina Canyon<\/a><\/strong> &#8211; <strong><a rel=\"noreferrer noopener\" href=\"https:\/\/www.youtube.com\/watch?v=nYgb1YudIKI\" target=\"_blank\">(Video)<\/a><\/strong>, diese Region hat viel zu bieten. Wandern um Omi\u0161 und in der Region bietet zahllose Routen von k\u00fcrzerer oder l\u00e4ngerer Dauer und Anspruch. Eine k\u00fcrzere und sehr sch\u00f6ne kleinere Tour ist die <strong><a rel=\"noreferrer noopener\" href=\"https:\/\/www.dalmatien-online.de\/de\/von-omis-nach-naklice\/\" target=\"_blank\">von Omi\u0161 nach Naklice und zur kleinen Kapelle &#8222;Sveti Juraj&#8220;<\/a><\/strong> hinter der M\u00fcndung der Cetina in den Bergen nahe Gata<\/figcaption><\/figure>\n\n\n\n<figure class=\"wp-block-image size-large\"><img loading=\"lazy\" decoding=\"async\" width=\"1024\" height=\"677\" src=\"https:\/\/www.dalmatien-online.de\/wp-content\/uploads\/2020\/06\/A-Omis-Fortica-Cetina-masline-ruine-068-1024x677.jpg\" alt=\"\" class=\"wp-image-2628\" srcset=\"https:\/\/www.dalmatien-online.de\/wp-content\/uploads\/2020\/06\/A-Omis-Fortica-Cetina-masline-ruine-068-1024x677.jpg 1024w, https:\/\/www.dalmatien-online.de\/wp-content\/uploads\/2020\/06\/A-Omis-Fortica-Cetina-masline-ruine-068-300x198.jpg 300w, https:\/\/www.dalmatien-online.de\/wp-content\/uploads\/2020\/06\/A-Omis-Fortica-Cetina-masline-ruine-068-768x508.jpg 768w, https:\/\/www.dalmatien-online.de\/wp-content\/uploads\/2020\/06\/A-Omis-Fortica-Cetina-masline-ruine-068-250x165.jpg 250w, https:\/\/www.dalmatien-online.de\/wp-content\/uploads\/2020\/06\/A-Omis-Fortica-Cetina-masline-ruine-068.jpg 1479w\" sizes=\"auto, (max-width: 1024px) 100vw, 1024px\" \/><\/figure>\n\n\n\n<p>In den schmalen Gassen der <strong><a rel=\"noreferrer noopener\" href=\"https:\/\/www.dalmatien-online.de\/de\/die-altstadt-von-omis\/\" target=\"_blank\">Altstadt von Omi\u0161<\/a><\/strong> ist der Hauch der <strong><a rel=\"noreferrer noopener\" href=\"http:\/\/www.omisinfo.com\/omis\/omis-history\/\" target=\"_blank\">Geschichte<\/a><\/strong> \u00fcber die Jahrhunderte allgegenw\u00e4rtig und die <strong><a rel=\"noreferrer noopener\" href=\"https:\/\/www.dalmatien-online.de\/de\/omis-die-festung-starigrad\/\" target=\"_blank\">Festung &#8222;Starigrad&#8220;<\/a><\/strong> \u00fcberhalb der Stadt auf einem Bergkamm zeugt von der Wehrhaftigkeit des K\u00fcstenorts. Direkt in der Altstadt \u0161ber den D\u00e4chern tront der Burgturm der kleinen <strong><a href=\"https:\/\/www.dalmatien-online.de\/de\/die-festung-mirabela\/\" target=\"_blank\" rel=\"noreferrer noopener\">Festung Mirabela<\/a><\/strong>, die man durch das Labyrinth der mittelalterlichen Gassen erreicht.<\/p>\n\n\n\n<figure class=\"wp-block-image size-large\"><img loading=\"lazy\" decoding=\"async\" width=\"1024\" height=\"683\" src=\"https:\/\/www.dalmatien-online.de\/wp-content\/uploads\/2020\/06\/A-omis-fort-1-1-1024x683.jpg\" alt=\"\" class=\"wp-image-714\" srcset=\"https:\/\/www.dalmatien-online.de\/wp-content\/uploads\/2020\/06\/A-omis-fort-1-1-1024x683.jpg 1024w, https:\/\/www.dalmatien-online.de\/wp-content\/uploads\/2020\/06\/A-omis-fort-1-1-300x200.jpg 300w, https:\/\/www.dalmatien-online.de\/wp-content\/uploads\/2020\/06\/A-omis-fort-1-1-768x512.jpg 768w, https:\/\/www.dalmatien-online.de\/wp-content\/uploads\/2020\/06\/A-omis-fort-1-1-250x167.jpg 250w, https:\/\/www.dalmatien-online.de\/wp-content\/uploads\/2020\/06\/A-omis-fort-1-1-400x267.jpg 400w, https:\/\/www.dalmatien-online.de\/wp-content\/uploads\/2020\/06\/A-omis-fort-1-1.jpg 1500w\" sizes=\"auto, (max-width: 1024px) 100vw, 1024px\" \/><figcaption>Hier kann die Seele baumeln bei herrlichen Blicken auf die Altstadt und die Adria. Mit etwas Proviant aufgestiegen zur &#8222;Mirabela&#8220;, kann man dort schon mal den ganzen Nachmittag verbringen. Besser als jeder wohl hoch gelobter &#8222;Hollywood Blockbuster&#8220;.<\/figcaption><\/figure>\n\n\n\n<hr class=\"wp-block-separator\"\/>\n\n\n\n<figure class=\"wp-block-image size-large\"><img loading=\"lazy\" decoding=\"async\" width=\"1024\" height=\"683\" src=\"https:\/\/www.dalmatien-online.de\/wp-content\/uploads\/2020\/06\/A-Mi-9-19-omis-1-1024x683.jpg\" alt=\"\" class=\"wp-image-707\" srcset=\"https:\/\/www.dalmatien-online.de\/wp-content\/uploads\/2020\/06\/A-Mi-9-19-omis-1-1024x683.jpg 1024w, https:\/\/www.dalmatien-online.de\/wp-content\/uploads\/2020\/06\/A-Mi-9-19-omis-1-300x200.jpg 300w, https:\/\/www.dalmatien-online.de\/wp-content\/uploads\/2020\/06\/A-Mi-9-19-omis-1-768x512.jpg 768w, https:\/\/www.dalmatien-online.de\/wp-content\/uploads\/2020\/06\/A-Mi-9-19-omis-1-250x167.jpg 250w, https:\/\/www.dalmatien-online.de\/wp-content\/uploads\/2020\/06\/A-Mi-9-19-omis-1-400x267.jpg 400w, https:\/\/www.dalmatien-online.de\/wp-content\/uploads\/2020\/06\/A-Mi-9-19-omis-1.jpg 1500w\" sizes=\"auto, (max-width: 1024px) 100vw, 1024px\" \/><figcaption>Hier am Rande der Altstadt bei der Br\u00fccke sind die Bootsverleiher beheimatet und starten die meisten Bootstouren die Cetina hinauf. Es lohnt sich auf jeden Fall auch ein Spaziergang entlang des Flu\u00dfes zur M\u00fcndung, egal auf welcher Seite. <\/figcaption><\/figure>\n\n\n\n<figure class=\"wp-block-image size-large\"><img loading=\"lazy\" decoding=\"async\" width=\"1024\" height=\"683\" src=\"https:\/\/www.dalmatien-online.de\/wp-content\/uploads\/2020\/06\/A-M\u00fcndung-Cetina-1-1024x683.jpg\" alt=\"\" class=\"wp-image-708\" srcset=\"https:\/\/www.dalmatien-online.de\/wp-content\/uploads\/2020\/06\/A-M\u00fcndung-Cetina-1-1024x683.jpg 1024w, https:\/\/www.dalmatien-online.de\/wp-content\/uploads\/2020\/06\/A-M\u00fcndung-Cetina-1-300x200.jpg 300w, https:\/\/www.dalmatien-online.de\/wp-content\/uploads\/2020\/06\/A-M\u00fcndung-Cetina-1-768x512.jpg 768w, https:\/\/www.dalmatien-online.de\/wp-content\/uploads\/2020\/06\/A-M\u00fcndung-Cetina-1-250x167.jpg 250w, https:\/\/www.dalmatien-online.de\/wp-content\/uploads\/2020\/06\/A-M\u00fcndung-Cetina-1-400x267.jpg 400w, https:\/\/www.dalmatien-online.de\/wp-content\/uploads\/2020\/06\/A-M\u00fcndung-Cetina-1.jpg 1500w\" sizes=\"auto, (max-width: 1024px) 100vw, 1024px\" \/><\/figure>\n\n\n\n<figure class=\"wp-block-image size-large\"><img loading=\"lazy\" decoding=\"async\" width=\"1024\" height=\"683\" src=\"https:\/\/www.dalmatien-online.de\/wp-content\/uploads\/2020\/06\/A-omi\u0161-18-d2-6-1024x683.jpg\" alt=\"\" class=\"wp-image-709\" srcset=\"https:\/\/www.dalmatien-online.de\/wp-content\/uploads\/2020\/06\/A-omi\u0161-18-d2-6-1024x683.jpg 1024w, https:\/\/www.dalmatien-online.de\/wp-content\/uploads\/2020\/06\/A-omi\u0161-18-d2-6-300x200.jpg 300w, https:\/\/www.dalmatien-online.de\/wp-content\/uploads\/2020\/06\/A-omi\u0161-18-d2-6-768x512.jpg 768w, https:\/\/www.dalmatien-online.de\/wp-content\/uploads\/2020\/06\/A-omi\u0161-18-d2-6-250x167.jpg 250w, https:\/\/www.dalmatien-online.de\/wp-content\/uploads\/2020\/06\/A-omi\u0161-18-d2-6-400x267.jpg 400w, https:\/\/www.dalmatien-online.de\/wp-content\/uploads\/2020\/06\/A-omi\u0161-18-d2-6.jpg 1500w\" sizes=\"auto, (max-width: 1024px) 100vw, 1024px\" \/><\/figure>\n\n\n\n<figure class=\"wp-block-image size-large\"><img loading=\"lazy\" decoding=\"async\" width=\"1024\" height=\"683\" src=\"https:\/\/www.dalmatien-online.de\/wp-content\/uploads\/2020\/06\/A-usce-2-1024x683.jpg\" alt=\"\" class=\"wp-image-710\" srcset=\"https:\/\/www.dalmatien-online.de\/wp-content\/uploads\/2020\/06\/A-usce-2-1024x683.jpg 1024w, https:\/\/www.dalmatien-online.de\/wp-content\/uploads\/2020\/06\/A-usce-2-300x200.jpg 300w, https:\/\/www.dalmatien-online.de\/wp-content\/uploads\/2020\/06\/A-usce-2-768x512.jpg 768w, https:\/\/www.dalmatien-online.de\/wp-content\/uploads\/2020\/06\/A-usce-2-250x167.jpg 250w, https:\/\/www.dalmatien-online.de\/wp-content\/uploads\/2020\/06\/A-usce-2-400x267.jpg 400w, https:\/\/www.dalmatien-online.de\/wp-content\/uploads\/2020\/06\/A-usce-2.jpg 1500w\" sizes=\"auto, (max-width: 1024px) 100vw, 1024px\" \/><\/figure>\n\n\n\n<figure class=\"wp-block-image size-large\"><img loading=\"lazy\" decoding=\"async\" width=\"1024\" height=\"683\" src=\"https:\/\/www.dalmatien-online.de\/wp-content\/uploads\/2020\/06\/A-Omis-18-d2-3-1024x683.jpg\" alt=\"\" class=\"wp-image-711\" srcset=\"https:\/\/www.dalmatien-online.de\/wp-content\/uploads\/2020\/06\/A-Omis-18-d2-3-1024x683.jpg 1024w, https:\/\/www.dalmatien-online.de\/wp-content\/uploads\/2020\/06\/A-Omis-18-d2-3-300x200.jpg 300w, https:\/\/www.dalmatien-online.de\/wp-content\/uploads\/2020\/06\/A-Omis-18-d2-3-768x512.jpg 768w, https:\/\/www.dalmatien-online.de\/wp-content\/uploads\/2020\/06\/A-Omis-18-d2-3-250x167.jpg 250w, https:\/\/www.dalmatien-online.de\/wp-content\/uploads\/2020\/06\/A-Omis-18-d2-3-400x267.jpg 400w, https:\/\/www.dalmatien-online.de\/wp-content\/uploads\/2020\/06\/A-Omis-18-d2-3.jpg 1500w\" sizes=\"auto, (max-width: 1024px) 100vw, 1024px\" \/><\/figure>\n\n\n\n<figure class=\"wp-block-image size-large\"><img loading=\"lazy\" decoding=\"async\" width=\"1024\" height=\"683\" src=\"https:\/\/www.dalmatien-online.de\/wp-content\/uploads\/2020\/06\/A-omi\u0161-9-19-1-1024x683.jpg\" alt=\"\" class=\"wp-image-712\" srcset=\"https:\/\/www.dalmatien-online.de\/wp-content\/uploads\/2020\/06\/A-omi\u0161-9-19-1-1024x683.jpg 1024w, https:\/\/www.dalmatien-online.de\/wp-content\/uploads\/2020\/06\/A-omi\u0161-9-19-1-300x200.jpg 300w, https:\/\/www.dalmatien-online.de\/wp-content\/uploads\/2020\/06\/A-omi\u0161-9-19-1-768x512.jpg 768w, https:\/\/www.dalmatien-online.de\/wp-content\/uploads\/2020\/06\/A-omi\u0161-9-19-1-250x167.jpg 250w, https:\/\/www.dalmatien-online.de\/wp-content\/uploads\/2020\/06\/A-omi\u0161-9-19-1-400x267.jpg 400w, https:\/\/www.dalmatien-online.de\/wp-content\/uploads\/2020\/06\/A-omi\u0161-9-19-1.jpg 1500w\" sizes=\"auto, (max-width: 1024px) 100vw, 1024px\" \/><\/figure>\n\n\n\n<figure class=\"wp-block-image size-large\"><img loading=\"lazy\" decoding=\"async\" width=\"1024\" height=\"683\" src=\"https:\/\/www.dalmatien-online.de\/wp-content\/uploads\/2020\/06\/A-Omi\u0161-nemira-5-1024x683.jpg\" alt=\"\" class=\"wp-image-716\" srcset=\"https:\/\/www.dalmatien-online.de\/wp-content\/uploads\/2020\/06\/A-Omi\u0161-nemira-5-1024x683.jpg 1024w, https:\/\/www.dalmatien-online.de\/wp-content\/uploads\/2020\/06\/A-Omi\u0161-nemira-5-300x200.jpg 300w, https:\/\/www.dalmatien-online.de\/wp-content\/uploads\/2020\/06\/A-Omi\u0161-nemira-5-768x512.jpg 768w, https:\/\/www.dalmatien-online.de\/wp-content\/uploads\/2020\/06\/A-Omi\u0161-nemira-5-250x167.jpg 250w, https:\/\/www.dalmatien-online.de\/wp-content\/uploads\/2020\/06\/A-Omi\u0161-nemira-5-400x267.jpg 400w, https:\/\/www.dalmatien-online.de\/wp-content\/uploads\/2020\/06\/A-Omi\u0161-nemira-5.jpg 1500w\" sizes=\"auto, (max-width: 1024px) 100vw, 1024px\" \/><\/figure>\n\n\n\n\n","protected":false},"excerpt":{"rendered":"<p>In den schmalen Gassen der Altstadt von Omi\u0161 ist der Hauch der Geschichte \u00fcber die Jahrhunderte allgegenw\u00e4rtig und die Festung &#8222;Starigrad&#8220; \u00fcberhalb der Stadt auf einem Bergkamm zeugt von der <a class=\"more-link\" href=\"https:\/\/www.dalmatien-online.de\/de\/omis\/\">weiterlesen&#8230;<\/a><\/p>\n","protected":false},"author":2,"featured_media":0,"parent":0,"menu_order":0,"comment_status":"closed","ping_status":"closed","template":"","meta":{"footnotes":"","_links_to":"","_links_to_target":""},"tags":[],"class_list":["post-623","page","type-page","status-publish","hentry"],"_links":{"self":[{"href":"https:\/\/www.dalmatien-online.de\/de\/wp-json\/wp\/v2\/pages\/623","targetHints":{"allow":["GET"]}}],"collection":[{"href":"https:\/\/www.dalmatien-online.de\/de\/wp-json\/wp\/v2\/pages"}],"about":[{"href":"https:\/\/www.dalmatien-online.de\/de\/wp-json\/wp\/v2\/types\/page"}],"author":[{"embeddable":true,"href":"https:\/\/www.dalmatien-online.de\/de\/wp-json\/wp\/v2\/users\/2"}],"replies":[{"embeddable":true,"href":"https:\/\/www.dalmatien-online.de\/de\/wp-json\/wp\/v2\/comments?post=623"}],"version-history":[{"count":19,"href":"https:\/\/www.dalmatien-online.de\/de\/wp-json\/wp\/v2\/pages\/623\/revisions"}],"predecessor-version":[{"id":2941,"href":"https:\/\/www.dalmatien-online.de\/de\/wp-json\/wp\/v2\/pages\/623\/revisions\/2941"}],"wp:attachment":[{"href":"https:\/\/www.dalmatien-online.de\/de\/wp-json\/wp\/v2\/media?parent=623"}],"wp:term":[{"taxonomy":"post_tag","embeddable":true,"href":"https:\/\/www.dalmatien-online.de\/de\/wp-json\/wp\/v2\/tags?post=623"}],"curies":[{"name":"wp","href":"https:\/\/api.w.org\/{rel}","templated":true}]}}