{"id":638,"date":"2020-06-02T09:11:39","date_gmt":"2020-06-02T08:11:39","guid":{"rendered":"https:\/\/www.dalmatien-online.de\/?page_id=638"},"modified":"2020-07-04T17:20:06","modified_gmt":"2020-07-04T16:20:06","slug":"primosten","status":"publish","type":"page","link":"https:\/\/www.dalmatien-online.de\/de\/primosten\/","title":{"rendered":"Primo\u0161ten"},"content":{"rendered":"\n<figure class=\"wp-block-image size-large\"><img loading=\"lazy\" decoding=\"async\" width=\"1024\" height=\"249\" src=\"https:\/\/www.dalmatien-online.de\/wp-content\/uploads\/2020\/06\/0-D-O-Primo\u0161ten-t-1024x249.jpg\" alt=\"\" class=\"wp-image-2948\" srcset=\"https:\/\/www.dalmatien-online.de\/wp-content\/uploads\/2020\/06\/0-D-O-Primo\u0161ten-t-1024x249.jpg 1024w, https:\/\/www.dalmatien-online.de\/wp-content\/uploads\/2020\/06\/0-D-O-Primo\u0161ten-t-300x73.jpg 300w, https:\/\/www.dalmatien-online.de\/wp-content\/uploads\/2020\/06\/0-D-O-Primo\u0161ten-t-768x187.jpg 768w, https:\/\/www.dalmatien-online.de\/wp-content\/uploads\/2020\/06\/0-D-O-Primo\u0161ten-t-250x61.jpg 250w, https:\/\/www.dalmatien-online.de\/wp-content\/uploads\/2020\/06\/0-D-O-Primo\u0161ten-t.jpg 1453w\" sizes=\"auto, (max-width: 1024px) 100vw, 1024px\" \/><figcaption>Der beliebte Ferienort Primo\u0161ten liegt zwischen \u0160ibenik und Split. Die Altstadt des Ortes mit ihren vielen kleinen Gassen wurde auf eine kleine Insel vor der K\u00fcste gebaut, die heute durch einen kleinen Deich mit dem Festland verbunden ist. <\/figcaption><\/figure>\n\n\n\n<figure class=\"wp-block-image size-large\"><img loading=\"lazy\" decoding=\"async\" width=\"1024\" height=\"674\" src=\"https:\/\/www.dalmatien-online.de\/wp-content\/uploads\/2020\/06\/Inselcity-klein-1024x674.jpg\" alt=\"\" class=\"wp-image-842\" srcset=\"https:\/\/www.dalmatien-online.de\/wp-content\/uploads\/2020\/06\/Inselcity-klein-1024x674.jpg 1024w, https:\/\/www.dalmatien-online.de\/wp-content\/uploads\/2020\/06\/Inselcity-klein-300x197.jpg 300w, https:\/\/www.dalmatien-online.de\/wp-content\/uploads\/2020\/06\/Inselcity-klein-768x505.jpg 768w, https:\/\/www.dalmatien-online.de\/wp-content\/uploads\/2020\/06\/Inselcity-klein-250x164.jpg 250w, https:\/\/www.dalmatien-online.de\/wp-content\/uploads\/2020\/06\/Inselcity-klein.jpg 1312w\" sizes=\"auto, (max-width: 1024px) 100vw, 1024px\" \/><figcaption>Zahlreiche kleine Bars und Restaurants findet man gerade im \u00e4lteren Teil des Ortes. Das Zentrum des Ortes bildet die Kirche aus dem 15. Jahrhundert &#8222;Sv. Juraj&#8220; auf dem H\u00fcgel des Inselchens. Von hier bieten sich tolle Blicke auf das St\u00e4dtchen selbst und die Umgebung.<\/figcaption><\/figure>\n\n\n\n<hr class=\"wp-block-separator\"\/>\n\n\n\n<figure class=\"wp-block-image size-large\"><img loading=\"lazy\" decoding=\"async\" width=\"683\" height=\"1024\" src=\"https:\/\/www.dalmatien-online.de\/wp-content\/uploads\/2020\/06\/A-Primo\u0161ten-dolazak-1-683x1024.jpg\" alt=\"\" class=\"wp-image-641\" srcset=\"https:\/\/www.dalmatien-online.de\/wp-content\/uploads\/2020\/06\/A-Primo\u0161ten-dolazak-1-683x1024.jpg 683w, https:\/\/www.dalmatien-online.de\/wp-content\/uploads\/2020\/06\/A-Primo\u0161ten-dolazak-1-200x300.jpg 200w, https:\/\/www.dalmatien-online.de\/wp-content\/uploads\/2020\/06\/A-Primo\u0161ten-dolazak-1-768x1152.jpg 768w, https:\/\/www.dalmatien-online.de\/wp-content\/uploads\/2020\/06\/A-Primo\u0161ten-dolazak-1-250x375.jpg 250w, https:\/\/www.dalmatien-online.de\/wp-content\/uploads\/2020\/06\/A-Primo\u0161ten-dolazak-1.jpg 1000w\" sizes=\"auto, (max-width: 683px) 100vw, 683px\" \/><figcaption>N\u00f6rdlich des historischen Teils in einer Bucht ist der gro\u00dfe gerade bei Badeurlaubern beliebte gro\u00dfe Strand &#8222;Mala Radu\u010da&#8220; zu finden, der mit zahllosen Strohschirmen best\u00fcckt ist. S\u00fcdlich &#8211; wie unten im Bild &#8211; entlang einer kleinen Stra\u00dfe und zahreichen Bars gibt es weitere Strandbereiche bis hin zum Strand &#8222;Porat&#8220;.<\/figcaption><\/figure>\n\n\n\n<figure class=\"wp-block-image size-large\"><img loading=\"lazy\" decoding=\"async\" width=\"1024\" height=\"683\" src=\"https:\/\/www.dalmatien-online.de\/wp-content\/uploads\/2020\/06\/A-Primo\u0161ten-dolazak-2-1024x683.jpg\" alt=\"\" class=\"wp-image-642\" srcset=\"https:\/\/www.dalmatien-online.de\/wp-content\/uploads\/2020\/06\/A-Primo\u0161ten-dolazak-2-1024x683.jpg 1024w, https:\/\/www.dalmatien-online.de\/wp-content\/uploads\/2020\/06\/A-Primo\u0161ten-dolazak-2-300x200.jpg 300w, https:\/\/www.dalmatien-online.de\/wp-content\/uploads\/2020\/06\/A-Primo\u0161ten-dolazak-2-768x512.jpg 768w, https:\/\/www.dalmatien-online.de\/wp-content\/uploads\/2020\/06\/A-Primo\u0161ten-dolazak-2-250x167.jpg 250w, https:\/\/www.dalmatien-online.de\/wp-content\/uploads\/2020\/06\/A-Primo\u0161ten-dolazak-2-400x267.jpg 400w, https:\/\/www.dalmatien-online.de\/wp-content\/uploads\/2020\/06\/A-Primo\u0161ten-dolazak-2.jpg 1500w\" sizes=\"auto, (max-width: 1024px) 100vw, 1024px\" \/><figcaption>Reist man per Flieger an, so ist der <strong><a href=\"http:\/\/www.split-airport.hr\/index.php?lang=en\" target=\"_blank\" rel=\"noreferrer noopener\">Flughafen Split<\/a><\/strong> der N\u00e4chstgelegene in ungef\u00e4hr 40 Kilometer Entfernung. Primo\u0161ten wird auch mehrmals t\u00e4glich mit Fernbussen und lokalen Busverbindungen angefahren. Gro\u00dfe Parkbereiche f\u00fcr Pkw stehen au\u00dferhalb des alten Ortsteils zur Verf\u00fcgung.<\/figcaption><\/figure>\n\n\n\n<figure class=\"wp-block-image size-large\"><img loading=\"lazy\" decoding=\"async\" width=\"1024\" height=\"683\" src=\"https:\/\/www.dalmatien-online.de\/wp-content\/uploads\/2020\/06\/A-Primo\u0161ten-dolazak-3-1024x683.jpg\" alt=\"\" class=\"wp-image-643\" srcset=\"https:\/\/www.dalmatien-online.de\/wp-content\/uploads\/2020\/06\/A-Primo\u0161ten-dolazak-3-1024x683.jpg 1024w, https:\/\/www.dalmatien-online.de\/wp-content\/uploads\/2020\/06\/A-Primo\u0161ten-dolazak-3-300x200.jpg 300w, https:\/\/www.dalmatien-online.de\/wp-content\/uploads\/2020\/06\/A-Primo\u0161ten-dolazak-3-768x512.jpg 768w, https:\/\/www.dalmatien-online.de\/wp-content\/uploads\/2020\/06\/A-Primo\u0161ten-dolazak-3-250x167.jpg 250w, https:\/\/www.dalmatien-online.de\/wp-content\/uploads\/2020\/06\/A-Primo\u0161ten-dolazak-3-400x267.jpg 400w, https:\/\/www.dalmatien-online.de\/wp-content\/uploads\/2020\/06\/A-Primo\u0161ten-dolazak-3.jpg 1500w\" sizes=\"auto, (max-width: 1024px) 100vw, 1024px\" \/><figcaption>Oben wie unten im Bild ein kleiner Eindruck der zahlreichen Bars und Restaurants, die sich auf der S\u00fcdseite des Ortes entlang der K\u00fcste aneinanderreihen. Hier kann man entstpannt schlemmen und die Aussicht genie\u00dfen.<\/figcaption><\/figure>\n\n\n\n<figure class=\"wp-block-image size-large\"><img loading=\"lazy\" decoding=\"async\" width=\"1024\" height=\"683\" src=\"https:\/\/www.dalmatien-online.de\/wp-content\/uploads\/2020\/06\/A-Primo\u0161ten-dolazak-4-1024x683.jpg\" alt=\"\" class=\"wp-image-644\" srcset=\"https:\/\/www.dalmatien-online.de\/wp-content\/uploads\/2020\/06\/A-Primo\u0161ten-dolazak-4-1024x683.jpg 1024w, https:\/\/www.dalmatien-online.de\/wp-content\/uploads\/2020\/06\/A-Primo\u0161ten-dolazak-4-300x200.jpg 300w, https:\/\/www.dalmatien-online.de\/wp-content\/uploads\/2020\/06\/A-Primo\u0161ten-dolazak-4-768x512.jpg 768w, https:\/\/www.dalmatien-online.de\/wp-content\/uploads\/2020\/06\/A-Primo\u0161ten-dolazak-4-250x167.jpg 250w, https:\/\/www.dalmatien-online.de\/wp-content\/uploads\/2020\/06\/A-Primo\u0161ten-dolazak-4-400x267.jpg 400w, https:\/\/www.dalmatien-online.de\/wp-content\/uploads\/2020\/06\/A-Primo\u0161ten-dolazak-4.jpg 1500w\" sizes=\"auto, (max-width: 1024px) 100vw, 1024px\" \/><figcaption>Hin und wieder auch mal ein Dalmatiner, der seinen Namen der Region verdankt und wie hier zu sehen auch das Seefahrergen verinnerlicht hat.<\/figcaption><\/figure>\n\n\n\n<figure class=\"wp-block-image size-large\"><img loading=\"lazy\" decoding=\"async\" width=\"1024\" height=\"682\" src=\"https:\/\/www.dalmatien-online.de\/wp-content\/uploads\/2020\/06\/A-Pas-3-1024x682.jpg\" alt=\"\" class=\"wp-image-645\" srcset=\"https:\/\/www.dalmatien-online.de\/wp-content\/uploads\/2020\/06\/A-Pas-3-1024x682.jpg 1024w, https:\/\/www.dalmatien-online.de\/wp-content\/uploads\/2020\/06\/A-Pas-3-300x200.jpg 300w, https:\/\/www.dalmatien-online.de\/wp-content\/uploads\/2020\/06\/A-Pas-3-768x511.jpg 768w, https:\/\/www.dalmatien-online.de\/wp-content\/uploads\/2020\/06\/A-Pas-3-250x166.jpg 250w, https:\/\/www.dalmatien-online.de\/wp-content\/uploads\/2020\/06\/A-Pas-3-400x267.jpg 400w, https:\/\/www.dalmatien-online.de\/wp-content\/uploads\/2020\/06\/A-Pas-3.jpg 1537w\" sizes=\"auto, (max-width: 1024px) 100vw, 1024px\" \/><\/figure>\n\n\n\n\n","protected":false},"excerpt":{"rendered":"","protected":false},"author":2,"featured_media":0,"parent":0,"menu_order":0,"comment_status":"closed","ping_status":"closed","template":"","meta":{"footnotes":"","_links_to":"","_links_to_target":""},"tags":[],"class_list":["post-638","page","type-page","status-publish","hentry"],"_links":{"self":[{"href":"https:\/\/www.dalmatien-online.de\/de\/wp-json\/wp\/v2\/pages\/638","targetHints":{"allow":["GET"]}}],"collection":[{"href":"https:\/\/www.dalmatien-online.de\/de\/wp-json\/wp\/v2\/pages"}],"about":[{"href":"https:\/\/www.dalmatien-online.de\/de\/wp-json\/wp\/v2\/types\/page"}],"author":[{"embeddable":true,"href":"https:\/\/www.dalmatien-online.de\/de\/wp-json\/wp\/v2\/users\/2"}],"replies":[{"embeddable":true,"href":"https:\/\/www.dalmatien-online.de\/de\/wp-json\/wp\/v2\/comments?post=638"}],"version-history":[{"count":6,"href":"https:\/\/www.dalmatien-online.de\/de\/wp-json\/wp\/v2\/pages\/638\/revisions"}],"predecessor-version":[{"id":3383,"href":"https:\/\/www.dalmatien-online.de\/de\/wp-json\/wp\/v2\/pages\/638\/revisions\/3383"}],"wp:attachment":[{"href":"https:\/\/www.dalmatien-online.de\/de\/wp-json\/wp\/v2\/media?parent=638"}],"wp:term":[{"taxonomy":"post_tag","embeddable":true,"href":"https:\/\/www.dalmatien-online.de\/de\/wp-json\/wp\/v2\/tags?post=638"}],"curies":[{"name":"wp","href":"https:\/\/api.w.org\/{rel}","templated":true}]}}