{"id":682,"date":"2020-06-02T09:54:50","date_gmt":"2020-06-02T08:54:50","guid":{"rendered":"https:\/\/www.dalmatien-online.de\/?page_id=682"},"modified":"2020-06-24T05:26:21","modified_gmt":"2020-06-24T04:26:21","slug":"trogir","status":"publish","type":"page","link":"https:\/\/www.dalmatien-online.de\/de\/trogir\/","title":{"rendered":"Trogir"},"content":{"rendered":"\n<hr class=\"wp-block-separator\"\/>\n\n\n\n<figure class=\"wp-block-image size-large\"><img loading=\"lazy\" decoding=\"async\" width=\"1024\" height=\"260\" src=\"https:\/\/www.dalmatien-online.de\/wp-content\/uploads\/2020\/06\/0-D-O-Trogir-t-1024x260.jpg\" alt=\"\" class=\"wp-image-2936\" srcset=\"https:\/\/www.dalmatien-online.de\/wp-content\/uploads\/2020\/06\/0-D-O-Trogir-t-1024x260.jpg 1024w, https:\/\/www.dalmatien-online.de\/wp-content\/uploads\/2020\/06\/0-D-O-Trogir-t-300x76.jpg 300w, https:\/\/www.dalmatien-online.de\/wp-content\/uploads\/2020\/06\/0-D-O-Trogir-t-768x195.jpg 768w, https:\/\/www.dalmatien-online.de\/wp-content\/uploads\/2020\/06\/0-D-O-Trogir-t-250x63.jpg 250w, https:\/\/www.dalmatien-online.de\/wp-content\/uploads\/2020\/06\/0-D-O-Trogir-t.jpg 1069w\" sizes=\"auto, (max-width: 1024px) 100vw, 1024px\" \/><figcaption>Das historische St\u00e4dtchen Trogir unweit von Split auf der Westseite der Bucht von Ka\u0161tela ist wegen seiner Altstadt und Lage beliebtes Ausflugs- und Urlaubziel. Die historische Altstadt geh\u00f6rt zum Weltkulturerbe der <strong><a rel=\"noreferrer noopener\" href=\"https:\/\/whc.unesco.org\/en\/list\/810\/\" target=\"_blank\">UNESCO<\/a><\/strong> und liegt auf einer kleinen Insel zwischen dem Festland und der Insel \u010ciovo. Trogir war schon in vorchristlicher Zeit besiedelt und wurde zur R\u00f6merzeit zu einem wichtigen Hafen in der Region ausgebaut. Mit dem <strong><a rel=\"noreferrer noopener\" href=\"http:\/\/www.split-airport.hr\/index.php?lang=en\" target=\"_blank\">Flughafen Ka\u0161tela<\/a><\/strong> in unmittelbarer N\u00e4he und dem eigenen <strong><a rel=\"noreferrer noopener\" href=\"https:\/\/getbybus.com\/en\/bus-from-trogir\" target=\"_blank\">Fernbusbahnhof<\/a><\/strong> ist das St\u00e4dchen gut vernetzt.<\/figcaption><\/figure>\n\n\n\n<figure class=\"wp-block-image size-large\"><img loading=\"lazy\" decoding=\"async\" width=\"1024\" height=\"679\" src=\"https:\/\/www.dalmatien-online.de\/wp-content\/uploads\/2020\/06\/A-Split-Trogir-6-1024x679.jpg\" alt=\"\" class=\"wp-image-835\" srcset=\"https:\/\/www.dalmatien-online.de\/wp-content\/uploads\/2020\/06\/A-Split-Trogir-6-1024x679.jpg 1024w, https:\/\/www.dalmatien-online.de\/wp-content\/uploads\/2020\/06\/A-Split-Trogir-6-300x199.jpg 300w, https:\/\/www.dalmatien-online.de\/wp-content\/uploads\/2020\/06\/A-Split-Trogir-6-768x509.jpg 768w, https:\/\/www.dalmatien-online.de\/wp-content\/uploads\/2020\/06\/A-Split-Trogir-6-250x166.jpg 250w, https:\/\/www.dalmatien-online.de\/wp-content\/uploads\/2020\/06\/A-Split-Trogir-6.jpg 1408w\" sizes=\"auto, (max-width: 1024px) 100vw, 1024px\" \/><figcaption>Es kommt durchaus vor, dass es in den Gassen der Altstadt ungem\u00fctlich werden kann wenn Horden von Tagestouristen von einem der in Split ankernden Kreuzfahrtriesen die Stadt besuchen um u. a. das ber\u00fchmte Portal der Kathedrale &#8222;St. Laurentius&#8220; aus dem 13. Jahrhundert zu bewundern. <\/figcaption><\/figure>\n\n\n\n<figure class=\"wp-block-image size-large\"><img loading=\"lazy\" decoding=\"async\" width=\"680\" height=\"1024\" src=\"https:\/\/www.dalmatien-online.de\/wp-content\/uploads\/2020\/06\/A-Split-Trogir-7-680x1024.jpg\" alt=\"\" class=\"wp-image-836\" srcset=\"https:\/\/www.dalmatien-online.de\/wp-content\/uploads\/2020\/06\/A-Split-Trogir-7-680x1024.jpg 680w, https:\/\/www.dalmatien-online.de\/wp-content\/uploads\/2020\/06\/A-Split-Trogir-7-199x300.jpg 199w, https:\/\/www.dalmatien-online.de\/wp-content\/uploads\/2020\/06\/A-Split-Trogir-7-768x1157.jpg 768w, https:\/\/www.dalmatien-online.de\/wp-content\/uploads\/2020\/06\/A-Split-Trogir-7-250x377.jpg 250w, https:\/\/www.dalmatien-online.de\/wp-content\/uploads\/2020\/06\/A-Split-Trogir-7.jpg 964w\" sizes=\"auto, (max-width: 680px) 100vw, 680px\" \/><figcaption>Die mit Palmen ges\u00e4umte Uferpromenade f\u00fchrt den Blick in Richtung <strong><a rel=\"noreferrer noopener\" href=\"https:\/\/kula-kamerlengo-trogir.business.site\/\" target=\"_blank\">&#8222;Ka\u0161tel Kamerlengo&#8220;<\/a><\/strong> aus dem 15. Jahrhundert. Unten im Bild ein Blick \u00fcber die Boote auf die Altstadt von Trogir schon von der Insel \u010ciovo aus. Sie ist durch eine Br\u00fccke mit Trogir verbunden.<\/figcaption><\/figure>\n\n\n\n<figure class=\"wp-block-image size-large\"><img loading=\"lazy\" decoding=\"async\" width=\"1024\" height=\"677\" src=\"https:\/\/www.dalmatien-online.de\/wp-content\/uploads\/2020\/06\/A-Split-Trogir-10-1024x677.jpg\" alt=\"\" class=\"wp-image-837\" srcset=\"https:\/\/www.dalmatien-online.de\/wp-content\/uploads\/2020\/06\/A-Split-Trogir-10-1024x677.jpg 1024w, https:\/\/www.dalmatien-online.de\/wp-content\/uploads\/2020\/06\/A-Split-Trogir-10-300x198.jpg 300w, https:\/\/www.dalmatien-online.de\/wp-content\/uploads\/2020\/06\/A-Split-Trogir-10-768x507.jpg 768w, https:\/\/www.dalmatien-online.de\/wp-content\/uploads\/2020\/06\/A-Split-Trogir-10-250x165.jpg 250w, https:\/\/www.dalmatien-online.de\/wp-content\/uploads\/2020\/06\/A-Split-Trogir-10.jpg 1456w\" sizes=\"auto, (max-width: 1024px) 100vw, 1024px\" \/><figcaption>Schlendert man auf \u010ciovo gegen\u00fcber der Altstadt entlang der Adria so kommt man zur <strong><a href=\"https:\/\/aci-marinas.com\/marina\/aci-trogir\/\" target=\"_blank\" rel=\"noreferrer noopener\">&#8222;ACI Marina&#8220; Trogir, Startpunkt vieler Seegelturns <\/a><\/strong>der dalmatischen Adria.<\/figcaption><\/figure>\n\n\n\n<figure class=\"wp-block-image size-large\"><img loading=\"lazy\" decoding=\"async\" width=\"1024\" height=\"679\" src=\"https:\/\/www.dalmatien-online.de\/wp-content\/uploads\/2020\/06\/A-Trogir-4-1024x679.jpg\" alt=\"\" class=\"wp-image-838\" srcset=\"https:\/\/www.dalmatien-online.de\/wp-content\/uploads\/2020\/06\/A-Trogir-4-1024x679.jpg 1024w, https:\/\/www.dalmatien-online.de\/wp-content\/uploads\/2020\/06\/A-Trogir-4-300x199.jpg 300w, https:\/\/www.dalmatien-online.de\/wp-content\/uploads\/2020\/06\/A-Trogir-4-768x509.jpg 768w, https:\/\/www.dalmatien-online.de\/wp-content\/uploads\/2020\/06\/A-Trogir-4-250x166.jpg 250w, https:\/\/www.dalmatien-online.de\/wp-content\/uploads\/2020\/06\/A-Trogir-4.jpg 1420w\" sizes=\"auto, (max-width: 1024px) 100vw, 1024px\" \/><\/figure>\n\n\n\n<figure class=\"wp-block-image size-large\"><img loading=\"lazy\" decoding=\"async\" width=\"684\" height=\"1024\" src=\"https:\/\/www.dalmatien-online.de\/wp-content\/uploads\/2020\/06\/A-Split-Trogir-2-684x1024.jpg\" alt=\"\" class=\"wp-image-839\" srcset=\"https:\/\/www.dalmatien-online.de\/wp-content\/uploads\/2020\/06\/A-Split-Trogir-2-684x1024.jpg 684w, https:\/\/www.dalmatien-online.de\/wp-content\/uploads\/2020\/06\/A-Split-Trogir-2-200x300.jpg 200w, https:\/\/www.dalmatien-online.de\/wp-content\/uploads\/2020\/06\/A-Split-Trogir-2-768x1150.jpg 768w, https:\/\/www.dalmatien-online.de\/wp-content\/uploads\/2020\/06\/A-Split-Trogir-2-250x374.jpg 250w, https:\/\/www.dalmatien-online.de\/wp-content\/uploads\/2020\/06\/A-Split-Trogir-2.jpg 973w\" sizes=\"auto, (max-width: 684px) 100vw, 684px\" \/><\/figure>\n\n\n\n<figure class=\"wp-block-image size-large\"><img loading=\"lazy\" decoding=\"async\" width=\"1024\" height=\"676\" src=\"https:\/\/www.dalmatien-online.de\/wp-content\/uploads\/2020\/06\/A-Split-Trogir-8-1024x676.jpg\" alt=\"\" class=\"wp-image-840\" srcset=\"https:\/\/www.dalmatien-online.de\/wp-content\/uploads\/2020\/06\/A-Split-Trogir-8-1024x676.jpg 1024w, https:\/\/www.dalmatien-online.de\/wp-content\/uploads\/2020\/06\/A-Split-Trogir-8-300x198.jpg 300w, https:\/\/www.dalmatien-online.de\/wp-content\/uploads\/2020\/06\/A-Split-Trogir-8-768x507.jpg 768w, https:\/\/www.dalmatien-online.de\/wp-content\/uploads\/2020\/06\/A-Split-Trogir-8-250x165.jpg 250w, https:\/\/www.dalmatien-online.de\/wp-content\/uploads\/2020\/06\/A-Split-Trogir-8.jpg 1449w\" sizes=\"auto, (max-width: 1024px) 100vw, 1024px\" \/><\/figure>\n\n\n\n\n","protected":false},"excerpt":{"rendered":"","protected":false},"author":2,"featured_media":0,"parent":0,"menu_order":0,"comment_status":"closed","ping_status":"closed","template":"","meta":{"footnotes":"","_links_to":"","_links_to_target":""},"tags":[],"class_list":["post-682","page","type-page","status-publish","hentry"],"_links":{"self":[{"href":"https:\/\/www.dalmatien-online.de\/de\/wp-json\/wp\/v2\/pages\/682","targetHints":{"allow":["GET"]}}],"collection":[{"href":"https:\/\/www.dalmatien-online.de\/de\/wp-json\/wp\/v2\/pages"}],"about":[{"href":"https:\/\/www.dalmatien-online.de\/de\/wp-json\/wp\/v2\/types\/page"}],"author":[{"embeddable":true,"href":"https:\/\/www.dalmatien-online.de\/de\/wp-json\/wp\/v2\/users\/2"}],"replies":[{"embeddable":true,"href":"https:\/\/www.dalmatien-online.de\/de\/wp-json\/wp\/v2\/comments?post=682"}],"version-history":[{"count":7,"href":"https:\/\/www.dalmatien-online.de\/de\/wp-json\/wp\/v2\/pages\/682\/revisions"}],"predecessor-version":[{"id":2937,"href":"https:\/\/www.dalmatien-online.de\/de\/wp-json\/wp\/v2\/pages\/682\/revisions\/2937"}],"wp:attachment":[{"href":"https:\/\/www.dalmatien-online.de\/de\/wp-json\/wp\/v2\/media?parent=682"}],"wp:term":[{"taxonomy":"post_tag","embeddable":true,"href":"https:\/\/www.dalmatien-online.de\/de\/wp-json\/wp\/v2\/tags?post=682"}],"curies":[{"name":"wp","href":"https:\/\/api.w.org\/{rel}","templated":true}]}}