{"id":691,"date":"2020-06-02T10:01:24","date_gmt":"2020-06-02T09:01:24","guid":{"rendered":"https:\/\/www.dalmatien-online.de\/?page_id=691"},"modified":"2020-06-24T10:50:25","modified_gmt":"2020-06-24T09:50:25","slug":"vodice","status":"publish","type":"page","link":"https:\/\/www.dalmatien-online.de\/de\/vodice\/","title":{"rendered":"Vodice"},"content":{"rendered":"\n<figure class=\"wp-block-image size-large\"><img loading=\"lazy\" decoding=\"async\" width=\"1024\" height=\"257\" src=\"https:\/\/www.dalmatien-online.de\/wp-content\/uploads\/2020\/06\/0-D-O-Vodice-t-1024x257.jpg\" alt=\"\" class=\"wp-image-2956\" srcset=\"https:\/\/www.dalmatien-online.de\/wp-content\/uploads\/2020\/06\/0-D-O-Vodice-t-1024x257.jpg 1024w, https:\/\/www.dalmatien-online.de\/wp-content\/uploads\/2020\/06\/0-D-O-Vodice-t-300x75.jpg 300w, https:\/\/www.dalmatien-online.de\/wp-content\/uploads\/2020\/06\/0-D-O-Vodice-t-768x193.jpg 768w, https:\/\/www.dalmatien-online.de\/wp-content\/uploads\/2020\/06\/0-D-O-Vodice-t-250x63.jpg 250w, https:\/\/www.dalmatien-online.de\/wp-content\/uploads\/2020\/06\/0-D-O-Vodice-t.jpg 1528w\" sizes=\"auto, (max-width: 1024px) 100vw, 1024px\" \/><figcaption>Die K\u00fcstenstadt Vodice verdankt ihren Namen dem reichhaltigen Vorkommen von Trinkwasser, das in der Vergangenheit deshalb bis ins 19. Jahrhundert von dort exportiert wurde. Vodice liegt nicht weit von \u0160ibenik entfernt westlich. Die Gegend um die Stadt ist als Urlaubziel sehr beliebt. <\/figcaption><\/figure>\n\n\n\n<hr class=\"wp-block-separator\"\/>\n\n\n\n<figure class=\"wp-block-image size-large\"><img loading=\"lazy\" decoding=\"async\" width=\"1024\" height=\"678\" src=\"https:\/\/www.dalmatien-online.de\/wp-content\/uploads\/2020\/06\/0-Vodice-7-1024x678.jpg\" alt=\"\" class=\"wp-image-814\" srcset=\"https:\/\/www.dalmatien-online.de\/wp-content\/uploads\/2020\/06\/0-Vodice-7-1024x678.jpg 1024w, https:\/\/www.dalmatien-online.de\/wp-content\/uploads\/2020\/06\/0-Vodice-7-300x199.jpg 300w, https:\/\/www.dalmatien-online.de\/wp-content\/uploads\/2020\/06\/0-Vodice-7-768x509.jpg 768w, https:\/\/www.dalmatien-online.de\/wp-content\/uploads\/2020\/06\/0-Vodice-7-250x166.jpg 250w, https:\/\/www.dalmatien-online.de\/wp-content\/uploads\/2020\/06\/0-Vodice-7.jpg 1528w\" sizes=\"auto, (max-width: 1024px) 100vw, 1024px\" \/><figcaption>Man ist schon eine Weile unterwegs, spazierend die vier Kilometer Uferpromenade entlang der Str\u00e4nde, den Bars, Restaurants und L\u00e4den. Der Hafen von Vodice ist Ausgangspunkt von Ausfl\u00fcgen und Personenf\u00e4hren zu den Inseln im Umkreis, wie das kleine wundersch\u00f6ne alte Schiff mit der <strong><a rel=\"noreferrer noopener\" href=\"https:\/\/www.jadrolinija.hr\/hr\/schedule\/LineSearchResults\/Index\/2331808\/2331778\/24062020\" target=\"_blank\">Linie nach \u0160ibenik<\/a><\/strong> \u00fcber kurze Stops auf den kleinen Inseln Prvi\u010d und <strong><a rel=\"noreferrer noopener\" href=\"https:\/\/www.dalmatien-online.de\/de\/zlarin\/\" target=\"_blank\">Zlarin<\/a><\/strong>.<\/figcaption><\/figure>\n\n\n\n<figure class=\"wp-block-image size-large\"><img loading=\"lazy\" decoding=\"async\" width=\"1024\" height=\"678\" src=\"https:\/\/www.dalmatien-online.de\/wp-content\/uploads\/2020\/06\/0-Vodice-4-1024x678.jpg\" alt=\"\" class=\"wp-image-815\" srcset=\"https:\/\/www.dalmatien-online.de\/wp-content\/uploads\/2020\/06\/0-Vodice-4-1024x678.jpg 1024w, https:\/\/www.dalmatien-online.de\/wp-content\/uploads\/2020\/06\/0-Vodice-4-300x199.jpg 300w, https:\/\/www.dalmatien-online.de\/wp-content\/uploads\/2020\/06\/0-Vodice-4-768x509.jpg 768w, https:\/\/www.dalmatien-online.de\/wp-content\/uploads\/2020\/06\/0-Vodice-4-250x166.jpg 250w, https:\/\/www.dalmatien-online.de\/wp-content\/uploads\/2020\/06\/0-Vodice-4.jpg 1528w\" sizes=\"auto, (max-width: 1024px) 100vw, 1024px\" \/><figcaption>Bei der Anreise nach Vodice gibts viele M\u00f6glichkeiten. Per Flugzeug entweder <strong><a href=\"https:\/\/www.zadar-airport.hr\/en\" target=\"_blank\" rel=\"noreferrer noopener\">nach Zadar<\/a><\/strong> oder <strong><a href=\"http:\/\/www.split-airport.hr\/index.php?lang=en\" target=\"_blank\" rel=\"noreferrer noopener\">nach Split<\/a><\/strong>, relativ egal &#8211; Vodice liegt ziemlich genau in der Mitte der beiden St\u00e4dte. Danach per Bus oder Mietwagen in den K\u00fcstenort. Der kleine <strong><a href=\"https:\/\/www.buscroatia.com\/bus-station-vodice\/\" target=\"_blank\" rel=\"noreferrer noopener\">Busbahnhof<\/a><\/strong> liegt unweit des Hafens und wird t\u00e4glich h\u00e4ufig angefahren.<\/figcaption><\/figure>\n\n\n\n<figure class=\"wp-block-image size-large\"><img loading=\"lazy\" decoding=\"async\" width=\"1024\" height=\"678\" src=\"https:\/\/www.dalmatien-online.de\/wp-content\/uploads\/2020\/06\/0-Vodice-2-1024x678.jpg\" alt=\"\" class=\"wp-image-816\" srcset=\"https:\/\/www.dalmatien-online.de\/wp-content\/uploads\/2020\/06\/0-Vodice-2-1024x678.jpg 1024w, https:\/\/www.dalmatien-online.de\/wp-content\/uploads\/2020\/06\/0-Vodice-2-300x199.jpg 300w, https:\/\/www.dalmatien-online.de\/wp-content\/uploads\/2020\/06\/0-Vodice-2-768x509.jpg 768w, https:\/\/www.dalmatien-online.de\/wp-content\/uploads\/2020\/06\/0-Vodice-2-250x166.jpg 250w, https:\/\/www.dalmatien-online.de\/wp-content\/uploads\/2020\/06\/0-Vodice-2.jpg 1528w\" sizes=\"auto, (max-width: 1024px) 100vw, 1024px\" \/><figcaption>Es gibt auch einige gro\u00dfe Hotels entlang der Strandpromenade und wie von uns stets bevorzugt &#8211; zahllose Apartments. je nach Geldbeutel sind passende Unterk\u00fcnfte f\u00fcr Jedermann zu finden. Mit ein bischen Erfahrung wei\u00df man, auf was man achten sollte f\u00fcr das enspannteste Erlebnis. <\/figcaption><\/figure>\n\n\n\n<figure class=\"wp-block-image size-large\"><img loading=\"lazy\" decoding=\"async\" width=\"678\" height=\"1024\" src=\"https:\/\/www.dalmatien-online.de\/wp-content\/uploads\/2020\/06\/0-Vodice-5-678x1024.jpg\" alt=\"\" class=\"wp-image-817\" srcset=\"https:\/\/www.dalmatien-online.de\/wp-content\/uploads\/2020\/06\/0-Vodice-5-678x1024.jpg 678w, https:\/\/www.dalmatien-online.de\/wp-content\/uploads\/2020\/06\/0-Vodice-5-199x300.jpg 199w, https:\/\/www.dalmatien-online.de\/wp-content\/uploads\/2020\/06\/0-Vodice-5-768x1160.jpg 768w, https:\/\/www.dalmatien-online.de\/wp-content\/uploads\/2020\/06\/0-Vodice-5-250x377.jpg 250w, https:\/\/www.dalmatien-online.de\/wp-content\/uploads\/2020\/06\/0-Vodice-5.jpg 1012w\" sizes=\"auto, (max-width: 678px) 100vw, 678px\" \/><figcaption>Wenn\u00b4s in der Saison mal zu turbulent entlang des Meeres wird empfielt sich ein Spaziergang durch die Altstadt, wo es ruhiger zu geht, oder ein Ausflug zu einem der Nationalparks in der Region. Der <strong><a rel=\"noreferrer noopener\" href=\"http:\/\/www.np-krka.hr\/en\/\" target=\"_blank\">Nationalpark &#8222;Krka&#8220;<\/a><\/strong> ist nicht weit oder auch die Inselgruppe des <strong><a rel=\"noreferrer noopener\" href=\"http:\/\/www.np-kornati.hr\/en\/\" target=\"_blank\">&#8222;Kornati Nationalparks&#8220;<\/a><\/strong>. Touren dorthin werden \u00fcberall angeboten. Allerdings ist es am sch\u00f6nsten selbst auf Erkundungstour zu gehen, sei es zu fu\u00df, per Rad, Auto oder mit nautischen Mitteln.<\/figcaption><\/figure>\n\n\n\n<figure class=\"wp-block-image size-large\"><img loading=\"lazy\" decoding=\"async\" width=\"1024\" height=\"678\" src=\"https:\/\/www.dalmatien-online.de\/wp-content\/uploads\/2020\/06\/0-Vodice-3-1024x678.jpg\" alt=\"\" class=\"wp-image-818\" srcset=\"https:\/\/www.dalmatien-online.de\/wp-content\/uploads\/2020\/06\/0-Vodice-3-1024x678.jpg 1024w, https:\/\/www.dalmatien-online.de\/wp-content\/uploads\/2020\/06\/0-Vodice-3-300x199.jpg 300w, https:\/\/www.dalmatien-online.de\/wp-content\/uploads\/2020\/06\/0-Vodice-3-768x509.jpg 768w, https:\/\/www.dalmatien-online.de\/wp-content\/uploads\/2020\/06\/0-Vodice-3-250x166.jpg 250w, https:\/\/www.dalmatien-online.de\/wp-content\/uploads\/2020\/06\/0-Vodice-3.jpg 1528w\" sizes=\"auto, (max-width: 1024px) 100vw, 1024px\" \/><figcaption>Ein sch\u00f6ner entspannter kleiner Ausflug zu Fu\u00df ist auch der entlang der Unferpromenade nach Tribunj, das s\u00fcdwestlich von Vodice liegt, den Adriastr\u00e4nden folgend und vorbei an den gro\u00dfen Hotels. In <strong><a href=\"https:\/\/www.dalmatien-online.de\/de\/tribunj\/\" target=\"_blank\" rel=\"noreferrer noopener\">Tribunj<\/a><\/strong> dann ein Besuch bei dem Kirchlein &#8222;Sv. Nikola&#8220; und lecker Essen, bevors zur\u00fcck geht.<\/figcaption><\/figure>\n\n\n\n<figure class=\"wp-block-image size-large\"><img loading=\"lazy\" decoding=\"async\" width=\"678\" height=\"1024\" src=\"https:\/\/www.dalmatien-online.de\/wp-content\/uploads\/2020\/06\/0-Vodice-8-678x1024.jpg\" alt=\"\" class=\"wp-image-819\" srcset=\"https:\/\/www.dalmatien-online.de\/wp-content\/uploads\/2020\/06\/0-Vodice-8-678x1024.jpg 678w, https:\/\/www.dalmatien-online.de\/wp-content\/uploads\/2020\/06\/0-Vodice-8-199x300.jpg 199w, https:\/\/www.dalmatien-online.de\/wp-content\/uploads\/2020\/06\/0-Vodice-8-768x1160.jpg 768w, https:\/\/www.dalmatien-online.de\/wp-content\/uploads\/2020\/06\/0-Vodice-8-250x377.jpg 250w, https:\/\/www.dalmatien-online.de\/wp-content\/uploads\/2020\/06\/0-Vodice-8.jpg 1012w\" sizes=\"auto, (max-width: 678px) 100vw, 678px\" \/><\/figure>\n\n\n\n\n","protected":false},"excerpt":{"rendered":"","protected":false},"author":2,"featured_media":0,"parent":0,"menu_order":0,"comment_status":"closed","ping_status":"closed","template":"","meta":{"footnotes":"","_links_to":"","_links_to_target":""},"tags":[],"class_list":["post-691","page","type-page","status-publish","hentry"],"_links":{"self":[{"href":"https:\/\/www.dalmatien-online.de\/de\/wp-json\/wp\/v2\/pages\/691","targetHints":{"allow":["GET"]}}],"collection":[{"href":"https:\/\/www.dalmatien-online.de\/de\/wp-json\/wp\/v2\/pages"}],"about":[{"href":"https:\/\/www.dalmatien-online.de\/de\/wp-json\/wp\/v2\/types\/page"}],"author":[{"embeddable":true,"href":"https:\/\/www.dalmatien-online.de\/de\/wp-json\/wp\/v2\/users\/2"}],"replies":[{"embeddable":true,"href":"https:\/\/www.dalmatien-online.de\/de\/wp-json\/wp\/v2\/comments?post=691"}],"version-history":[{"count":14,"href":"https:\/\/www.dalmatien-online.de\/de\/wp-json\/wp\/v2\/pages\/691\/revisions"}],"predecessor-version":[{"id":2975,"href":"https:\/\/www.dalmatien-online.de\/de\/wp-json\/wp\/v2\/pages\/691\/revisions\/2975"}],"wp:attachment":[{"href":"https:\/\/www.dalmatien-online.de\/de\/wp-json\/wp\/v2\/media?parent=691"}],"wp:term":[{"taxonomy":"post_tag","embeddable":true,"href":"https:\/\/www.dalmatien-online.de\/de\/wp-json\/wp\/v2\/tags?post=691"}],"curies":[{"name":"wp","href":"https:\/\/api.w.org\/{rel}","templated":true}]}}