{"id":846,"date":"2020-06-04T09:23:47","date_gmt":"2020-06-04T08:23:47","guid":{"rendered":"https:\/\/www.dalmatien-online.de\/?page_id=846"},"modified":"2020-06-27T04:51:36","modified_gmt":"2020-06-27T03:51:36","slug":"biokovo","status":"publish","type":"page","link":"https:\/\/www.dalmatien-online.de\/de\/biokovo\/","title":{"rendered":"Makarska &#8211; Biokovo Gebirge"},"content":{"rendered":"\n<figure class=\"wp-block-image size-large\"><img loading=\"lazy\" decoding=\"async\" width=\"1024\" height=\"227\" src=\"https:\/\/www.dalmatien-online.de\/wp-content\/uploads\/2020\/06\/0-D-O-Biokovo-t-1024x227.jpg\" alt=\"\" class=\"wp-image-3261\" srcset=\"https:\/\/www.dalmatien-online.de\/wp-content\/uploads\/2020\/06\/0-D-O-Biokovo-t-1024x227.jpg 1024w, https:\/\/www.dalmatien-online.de\/wp-content\/uploads\/2020\/06\/0-D-O-Biokovo-t-300x67.jpg 300w, https:\/\/www.dalmatien-online.de\/wp-content\/uploads\/2020\/06\/0-D-O-Biokovo-t-768x170.jpg 768w, https:\/\/www.dalmatien-online.de\/wp-content\/uploads\/2020\/06\/0-D-O-Biokovo-t-250x56.jpg 250w, https:\/\/www.dalmatien-online.de\/wp-content\/uploads\/2020\/06\/0-D-O-Biokovo-t.jpg 1500w\" sizes=\"auto, (max-width: 1024px) 100vw, 1024px\" \/><figcaption>Der beste Startpunkt f\u00fcr Wander- oder Klettertouren im Biokovo Gebirge ist die K\u00fcstenstadt Makarska am Fu\u00dfe des Biokovo. Es gibt zahlreiche Touren auf verschiedensten Routen unterschiedlicher Schwierigkeit vom enspannten Wandern hin zu richtig anspruchsvollen Kletterrouten. Gutes Schuhwerk,ausreichend Wasser und der Tour angepasste Ausr\u00fcstung sollte hierbei stets Pflicht sein. Immer wieder retten die Bergvereine Menschen die den Strapazen des Karstgebirges nicht gewachsen sind und das Wetter untersch\u00e4tzt haben oder mit Badeschlappen in den Berg aufbrechen. Unten im Bild die Kirche im Zentrum Makarskas und links im Bild die Bergspitze bildet den Gipfel des &#8222;Vo\u0161ac&#8220; mit 1422 Metern und seiner <strong><a rel=\"noreferrer noopener\" href=\"https:\/\/www.youtube.com\/watch?v=VEUnQ9AEuic\" target=\"_blank\">Bergh\u00fctte (planinarski dom &#8222;Vo\u0161ac&#8220;)<\/a><\/strong>, in der man nach Abprache des zust\u00e4ndigen Bergvereins <strong><a rel=\"noreferrer noopener\" href=\"http:\/\/ekstrem.hr\/kontakti\/\" target=\"_blank\">&#8222;Sak Ekstrem&#8220;<\/a><\/strong> g\u00fcnstig \u00fcbernachten kann. Kontakt zum Verein im Link oder \u00fcber die <strong><a rel=\"noreferrer noopener\" href=\"https:\/\/www.facebook.com\/UTravelZoneDmc\/\" target=\"_blank\">Touristeninformation im Hafen von Makarska.<\/a><\/strong> Umweit dieses Gipfels, in diesem Foto nicht zu sehen, befindet sich hinter dem Vo\u0161ac der h\u00f6chste Berg des Biokovo &#8222;Sveti Jure&#8220; mit 1762 Meter. Beeindruckend, wie sich das Massiv direkt von der K\u00fcste erhebt.<\/figcaption><\/figure>\n\n\n\n<figure class=\"wp-block-image size-large\"><img loading=\"lazy\" decoding=\"async\" width=\"687\" height=\"1024\" src=\"https:\/\/www.dalmatien-online.de\/wp-content\/uploads\/2020\/06\/A-Anfandspunkt-Vo\u0161ac-687x1024.jpg\" alt=\"\" class=\"wp-image-2092\" srcset=\"https:\/\/www.dalmatien-online.de\/wp-content\/uploads\/2020\/06\/A-Anfandspunkt-Vo\u0161ac-687x1024.jpg 687w, https:\/\/www.dalmatien-online.de\/wp-content\/uploads\/2020\/06\/A-Anfandspunkt-Vo\u0161ac-201x300.jpg 201w, https:\/\/www.dalmatien-online.de\/wp-content\/uploads\/2020\/06\/A-Anfandspunkt-Vo\u0161ac-768x1145.jpg 768w, https:\/\/www.dalmatien-online.de\/wp-content\/uploads\/2020\/06\/A-Anfandspunkt-Vo\u0161ac-250x373.jpg 250w, https:\/\/www.dalmatien-online.de\/wp-content\/uploads\/2020\/06\/A-Anfandspunkt-Vo\u0161ac.jpg 924w\" sizes=\"auto, (max-width: 687px) 100vw, 687px\" \/><figcaption><strong><a href=\"https:\/\/www.dalmatien-online.de\/de\/makarska\/\">ZUR\u00dcCK<\/a><\/strong><\/figcaption><\/figure>\n\n\n\n\n\n<hr class=\"wp-block-separator\"\/>\n\n\n\n\n","protected":false},"excerpt":{"rendered":"","protected":false},"author":2,"featured_media":0,"parent":0,"menu_order":0,"comment_status":"closed","ping_status":"closed","template":"","meta":{"footnotes":"","_links_to":"","_links_to_target":""},"tags":[],"class_list":["post-846","page","type-page","status-publish","hentry"],"_links":{"self":[{"href":"https:\/\/www.dalmatien-online.de\/de\/wp-json\/wp\/v2\/pages\/846","targetHints":{"allow":["GET"]}}],"collection":[{"href":"https:\/\/www.dalmatien-online.de\/de\/wp-json\/wp\/v2\/pages"}],"about":[{"href":"https:\/\/www.dalmatien-online.de\/de\/wp-json\/wp\/v2\/types\/page"}],"author":[{"embeddable":true,"href":"https:\/\/www.dalmatien-online.de\/de\/wp-json\/wp\/v2\/users\/2"}],"replies":[{"embeddable":true,"href":"https:\/\/www.dalmatien-online.de\/de\/wp-json\/wp\/v2\/comments?post=846"}],"version-history":[{"count":10,"href":"https:\/\/www.dalmatien-online.de\/de\/wp-json\/wp\/v2\/pages\/846\/revisions"}],"predecessor-version":[{"id":3263,"href":"https:\/\/www.dalmatien-online.de\/de\/wp-json\/wp\/v2\/pages\/846\/revisions\/3263"}],"wp:attachment":[{"href":"https:\/\/www.dalmatien-online.de\/de\/wp-json\/wp\/v2\/media?parent=846"}],"wp:term":[{"taxonomy":"post_tag","embeddable":true,"href":"https:\/\/www.dalmatien-online.de\/de\/wp-json\/wp\/v2\/tags?post=846"}],"curies":[{"name":"wp","href":"https:\/\/api.w.org\/{rel}","templated":true}]}}