{"id":849,"date":"2020-06-04T09:26:34","date_gmt":"2020-06-04T08:26:34","guid":{"rendered":"https:\/\/www.dalmatien-online.de\/?page_id=849"},"modified":"2020-06-25T01:50:46","modified_gmt":"2020-06-25T00:50:46","slug":"brac-vidova-gora","status":"publish","type":"page","link":"https:\/\/www.dalmatien-online.de\/de\/brac-vidova-gora\/","title":{"rendered":"Insel Bra\u010d &#8211; &#8222;Vidova Gora&#8220;"},"content":{"rendered":"\n<figure class=\"wp-block-image size-large\"><img loading=\"lazy\" decoding=\"async\" width=\"1024\" height=\"228\" src=\"https:\/\/www.dalmatien-online.de\/wp-content\/uploads\/2020\/06\/0-D-O-Bra\u010d-Vidova-Gora-t-1024x228.jpg\" alt=\"\" class=\"wp-image-3052\" srcset=\"https:\/\/www.dalmatien-online.de\/wp-content\/uploads\/2020\/06\/0-D-O-Bra\u010d-Vidova-Gora-t-1024x228.jpg 1024w, https:\/\/www.dalmatien-online.de\/wp-content\/uploads\/2020\/06\/0-D-O-Bra\u010d-Vidova-Gora-t-300x67.jpg 300w, https:\/\/www.dalmatien-online.de\/wp-content\/uploads\/2020\/06\/0-D-O-Bra\u010d-Vidova-Gora-t-768x171.jpg 768w, https:\/\/www.dalmatien-online.de\/wp-content\/uploads\/2020\/06\/0-D-O-Bra\u010d-Vidova-Gora-t-250x56.jpg 250w, https:\/\/www.dalmatien-online.de\/wp-content\/uploads\/2020\/06\/0-D-O-Bra\u010d-Vidova-Gora-t.jpg 1528w\" sizes=\"auto, (max-width: 1024px) 100vw, 1024px\" \/><figcaption>Eine Wandertour vom St\u00e4dtchen Bol auf der S\u00fcdseite der Insel zur <strong>&#8222;Vidova Gora&#8220;<\/strong> &#8211; der h\u00f6chsten Erhebung auf Bra\u010d mit knapp 780 Meter \u00fcber dem Meeresspiegel. Startpunkt ist eine Abzweigung von Hauptstra\u00dfe der Bra\u010dka Cesta au\u00dferhalb von Bol in Richtung der kleinen Kirche &#8222;Sveti Josip&#8220;.<\/figcaption><\/figure>\n\n\n\n<figure class=\"wp-block-image size-large\"><img loading=\"lazy\" decoding=\"async\" width=\"1024\" height=\"678\" src=\"https:\/\/www.dalmatien-online.de\/wp-content\/uploads\/2020\/06\/A-Brac-Vidova-Gora-16-bearb-6x17-2-1024x678.jpg\" alt=\"\" class=\"wp-image-1040\" srcset=\"https:\/\/www.dalmatien-online.de\/wp-content\/uploads\/2020\/06\/A-Brac-Vidova-Gora-16-bearb-6x17-2-1024x678.jpg 1024w, https:\/\/www.dalmatien-online.de\/wp-content\/uploads\/2020\/06\/A-Brac-Vidova-Gora-16-bearb-6x17-2-300x199.jpg 300w, https:\/\/www.dalmatien-online.de\/wp-content\/uploads\/2020\/06\/A-Brac-Vidova-Gora-16-bearb-6x17-2-768x509.jpg 768w, https:\/\/www.dalmatien-online.de\/wp-content\/uploads\/2020\/06\/A-Brac-Vidova-Gora-16-bearb-6x17-2-250x166.jpg 250w, https:\/\/www.dalmatien-online.de\/wp-content\/uploads\/2020\/06\/A-Brac-Vidova-Gora-16-bearb-6x17-2.jpg 1528w\" sizes=\"auto, (max-width: 1024px) 100vw, 1024px\" \/><figcaption>Zun\u00e4chst geht es die kleine asphaltierte Nebenstra\u00dfe hinauf, an der kleinen Kirche Sveti Josip vorbei und weiter zum Bergmassiv der Insel. Auf steinigen Pfaden, die immer wieder mit dem \u00fcblichen roten Kreis mit wei\u00dfem Punkt gekennzeinet sind, geht es durch den Inselwald berauf stetig berauf.<\/figcaption><\/figure>\n\n\n\n<figure class=\"wp-block-image size-large\"><img loading=\"lazy\" decoding=\"async\" width=\"1024\" height=\"678\" src=\"https:\/\/www.dalmatien-online.de\/wp-content\/uploads\/2020\/06\/A-Brac-Vidova-Gora-16-bearb-6x17-3-1024x678.jpg\" alt=\"\" class=\"wp-image-1041\" srcset=\"https:\/\/www.dalmatien-online.de\/wp-content\/uploads\/2020\/06\/A-Brac-Vidova-Gora-16-bearb-6x17-3-1024x678.jpg 1024w, https:\/\/www.dalmatien-online.de\/wp-content\/uploads\/2020\/06\/A-Brac-Vidova-Gora-16-bearb-6x17-3-300x199.jpg 300w, https:\/\/www.dalmatien-online.de\/wp-content\/uploads\/2020\/06\/A-Brac-Vidova-Gora-16-bearb-6x17-3-768x509.jpg 768w, https:\/\/www.dalmatien-online.de\/wp-content\/uploads\/2020\/06\/A-Brac-Vidova-Gora-16-bearb-6x17-3-250x166.jpg 250w, https:\/\/www.dalmatien-online.de\/wp-content\/uploads\/2020\/06\/A-Brac-Vidova-Gora-16-bearb-6x17-3.jpg 1528w\" sizes=\"auto, (max-width: 1024px) 100vw, 1024px\" \/><figcaption>Almahlich \u00f6ffnet sich der Blick auf die Adria (&#8222;Hvarski kanal&#8220;) und auf die s\u00fcdlich von Bra\u010d gelegene Insel Hvar. Das St\u00e4dtchen Bol verschwindet hin und wieder hinter einer Biegung bevor es wieder neue interessante Perspektiven auf den K\u00fcstenort zu erhaschen gibt.<\/figcaption><\/figure>\n\n\n\n<hr class=\"wp-block-separator\"\/>\n\n\n\n<figure class=\"wp-block-image size-large\"><img loading=\"lazy\" decoding=\"async\" width=\"678\" height=\"1024\" src=\"https:\/\/www.dalmatien-online.de\/wp-content\/uploads\/2020\/06\/A-Brac-Vidova-Gora-16-bearb-6x17-4-678x1024.jpg\" alt=\"\" class=\"wp-image-1042\" srcset=\"https:\/\/www.dalmatien-online.de\/wp-content\/uploads\/2020\/06\/A-Brac-Vidova-Gora-16-bearb-6x17-4-678x1024.jpg 678w, https:\/\/www.dalmatien-online.de\/wp-content\/uploads\/2020\/06\/A-Brac-Vidova-Gora-16-bearb-6x17-4-199x300.jpg 199w, https:\/\/www.dalmatien-online.de\/wp-content\/uploads\/2020\/06\/A-Brac-Vidova-Gora-16-bearb-6x17-4-768x1160.jpg 768w, https:\/\/www.dalmatien-online.de\/wp-content\/uploads\/2020\/06\/A-Brac-Vidova-Gora-16-bearb-6x17-4-250x377.jpg 250w, https:\/\/www.dalmatien-online.de\/wp-content\/uploads\/2020\/06\/A-Brac-Vidova-Gora-16-bearb-6x17-4.jpg 1012w\" sizes=\"auto, (max-width: 678px) 100vw, 678px\" \/><figcaption>Langsam wird der Weg steiler und steiniger und es geht &#8222;zick zack&#8220; hinauf. Immer neue herrliche Eindr\u00fccke der Landschaft und der Vegetation erfreuen das Auge beim schwei\u00dftreibenden Aufstieg.<\/figcaption><\/figure>\n\n\n\n<figure class=\"wp-block-image size-large\"><img loading=\"lazy\" decoding=\"async\" width=\"678\" height=\"1024\" src=\"https:\/\/www.dalmatien-online.de\/wp-content\/uploads\/2020\/06\/A-Brac-Vidova-Gora-16-bearb-6x17-5-678x1024.jpg\" alt=\"\" class=\"wp-image-1043\" srcset=\"https:\/\/www.dalmatien-online.de\/wp-content\/uploads\/2020\/06\/A-Brac-Vidova-Gora-16-bearb-6x17-5-678x1024.jpg 678w, https:\/\/www.dalmatien-online.de\/wp-content\/uploads\/2020\/06\/A-Brac-Vidova-Gora-16-bearb-6x17-5-199x300.jpg 199w, https:\/\/www.dalmatien-online.de\/wp-content\/uploads\/2020\/06\/A-Brac-Vidova-Gora-16-bearb-6x17-5-768x1160.jpg 768w, https:\/\/www.dalmatien-online.de\/wp-content\/uploads\/2020\/06\/A-Brac-Vidova-Gora-16-bearb-6x17-5-250x377.jpg 250w, https:\/\/www.dalmatien-online.de\/wp-content\/uploads\/2020\/06\/A-Brac-Vidova-Gora-16-bearb-6x17-5.jpg 1012w\" sizes=\"auto, (max-width: 678px) 100vw, 678px\" \/><figcaption>Nach einiger Zeit des Aufsteigens erblickt man Jelsa auf der gegen\u00fcberliegenden Insel Hvar (unten im Bild) mit der davor liegenden weitl\u00e4ufigen Bucht.<\/figcaption><\/figure>\n\n\n\n<figure class=\"wp-block-image size-large\"><img loading=\"lazy\" decoding=\"async\" width=\"1024\" height=\"678\" src=\"https:\/\/www.dalmatien-online.de\/wp-content\/uploads\/2020\/06\/A-Brac-Vidova-Gora-16-bearb-6x17-6-1024x678.jpg\" alt=\"\" class=\"wp-image-1044\" srcset=\"https:\/\/www.dalmatien-online.de\/wp-content\/uploads\/2020\/06\/A-Brac-Vidova-Gora-16-bearb-6x17-6-1024x678.jpg 1024w, https:\/\/www.dalmatien-online.de\/wp-content\/uploads\/2020\/06\/A-Brac-Vidova-Gora-16-bearb-6x17-6-300x199.jpg 300w, https:\/\/www.dalmatien-online.de\/wp-content\/uploads\/2020\/06\/A-Brac-Vidova-Gora-16-bearb-6x17-6-768x509.jpg 768w, https:\/\/www.dalmatien-online.de\/wp-content\/uploads\/2020\/06\/A-Brac-Vidova-Gora-16-bearb-6x17-6-250x166.jpg 250w, https:\/\/www.dalmatien-online.de\/wp-content\/uploads\/2020\/06\/A-Brac-Vidova-Gora-16-bearb-6x17-6.jpg 1528w\" sizes=\"auto, (max-width: 1024px) 100vw, 1024px\" \/><figcaption>Wieder einmal taucht ein neuer Blickwinkel von Bol auf, das nach und nach, H\u00f6henmeter f\u00fcr H\u00f6henmeter, immer kleiner erscheint.<\/figcaption><\/figure>\n\n\n\n<figure class=\"wp-block-image size-large\"><img loading=\"lazy\" decoding=\"async\" width=\"1024\" height=\"678\" src=\"https:\/\/www.dalmatien-online.de\/wp-content\/uploads\/2020\/06\/A-Brac-Vidova-Gora-16-bearb-6x17-7-1024x678.jpg\" alt=\"\" class=\"wp-image-1045\" srcset=\"https:\/\/www.dalmatien-online.de\/wp-content\/uploads\/2020\/06\/A-Brac-Vidova-Gora-16-bearb-6x17-7-1024x678.jpg 1024w, https:\/\/www.dalmatien-online.de\/wp-content\/uploads\/2020\/06\/A-Brac-Vidova-Gora-16-bearb-6x17-7-300x199.jpg 300w, https:\/\/www.dalmatien-online.de\/wp-content\/uploads\/2020\/06\/A-Brac-Vidova-Gora-16-bearb-6x17-7-768x509.jpg 768w, https:\/\/www.dalmatien-online.de\/wp-content\/uploads\/2020\/06\/A-Brac-Vidova-Gora-16-bearb-6x17-7-250x166.jpg 250w, https:\/\/www.dalmatien-online.de\/wp-content\/uploads\/2020\/06\/A-Brac-Vidova-Gora-16-bearb-6x17-7.jpg 1380w\" sizes=\"auto, (max-width: 1024px) 100vw, 1024px\" \/><figcaption>Schlie\u00dflich er\u00f6ffnen sich Blicke auf den ber\u00fchmten Strand von Bol &#8222;Slatni rat&#8220; (Goldenes Horn), dessen Spitze je nach Windrichtung und Str\u00f6mung verschiedene Formen und Richtungen einnimmt.<\/figcaption><\/figure>\n\n\n\n<figure class=\"wp-block-image size-large\"><img loading=\"lazy\" decoding=\"async\" width=\"1024\" height=\"678\" src=\"https:\/\/www.dalmatien-online.de\/wp-content\/uploads\/2020\/06\/A-Brac-Vidova-Gora-16-bearb-6x17-8-1-1024x678.jpg\" alt=\"\" class=\"wp-image-1046\" srcset=\"https:\/\/www.dalmatien-online.de\/wp-content\/uploads\/2020\/06\/A-Brac-Vidova-Gora-16-bearb-6x17-8-1-1024x678.jpg 1024w, https:\/\/www.dalmatien-online.de\/wp-content\/uploads\/2020\/06\/A-Brac-Vidova-Gora-16-bearb-6x17-8-1-300x199.jpg 300w, https:\/\/www.dalmatien-online.de\/wp-content\/uploads\/2020\/06\/A-Brac-Vidova-Gora-16-bearb-6x17-8-1-768x509.jpg 768w, https:\/\/www.dalmatien-online.de\/wp-content\/uploads\/2020\/06\/A-Brac-Vidova-Gora-16-bearb-6x17-8-1-250x166.jpg 250w, https:\/\/www.dalmatien-online.de\/wp-content\/uploads\/2020\/06\/A-Brac-Vidova-Gora-16-bearb-6x17-8-1.jpg 1528w\" sizes=\"auto, (max-width: 1024px) 100vw, 1024px\" \/><figcaption>Kurz vor Erreichen der &#8222;Vidova Gora&#8220; bietet sich ein herrilcher \u00dcberblick auf Bol und die Inselwelt Dalmatiens \u00fcber den Hvarski Kanal, auf die Insel Hvar und dahinter sind die Insel Kor\u010dula und unten links hinten die Halbinsel Pelje\u0161ac zu erahnen.<\/figcaption><\/figure>\n\n\n\n<figure class=\"wp-block-image size-large\"><img loading=\"lazy\" decoding=\"async\" width=\"1024\" height=\"678\" src=\"https:\/\/www.dalmatien-online.de\/wp-content\/uploads\/2020\/06\/A-Brac-Vidova-Gora-16-bearb-6x17-9-1-1024x678.jpg\" alt=\"\" class=\"wp-image-1047\" srcset=\"https:\/\/www.dalmatien-online.de\/wp-content\/uploads\/2020\/06\/A-Brac-Vidova-Gora-16-bearb-6x17-9-1-1024x678.jpg 1024w, https:\/\/www.dalmatien-online.de\/wp-content\/uploads\/2020\/06\/A-Brac-Vidova-Gora-16-bearb-6x17-9-1-300x199.jpg 300w, https:\/\/www.dalmatien-online.de\/wp-content\/uploads\/2020\/06\/A-Brac-Vidova-Gora-16-bearb-6x17-9-1-768x509.jpg 768w, https:\/\/www.dalmatien-online.de\/wp-content\/uploads\/2020\/06\/A-Brac-Vidova-Gora-16-bearb-6x17-9-1-250x166.jpg 250w, https:\/\/www.dalmatien-online.de\/wp-content\/uploads\/2020\/06\/A-Brac-Vidova-Gora-16-bearb-6x17-9-1.jpg 1528w\" sizes=\"auto, (max-width: 1024px) 100vw, 1024px\" \/><figcaption>Weiter geht es entlang des Bergkamms Richtung Westen zum Ziel der &#8222;Vidova Gora&#8220; mit knapp 780 Meter \u00fcber dem Meeresspiegel und es beginnt zu d\u00e4mmern. Hier sollte man die Jahreszeit beachten, denn im Sp\u00e4therbst zum Beispiel wird es fr\u00fch dunkel und ein Abstieg im Dunkeln ist nicht gerade zu empfehlen.<\/figcaption><\/figure>\n\n\n\n<figure class=\"wp-block-image size-large\"><img loading=\"lazy\" decoding=\"async\" width=\"1024\" height=\"678\" src=\"https:\/\/www.dalmatien-online.de\/wp-content\/uploads\/2020\/06\/A-Brac-Vidova-Gora-16-bearb-6x17-10-1024x678.jpg\" alt=\"\" class=\"wp-image-1048\" srcset=\"https:\/\/www.dalmatien-online.de\/wp-content\/uploads\/2020\/06\/A-Brac-Vidova-Gora-16-bearb-6x17-10-1024x678.jpg 1024w, https:\/\/www.dalmatien-online.de\/wp-content\/uploads\/2020\/06\/A-Brac-Vidova-Gora-16-bearb-6x17-10-300x199.jpg 300w, https:\/\/www.dalmatien-online.de\/wp-content\/uploads\/2020\/06\/A-Brac-Vidova-Gora-16-bearb-6x17-10-768x509.jpg 768w, https:\/\/www.dalmatien-online.de\/wp-content\/uploads\/2020\/06\/A-Brac-Vidova-Gora-16-bearb-6x17-10-250x166.jpg 250w, https:\/\/www.dalmatien-online.de\/wp-content\/uploads\/2020\/06\/A-Brac-Vidova-Gora-16-bearb-6x17-10.jpg 1528w\" sizes=\"auto, (max-width: 1024px) 100vw, 1024px\" \/><figcaption>Oben angekommen schweift der erstaunte Blick bei Sonnenuntergang uber den Westzipfel der Insel Hvar in die Ferne auf die Insel Vis im Hintergrund (unten im Bild).<\/figcaption><\/figure>\n\n\n\n<figure class=\"wp-block-image size-large\"><img loading=\"lazy\" decoding=\"async\" width=\"1024\" height=\"678\" src=\"https:\/\/www.dalmatien-online.de\/wp-content\/uploads\/2020\/06\/A-Brac-Vidova-Gora-16-bearb-6x17-11-1024x678.jpg\" alt=\"\" class=\"wp-image-1049\" srcset=\"https:\/\/www.dalmatien-online.de\/wp-content\/uploads\/2020\/06\/A-Brac-Vidova-Gora-16-bearb-6x17-11-1024x678.jpg 1024w, https:\/\/www.dalmatien-online.de\/wp-content\/uploads\/2020\/06\/A-Brac-Vidova-Gora-16-bearb-6x17-11-300x199.jpg 300w, https:\/\/www.dalmatien-online.de\/wp-content\/uploads\/2020\/06\/A-Brac-Vidova-Gora-16-bearb-6x17-11-768x509.jpg 768w, https:\/\/www.dalmatien-online.de\/wp-content\/uploads\/2020\/06\/A-Brac-Vidova-Gora-16-bearb-6x17-11-250x166.jpg 250w, https:\/\/www.dalmatien-online.de\/wp-content\/uploads\/2020\/06\/A-Brac-Vidova-Gora-16-bearb-6x17-11.jpg 1528w\" sizes=\"auto, (max-width: 1024px) 100vw, 1024px\" \/><figcaption>Bei Abendsonne erstrahlt das St\u00e4dtchen Bol in goldenem Licht bevor es im Schatten veschwindet und langsam die Lichter im St\u00e4dtchen angeschaltet werden.<\/figcaption><\/figure>\n\n\n\n<figure class=\"wp-block-image size-large\"><img loading=\"lazy\" decoding=\"async\" width=\"1024\" height=\"678\" src=\"https:\/\/www.dalmatien-online.de\/wp-content\/uploads\/2020\/06\/A-Brac-Vidova-Gora-16-bearb-6x17-12-1024x678.jpg\" alt=\"\" class=\"wp-image-1050\" srcset=\"https:\/\/www.dalmatien-online.de\/wp-content\/uploads\/2020\/06\/A-Brac-Vidova-Gora-16-bearb-6x17-12-1024x678.jpg 1024w, https:\/\/www.dalmatien-online.de\/wp-content\/uploads\/2020\/06\/A-Brac-Vidova-Gora-16-bearb-6x17-12-300x199.jpg 300w, https:\/\/www.dalmatien-online.de\/wp-content\/uploads\/2020\/06\/A-Brac-Vidova-Gora-16-bearb-6x17-12-768x509.jpg 768w, https:\/\/www.dalmatien-online.de\/wp-content\/uploads\/2020\/06\/A-Brac-Vidova-Gora-16-bearb-6x17-12-250x166.jpg 250w, https:\/\/www.dalmatien-online.de\/wp-content\/uploads\/2020\/06\/A-Brac-Vidova-Gora-16-bearb-6x17-12.jpg 1528w\" sizes=\"auto, (max-width: 1024px) 100vw, 1024px\" \/><figcaption>Ein letzter Blick \u00fcber Hvar und in Richtung Vis bei Sonnenuntergang und es geht z\u00fcgig auf den Heimweg bergab zu K\u00fcste nach Bol bevor es zu dunkel wird. Wahlweise gelangt man auch mit dem Auto dorthin, allerdings per Stra\u00dfe durch das Innere der Insel knapp 30 Kilometer. Einfach wundersch\u00f6n!<\/figcaption><\/figure>\n\n\n\n<figure class=\"wp-block-image size-large\"><img loading=\"lazy\" decoding=\"async\" width=\"1024\" height=\"678\" src=\"https:\/\/www.dalmatien-online.de\/wp-content\/uploads\/2020\/06\/A-Brac-Vidova-Gora-16-bearb-6x17-13-1024x678.jpg\" alt=\"\" class=\"wp-image-1051\" srcset=\"https:\/\/www.dalmatien-online.de\/wp-content\/uploads\/2020\/06\/A-Brac-Vidova-Gora-16-bearb-6x17-13-1024x678.jpg 1024w, https:\/\/www.dalmatien-online.de\/wp-content\/uploads\/2020\/06\/A-Brac-Vidova-Gora-16-bearb-6x17-13-300x199.jpg 300w, https:\/\/www.dalmatien-online.de\/wp-content\/uploads\/2020\/06\/A-Brac-Vidova-Gora-16-bearb-6x17-13-768x509.jpg 768w, https:\/\/www.dalmatien-online.de\/wp-content\/uploads\/2020\/06\/A-Brac-Vidova-Gora-16-bearb-6x17-13-250x166.jpg 250w, https:\/\/www.dalmatien-online.de\/wp-content\/uploads\/2020\/06\/A-Brac-Vidova-Gora-16-bearb-6x17-13.jpg 1528w\" sizes=\"auto, (max-width: 1024px) 100vw, 1024px\" \/><\/figure>\n\n\n\n<div class=\"display-posts-listing image-left\"><div class=\"listing-item\"><a class=\"image\" href=\"https:\/\/www.dalmatien-online.de\/de\/2025\/02\/06\/aktuelle-neuigkeiten\/\"><img loading=\"lazy\" decoding=\"async\" width=\"150\" height=\"150\" src=\"https:\/\/www.dalmatien-online.de\/wp-content\/uploads\/2025\/02\/2023-07-13-Esel-Nahaufnahme-150x150.jpg\" class=\"attachment-thumbnail size-thumbnail wp-image-3676 wp-post-image\" alt=\"\" \/><\/a> <a class=\"title\" href=\"https:\/\/www.dalmatien-online.de\/de\/2025\/02\/06\/aktuelle-neuigkeiten\/\">Aktuelle Neuigkeiten<\/a> <span class=\"excerpt\">Eine Pause in der Aktualisierung dieser Webpr\u00e4senz bedeutet nicht, dass unser Projekt brach liegt. Viel ist geschehen, es wird stets&hellip; <span class=\"excerpt-more\">\u2026<\/span><\/span><\/div><div class=\"listing-item\"><a class=\"image\" href=\"https:\/\/www.dalmatien-online.de\/de\/2021\/02\/17\/pogaca-fuer-die-bienen\/\"><img loading=\"lazy\" decoding=\"async\" width=\"150\" height=\"150\" src=\"https:\/\/www.dalmatien-online.de\/wp-content\/uploads\/2021\/02\/A-Biensche-3-150x150.jpg\" class=\"attachment-thumbnail size-thumbnail wp-image-3631 wp-post-image\" alt=\"\" \/><\/a> <a class=\"title\" href=\"https:\/\/www.dalmatien-online.de\/de\/2021\/02\/17\/pogaca-fuer-die-bienen\/\">&#8222;Poga\u010da&#8220; fuer die Bienen<\/a> <span class=\"excerpt\">Winterzeit auf der Insel dalmatischen Insel Vis. Um den Bienen einen guten, gestaerkten Start in das neue Jahr zu ermoeglichen,&hellip; <span class=\"excerpt-more\">\u2026<\/span><\/span><\/div><div class=\"listing-item\"><a class=\"image\" href=\"https:\/\/www.dalmatien-online.de\/de\/2021\/02\/07\/drop-out-time\/\"><img loading=\"lazy\" decoding=\"async\" width=\"150\" height=\"150\" src=\"https:\/\/www.dalmatien-online.de\/wp-content\/uploads\/2021\/02\/A-Stoncica-JIBZ-113-150x150.jpg\" class=\"attachment-thumbnail size-thumbnail wp-image-3622 wp-post-image\" alt=\"Drop out on Vis in Ston\u010dica\" \/><\/a> <a class=\"title\" href=\"https:\/\/www.dalmatien-online.de\/de\/2021\/02\/07\/drop-out-time\/\">Drop-Out-Time<\/a> <span class=\"excerpt\">We are only kids from kids who had parents who were in the most total war ever and at the&hellip; <span class=\"excerpt-more\">\u2026<\/span><\/span><\/div><div class=\"listing-item\"><a class=\"image\" href=\"https:\/\/www.dalmatien-online.de\/de\/2021\/02\/06\/paradise-time\/\"><img loading=\"lazy\" decoding=\"async\" width=\"150\" height=\"150\" src=\"https:\/\/www.dalmatien-online.de\/wp-content\/uploads\/2021\/02\/A-Stoncica-JIBZ-k-5-150x150.jpg\" class=\"attachment-thumbnail size-thumbnail wp-image-3619 wp-post-image\" alt=\"Vojarna Ston\u010dica\" \/><\/a> <a class=\"title\" href=\"https:\/\/www.dalmatien-online.de\/de\/2021\/02\/06\/paradise-time\/\">Paradise-Time<\/a> <span class=\"excerpt\">We build up a paradise. No vacation resort! Paradise looks different for everyone. But the effects of a long-term vacation&hellip; <span class=\"excerpt-more\">\u2026<\/span><\/span><\/div><div class=\"listing-item\"><a class=\"image\" href=\"https:\/\/www.dalmatien-online.de\/de\/2021\/02\/06\/zusatz-informationen\/\"><img loading=\"lazy\" decoding=\"async\" width=\"150\" height=\"150\" src=\"https:\/\/www.dalmatien-online.de\/wp-content\/uploads\/2021\/02\/A-Stoncica-JIBZ-d-4-150x150.jpg\" class=\"attachment-thumbnail size-thumbnail wp-image-3617 wp-post-image\" alt=\"Vojarna Ston\u010dica\" \/><\/a> <a class=\"title\" href=\"https:\/\/www.dalmatien-online.de\/de\/2021\/02\/06\/zusatz-informationen\/\">Zusatz-Informationen<\/a> <span class=\"excerpt\">Besuchen Sie auch https:\/\/www.facebook.com\/croatiabymo f\u00fcr neueste Meldungen aus Vis! <span class=\"excerpt-more\">\u2026<\/span><\/span><\/div><div class=\"listing-item\"><a class=\"image\" href=\"https:\/\/www.dalmatien-online.de\/de\/2021\/02\/05\/vis-time\/\"><img loading=\"lazy\" decoding=\"async\" width=\"150\" height=\"150\" src=\"https:\/\/www.dalmatien-online.de\/wp-content\/uploads\/2021\/02\/2021-02-05-A-JIBZ-Zone-1-150x150.png\" class=\"attachment-thumbnail size-thumbnail wp-image-3579 wp-post-image\" alt=\"\" \/><\/a> <a class=\"title\" href=\"https:\/\/www.dalmatien-online.de\/de\/2021\/02\/05\/vis-time\/\">Vis-Time<\/a> <span class=\"excerpt\">https:\/\/www.youtube.com\/watch?t=512&amp;v=Lg7Mfj-nU4o A base for digital nomads, with a purpose economy on Vis. Animals, olive trees, vineyard, agricultural land... Three rooms&hellip; <span class=\"excerpt-more\">\u2026<\/span><\/span><\/div><div class=\"listing-item\"><a class=\"image\" href=\"https:\/\/www.dalmatien-online.de\/de\/2021\/02\/04\/codingtime\/\"><img loading=\"lazy\" decoding=\"async\" width=\"150\" height=\"150\" src=\"https:\/\/www.dalmatien-online.de\/wp-content\/uploads\/2021\/02\/A-Haus-Ri-Komiza-3-P-5-150x150.jpg\" class=\"attachment-thumbnail size-thumbnail wp-image-3580 wp-post-image\" alt=\"\" \/><\/a> <a class=\"title\" href=\"https:\/\/www.dalmatien-online.de\/de\/2021\/02\/04\/codingtime\/\">Codingtime<\/a> <span class=\"excerpt\">Doing business with development: is that more coding?Or more communicating?Is communication talking?Or meeting?Or reading very much and writing very little,&hellip; <span class=\"excerpt-more\">\u2026<\/span><\/span><\/div><div class=\"listing-item\"><a class=\"image\" href=\"https:\/\/www.dalmatien-online.de\/de\/2021\/02\/03\/breaktime\/\"><img loading=\"lazy\" decoding=\"async\" width=\"150\" height=\"150\" src=\"https:\/\/www.dalmatien-online.de\/wp-content\/uploads\/2021\/02\/A-Haus-Ri-Komiza-3-P-12-150x150.jpg\" class=\"attachment-thumbnail size-thumbnail wp-image-3581 wp-post-image\" alt=\"\" \/><\/a> <a class=\"title\" href=\"https:\/\/www.dalmatien-online.de\/de\/2021\/02\/03\/breaktime\/\">Breaktime<\/a> <span class=\"excerpt\">What has been will be again, what has been done will be done again; there is nothing new under the&hellip; <span class=\"excerpt-more\">\u2026<\/span><\/span><\/div><div class=\"listing-item\"><a class=\"image\" href=\"https:\/\/www.dalmatien-online.de\/de\/2021\/02\/02\/bubbletime\/\"><img loading=\"lazy\" decoding=\"async\" width=\"150\" height=\"150\" src=\"https:\/\/www.dalmatien-online.de\/wp-content\/uploads\/2021\/02\/A-Haus-Ri-Komiza-3-P-15-150x150.jpg\" class=\"attachment-thumbnail size-thumbnail wp-image-3583 wp-post-image\" alt=\"\" \/><\/a> <a class=\"title\" href=\"https:\/\/www.dalmatien-online.de\/de\/2021\/02\/02\/bubbletime\/\">Bubbletime<\/a> <span class=\"excerpt\">Developers develop following wrong paths, making mistakes and doing a lot of things again. And again. That is why developing&hellip; <span class=\"excerpt-more\">\u2026<\/span><\/span><\/div><div class=\"listing-item\"><a class=\"image\" href=\"https:\/\/www.dalmatien-online.de\/de\/2021\/02\/01\/chattertime\/\"><img loading=\"lazy\" decoding=\"async\" width=\"150\" height=\"150\" src=\"https:\/\/www.dalmatien-online.de\/wp-content\/uploads\/2021\/02\/A-Haus-Ri-Komiza-3-P-14-150x150.jpg\" class=\"attachment-thumbnail size-thumbnail wp-image-3584 wp-post-image\" alt=\"\" \/><\/a> <a class=\"title\" href=\"https:\/\/www.dalmatien-online.de\/de\/2021\/02\/01\/chattertime\/\">Chattertime<\/a> <span class=\"excerpt\">This will get a long post.I'll add diarytic paragraphs until I'll be kicked out or removed. I am not sorry&hellip; <span class=\"excerpt-more\">\u2026<\/span><\/span><\/div><\/div>\n","protected":false},"excerpt":{"rendered":"","protected":false},"author":2,"featured_media":0,"parent":0,"menu_order":0,"comment_status":"closed","ping_status":"closed","template":"","meta":{"footnotes":"","_links_to":"","_links_to_target":""},"tags":[],"class_list":["post-849","page","type-page","status-publish","hentry"],"_links":{"self":[{"href":"https:\/\/www.dalmatien-online.de\/de\/wp-json\/wp\/v2\/pages\/849","targetHints":{"allow":["GET"]}}],"collection":[{"href":"https:\/\/www.dalmatien-online.de\/de\/wp-json\/wp\/v2\/pages"}],"about":[{"href":"https:\/\/www.dalmatien-online.de\/de\/wp-json\/wp\/v2\/types\/page"}],"author":[{"embeddable":true,"href":"https:\/\/www.dalmatien-online.de\/de\/wp-json\/wp\/v2\/users\/2"}],"replies":[{"embeddable":true,"href":"https:\/\/www.dalmatien-online.de\/de\/wp-json\/wp\/v2\/comments?post=849"}],"version-history":[{"count":7,"href":"https:\/\/www.dalmatien-online.de\/de\/wp-json\/wp\/v2\/pages\/849\/revisions"}],"predecessor-version":[{"id":3053,"href":"https:\/\/www.dalmatien-online.de\/de\/wp-json\/wp\/v2\/pages\/849\/revisions\/3053"}],"wp:attachment":[{"href":"https:\/\/www.dalmatien-online.de\/de\/wp-json\/wp\/v2\/media?parent=849"}],"wp:term":[{"taxonomy":"post_tag","embeddable":true,"href":"https:\/\/www.dalmatien-online.de\/de\/wp-json\/wp\/v2\/tags?post=849"}],"curies":[{"name":"wp","href":"https:\/\/api.w.org\/{rel}","templated":true}]}}