{"id":853,"date":"2020-06-04T09:48:54","date_gmt":"2020-06-04T08:48:54","guid":{"rendered":"https:\/\/www.dalmatien-online.de\/?page_id=853"},"modified":"2020-06-26T13:18:32","modified_gmt":"2020-06-26T12:18:32","slug":"insel-lastovo","status":"publish","type":"page","link":"https:\/\/www.dalmatien-online.de\/de\/insel-lastovo\/","title":{"rendered":"Insel Lastovo"},"content":{"rendered":"\n<figure class=\"wp-block-image size-large\"><img loading=\"lazy\" decoding=\"async\" width=\"1024\" height=\"270\" src=\"https:\/\/www.dalmatien-online.de\/wp-content\/uploads\/2020\/06\/0-D-O-Lastovo-tours-t-1024x270.jpg\" alt=\"\" class=\"wp-image-3217\" srcset=\"https:\/\/www.dalmatien-online.de\/wp-content\/uploads\/2020\/06\/0-D-O-Lastovo-tours-t-1024x270.jpg 1024w, https:\/\/www.dalmatien-online.de\/wp-content\/uploads\/2020\/06\/0-D-O-Lastovo-tours-t-300x79.jpg 300w, https:\/\/www.dalmatien-online.de\/wp-content\/uploads\/2020\/06\/0-D-O-Lastovo-tours-t-768x202.jpg 768w, https:\/\/www.dalmatien-online.de\/wp-content\/uploads\/2020\/06\/0-D-O-Lastovo-tours-t-250x66.jpg 250w, https:\/\/www.dalmatien-online.de\/wp-content\/uploads\/2020\/06\/0-D-O-Lastovo-tours-t.jpg 1500w\" sizes=\"auto, (max-width: 1024px) 100vw, 1024px\" \/><figcaption>Die kleine Insel weit drau\u00dfen s\u00fcdlich Kor\u010dulas ist ein Paradis zum Wandern und erfreut jeden Liebhaber von Natur und Entspannung abseits der gro\u00dfen Touristenstr\u00f6me. Viele alte Pfade mit wundersch\u00f6nen Ausblicken, alten Gem\u00e4uern und verwunschenen Szenarien laden gerade dazu ein ein kleines Abenteur zu erleben.<\/figcaption><\/figure>\n\n\n\n<figure class=\"wp-block-image size-large\"><a href=\"https:\/\/www.dalmatien-online.de\/de\/lastovo-nach-skrivena-luka\/\" target=\"_blank\" rel=\"noopener noreferrer\"><img loading=\"lazy\" decoding=\"async\" width=\"1024\" height=\"273\" src=\"https:\/\/www.dalmatien-online.de\/wp-content\/uploads\/2020\/06\/0-D-O-Lastove-Skrivena-Luka-t-1024x273.jpg\" alt=\"\" class=\"wp-image-3023\" srcset=\"https:\/\/www.dalmatien-online.de\/wp-content\/uploads\/2020\/06\/0-D-O-Lastove-Skrivena-Luka-t-1024x273.jpg 1024w, https:\/\/www.dalmatien-online.de\/wp-content\/uploads\/2020\/06\/0-D-O-Lastove-Skrivena-Luka-t-300x80.jpg 300w, https:\/\/www.dalmatien-online.de\/wp-content\/uploads\/2020\/06\/0-D-O-Lastove-Skrivena-Luka-t-768x205.jpg 768w, https:\/\/www.dalmatien-online.de\/wp-content\/uploads\/2020\/06\/0-D-O-Lastove-Skrivena-Luka-t-250x67.jpg 250w, https:\/\/www.dalmatien-online.de\/wp-content\/uploads\/2020\/06\/0-D-O-Lastove-Skrivena-Luka-t.jpg 1500w\" sizes=\"auto, (max-width: 1024px) 100vw, 1024px\" \/><\/a><\/figure>\n\n\n\n<figure class=\"wp-block-image size-large\"><a href=\"https:\/\/www.dalmatien-online.de\/de\/von-lastovo-zur-bucht-zace\/\" target=\"_blank\" rel=\"noopener noreferrer\"><img loading=\"lazy\" decoding=\"async\" width=\"1024\" height=\"290\" src=\"https:\/\/www.dalmatien-online.de\/wp-content\/uploads\/2020\/06\/0-D-O-LastovoZace-t-1024x290.jpg\" alt=\"\" class=\"wp-image-3026\" srcset=\"https:\/\/www.dalmatien-online.de\/wp-content\/uploads\/2020\/06\/0-D-O-LastovoZace-t-1024x290.jpg 1024w, https:\/\/www.dalmatien-online.de\/wp-content\/uploads\/2020\/06\/0-D-O-LastovoZace-t-300x85.jpg 300w, https:\/\/www.dalmatien-online.de\/wp-content\/uploads\/2020\/06\/0-D-O-LastovoZace-t-768x217.jpg 768w, https:\/\/www.dalmatien-online.de\/wp-content\/uploads\/2020\/06\/0-D-O-LastovoZace-t-250x71.jpg 250w, https:\/\/www.dalmatien-online.de\/wp-content\/uploads\/2020\/06\/0-D-O-LastovoZace-t.jpg 1513w\" sizes=\"auto, (max-width: 1024px) 100vw, 1024px\" \/><\/a><\/figure>\n\n\n\n<p><\/p>\n\n\n\n<p>Ein Beispiel daf\u00fcr ist die <a rel=\"noreferrer noopener\" href=\"https:\/\/www.dalmatien-online.de\/lastovo-nach-skrivena-luka\/\" target=\"_blank\"><strong>Wanderung \u00fcber die Insel von Lastovo nach Skrivena Luka<\/strong><\/a> oder durch alte <strong><a rel=\"noreferrer noopener\" href=\"https:\/\/www.dalmatien-online.de\/von-lastovo-zur-bucht-zace\/\" target=\"_blank\">Oliveng\u00e4rten von Lastovo zu Zace Bucht.<\/a><\/strong><\/p>\n\n\n\n<hr class=\"wp-block-separator\"\/>\n\n\n\n\n","protected":false},"excerpt":{"rendered":"<p>Ein Beispiel daf\u00fcr ist die Wanderung \u00fcber die Insel von Lastovo nach Skrivena Luka oder durch alte Oliveng\u00e4rten von Lastovo zu Zace Bucht.<\/p>\n","protected":false},"author":2,"featured_media":0,"parent":0,"menu_order":0,"comment_status":"closed","ping_status":"closed","template":"","meta":{"footnotes":"","_links_to":"","_links_to_target":""},"tags":[],"class_list":["post-853","page","type-page","status-publish","hentry"],"_links":{"self":[{"href":"https:\/\/www.dalmatien-online.de\/de\/wp-json\/wp\/v2\/pages\/853","targetHints":{"allow":["GET"]}}],"collection":[{"href":"https:\/\/www.dalmatien-online.de\/de\/wp-json\/wp\/v2\/pages"}],"about":[{"href":"https:\/\/www.dalmatien-online.de\/de\/wp-json\/wp\/v2\/types\/page"}],"author":[{"embeddable":true,"href":"https:\/\/www.dalmatien-online.de\/de\/wp-json\/wp\/v2\/users\/2"}],"replies":[{"embeddable":true,"href":"https:\/\/www.dalmatien-online.de\/de\/wp-json\/wp\/v2\/comments?post=853"}],"version-history":[{"count":11,"href":"https:\/\/www.dalmatien-online.de\/de\/wp-json\/wp\/v2\/pages\/853\/revisions"}],"predecessor-version":[{"id":3218,"href":"https:\/\/www.dalmatien-online.de\/de\/wp-json\/wp\/v2\/pages\/853\/revisions\/3218"}],"wp:attachment":[{"href":"https:\/\/www.dalmatien-online.de\/de\/wp-json\/wp\/v2\/media?parent=853"}],"wp:term":[{"taxonomy":"post_tag","embeddable":true,"href":"https:\/\/www.dalmatien-online.de\/de\/wp-json\/wp\/v2\/tags?post=853"}],"curies":[{"name":"wp","href":"https:\/\/api.w.org\/{rel}","templated":true}]}}