{"id":92,"date":"2020-05-02T09:00:14","date_gmt":"2020-05-02T08:00:14","guid":{"rendered":"https:\/\/www.dalmatien-online.de\/?page_id=92"},"modified":"2020-06-23T21:35:43","modified_gmt":"2020-06-23T20:35:43","slug":"korcula","status":"publish","type":"page","link":"https:\/\/www.dalmatien-online.de\/de\/korcula\/","title":{"rendered":"Kor\u010dula"},"content":{"rendered":"\n<figure class=\"wp-block-image size-large\"><img loading=\"lazy\" decoding=\"async\" width=\"1024\" height=\"247\" src=\"https:\/\/www.dalmatien-online.de\/wp-content\/uploads\/2020\/06\/0-Kor\u010duka-D-O-t-1024x247.jpg\" alt=\"\" class=\"wp-image-2894\" srcset=\"https:\/\/www.dalmatien-online.de\/wp-content\/uploads\/2020\/06\/0-Kor\u010duka-D-O-t-1024x247.jpg 1024w, https:\/\/www.dalmatien-online.de\/wp-content\/uploads\/2020\/06\/0-Kor\u010duka-D-O-t-300x72.jpg 300w, https:\/\/www.dalmatien-online.de\/wp-content\/uploads\/2020\/06\/0-Kor\u010duka-D-O-t-768x185.jpg 768w, https:\/\/www.dalmatien-online.de\/wp-content\/uploads\/2020\/06\/0-Kor\u010duka-D-O-t-250x60.jpg 250w, https:\/\/www.dalmatien-online.de\/wp-content\/uploads\/2020\/06\/0-Kor\u010duka-D-O-t.jpg 1278w\" sizes=\"auto, (max-width: 1024px) 100vw, 1024px\" \/><figcaption>Die Insel Kor\u010dula liegt im S\u00fcden Dalmatiens s\u00fcdwestlich der Halbinsel Pelje\u0161ac und hat knapp 17000 Einwohnern. Hauptort und touristisch am bekanntesten und meist besucht dort ist die gleichnamige <strong><a rel=\"noreferrer noopener\" href=\"https:\/\/www.dalmatien-online.de\/de\/korcula-stadt\/\" target=\"_blank\">Stadt Kor\u010dula<\/a><\/strong> und gilt als Geburtsort von Marco Polo, auch wenn das die Venezianer anders sehen. <\/figcaption><\/figure>\n\n\n\n<figure class=\"wp-block-image size-large\"><img loading=\"lazy\" decoding=\"async\" width=\"1024\" height=\"676\" src=\"https:\/\/www.dalmatien-online.de\/wp-content\/uploads\/2020\/06\/0A-Korcula-Mittwoch-1-2-1024x676.jpg\" alt=\"\" class=\"wp-image-2895\" srcset=\"https:\/\/www.dalmatien-online.de\/wp-content\/uploads\/2020\/06\/0A-Korcula-Mittwoch-1-2-1024x676.jpg 1024w, https:\/\/www.dalmatien-online.de\/wp-content\/uploads\/2020\/06\/0A-Korcula-Mittwoch-1-2-300x198.jpg 300w, https:\/\/www.dalmatien-online.de\/wp-content\/uploads\/2020\/06\/0A-Korcula-Mittwoch-1-2-768x507.jpg 768w, https:\/\/www.dalmatien-online.de\/wp-content\/uploads\/2020\/06\/0A-Korcula-Mittwoch-1-2-250x165.jpg 250w, https:\/\/www.dalmatien-online.de\/wp-content\/uploads\/2020\/06\/0A-Korcula-Mittwoch-1-2.jpg 1389w\" sizes=\"auto, (max-width: 1024px) 100vw, 1024px\" \/><figcaption>Beim Besuch der Insel, ob als Ausflug oder bei l\u00e4ngerem Aufenthalt, ist die bewegte <strong><a rel=\"noreferrer noopener\" href=\"https:\/\/www.korculainfo.com\/history\/\" target=\"_blank\">Geschichte Kor\u010dula`s<\/a><\/strong> \u00fcberall gegew\u00e4rtig zu sp\u00fcren und die Natursch\u00f6nheit und die Kulisse laden zu T\u00e4umen ein.<\/figcaption><\/figure>\n\n\n\n<figure class=\"wp-block-image size-large\"><img loading=\"lazy\" decoding=\"async\" width=\"1024\" height=\"669\" src=\"https:\/\/www.dalmatien-online.de\/wp-content\/uploads\/2020\/06\/0-Kor\u010dula-1-1024x669.jpg\" alt=\"\" class=\"wp-image-2897\" srcset=\"https:\/\/www.dalmatien-online.de\/wp-content\/uploads\/2020\/06\/0-Kor\u010dula-1-1024x669.jpg 1024w, https:\/\/www.dalmatien-online.de\/wp-content\/uploads\/2020\/06\/0-Kor\u010dula-1-300x196.jpg 300w, https:\/\/www.dalmatien-online.de\/wp-content\/uploads\/2020\/06\/0-Kor\u010dula-1-768x501.jpg 768w, https:\/\/www.dalmatien-online.de\/wp-content\/uploads\/2020\/06\/0-Kor\u010dula-1-250x163.jpg 250w, https:\/\/www.dalmatien-online.de\/wp-content\/uploads\/2020\/06\/0-Kor\u010dula-1.jpg 1184w\" sizes=\"auto, (max-width: 1024px) 100vw, 1024px\" \/><figcaption>Unweit westlich der Stadt an der Nordk\u00fcste gelegen, gibt es viele kleine Siedlungen in vertr\u00e4umten Buchten wie Medvinjak, \u017drnovska Banja oder Ra\u010di\u0161\u0107e, um nur einige zu nennen. Die S\u00fcdk\u00fcste ist eher sp\u00e4rlich besiedelt, was dazu einl\u00e4d auf Entdeckungstour zu einsamen kleinen Buchten zu wandern.<\/figcaption><\/figure>\n\n\n\n<figure class=\"wp-block-image size-large\"><img loading=\"lazy\" decoding=\"async\" width=\"1024\" height=\"678\" src=\"https:\/\/www.dalmatien-online.de\/wp-content\/uploads\/2020\/06\/A-Lumbarda-20-8-1-1024x678.jpg\" alt=\"\" class=\"wp-image-2900\" srcset=\"https:\/\/www.dalmatien-online.de\/wp-content\/uploads\/2020\/06\/A-Lumbarda-20-8-1-1024x678.jpg 1024w, https:\/\/www.dalmatien-online.de\/wp-content\/uploads\/2020\/06\/A-Lumbarda-20-8-1-300x199.jpg 300w, https:\/\/www.dalmatien-online.de\/wp-content\/uploads\/2020\/06\/A-Lumbarda-20-8-1-768x509.jpg 768w, https:\/\/www.dalmatien-online.de\/wp-content\/uploads\/2020\/06\/A-Lumbarda-20-8-1-250x166.jpg 250w, https:\/\/www.dalmatien-online.de\/wp-content\/uploads\/2020\/06\/A-Lumbarda-20-8-1.jpg 1528w\" sizes=\"auto, (max-width: 1024px) 100vw, 1024px\" \/><figcaption>\u00d6stlich der Stadt Kor\u010dula liegt das \u00d6rtchen <strong><a rel=\"noreferrer noopener\" href=\"https:\/\/www.dalmatien-online.de\/de\/lumbarda\/\" target=\"_blank\">Lumbarda<\/a><\/strong> mit seinen weitl\u00e4ufigen Buchten mit dem Blick hin\u00fcber auf die Halbinsel Pelje\u0161ac. Der gr\u00f6\u00dfte Ort auf der Westseite der Insel ist <strong><a rel=\"noreferrer noopener\" href=\"https:\/\/www.dalmatien-online.de\/de\/vela-luka\/\" target=\"_blank\">Vela Luka (&#8222;gro\u00dfer Hafen&#8220;)<\/a><\/strong> mit seiner weitl\u00e4ufigen Bucht umringt von bewaldeten H\u00fcgeln und Olivenhainen. Der gr\u00f6\u00dfte Ort im Inneren der Insel ist Blato westlich Kor\u010dula`s auf dem Weg nach Vela Luka.<\/figcaption><\/figure>\n\n\n\n<figure class=\"wp-block-image size-large\"><img loading=\"lazy\" decoding=\"async\" width=\"1024\" height=\"658\" src=\"https:\/\/www.dalmatien-online.de\/wp-content\/uploads\/2020\/06\/0A-Kor\u010dula-Lumbarda-Soline-1-1-1024x658.jpg\" alt=\"\" class=\"wp-image-2901\" srcset=\"https:\/\/www.dalmatien-online.de\/wp-content\/uploads\/2020\/06\/0A-Kor\u010dula-Lumbarda-Soline-1-1-1024x658.jpg 1024w, https:\/\/www.dalmatien-online.de\/wp-content\/uploads\/2020\/06\/0A-Kor\u010dula-Lumbarda-Soline-1-1-300x193.jpg 300w, https:\/\/www.dalmatien-online.de\/wp-content\/uploads\/2020\/06\/0A-Kor\u010dula-Lumbarda-Soline-1-1-768x493.jpg 768w, https:\/\/www.dalmatien-online.de\/wp-content\/uploads\/2020\/06\/0A-Kor\u010dula-Lumbarda-Soline-1-1-250x161.jpg 250w, https:\/\/www.dalmatien-online.de\/wp-content\/uploads\/2020\/06\/0A-Kor\u010dula-Lumbarda-Soline-1-1.jpg 1407w\" sizes=\"auto, (max-width: 1024px) 100vw, 1024px\" \/><\/figure>\n\n\n\n<p>Kor\u010dula ist mit der <strong><a rel=\"noreferrer noopener\" href=\"https:\/\/www.jadrolinija.hr\/en\/schedule\/LineSearchResults\/Index\/2331792\/2331807\/15062020\" target=\"_blank\">F\u00e4hre von Split<\/a><\/strong>, von <strong><a rel=\"noreferrer noopener\" href=\"https:\/\/www.jadrolinija.hr\/en\/schedule\/LineSearchResults\/Index\/2331768\/2331743\/15062020\" target=\"_blank\">Orebi\u0107 aus nach Kor\u010dula (Domin\u010de)<\/a><\/strong> auf der Halbinsel Pelje\u0161ac und <strong><a rel=\"noreferrer noopener\" href=\"https:\/\/www.jadrolinija.hr\/en\/schedule\/LineSearchResults\/Index\/2331768\/2331743\/15062020\" target=\"_blank\">von Dubrovnik <\/a><\/strong>aus gut per F\u00e4hre oder Katamaran zu erreichen, <strong><a href=\"https:\/\/www.korculainfo.com\/ferries\/ferry-orebic-korcula-foot-passengers-service\/\" target=\"_blank\" rel=\"noreferrer noopener\">von Orebi\u0107 aus auch per kleinem Personenschiff. <\/a><\/strong> Vela Luka ist der F\u00e4hrhafen Kor\u010dula`s auf der Westseite, wenn man mit dem Auto von Split anreist &#8211; <strong><a rel=\"noreferrer noopener\" href=\"https:\/\/www.jadrolinija.hr\/en\/schedule\/LineSearchResults\/Index\/2331792\/2331807\/15062020\" target=\"_blank\">Split nach Vela Luka<\/a><\/strong>.<\/p>\n\n\n\n<figure class=\"wp-block-image size-large\"><img loading=\"lazy\" decoding=\"async\" width=\"1024\" height=\"676\" src=\"https:\/\/www.dalmatien-online.de\/wp-content\/uploads\/2020\/06\/0A-Kor\u010dula-1-1-1024x676.jpg\" alt=\"\" class=\"wp-image-2902\" srcset=\"https:\/\/www.dalmatien-online.de\/wp-content\/uploads\/2020\/06\/0A-Kor\u010dula-1-1-1024x676.jpg 1024w, https:\/\/www.dalmatien-online.de\/wp-content\/uploads\/2020\/06\/0A-Kor\u010dula-1-1-300x198.jpg 300w, https:\/\/www.dalmatien-online.de\/wp-content\/uploads\/2020\/06\/0A-Kor\u010dula-1-1-768x507.jpg 768w, https:\/\/www.dalmatien-online.de\/wp-content\/uploads\/2020\/06\/0A-Kor\u010dula-1-1-250x165.jpg 250w, https:\/\/www.dalmatien-online.de\/wp-content\/uploads\/2020\/06\/0A-Kor\u010dula-1-1.jpg 1354w\" sizes=\"auto, (max-width: 1024px) 100vw, 1024px\" \/><\/figure>\n\n\n\n<hr class=\"wp-block-separator\"\/>\n\n\n\n\n","protected":false},"excerpt":{"rendered":"<p>Kor\u010dula ist mit der F\u00e4hre von Split, von Orebi\u0107 aus nach Kor\u010dula (Domin\u010de) auf der Halbinsel Pelje\u0161ac und von Dubrovnik aus gut per F\u00e4hre oder Katamaran zu erreichen, von Orebi\u0107 <a class=\"more-link\" href=\"https:\/\/www.dalmatien-online.de\/de\/korcula\/\">weiterlesen&#8230;<\/a><\/p>\n","protected":false},"author":1,"featured_media":0,"parent":0,"menu_order":0,"comment_status":"closed","ping_status":"closed","template":"","meta":{"footnotes":"","_links_to":"","_links_to_target":""},"tags":[],"class_list":["post-92","page","type-page","status-publish","hentry"],"_links":{"self":[{"href":"https:\/\/www.dalmatien-online.de\/de\/wp-json\/wp\/v2\/pages\/92","targetHints":{"allow":["GET"]}}],"collection":[{"href":"https:\/\/www.dalmatien-online.de\/de\/wp-json\/wp\/v2\/pages"}],"about":[{"href":"https:\/\/www.dalmatien-online.de\/de\/wp-json\/wp\/v2\/types\/page"}],"author":[{"embeddable":true,"href":"https:\/\/www.dalmatien-online.de\/de\/wp-json\/wp\/v2\/users\/1"}],"replies":[{"embeddable":true,"href":"https:\/\/www.dalmatien-online.de\/de\/wp-json\/wp\/v2\/comments?post=92"}],"version-history":[{"count":17,"href":"https:\/\/www.dalmatien-online.de\/de\/wp-json\/wp\/v2\/pages\/92\/revisions"}],"predecessor-version":[{"id":2903,"href":"https:\/\/www.dalmatien-online.de\/de\/wp-json\/wp\/v2\/pages\/92\/revisions\/2903"}],"wp:attachment":[{"href":"https:\/\/www.dalmatien-online.de\/de\/wp-json\/wp\/v2\/media?parent=92"}],"wp:term":[{"taxonomy":"post_tag","embeddable":true,"href":"https:\/\/www.dalmatien-online.de\/de\/wp-json\/wp\/v2\/tags?post=92"}],"curies":[{"name":"wp","href":"https:\/\/api.w.org\/{rel}","templated":true}]}}