{"id":1020,"date":"2020-06-04T13:35:59","date_gmt":"2020-06-04T12:35:59","guid":{"rendered":"https:\/\/www.dalmatien-online.de\/?page_id=1020"},"modified":"2020-06-10T20:14:44","modified_gmt":"2020-06-10T19:14:44","slug":"nationalpark-krka","status":"publish","type":"page","link":"https:\/\/www.dalmatien-online.de\/en\/nationalpark-krka\/","title":{"rendered":"Nationalpark Krka"},"content":{"rendered":"<p>Nahe der alten kroatischen K\u00fcstenstadt und K\u00f6nigsstadt \u0160ibenik gelegen am Flu\u00df Krka befindet sich der gleichnamige Nationalpark Krka. Er ist auf Grund seiner beiendruckenden Wasserf\u00e4lle und Sch\u00f6nheit etwas wie ein fest geschriebenes Ausflugsziel in Kroatien. Der Ort Skradin am Flu\u00df Krka bildet das Tor zum<a href=\"http:\/\/www.np-krka.hr\/en\/\"> <strong>National Park <\/strong><\/a><strong><a href=\"http:\/\/www.np-krka.hr\/en\/\" target=\"_blank\" rel=\"noreferrer noopener\">Kr<\/a><a href=\"http:\/\/www.np-krka.hr\/en\/\">ka<\/a><\/strong>.<\/p>\n\n\n\n<figure class=\"wp-block-image size-large\"><img loading=\"lazy\" decoding=\"async\" width=\"1024\" height=\"686\" src=\"https:\/\/www.dalmatien-online.de\/wp-content\/uploads\/2020\/06\/Krka-2-klein-1024x686.jpg\" alt=\"\" class=\"wp-image-1848\" srcset=\"https:\/\/www.dalmatien-online.de\/wp-content\/uploads\/2020\/06\/Krka-2-klein-1024x686.jpg 1024w, https:\/\/www.dalmatien-online.de\/wp-content\/uploads\/2020\/06\/Krka-2-klein-300x201.jpg 300w, https:\/\/www.dalmatien-online.de\/wp-content\/uploads\/2020\/06\/Krka-2-klein-768x514.jpg 768w, https:\/\/www.dalmatien-online.de\/wp-content\/uploads\/2020\/06\/Krka-2-klein-250x167.jpg 250w, https:\/\/www.dalmatien-online.de\/wp-content\/uploads\/2020\/06\/Krka-2-klein-400x267.jpg 400w, https:\/\/www.dalmatien-online.de\/wp-content\/uploads\/2020\/06\/Krka-2-klein.jpg 1341w\" sizes=\"auto, (max-width: 1024px) 100vw, 1024px\" \/><\/figure>\n\n\n\n<figure class=\"wp-block-image size-large\"><img loading=\"lazy\" decoding=\"async\" width=\"1024\" height=\"679\" src=\"https:\/\/www.dalmatien-online.de\/wp-content\/uploads\/2020\/06\/Krka-4-klein-1024x679.jpg\" alt=\"\" class=\"wp-image-1849\" srcset=\"https:\/\/www.dalmatien-online.de\/wp-content\/uploads\/2020\/06\/Krka-4-klein-1024x679.jpg 1024w, https:\/\/www.dalmatien-online.de\/wp-content\/uploads\/2020\/06\/Krka-4-klein-300x199.jpg 300w, https:\/\/www.dalmatien-online.de\/wp-content\/uploads\/2020\/06\/Krka-4-klein-768x509.jpg 768w, https:\/\/www.dalmatien-online.de\/wp-content\/uploads\/2020\/06\/Krka-4-klein-250x166.jpg 250w, https:\/\/www.dalmatien-online.de\/wp-content\/uploads\/2020\/06\/Krka-4-klein.jpg 1356w\" sizes=\"auto, (max-width: 1024px) 100vw, 1024px\" \/><\/figure>\n\n\n\n<figure class=\"wp-block-image size-large\"><img loading=\"lazy\" decoding=\"async\" width=\"1024\" height=\"678\" src=\"https:\/\/www.dalmatien-online.de\/wp-content\/uploads\/2020\/06\/A-Krka-bearb-2018-1-1024x678.jpg\" alt=\"\" class=\"wp-image-1850\" srcset=\"https:\/\/www.dalmatien-online.de\/wp-content\/uploads\/2020\/06\/A-Krka-bearb-2018-1-1024x678.jpg 1024w, https:\/\/www.dalmatien-online.de\/wp-content\/uploads\/2020\/06\/A-Krka-bearb-2018-1-300x199.jpg 300w, https:\/\/www.dalmatien-online.de\/wp-content\/uploads\/2020\/06\/A-Krka-bearb-2018-1-768x509.jpg 768w, https:\/\/www.dalmatien-online.de\/wp-content\/uploads\/2020\/06\/A-Krka-bearb-2018-1-250x166.jpg 250w, https:\/\/www.dalmatien-online.de\/wp-content\/uploads\/2020\/06\/A-Krka-bearb-2018-1.jpg 1528w\" sizes=\"auto, (max-width: 1024px) 100vw, 1024px\" \/><\/figure>\n\n\n\n<figure class=\"wp-block-image size-large\"><img loading=\"lazy\" decoding=\"async\" width=\"690\" height=\"1024\" src=\"https:\/\/www.dalmatien-online.de\/wp-content\/uploads\/2020\/06\/A-Krka-2013-bearb-2016-3-690x1024.jpg\" alt=\"\" class=\"wp-image-1851\" srcset=\"https:\/\/www.dalmatien-online.de\/wp-content\/uploads\/2020\/06\/A-Krka-2013-bearb-2016-3-690x1024.jpg 690w, https:\/\/www.dalmatien-online.de\/wp-content\/uploads\/2020\/06\/A-Krka-2013-bearb-2016-3-202x300.jpg 202w, https:\/\/www.dalmatien-online.de\/wp-content\/uploads\/2020\/06\/A-Krka-2013-bearb-2016-3-768x1140.jpg 768w, https:\/\/www.dalmatien-online.de\/wp-content\/uploads\/2020\/06\/A-Krka-2013-bearb-2016-3-250x371.jpg 250w, https:\/\/www.dalmatien-online.de\/wp-content\/uploads\/2020\/06\/A-Krka-2013-bearb-2016-3.jpg 904w\" sizes=\"auto, (max-width: 690px) 100vw, 690px\" \/><\/figure>\n\n\n\n<figure class=\"wp-block-image size-large\"><img loading=\"lazy\" decoding=\"async\" width=\"1024\" height=\"669\" src=\"https:\/\/www.dalmatien-online.de\/wp-content\/uploads\/2020\/06\/BlickFlu\u00df-fb-klein-1024x669.jpg\" alt=\"\" class=\"wp-image-1852\" srcset=\"https:\/\/www.dalmatien-online.de\/wp-content\/uploads\/2020\/06\/BlickFlu\u00df-fb-klein-1024x669.jpg 1024w, https:\/\/www.dalmatien-online.de\/wp-content\/uploads\/2020\/06\/BlickFlu\u00df-fb-klein-300x196.jpg 300w, https:\/\/www.dalmatien-online.de\/wp-content\/uploads\/2020\/06\/BlickFlu\u00df-fb-klein-768x502.jpg 768w, https:\/\/www.dalmatien-online.de\/wp-content\/uploads\/2020\/06\/BlickFlu\u00df-fb-klein-250x163.jpg 250w, https:\/\/www.dalmatien-online.de\/wp-content\/uploads\/2020\/06\/BlickFlu\u00df-fb-klein.jpg 1304w\" sizes=\"auto, (max-width: 1024px) 100vw, 1024px\" \/><\/figure>\n\n\n\n<figure class=\"wp-block-image size-large\"><img loading=\"lazy\" decoding=\"async\" width=\"1024\" height=\"668\" src=\"https:\/\/www.dalmatien-online.de\/wp-content\/uploads\/2020\/06\/Flu\u00df-1-klein-1024x668.jpg\" alt=\"\" class=\"wp-image-1853\" srcset=\"https:\/\/www.dalmatien-online.de\/wp-content\/uploads\/2020\/06\/Flu\u00df-1-klein-1024x668.jpg 1024w, https:\/\/www.dalmatien-online.de\/wp-content\/uploads\/2020\/06\/Flu\u00df-1-klein-300x196.jpg 300w, https:\/\/www.dalmatien-online.de\/wp-content\/uploads\/2020\/06\/Flu\u00df-1-klein-768x501.jpg 768w, https:\/\/www.dalmatien-online.de\/wp-content\/uploads\/2020\/06\/Flu\u00df-1-klein-250x163.jpg 250w, https:\/\/www.dalmatien-online.de\/wp-content\/uploads\/2020\/06\/Flu\u00df-1-klein.jpg 1313w\" sizes=\"auto, (max-width: 1024px) 100vw, 1024px\" \/><\/figure>\n\n\n\n<figure class=\"wp-block-image size-large\"><img loading=\"lazy\" decoding=\"async\" width=\"1024\" height=\"676\" src=\"https:\/\/www.dalmatien-online.de\/wp-content\/uploads\/2020\/06\/Krka-3-klein-1024x676.jpg\" alt=\"\" class=\"wp-image-1854\" srcset=\"https:\/\/www.dalmatien-online.de\/wp-content\/uploads\/2020\/06\/Krka-3-klein-1024x676.jpg 1024w, https:\/\/www.dalmatien-online.de\/wp-content\/uploads\/2020\/06\/Krka-3-klein-300x198.jpg 300w, https:\/\/www.dalmatien-online.de\/wp-content\/uploads\/2020\/06\/Krka-3-klein-768x507.jpg 768w, https:\/\/www.dalmatien-online.de\/wp-content\/uploads\/2020\/06\/Krka-3-klein-250x165.jpg 250w, https:\/\/www.dalmatien-online.de\/wp-content\/uploads\/2020\/06\/Krka-3-klein.jpg 1337w\" sizes=\"auto, (max-width: 1024px) 100vw, 1024px\" \/><\/figure>\n\n\n\n<figure class=\"wp-block-image size-large\"><img loading=\"lazy\" decoding=\"async\" width=\"1024\" height=\"688\" src=\"https:\/\/www.dalmatien-online.de\/wp-content\/uploads\/2020\/06\/BaumWater-fb-klein-1024x688.jpg\" alt=\"\" class=\"wp-image-1855\" srcset=\"https:\/\/www.dalmatien-online.de\/wp-content\/uploads\/2020\/06\/BaumWater-fb-klein-1024x688.jpg 1024w, https:\/\/www.dalmatien-online.de\/wp-content\/uploads\/2020\/06\/BaumWater-fb-klein-300x202.jpg 300w, https:\/\/www.dalmatien-online.de\/wp-content\/uploads\/2020\/06\/BaumWater-fb-klein-768x516.jpg 768w, https:\/\/www.dalmatien-online.de\/wp-content\/uploads\/2020\/06\/BaumWater-fb-klein-250x168.jpg 250w, https:\/\/www.dalmatien-online.de\/wp-content\/uploads\/2020\/06\/BaumWater-fb-klein.jpg 1301w\" sizes=\"auto, (max-width: 1024px) 100vw, 1024px\" \/><\/figure>\n\n\n\n<figure class=\"wp-block-image size-large\"><img loading=\"lazy\" decoding=\"async\" width=\"683\" height=\"1024\" src=\"https:\/\/www.dalmatien-online.de\/wp-content\/uploads\/2020\/06\/A-Krka-2013-bearb-2016-2-683x1024.jpg\" alt=\"\" class=\"wp-image-1856\" srcset=\"https:\/\/www.dalmatien-online.de\/wp-content\/uploads\/2020\/06\/A-Krka-2013-bearb-2016-2-683x1024.jpg 683w, https:\/\/www.dalmatien-online.de\/wp-content\/uploads\/2020\/06\/A-Krka-2013-bearb-2016-2-200x300.jpg 200w, https:\/\/www.dalmatien-online.de\/wp-content\/uploads\/2020\/06\/A-Krka-2013-bearb-2016-2-768x1151.jpg 768w, https:\/\/www.dalmatien-online.de\/wp-content\/uploads\/2020\/06\/A-Krka-2013-bearb-2016-2-250x375.jpg 250w, https:\/\/www.dalmatien-online.de\/wp-content\/uploads\/2020\/06\/A-Krka-2013-bearb-2016-2.jpg 889w\" sizes=\"auto, (max-width: 683px) 100vw, 683px\" \/><\/figure>\n\n\n\n<figure class=\"wp-block-image size-large\"><img loading=\"lazy\" decoding=\"async\" width=\"671\" height=\"1024\" src=\"https:\/\/www.dalmatien-online.de\/wp-content\/uploads\/2020\/06\/Wasserfall-klein-671x1024.jpg\" alt=\"\" class=\"wp-image-1857\" srcset=\"https:\/\/www.dalmatien-online.de\/wp-content\/uploads\/2020\/06\/Wasserfall-klein-671x1024.jpg 671w, https:\/\/www.dalmatien-online.de\/wp-content\/uploads\/2020\/06\/Wasserfall-klein-197x300.jpg 197w, https:\/\/www.dalmatien-online.de\/wp-content\/uploads\/2020\/06\/Wasserfall-klein-768x1172.jpg 768w, https:\/\/www.dalmatien-online.de\/wp-content\/uploads\/2020\/06\/Wasserfall-klein-250x382.jpg 250w, https:\/\/www.dalmatien-online.de\/wp-content\/uploads\/2020\/06\/Wasserfall-klein.jpg 940w\" sizes=\"auto, (max-width: 671px) 100vw, 671px\" \/><\/figure>\n\n\n\n<hr class=\"wp-block-separator\"\/>","protected":false},"excerpt":{"rendered":"<p>Nahe der alten kroatischen K\u00fcstenstadt und K\u00f6nigsstadt \u0160ibenik gelegen am Flu\u00df Krka befindet sich der gleichnamige Nationalpark Krka. Er ist auf Grund seiner beiendruckenden Wasserf\u00e4lle und Sch\u00f6nheit etwas wie ein <a class=\"more-link\" href=\"https:\/\/www.dalmatien-online.de\/en\/nationalpark-krka\/\">weiterlesen&#8230;<\/a><\/p>","protected":false},"author":2,"featured_media":0,"parent":0,"menu_order":0,"comment_status":"closed","ping_status":"closed","template":"","meta":{"footnotes":"","_links_to":"","_links_to_target":""},"tags":[],"class_list":["post-1020","page","type-page","status-publish","hentry"],"_links":{"self":[{"href":"https:\/\/www.dalmatien-online.de\/en\/wp-json\/wp\/v2\/pages\/1020","targetHints":{"allow":["GET"]}}],"collection":[{"href":"https:\/\/www.dalmatien-online.de\/en\/wp-json\/wp\/v2\/pages"}],"about":[{"href":"https:\/\/www.dalmatien-online.de\/en\/wp-json\/wp\/v2\/types\/page"}],"author":[{"embeddable":true,"href":"https:\/\/www.dalmatien-online.de\/en\/wp-json\/wp\/v2\/users\/2"}],"replies":[{"embeddable":true,"href":"https:\/\/www.dalmatien-online.de\/en\/wp-json\/wp\/v2\/comments?post=1020"}],"version-history":[{"count":4,"href":"https:\/\/www.dalmatien-online.de\/en\/wp-json\/wp\/v2\/pages\/1020\/revisions"}],"predecessor-version":[{"id":1928,"href":"https:\/\/www.dalmatien-online.de\/en\/wp-json\/wp\/v2\/pages\/1020\/revisions\/1928"}],"wp:attachment":[{"href":"https:\/\/www.dalmatien-online.de\/en\/wp-json\/wp\/v2\/media?parent=1020"}],"wp:term":[{"taxonomy":"post_tag","embeddable":true,"href":"https:\/\/www.dalmatien-online.de\/en\/wp-json\/wp\/v2\/tags?post=1020"}],"curies":[{"name":"wp","href":"https:\/\/api.w.org\/{rel}","templated":true}]}}