{"id":1026,"date":"2020-06-04T13:44:23","date_gmt":"2020-06-04T12:44:23","guid":{"rendered":"https:\/\/www.dalmatien-online.de\/?page_id=1026"},"modified":"2020-06-24T06:52:54","modified_gmt":"2020-06-24T05:52:54","slug":"peljesac-sveti-ilija","status":"publish","type":"page","link":"https:\/\/www.dalmatien-online.de\/en\/peljesac-sveti-ilija\/","title":{"rendered":"Pelje\u0161ac &#8211; Tour &#8222;Sveti Ilija&#8220;"},"content":{"rendered":"<div class=\"wp-block-image\"><figure class=\"aligncenter size-large\"><img loading=\"lazy\" decoding=\"async\" width=\"1024\" height=\"271\" src=\"https:\/\/www.dalmatien-online.de\/wp-content\/uploads\/2020\/06\/0-D-O-Tour-Sv-Ilija-1024x271.jpg\" alt=\"\" class=\"wp-image-2959\" srcset=\"https:\/\/www.dalmatien-online.de\/wp-content\/uploads\/2020\/06\/0-D-O-Tour-Sv-Ilija-1024x271.jpg 1024w, https:\/\/www.dalmatien-online.de\/wp-content\/uploads\/2020\/06\/0-D-O-Tour-Sv-Ilija-300x79.jpg 300w, https:\/\/www.dalmatien-online.de\/wp-content\/uploads\/2020\/06\/0-D-O-Tour-Sv-Ilija-768x203.jpg 768w, https:\/\/www.dalmatien-online.de\/wp-content\/uploads\/2020\/06\/0-D-O-Tour-Sv-Ilija-250x66.jpg 250w, https:\/\/www.dalmatien-online.de\/wp-content\/uploads\/2020\/06\/0-D-O-Tour-Sv-Ilija.jpg 1389w\" sizes=\"auto, (max-width: 1024px) 100vw, 1024px\" \/><figcaption>The mountain calls! A visually stunning tour to the island summit of \"Sveti Ilija\" (961 meters) on the Pele\u0161ac peninsula with a starting point in Orebi\u0107.<\/figcaption><\/figure><\/div>\n\n\n\n<figure class=\"wp-block-image size-large\"><img loading=\"lazy\" decoding=\"async\" width=\"1024\" height=\"668\" src=\"https:\/\/www.dalmatien-online.de\/wp-content\/uploads\/2020\/06\/0-Sveti-Ilija-bergruf-1024x668.jpg\" alt=\"\" class=\"wp-image-2859\" srcset=\"https:\/\/www.dalmatien-online.de\/wp-content\/uploads\/2020\/06\/0-Sveti-Ilija-bergruf-1024x668.jpg 1024w, https:\/\/www.dalmatien-online.de\/wp-content\/uploads\/2020\/06\/0-Sveti-Ilija-bergruf-300x196.jpg 300w, https:\/\/www.dalmatien-online.de\/wp-content\/uploads\/2020\/06\/0-Sveti-Ilija-bergruf-768x501.jpg 768w, https:\/\/www.dalmatien-online.de\/wp-content\/uploads\/2020\/06\/0-Sveti-Ilija-bergruf-250x163.jpg 250w, https:\/\/www.dalmatien-online.de\/wp-content\/uploads\/2020\/06\/0-Sveti-Ilija-bergruf.jpg 1407w\" sizes=\"auto, (max-width: 1024px) 100vw, 1024px\" \/><figcaption>The starting point in the early morning is the cafe <span class=\"has-inline-color has-vivid-cyan-blue-color\"><strong><a rel=\"noreferrer noopener\" href=\"https:\/\/www.facebook.com\/CroccantinoCRO\/\" target=\"_blank\">&#8222;Croccantino&#8220;<\/a><\/strong> <\/span>not far from the ferry pier on the waterfront. First coffee and the tastiest croissant from Orebi\u0107, relax, look at the sea and finally check the equipment. Sturdy shoes, sufficient water, weatherproof clothing are required.<\/figcaption><\/figure>\n\n\n\n<figure class=\"wp-block-image size-large is-resized\"><img loading=\"lazy\" decoding=\"async\" src=\"https:\/\/www.dalmatien-online.de\/wp-content\/uploads\/2020\/06\/0-Sv-Ilija-D-O-12-1024x678.jpg\" alt=\"\" class=\"wp-image-2815\" width=\"801\" height=\"530\" srcset=\"https:\/\/www.dalmatien-online.de\/wp-content\/uploads\/2020\/06\/0-Sv-Ilija-D-O-12-1024x678.jpg 1024w, https:\/\/www.dalmatien-online.de\/wp-content\/uploads\/2020\/06\/0-Sv-Ilija-D-O-12-300x199.jpg 300w, https:\/\/www.dalmatien-online.de\/wp-content\/uploads\/2020\/06\/0-Sv-Ilija-D-O-12-768x509.jpg 768w, https:\/\/www.dalmatien-online.de\/wp-content\/uploads\/2020\/06\/0-Sv-Ilija-D-O-12-250x166.jpg 250w, https:\/\/www.dalmatien-online.de\/wp-content\/uploads\/2020\/06\/0-Sv-Ilija-D-O-12.jpg 1380w\" sizes=\"auto, (max-width: 801px) 100vw, 801px\" \/><figcaption>Then it starts - a bit along the main street in the village (\"Ulica Kralja Petra Kre\u0161imira\") in a westerly direction to a small junction on the right to the Franciscan monastery<strong><a rel=\"noreferrer noopener\" href=\"http:\/\/tz-orebic.hr\/en\/Znamenitosti\/PrikaziCijeliClanak\/30\" target=\"_blank\"> &#8222;Gospe od An\u0111ela&#8220;<\/a><\/strong>. Parallel to the road, follow the steep stony switchbacks until you are back on the road to the monastery.<\/figcaption><\/figure>\n\n\n\n<figure class=\"wp-block-image size-large\"><img loading=\"lazy\" decoding=\"async\" width=\"1024\" height=\"690\" src=\"https:\/\/www.dalmatien-online.de\/wp-content\/uploads\/2020\/06\/0-sv-Ilija-D-O-1-1-1024x690.jpg\" alt=\"\" class=\"wp-image-2857\" srcset=\"https:\/\/www.dalmatien-online.de\/wp-content\/uploads\/2020\/06\/0-sv-Ilija-D-O-1-1-1024x690.jpg 1024w, https:\/\/www.dalmatien-online.de\/wp-content\/uploads\/2020\/06\/0-sv-Ilija-D-O-1-1-300x202.jpg 300w, https:\/\/www.dalmatien-online.de\/wp-content\/uploads\/2020\/06\/0-sv-Ilija-D-O-1-1-768x517.jpg 768w, https:\/\/www.dalmatien-online.de\/wp-content\/uploads\/2020\/06\/0-sv-Ilija-D-O-1-1-250x168.jpg 250w, https:\/\/www.dalmatien-online.de\/wp-content\/uploads\/2020\/06\/0-sv-Ilija-D-O-1-1.jpg 1335w\" sizes=\"auto, (max-width: 1024px) 100vw, 1024px\" \/><figcaption>Above - distant view of the monastery from the waterfront.<\/figcaption><\/figure>\n\n\n\n<figure class=\"wp-block-image size-large\"><img loading=\"lazy\" decoding=\"async\" width=\"678\" height=\"1024\" src=\"https:\/\/www.dalmatien-online.de\/wp-content\/uploads\/2020\/06\/0-Sv-Ilija-D-O-4-678x1024.jpg\" alt=\"\" class=\"wp-image-2806\" srcset=\"https:\/\/www.dalmatien-online.de\/wp-content\/uploads\/2020\/06\/0-Sv-Ilija-D-O-4-678x1024.jpg 678w, https:\/\/www.dalmatien-online.de\/wp-content\/uploads\/2020\/06\/0-Sv-Ilija-D-O-4-199x300.jpg 199w, https:\/\/www.dalmatien-online.de\/wp-content\/uploads\/2020\/06\/0-Sv-Ilija-D-O-4-768x1160.jpg 768w, https:\/\/www.dalmatien-online.de\/wp-content\/uploads\/2020\/06\/0-Sv-Ilija-D-O-4-250x377.jpg 250w, https:\/\/www.dalmatien-online.de\/wp-content\/uploads\/2020\/06\/0-Sv-Ilija-D-O-4.jpg 1012w\" sizes=\"auto, (max-width: 678px) 100vw, 678px\" \/><figcaption>First glimpses into the distance along the southwestern coastline of the peninsula and at the starting point near the harbor open until you finally reach the monastery with the old captain's cemetery. <\/figcaption><\/figure>\n\n\n\n<figure class=\"wp-block-image size-large\"><img loading=\"lazy\" decoding=\"async\" width=\"1024\" height=\"678\" src=\"https:\/\/www.dalmatien-online.de\/wp-content\/uploads\/2020\/06\/A-Peljeski-Kanal-19-2-1024x678.jpg\" alt=\"\" class=\"wp-image-1032\" srcset=\"https:\/\/www.dalmatien-online.de\/wp-content\/uploads\/2020\/06\/A-Peljeski-Kanal-19-2-1024x678.jpg 1024w, https:\/\/www.dalmatien-online.de\/wp-content\/uploads\/2020\/06\/A-Peljeski-Kanal-19-2-300x199.jpg 300w, https:\/\/www.dalmatien-online.de\/wp-content\/uploads\/2020\/06\/A-Peljeski-Kanal-19-2-768x509.jpg 768w, https:\/\/www.dalmatien-online.de\/wp-content\/uploads\/2020\/06\/A-Peljeski-Kanal-19-2-250x166.jpg 250w, https:\/\/www.dalmatien-online.de\/wp-content\/uploads\/2020\/06\/A-Peljeski-Kanal-19-2.jpg 1528w\" sizes=\"auto, (max-width: 1024px) 100vw, 1024px\" \/><figcaption>Ornate tombs of the proud sailors invite you to linger in amazement. Many seafaring captains were once buried here. Already the view sweeps west over the \"Pelje\u0161ki Canal\" towards the beauty of Kor\u010dula.<\/figcaption><\/figure>\n\n\n\n<figure class=\"wp-block-image size-large\"><img loading=\"lazy\" decoding=\"async\" width=\"1024\" height=\"678\" src=\"https:\/\/www.dalmatien-online.de\/wp-content\/uploads\/2020\/06\/0-Sv-Ilija-D-O-3-1024x678.jpg\" alt=\"\" class=\"wp-image-2808\" srcset=\"https:\/\/www.dalmatien-online.de\/wp-content\/uploads\/2020\/06\/0-Sv-Ilija-D-O-3-1024x678.jpg 1024w, https:\/\/www.dalmatien-online.de\/wp-content\/uploads\/2020\/06\/0-Sv-Ilija-D-O-3-300x199.jpg 300w, https:\/\/www.dalmatien-online.de\/wp-content\/uploads\/2020\/06\/0-Sv-Ilija-D-O-3-768x508.jpg 768w, https:\/\/www.dalmatien-online.de\/wp-content\/uploads\/2020\/06\/0-Sv-Ilija-D-O-3-250x166.jpg 250w, https:\/\/www.dalmatien-online.de\/wp-content\/uploads\/2020\/06\/0-Sv-Ilija-D-O-3.jpg 1379w\" sizes=\"auto, (max-width: 1024px) 100vw, 1024px\" \/><figcaption>Now the usual signs along the road lead you further uphill before turning into the wilderness on the west side of \"Sveti Ilija\". Further wonderful views of Kor\u010dula town and the horizon are offered. <\/figcaption><\/figure>\n\n\n\n<figure class=\"wp-block-image size-large\"><img loading=\"lazy\" decoding=\"async\" width=\"1024\" height=\"678\" src=\"https:\/\/www.dalmatien-online.de\/wp-content\/uploads\/2020\/06\/0-Sv-Ilija-D-O-5-1024x678.jpg\" alt=\"\" class=\"wp-image-2809\" srcset=\"https:\/\/www.dalmatien-online.de\/wp-content\/uploads\/2020\/06\/0-Sv-Ilija-D-O-5-1024x678.jpg 1024w, https:\/\/www.dalmatien-online.de\/wp-content\/uploads\/2020\/06\/0-Sv-Ilija-D-O-5-300x199.jpg 300w, https:\/\/www.dalmatien-online.de\/wp-content\/uploads\/2020\/06\/0-Sv-Ilija-D-O-5-768x509.jpg 768w, https:\/\/www.dalmatien-online.de\/wp-content\/uploads\/2020\/06\/0-Sv-Ilija-D-O-5-250x166.jpg 250w, https:\/\/www.dalmatien-online.de\/wp-content\/uploads\/2020\/06\/0-Sv-Ilija-D-O-5.jpg 1380w\" sizes=\"auto, (max-width: 1024px) 100vw, 1024px\" \/><figcaption>Below is the \"zoomed view\" of the old town of Kor\u010dula opposite, a few kilometers away. Shaped like a coat of arms or a shell, it lies there on a small peninsula and clings to the coast.<\/figcaption><\/figure>\n\n\n\n<figure class=\"wp-block-image size-large\"><img loading=\"lazy\" decoding=\"async\" width=\"1024\" height=\"678\" src=\"https:\/\/www.dalmatien-online.de\/wp-content\/uploads\/2020\/06\/0-Sv-Ilija-D-O-6-1024x678.jpg\" alt=\"\" class=\"wp-image-2810\" srcset=\"https:\/\/www.dalmatien-online.de\/wp-content\/uploads\/2020\/06\/0-Sv-Ilija-D-O-6-1024x678.jpg 1024w, https:\/\/www.dalmatien-online.de\/wp-content\/uploads\/2020\/06\/0-Sv-Ilija-D-O-6-300x199.jpg 300w, https:\/\/www.dalmatien-online.de\/wp-content\/uploads\/2020\/06\/0-Sv-Ilija-D-O-6-768x509.jpg 768w, https:\/\/www.dalmatien-online.de\/wp-content\/uploads\/2020\/06\/0-Sv-Ilija-D-O-6-250x166.jpg 250w, https:\/\/www.dalmatien-online.de\/wp-content\/uploads\/2020\/06\/0-Sv-Ilija-D-O-6.jpg 1380w\" sizes=\"auto, (max-width: 1024px) 100vw, 1024px\" \/><figcaption>The path continues uphill around the west side around the mountain and the vegetation changes from sometimes sparse to woody again. Numerous insects such as bees and many dragonflies greet you on the way up. <\/figcaption><\/figure>\n\n\n\n<figure class=\"wp-block-image size-large\"><img loading=\"lazy\" decoding=\"async\" width=\"1024\" height=\"675\" src=\"https:\/\/www.dalmatien-online.de\/wp-content\/uploads\/2020\/06\/0-Sv-Ilija-D-O-51-1024x675.jpg\" alt=\"\" class=\"wp-image-2854\" srcset=\"https:\/\/www.dalmatien-online.de\/wp-content\/uploads\/2020\/06\/0-Sv-Ilija-D-O-51-1024x675.jpg 1024w, https:\/\/www.dalmatien-online.de\/wp-content\/uploads\/2020\/06\/0-Sv-Ilija-D-O-51-300x198.jpg 300w, https:\/\/www.dalmatien-online.de\/wp-content\/uploads\/2020\/06\/0-Sv-Ilija-D-O-51-768x506.jpg 768w, https:\/\/www.dalmatien-online.de\/wp-content\/uploads\/2020\/06\/0-Sv-Ilija-D-O-51-250x165.jpg 250w, https:\/\/www.dalmatien-online.de\/wp-content\/uploads\/2020\/06\/0-Sv-Ilija-D-O-51.jpg 1491w\" sizes=\"auto, (max-width: 1024px) 100vw, 1024px\" \/><figcaption>Behind the island of Kor\u010dula, the island mountains opposite the canal reveal the silhouettes of the island of Lastovo, which is located southwest of Pelje\u0161ac. Finally, after some time, the marked path runs long over easy and difficult passages through forest. With luck, some interesting encounters are waiting here.<\/figcaption><\/figure>\n\n\n\n<figure class=\"wp-block-image size-large\"><img loading=\"lazy\" decoding=\"async\" width=\"1024\" height=\"678\" src=\"https:\/\/www.dalmatien-online.de\/wp-content\/uploads\/2020\/06\/0-Sv-Ilija-D-O-8-1024x678.jpg\" alt=\"\" class=\"wp-image-2811\" srcset=\"https:\/\/www.dalmatien-online.de\/wp-content\/uploads\/2020\/06\/0-Sv-Ilija-D-O-8-1024x678.jpg 1024w, https:\/\/www.dalmatien-online.de\/wp-content\/uploads\/2020\/06\/0-Sv-Ilija-D-O-8-300x199.jpg 300w, https:\/\/www.dalmatien-online.de\/wp-content\/uploads\/2020\/06\/0-Sv-Ilija-D-O-8-768x509.jpg 768w, https:\/\/www.dalmatien-online.de\/wp-content\/uploads\/2020\/06\/0-Sv-Ilija-D-O-8-250x166.jpg 250w, https:\/\/www.dalmatien-online.de\/wp-content\/uploads\/2020\/06\/0-Sv-Ilija-D-O-8.jpg 1380w\" sizes=\"auto, (max-width: 1024px) 100vw, 1024px\" \/><figcaption>There are wild horses here, a relic from days past, starting with the Second World War, when the animals were left to their fate there. <\/figcaption><\/figure>\n\n\n\n<figure class=\"wp-block-image size-large\"><img loading=\"lazy\" decoding=\"async\" width=\"1024\" height=\"672\" src=\"https:\/\/www.dalmatien-online.de\/wp-content\/uploads\/2020\/06\/0-Sv-Ilija-D-O-9-1024x672.jpg\" alt=\"\" class=\"wp-image-2812\" srcset=\"https:\/\/www.dalmatien-online.de\/wp-content\/uploads\/2020\/06\/0-Sv-Ilija-D-O-9-1024x672.jpg 1024w, https:\/\/www.dalmatien-online.de\/wp-content\/uploads\/2020\/06\/0-Sv-Ilija-D-O-9-300x197.jpg 300w, https:\/\/www.dalmatien-online.de\/wp-content\/uploads\/2020\/06\/0-Sv-Ilija-D-O-9-768x504.jpg 768w, https:\/\/www.dalmatien-online.de\/wp-content\/uploads\/2020\/06\/0-Sv-Ilija-D-O-9-250x164.jpg 250w, https:\/\/www.dalmatien-online.de\/wp-content\/uploads\/2020\/06\/0-Sv-Ilija-D-O-9.jpg 1401w\" sizes=\"auto, (max-width: 1024px) 100vw, 1024px\" \/><figcaption>With a bit of luck and tranquility, other companions can also be identified in the rugged wilderness of the island karst. After some time and plenty of exertion, the forest begins to clear and meager vegetation and great views and distant views determine the landscape.<\/figcaption><\/figure>\n\n\n\n<figure class=\"wp-block-image size-large\"><img loading=\"lazy\" decoding=\"async\" width=\"1024\" height=\"680\" src=\"https:\/\/www.dalmatien-online.de\/wp-content\/uploads\/2020\/06\/0-Sv-Ilija-D-O-94-1024x680.jpg\" alt=\"\" class=\"wp-image-2822\" srcset=\"https:\/\/www.dalmatien-online.de\/wp-content\/uploads\/2020\/06\/0-Sv-Ilija-D-O-94-1024x680.jpg 1024w, https:\/\/www.dalmatien-online.de\/wp-content\/uploads\/2020\/06\/0-Sv-Ilija-D-O-94-300x199.jpg 300w, https:\/\/www.dalmatien-online.de\/wp-content\/uploads\/2020\/06\/0-Sv-Ilija-D-O-94-768x510.jpg 768w, https:\/\/www.dalmatien-online.de\/wp-content\/uploads\/2020\/06\/0-Sv-Ilija-D-O-94-250x166.jpg 250w, https:\/\/www.dalmatien-online.de\/wp-content\/uploads\/2020\/06\/0-Sv-Ilija-D-O-94-400x267.jpg 400w, https:\/\/www.dalmatien-online.de\/wp-content\/uploads\/2020\/06\/0-Sv-Ilija-D-O-94.jpg 1413w\" sizes=\"auto, (max-width: 1024px) 100vw, 1024px\" \/><figcaption>Once there, a kind of stony plateau with crevasses and sharp pointed edges continues up to the summit of the island mountain, accompanied by further magical views. From a distance you can see the island of Vis exactly to the west and the island of Kor\u010dula to the south.<\/figcaption><\/figure>\n\n\n\n<figure class=\"wp-block-image size-large\"><img loading=\"lazy\" decoding=\"async\" width=\"1024\" height=\"674\" src=\"https:\/\/www.dalmatien-online.de\/wp-content\/uploads\/2020\/06\/0A-Vrh-Sv-Ilija-2-1024x674.jpg\" alt=\"\" class=\"wp-image-2818\" srcset=\"https:\/\/www.dalmatien-online.de\/wp-content\/uploads\/2020\/06\/0A-Vrh-Sv-Ilija-2-1024x674.jpg 1024w, https:\/\/www.dalmatien-online.de\/wp-content\/uploads\/2020\/06\/0A-Vrh-Sv-Ilija-2-300x197.jpg 300w, https:\/\/www.dalmatien-online.de\/wp-content\/uploads\/2020\/06\/0A-Vrh-Sv-Ilija-2-768x505.jpg 768w, https:\/\/www.dalmatien-online.de\/wp-content\/uploads\/2020\/06\/0A-Vrh-Sv-Ilija-2-250x164.jpg 250w, https:\/\/www.dalmatien-online.de\/wp-content\/uploads\/2020\/06\/0A-Vrh-Sv-Ilija-2.jpg 1444w\" sizes=\"auto, (max-width: 1024px) 100vw, 1024px\" \/><figcaption>Now the view of the east side of the city of Kor\u010dula in the center right and left in the picture Lumbarda - bottom left you can see the small port of Orebi\u0107.<\/figcaption><\/figure>\n\n\n\n<figure class=\"wp-block-image size-large\"><img loading=\"lazy\" decoding=\"async\" width=\"1024\" height=\"678\" src=\"https:\/\/www.dalmatien-online.de\/wp-content\/uploads\/2020\/06\/0-Sv-Ilija-D-O-93-1024x678.jpg\" alt=\"\" class=\"wp-image-2819\" srcset=\"https:\/\/www.dalmatien-online.de\/wp-content\/uploads\/2020\/06\/0-Sv-Ilija-D-O-93-1024x678.jpg 1024w, https:\/\/www.dalmatien-online.de\/wp-content\/uploads\/2020\/06\/0-Sv-Ilija-D-O-93-300x199.jpg 300w, https:\/\/www.dalmatien-online.de\/wp-content\/uploads\/2020\/06\/0-Sv-Ilija-D-O-93-768x509.jpg 768w, https:\/\/www.dalmatien-online.de\/wp-content\/uploads\/2020\/06\/0-Sv-Ilija-D-O-93-250x166.jpg 250w, https:\/\/www.dalmatien-online.de\/wp-content\/uploads\/2020\/06\/0-Sv-Ilija-D-O-93.jpg 1380w\" sizes=\"auto, (max-width: 1024px) 100vw, 1024px\" \/><figcaption>On the other side to the northwest are the island of Hvar, behind it Bra\u010d and on the right in the picture the mainland of the Dalmatian coast.<\/figcaption><\/figure>\n\n\n\n<figure class=\"wp-block-image size-large\"><img loading=\"lazy\" decoding=\"async\" width=\"1024\" height=\"676\" src=\"https:\/\/www.dalmatien-online.de\/wp-content\/uploads\/2020\/06\/0A-Vrh-Sv-Ilija-4-1-1024x676.jpg\" alt=\"\" class=\"wp-image-2820\" srcset=\"https:\/\/www.dalmatien-online.de\/wp-content\/uploads\/2020\/06\/0A-Vrh-Sv-Ilija-4-1-1024x676.jpg 1024w, https:\/\/www.dalmatien-online.de\/wp-content\/uploads\/2020\/06\/0A-Vrh-Sv-Ilija-4-1-300x198.jpg 300w, https:\/\/www.dalmatien-online.de\/wp-content\/uploads\/2020\/06\/0A-Vrh-Sv-Ilija-4-1-768x507.jpg 768w, https:\/\/www.dalmatien-online.de\/wp-content\/uploads\/2020\/06\/0A-Vrh-Sv-Ilija-4-1-250x165.jpg 250w, https:\/\/www.dalmatien-online.de\/wp-content\/uploads\/2020\/06\/0A-Vrh-Sv-Ilija-4-1.jpg 1392w\" sizes=\"auto, (max-width: 1024px) 100vw, 1024px\" \/><figcaption>On the side facing the mainland you can see the eastern tip of Hvar at the bottom of the picture, on which the Su\u0107uraj lighthouse stands. Behind the mainland between \u017divogo\u0161\u0107e and Drvenik<\/figcaption><\/figure>\n\n\n\n<figure class=\"wp-block-image size-large\"><img loading=\"lazy\" decoding=\"async\" width=\"1024\" height=\"678\" src=\"https:\/\/www.dalmatien-online.de\/wp-content\/uploads\/2020\/06\/0-Sv-Ilija-D-O-14-1024x678.jpg\" alt=\"\" class=\"wp-image-2848\" srcset=\"https:\/\/www.dalmatien-online.de\/wp-content\/uploads\/2020\/06\/0-Sv-Ilija-D-O-14-1024x678.jpg 1024w, https:\/\/www.dalmatien-online.de\/wp-content\/uploads\/2020\/06\/0-Sv-Ilija-D-O-14-300x199.jpg 300w, https:\/\/www.dalmatien-online.de\/wp-content\/uploads\/2020\/06\/0-Sv-Ilija-D-O-14-768x509.jpg 768w, https:\/\/www.dalmatien-online.de\/wp-content\/uploads\/2020\/06\/0-Sv-Ilija-D-O-14-250x166.jpg 250w, https:\/\/www.dalmatien-online.de\/wp-content\/uploads\/2020\/06\/0-Sv-Ilija-D-O-14.jpg 1380w\" sizes=\"auto, (max-width: 1024px) 100vw, 1024px\" \/><figcaption>Looking to the southwest, the island of Mljet reveals itself and part of Orebi\u0107 with a few tiny offshore islands at your feet.<\/figcaption><\/figure>\n\n\n\n<figure class=\"wp-block-image size-large\"><img loading=\"lazy\" decoding=\"async\" width=\"719\" height=\"1024\" src=\"https:\/\/www.dalmatien-online.de\/wp-content\/uploads\/2020\/06\/A-Orebic-von-oben-19-5-719x1024.jpg\" alt=\"\" class=\"wp-image-2823\" srcset=\"https:\/\/www.dalmatien-online.de\/wp-content\/uploads\/2020\/06\/A-Orebic-von-oben-19-5-719x1024.jpg 719w, https:\/\/www.dalmatien-online.de\/wp-content\/uploads\/2020\/06\/A-Orebic-von-oben-19-5-211x300.jpg 211w, https:\/\/www.dalmatien-online.de\/wp-content\/uploads\/2020\/06\/A-Orebic-von-oben-19-5-768x1095.jpg 768w, https:\/\/www.dalmatien-online.de\/wp-content\/uploads\/2020\/06\/A-Orebic-von-oben-19-5-250x356.jpg 250w, https:\/\/www.dalmatien-online.de\/wp-content\/uploads\/2020\/06\/A-Orebic-von-oben-19-5.jpg 1042w\" sizes=\"auto, (max-width: 719px) 100vw, 719px\" \/><figcaption>In the top left of the picture, the lighthouse \"Korkyra\" on the small island \"Velika Sestrica\" which you can also rent if you have the necessary change. To see again in the picture below.<\/figcaption><\/figure>\n\n\n\n<figure class=\"wp-block-image size-large\"><img loading=\"lazy\" decoding=\"async\" width=\"1024\" height=\"678\" src=\"https:\/\/www.dalmatien-online.de\/wp-content\/uploads\/2020\/06\/A-Orebic-von-oben-19-4-1024x678.jpg\" alt=\"\" class=\"wp-image-2824\" srcset=\"https:\/\/www.dalmatien-online.de\/wp-content\/uploads\/2020\/06\/A-Orebic-von-oben-19-4-1024x678.jpg 1024w, https:\/\/www.dalmatien-online.de\/wp-content\/uploads\/2020\/06\/A-Orebic-von-oben-19-4-300x199.jpg 300w, https:\/\/www.dalmatien-online.de\/wp-content\/uploads\/2020\/06\/A-Orebic-von-oben-19-4-768x509.jpg 768w, https:\/\/www.dalmatien-online.de\/wp-content\/uploads\/2020\/06\/A-Orebic-von-oben-19-4-250x166.jpg 250w, https:\/\/www.dalmatien-online.de\/wp-content\/uploads\/2020\/06\/A-Orebic-von-oben-19-4.jpg 1528w\" sizes=\"auto, (max-width: 1024px) 100vw, 1024px\" \/><figcaption>A majestic view from near the summit of Orebi\u0107 and the coastline of the peninsula makes up for the hardships of the ascent. At the back of the picture is the Isel Mljet.<\/figcaption><\/figure>\n\n\n\n<figure class=\"wp-block-image size-large\"><img loading=\"lazy\" decoding=\"async\" width=\"1024\" height=\"668\" src=\"https:\/\/www.dalmatien-online.de\/wp-content\/uploads\/2020\/06\/0A-Vrh-Sv-Ilija-3-3-1024x668.jpg\" alt=\"\" class=\"wp-image-2826\" srcset=\"https:\/\/www.dalmatien-online.de\/wp-content\/uploads\/2020\/06\/0A-Vrh-Sv-Ilija-3-3-1024x668.jpg 1024w, https:\/\/www.dalmatien-online.de\/wp-content\/uploads\/2020\/06\/0A-Vrh-Sv-Ilija-3-3-300x196.jpg 300w, https:\/\/www.dalmatien-online.de\/wp-content\/uploads\/2020\/06\/0A-Vrh-Sv-Ilija-3-3-768x501.jpg 768w, https:\/\/www.dalmatien-online.de\/wp-content\/uploads\/2020\/06\/0A-Vrh-Sv-Ilija-3-3-250x163.jpg 250w, https:\/\/www.dalmatien-online.de\/wp-content\/uploads\/2020\/06\/0A-Vrh-Sv-Ilija-3-3.jpg 1417w\" sizes=\"auto, (max-width: 1024px) 100vw, 1024px\" \/><figcaption>Once you have reached the summit, you can enjoy the view and after a while of lingering and a little refreshment, you will return to Orebi\u0107, either on the route you have come or a descent on the south side through the forest. The descent route over the southern flank of Sveti Ilija leads to Orebi\u0107 in the middle of the city.<\/figcaption><\/figure>\n\n\n\n<figure class=\"wp-block-image size-large\"><img loading=\"lazy\" decoding=\"async\" width=\"1024\" height=\"680\" src=\"https:\/\/www.dalmatien-online.de\/wp-content\/uploads\/2020\/06\/0A-Vrh-Sv-Ilija-1-2-1024x680.jpg\" alt=\"\" class=\"wp-image-2827\" srcset=\"https:\/\/www.dalmatien-online.de\/wp-content\/uploads\/2020\/06\/0A-Vrh-Sv-Ilija-1-2-1024x680.jpg 1024w, https:\/\/www.dalmatien-online.de\/wp-content\/uploads\/2020\/06\/0A-Vrh-Sv-Ilija-1-2-300x199.jpg 300w, https:\/\/www.dalmatien-online.de\/wp-content\/uploads\/2020\/06\/0A-Vrh-Sv-Ilija-1-2-768x510.jpg 768w, https:\/\/www.dalmatien-online.de\/wp-content\/uploads\/2020\/06\/0A-Vrh-Sv-Ilija-1-2-250x166.jpg 250w, https:\/\/www.dalmatien-online.de\/wp-content\/uploads\/2020\/06\/0A-Vrh-Sv-Ilija-1-2-400x267.jpg 400w, https:\/\/www.dalmatien-online.de\/wp-content\/uploads\/2020\/06\/0A-Vrh-Sv-Ilija-1-2.jpg 1389w\" sizes=\"auto, (max-width: 1024px) 100vw, 1024px\" \/><\/figure>","protected":false},"excerpt":{"rendered":"","protected":false},"author":2,"featured_media":0,"parent":0,"menu_order":0,"comment_status":"closed","ping_status":"closed","template":"","meta":{"footnotes":"","_links_to":"","_links_to_target":""},"tags":[],"class_list":["post-1026","page","type-page","status-publish","hentry"],"_links":{"self":[{"href":"https:\/\/www.dalmatien-online.de\/en\/wp-json\/wp\/v2\/pages\/1026","targetHints":{"allow":["GET"]}}],"collection":[{"href":"https:\/\/www.dalmatien-online.de\/en\/wp-json\/wp\/v2\/pages"}],"about":[{"href":"https:\/\/www.dalmatien-online.de\/en\/wp-json\/wp\/v2\/types\/page"}],"author":[{"embeddable":true,"href":"https:\/\/www.dalmatien-online.de\/en\/wp-json\/wp\/v2\/users\/2"}],"replies":[{"embeddable":true,"href":"https:\/\/www.dalmatien-online.de\/en\/wp-json\/wp\/v2\/comments?post=1026"}],"version-history":[{"count":28,"href":"https:\/\/www.dalmatien-online.de\/en\/wp-json\/wp\/v2\/pages\/1026\/revisions"}],"predecessor-version":[{"id":2960,"href":"https:\/\/www.dalmatien-online.de\/en\/wp-json\/wp\/v2\/pages\/1026\/revisions\/2960"}],"wp:attachment":[{"href":"https:\/\/www.dalmatien-online.de\/en\/wp-json\/wp\/v2\/media?parent=1026"}],"wp:term":[{"taxonomy":"post_tag","embeddable":true,"href":"https:\/\/www.dalmatien-online.de\/en\/wp-json\/wp\/v2\/tags?post=1026"}],"curies":[{"name":"wp","href":"https:\/\/api.w.org\/{rel}","templated":true}]}}