{"id":104,"date":"2020-05-02T09:06:08","date_gmt":"2020-05-02T08:06:08","guid":{"rendered":"https:\/\/www.dalmatien-online.de\/?page_id=104"},"modified":"2020-06-29T07:59:09","modified_gmt":"2020-06-29T06:59:09","slug":"split","status":"publish","type":"page","link":"https:\/\/www.dalmatien-online.de\/en\/split\/","title":{"rendered":"Split"},"content":{"rendered":"<figure class=\"wp-block-image size-large\"><img loading=\"lazy\" decoding=\"async\" width=\"1024\" height=\"260\" src=\"https:\/\/www.dalmatien-online.de\/wp-content\/uploads\/2020\/06\/0-Split-D-O-t-2-1024x260.jpg\" alt=\"\" class=\"wp-image-2929\" srcset=\"https:\/\/www.dalmatien-online.de\/wp-content\/uploads\/2020\/06\/0-Split-D-O-t-2-1024x260.jpg 1024w, https:\/\/www.dalmatien-online.de\/wp-content\/uploads\/2020\/06\/0-Split-D-O-t-2-300x76.jpg 300w, https:\/\/www.dalmatien-online.de\/wp-content\/uploads\/2020\/06\/0-Split-D-O-t-2-768x195.jpg 768w, https:\/\/www.dalmatien-online.de\/wp-content\/uploads\/2020\/06\/0-Split-D-O-t-2-1536x390.jpg 1536w, https:\/\/www.dalmatien-online.de\/wp-content\/uploads\/2020\/06\/0-Split-D-O-t-2-2048x520.jpg 2048w, https:\/\/www.dalmatien-online.de\/wp-content\/uploads\/2020\/06\/0-Split-D-O-t-2-250x64.jpg 250w\" sizes=\"auto, (max-width: 1024px) 100vw, 1024px\" \/><figcaption>The central Dalmatian port city of Split with its historic old town is on World Heritage List of <strong><a rel=\"noreferrer noopener\" href=\"https:\/\/whc.unesco.org\/en\/list\/97\/\" target=\"_blank\">UNESCO<\/a><\/strong>. The historic center of Split was largely built in the Palace of the Roman <strong><a rel=\"noreferrer noopener\" href=\"https:\/\/en.wikipedia.org\/wiki\/Diocletian\" target=\"_blank\">Emperor Diocletian<\/a><\/strong> This resulted in a huge <strong><a rel=\"noreferrer noopener\" href=\"https:\/\/www.dalmatien-online.de\/en\/in-den-gassen-von-split\/\" target=\"_blank\">Labyrinth of small streets<\/a><\/strong> in which one gets lost even after years and as a good connoisseur of the city, even if it is due to the glass of wine too much. No matter where you look - <strong><a rel=\"noreferrer noopener\" href=\"https:\/\/visitsplit.com\/en\/398\/the-history-of-split\" target=\"_blank\">History<\/a><\/strong> and history again. Here are a few <strong><a rel=\"noreferrer noopener\" href=\"https:\/\/www.dalmatien-online.de\/en\/impressionen-aus-split\/\" target=\"_blank\">Impressions from Split<\/a><\/strong>.<\/figcaption><\/figure>\n\n\n\n<figure class=\"wp-block-image size-large\"><img loading=\"lazy\" decoding=\"async\" width=\"1024\" height=\"695\" src=\"https:\/\/www.dalmatien-online.de\/wp-content\/uploads\/2020\/06\/A-Split-di-n-juga-01-1-1024x695.jpg\" alt=\"\" class=\"wp-image-2473\" srcset=\"https:\/\/www.dalmatien-online.de\/wp-content\/uploads\/2020\/06\/A-Split-di-n-juga-01-1-1024x695.jpg 1024w, https:\/\/www.dalmatien-online.de\/wp-content\/uploads\/2020\/06\/A-Split-di-n-juga-01-1-300x204.jpg 300w, https:\/\/www.dalmatien-online.de\/wp-content\/uploads\/2020\/06\/A-Split-di-n-juga-01-1-768x521.jpg 768w, https:\/\/www.dalmatien-online.de\/wp-content\/uploads\/2020\/06\/A-Split-di-n-juga-01-1-250x170.jpg 250w, https:\/\/www.dalmatien-online.de\/wp-content\/uploads\/2020\/06\/A-Split-di-n-juga-01-1.jpg 1510w\" sizes=\"auto, (max-width: 1024px) 100vw, 1024px\" \/><\/figure>\n\n\n\n<p>With the <strong><a href=\"https:\/\/www.dalmatien-online.de\/en\/splitska-luka-der-hafen-von-split\/\" target=\"_blank\" rel=\"noreferrer noopener\">port of Split<\/a><\/strong>,the <strong><a rel=\"noreferrer noopener\" href=\"https:\/\/www.ak-split.hr\/en\/\" target=\"_blank\">Long-distance bus station<\/a><\/strong> and the <strong><a rel=\"noreferrer noopener\" href=\"https:\/\/prodaja.hzpp.hr\/en\/Ticket\/Journey?StartId=72480&amp;DestId=76660&amp;DepartureDate=2020-06-19&amp;DirectTrains=True&amp;Class=2&amp;ReturnTrip=False&amp;Passenger1Count=1&amp;Passenger2Count=0&amp;Benefit1Id=11\" target=\"_blank\">The train station is Split<\/a><\/strong> Main traffic junction in Dalmatia. From <strong><a rel=\"noreferrer noopener\" href=\"http:\/\/www.split-airport.hr\/index.php?lang=en\" target=\"_blank\">Split`s Airport Ka\u0161tela<\/a><\/strong> on the coast of the Bay of Ka\u0161tela you can reach Split's old town in less than 30 minutes by bus or taxi. <strong><a rel=\"noreferrer noopener\" href=\"http:\/\/www.halo-taxi-split.com\/index.php\/en\/\" target=\"_blank\">Taxi from the airport<\/a><\/strong> to Split around the Bay of Ka\u0161tela is available for just under 40 euros. With the <strong><a rel=\"noreferrer noopener\" href=\"http:\/\/www.split-airport.hr\/index.php?option=com_content&amp;view=article&amp;id=185&amp;Itemid=176&amp;lang=en\" target=\"_blank\">Bus<\/a><\/strong> every 30 minutes from in front of the airport terminal, a ride with just under 4.50 euros is cheap.<\/p>\n\n\n\n<figure class=\"wp-block-image size-large\"><img loading=\"lazy\" decoding=\"async\" width=\"1024\" height=\"683\" src=\"https:\/\/www.dalmatien-online.de\/wp-content\/uploads\/2020\/06\/A-Split-10-19-mi-8-1024x683.jpg\" alt=\"\" class=\"wp-image-725\" srcset=\"https:\/\/www.dalmatien-online.de\/wp-content\/uploads\/2020\/06\/A-Split-10-19-mi-8-1024x683.jpg 1024w, https:\/\/www.dalmatien-online.de\/wp-content\/uploads\/2020\/06\/A-Split-10-19-mi-8-300x200.jpg 300w, https:\/\/www.dalmatien-online.de\/wp-content\/uploads\/2020\/06\/A-Split-10-19-mi-8-768x512.jpg 768w, https:\/\/www.dalmatien-online.de\/wp-content\/uploads\/2020\/06\/A-Split-10-19-mi-8-250x167.jpg 250w, https:\/\/www.dalmatien-online.de\/wp-content\/uploads\/2020\/06\/A-Split-10-19-mi-8-400x267.jpg 400w, https:\/\/www.dalmatien-online.de\/wp-content\/uploads\/2020\/06\/A-Split-10-19-mi-8.jpg 1500w\" sizes=\"auto, (max-width: 1024px) 100vw, 1024px\" \/><figcaption><strong><a rel=\"noreferrer noopener\" href=\"https:\/\/www.dalmatien-online.de\/en\/split-riva\/\" target=\"_blank\">Split`s &#8222;Riva&#8220;<\/a><\/strong> is the palm-lined promenade of the Dalmatian metropolis popular with locals and tourists <strong><a rel=\"noreferrer noopener\" href=\"https:\/\/portsplit.hr\/en\/\" target=\"_blank\">port of Split<\/a><\/strong>. If you visit Split, be it just in transit, you should definitely visit <strong><a rel=\"noreferrer noopener\" href=\"https:\/\/www.dalmatien-online.de\/en\/der-fischmarkt-von-split\/\" target=\"_blank\">fish market<\/a><\/strong> in <strong><a href=\"https:\/\/www.dalmatien-online.de\/en\/die-marmontova-in-split\/\" target=\"_blank\" rel=\"noreferrer noopener\">&#8222;Marmontova&#8220;<\/a><\/strong> street.<\/figcaption><\/figure>\n\n\n\n<figure class=\"wp-block-image size-large\"><img loading=\"lazy\" decoding=\"async\" width=\"1024\" height=\"683\" src=\"https:\/\/www.dalmatien-online.de\/wp-content\/uploads\/2020\/06\/0-Split-marmontova-d-online-1-1-1024x683.jpg\" alt=\"\" class=\"wp-image-2682\" srcset=\"https:\/\/www.dalmatien-online.de\/wp-content\/uploads\/2020\/06\/0-Split-marmontova-d-online-1-1-1024x683.jpg 1024w, https:\/\/www.dalmatien-online.de\/wp-content\/uploads\/2020\/06\/0-Split-marmontova-d-online-1-1-300x200.jpg 300w, https:\/\/www.dalmatien-online.de\/wp-content\/uploads\/2020\/06\/0-Split-marmontova-d-online-1-1-768x512.jpg 768w, https:\/\/www.dalmatien-online.de\/wp-content\/uploads\/2020\/06\/0-Split-marmontova-d-online-1-1-250x167.jpg 250w, https:\/\/www.dalmatien-online.de\/wp-content\/uploads\/2020\/06\/0-Split-marmontova-d-online-1-1-400x267.jpg 400w, https:\/\/www.dalmatien-online.de\/wp-content\/uploads\/2020\/06\/0-Split-marmontova-d-online-1-1.jpg 1500w\" sizes=\"auto, (max-width: 1024px) 100vw, 1024px\" \/><figcaption>It is also worth an extended visit <strong><a rel=\"noreferrer noopener\" href=\"https:\/\/www.dalmatien-online.de\/en\/der-markt-von-split\/\" target=\"_blank\">\"Pazar\" is probably the best known market<\/a><\/strong> rom Split near the \"Silver Gate\", one of the gates of the Diocletian's Palace from Roman times. Near the market, the gate leads back to the palace area to the \"Peristil\", the main square of the former imperial palace.<\/figcaption><\/figure>\n\n\n\n<figure class=\"wp-block-image size-large\"><img loading=\"lazy\" decoding=\"async\" width=\"1024\" height=\"683\" src=\"https:\/\/www.dalmatien-online.de\/wp-content\/uploads\/2020\/06\/A-Split-Markt-D-online-1-1-1024x683.jpg\" alt=\"\" class=\"wp-image-2560\" srcset=\"https:\/\/www.dalmatien-online.de\/wp-content\/uploads\/2020\/06\/A-Split-Markt-D-online-1-1-1024x683.jpg 1024w, https:\/\/www.dalmatien-online.de\/wp-content\/uploads\/2020\/06\/A-Split-Markt-D-online-1-1-300x200.jpg 300w, https:\/\/www.dalmatien-online.de\/wp-content\/uploads\/2020\/06\/A-Split-Markt-D-online-1-1-768x512.jpg 768w, https:\/\/www.dalmatien-online.de\/wp-content\/uploads\/2020\/06\/A-Split-Markt-D-online-1-1-250x167.jpg 250w, https:\/\/www.dalmatien-online.de\/wp-content\/uploads\/2020\/06\/A-Split-Markt-D-online-1-1-400x267.jpg 400w, https:\/\/www.dalmatien-online.de\/wp-content\/uploads\/2020\/06\/A-Split-Markt-D-online-1-1.jpg 1500w\" sizes=\"auto, (max-width: 1024px) 100vw, 1024px\" \/><figcaption>The is located directly on the \"Peristil\" <strong><a href=\"https:\/\/visitsplit.com\/en\/527\/cathedral-of-saint-domnius\" target=\"_blank\" rel=\"noreferrer noopener\">Sveti Duje Cathedral<\/a><\/strong>, whose steeple offers a wonderful view of the city and the harbor. However, the ascent over the old metal structure of the stairs is not everyone's cup of tea, recognizable by a few panicked faces.<\/figcaption><\/figure>\n\n\n\n<figure class=\"wp-block-image size-large\"><img loading=\"lazy\" decoding=\"async\" width=\"1024\" height=\"683\" src=\"https:\/\/www.dalmatien-online.de\/wp-content\/uploads\/2020\/06\/A-Split-10-19-mi-5-1-1024x683.jpg\" alt=\"\" class=\"wp-image-2683\" srcset=\"https:\/\/www.dalmatien-online.de\/wp-content\/uploads\/2020\/06\/A-Split-10-19-mi-5-1-1024x683.jpg 1024w, https:\/\/www.dalmatien-online.de\/wp-content\/uploads\/2020\/06\/A-Split-10-19-mi-5-1-300x200.jpg 300w, https:\/\/www.dalmatien-online.de\/wp-content\/uploads\/2020\/06\/A-Split-10-19-mi-5-1-768x512.jpg 768w, https:\/\/www.dalmatien-online.de\/wp-content\/uploads\/2020\/06\/A-Split-10-19-mi-5-1-250x167.jpg 250w, https:\/\/www.dalmatien-online.de\/wp-content\/uploads\/2020\/06\/A-Split-10-19-mi-5-1-400x267.jpg 400w, https:\/\/www.dalmatien-online.de\/wp-content\/uploads\/2020\/06\/A-Split-10-19-mi-5-1.jpg 1500w\" sizes=\"auto, (max-width: 1024px) 100vw, 1024px\" \/><figcaption>In the top left of the picture next to the church tower in the green you can see the popular cafe <strong><a rel=\"noreferrer noopener\" href=\"https:\/\/www.dalmatien-online.de\/en\/vidilica\/\" target=\"_blank\">&#8222;Vidilica&#8220;<\/a><\/strong> with a fantastic view of the city and the offshore islands, which is located next to the old Jewish cemetery. From here it goes far uphill in the <strong><a rel=\"noreferrer noopener\" href=\"http:\/\/Park  Marjan\" target=\"_blank\">Park  Marjan<\/a><\/strong> (below in the picture). A must for every Split visitor, just like an extended walk or one <strong><a href=\"https:\/\/www.dalmatien-online.de\/en\/split-marjan\/\" target=\"_blank\" rel=\"noreferrer noopener\">Hike in the \u201cMarjan\u201d whale park<\/a><\/strong>. <\/figcaption><\/figure>\n\n\n\n<figure class=\"wp-block-image size-large\"><img loading=\"lazy\" decoding=\"async\" width=\"1024\" height=\"683\" src=\"https:\/\/www.dalmatien-online.de\/wp-content\/uploads\/2020\/06\/15443257_737222526434343_6111046009275321724_o-1-1024x683.jpg\" alt=\"\" class=\"wp-image-2782\" srcset=\"https:\/\/www.dalmatien-online.de\/wp-content\/uploads\/2020\/06\/15443257_737222526434343_6111046009275321724_o-1-1024x683.jpg 1024w, https:\/\/www.dalmatien-online.de\/wp-content\/uploads\/2020\/06\/15443257_737222526434343_6111046009275321724_o-1-300x200.jpg 300w, https:\/\/www.dalmatien-online.de\/wp-content\/uploads\/2020\/06\/15443257_737222526434343_6111046009275321724_o-1-768x512.jpg 768w, https:\/\/www.dalmatien-online.de\/wp-content\/uploads\/2020\/06\/15443257_737222526434343_6111046009275321724_o-1-250x167.jpg 250w, https:\/\/www.dalmatien-online.de\/wp-content\/uploads\/2020\/06\/15443257_737222526434343_6111046009275321724_o-1-400x267.jpg 400w, https:\/\/www.dalmatien-online.de\/wp-content\/uploads\/2020\/06\/15443257_737222526434343_6111046009275321724_o-1.jpg 1443w\" sizes=\"auto, (max-width: 1024px) 100vw, 1024px\" \/><figcaption>In the picture below, the southwest side of the harbor with a view of \"Riva\" and a kind of \"Walk of Fame\". The legends of Croatian sports heroes are immortalized along the waterfront and you can get to the marina.<\/figcaption><\/figure>\n\n\n\n<hr class=\"wp-block-separator\"\/>\n\n\n\n<figure class=\"wp-block-image size-large\"><img loading=\"lazy\" decoding=\"async\" width=\"1024\" height=\"683\" src=\"https:\/\/www.dalmatien-online.de\/wp-content\/uploads\/2020\/06\/A-split-So-2-1024x683.jpg\" alt=\"\" class=\"wp-image-727\" srcset=\"https:\/\/www.dalmatien-online.de\/wp-content\/uploads\/2020\/06\/A-split-So-2-1024x683.jpg 1024w, https:\/\/www.dalmatien-online.de\/wp-content\/uploads\/2020\/06\/A-split-So-2-300x200.jpg 300w, https:\/\/www.dalmatien-online.de\/wp-content\/uploads\/2020\/06\/A-split-So-2-768x512.jpg 768w, https:\/\/www.dalmatien-online.de\/wp-content\/uploads\/2020\/06\/A-split-So-2-250x167.jpg 250w, https:\/\/www.dalmatien-online.de\/wp-content\/uploads\/2020\/06\/A-split-So-2-400x267.jpg 400w, https:\/\/www.dalmatien-online.de\/wp-content\/uploads\/2020\/06\/A-split-So-2.jpg 1500w\" sizes=\"auto, (max-width: 1024px) 100vw, 1024px\" \/><figcaption>The big <strong><a rel=\"noreferrer noopener\" href=\"https:\/\/aci-marinas.com\/marina\/aci-split\/\" target=\"_blank\">ACI Marina<\/a><\/strong> can be found here with the numerous sea boats, catamarans and swanky yachts. Not far from it on the cliff closes <strong><a rel=\"noreferrer noopener\" href=\"https:\/\/www.dalmatien-online.de\/en\/der-park-sustipan\/\" target=\"_blank\">Park &#8222;Sustipan&#8220;<\/a><\/strong> a popular photo location for newlyweds.<\/figcaption><\/figure>\n\n\n\n<figure class=\"wp-block-image size-large\"><img loading=\"lazy\" decoding=\"async\" width=\"1024\" height=\"683\" src=\"https:\/\/www.dalmatien-online.de\/wp-content\/uploads\/2020\/06\/A-Split-10-19-mi-13-1024x683.jpg\" alt=\"\" class=\"wp-image-728\" srcset=\"https:\/\/www.dalmatien-online.de\/wp-content\/uploads\/2020\/06\/A-Split-10-19-mi-13-1024x683.jpg 1024w, https:\/\/www.dalmatien-online.de\/wp-content\/uploads\/2020\/06\/A-Split-10-19-mi-13-300x200.jpg 300w, https:\/\/www.dalmatien-online.de\/wp-content\/uploads\/2020\/06\/A-Split-10-19-mi-13-768x512.jpg 768w, https:\/\/www.dalmatien-online.de\/wp-content\/uploads\/2020\/06\/A-Split-10-19-mi-13-250x167.jpg 250w, https:\/\/www.dalmatien-online.de\/wp-content\/uploads\/2020\/06\/A-Split-10-19-mi-13-400x267.jpg 400w, https:\/\/www.dalmatien-online.de\/wp-content\/uploads\/2020\/06\/A-Split-10-19-mi-13.jpg 1500w\" sizes=\"auto, (max-width: 1024px) 100vw, 1024px\" \/><figcaption>There are many <strong><a href=\"https:\/\/www.dalmatien-online.de\/en\/die-straende-von-split\/\" target=\"_blank\" rel=\"noreferrer noopener\">Beaches in Split<\/a><\/strong>. Those around the forest park \"Marjan\" or along the coastline of the city invite you to take a walk or just \"dive in\" or to laze around.<\/figcaption><\/figure>\n\n\n\n<figure class=\"wp-block-image size-large\"><img loading=\"lazy\" decoding=\"async\" width=\"1024\" height=\"683\" src=\"https:\/\/www.dalmatien-online.de\/wp-content\/uploads\/2020\/06\/A-Split-10-19-mi-14-1024x683.jpg\" alt=\"\" class=\"wp-image-731\" srcset=\"https:\/\/www.dalmatien-online.de\/wp-content\/uploads\/2020\/06\/A-Split-10-19-mi-14-1024x683.jpg 1024w, https:\/\/www.dalmatien-online.de\/wp-content\/uploads\/2020\/06\/A-Split-10-19-mi-14-300x200.jpg 300w, https:\/\/www.dalmatien-online.de\/wp-content\/uploads\/2020\/06\/A-Split-10-19-mi-14-768x512.jpg 768w, https:\/\/www.dalmatien-online.de\/wp-content\/uploads\/2020\/06\/A-Split-10-19-mi-14-250x167.jpg 250w, https:\/\/www.dalmatien-online.de\/wp-content\/uploads\/2020\/06\/A-Split-10-19-mi-14-400x267.jpg 400w, https:\/\/www.dalmatien-online.de\/wp-content\/uploads\/2020\/06\/A-Split-10-19-mi-14.jpg 1500w\" sizes=\"auto, (max-width: 1024px) 100vw, 1024px\" \/><figcaption>On the north side of the sport-crazy city <strong><a href=\"https:\/\/www.dalmatien-online.de\/en\/das-stadion-poljud\/\" target=\"_blank\" rel=\"noreferrer noopener\">the stadium \"Poljud\"<\/a><\/strong>, home of the legendary football club \"Hajduk Split\". It is located near the coast on the Bay of Ka\u0161tela in an impressive setting.<\/figcaption><\/figure>\n\n\n\n<figure class=\"wp-block-image size-large\"><img loading=\"lazy\" decoding=\"async\" width=\"1024\" height=\"683\" src=\"https:\/\/www.dalmatien-online.de\/wp-content\/uploads\/2020\/06\/78397605_1437137789776143_834019323885387776_o-1-1024x683.jpg\" alt=\"\" class=\"wp-image-2668\" srcset=\"https:\/\/www.dalmatien-online.de\/wp-content\/uploads\/2020\/06\/78397605_1437137789776143_834019323885387776_o-1-1024x683.jpg 1024w, https:\/\/www.dalmatien-online.de\/wp-content\/uploads\/2020\/06\/78397605_1437137789776143_834019323885387776_o-1-300x200.jpg 300w, https:\/\/www.dalmatien-online.de\/wp-content\/uploads\/2020\/06\/78397605_1437137789776143_834019323885387776_o-1-768x512.jpg 768w, https:\/\/www.dalmatien-online.de\/wp-content\/uploads\/2020\/06\/78397605_1437137789776143_834019323885387776_o-1-250x167.jpg 250w, https:\/\/www.dalmatien-online.de\/wp-content\/uploads\/2020\/06\/78397605_1437137789776143_834019323885387776_o-1-400x267.jpg 400w, https:\/\/www.dalmatien-online.de\/wp-content\/uploads\/2020\/06\/78397605_1437137789776143_834019323885387776_o-1.jpg 1500w\" sizes=\"auto, (max-width: 1024px) 100vw, 1024px\" \/><figcaption>Unten im Bild ein Blick aus der Ferne \u00fcber &#8222;Mateju\u0161ka&#8220; auf  &#8222;Varo\u0161&#8220;, wo sich Haus \u00fcber Haus den Berg hinauf an den Hang schmiegen, verbunden durch ein Netz aus kleinen Gassen.<\/figcaption><\/figure>\n\n\n\n<figure class=\"wp-block-image size-large\"><img loading=\"lazy\" decoding=\"async\" width=\"1024\" height=\"683\" src=\"https:\/\/www.dalmatien-online.de\/wp-content\/uploads\/2020\/06\/A-Split-181119-mittag-1-1024x683.jpg\" alt=\"\" class=\"wp-image-734\" srcset=\"https:\/\/www.dalmatien-online.de\/wp-content\/uploads\/2020\/06\/A-Split-181119-mittag-1-1024x683.jpg 1024w, https:\/\/www.dalmatien-online.de\/wp-content\/uploads\/2020\/06\/A-Split-181119-mittag-1-300x200.jpg 300w, https:\/\/www.dalmatien-online.de\/wp-content\/uploads\/2020\/06\/A-Split-181119-mittag-1-768x512.jpg 768w, https:\/\/www.dalmatien-online.de\/wp-content\/uploads\/2020\/06\/A-Split-181119-mittag-1-250x167.jpg 250w, https:\/\/www.dalmatien-online.de\/wp-content\/uploads\/2020\/06\/A-Split-181119-mittag-1-400x267.jpg 400w, https:\/\/www.dalmatien-online.de\/wp-content\/uploads\/2020\/06\/A-Split-181119-mittag-1.jpg 1500w\" sizes=\"auto, (max-width: 1024px) 100vw, 1024px\" \/><figcaption>If you stroll through the old town through Split and look closely, you will always be surprised by the many architectural elements from all eras of the eventful <strong><a rel=\"noreferrer noopener\" href=\"https:\/\/split.gg\/split-history\/\" target=\"_blank\">City history<\/a><\/strong>. Even if you know the city very well after years, there are still new historical ones every day <strong><a href=\"https:\/\/www.dalmatien-online.de\/en\/zeitzeugen-der-architektur\/\" target=\"_blank\" rel=\"noreferrer noopener\">Contemporary witnesses in architecture<\/a><\/strong>that had not been discovered before.<\/figcaption><\/figure>\n\n\n\n<figure class=\"wp-block-image size-large\"><img loading=\"lazy\" decoding=\"async\" width=\"1024\" height=\"683\" src=\"https:\/\/www.dalmatien-online.de\/wp-content\/uploads\/2020\/06\/A-Split-301119-2-1024x683.jpg\" alt=\"\" class=\"wp-image-735\" srcset=\"https:\/\/www.dalmatien-online.de\/wp-content\/uploads\/2020\/06\/A-Split-301119-2-1024x683.jpg 1024w, https:\/\/www.dalmatien-online.de\/wp-content\/uploads\/2020\/06\/A-Split-301119-2-300x200.jpg 300w, https:\/\/www.dalmatien-online.de\/wp-content\/uploads\/2020\/06\/A-Split-301119-2-768x512.jpg 768w, https:\/\/www.dalmatien-online.de\/wp-content\/uploads\/2020\/06\/A-Split-301119-2-250x167.jpg 250w, https:\/\/www.dalmatien-online.de\/wp-content\/uploads\/2020\/06\/A-Split-301119-2-400x267.jpg 400w, https:\/\/www.dalmatien-online.de\/wp-content\/uploads\/2020\/06\/A-Split-301119-2.jpg 1500w\" sizes=\"auto, (max-width: 1024px) 100vw, 1024px\" \/><figcaption>Unten im Bild der traditionelle kleine Fischerhafen <strong><a rel=\"noreferrer noopener\" href=\"https:\/\/www.dalmatien-online.de\/en\/matejuska\/\" target=\"_blank\">&#8222;Mateju\u0161ka&#8220;<\/a><\/strong> im Nordwestteil vom Spliter Hafen am fr\u00fchen Morgen. Wer sehr fr\u00fch in Split unterwegs ist , erlebt die Stadt in ganz besonderer Weise. Zuerst den herrlichen Sonnenaufgang genie\u00dfen und dann beim Kaffee am Fischmarkt im &#8222;Slatna Ribica&#8220; (Goldfisch) dem emsigen Treiben zusehen, so kann der Tag beginnen.<\/figcaption><\/figure>\n\n\n\n<figure class=\"wp-block-image size-large\"><img loading=\"lazy\" decoding=\"async\" width=\"1024\" height=\"683\" src=\"https:\/\/www.dalmatien-online.de\/wp-content\/uploads\/2020\/06\/A-Split-rano-3-19-1024x683.jpg\" alt=\"\" class=\"wp-image-2685\" srcset=\"https:\/\/www.dalmatien-online.de\/wp-content\/uploads\/2020\/06\/A-Split-rano-3-19-1024x683.jpg 1024w, https:\/\/www.dalmatien-online.de\/wp-content\/uploads\/2020\/06\/A-Split-rano-3-19-300x200.jpg 300w, https:\/\/www.dalmatien-online.de\/wp-content\/uploads\/2020\/06\/A-Split-rano-3-19-768x512.jpg 768w, https:\/\/www.dalmatien-online.de\/wp-content\/uploads\/2020\/06\/A-Split-rano-3-19-250x167.jpg 250w, https:\/\/www.dalmatien-online.de\/wp-content\/uploads\/2020\/06\/A-Split-rano-3-19-400x267.jpg 400w, https:\/\/www.dalmatien-online.de\/wp-content\/uploads\/2020\/06\/A-Split-rano-3-19.jpg 1500w\" sizes=\"auto, (max-width: 1024px) 100vw, 1024px\" \/><\/figure>","protected":false},"excerpt":{"rendered":"<p>Mit dem Spliter Hafen, dem Fernbussbahnhof und dem Bahnhof ist Split Hauptknotenpunkt des Verkehrs in in Dalmatien. Von Split`s Flughafen an der K\u00fcste der Bucht von Ka\u0161tela ist man in <a class=\"more-link\" href=\"https:\/\/www.dalmatien-online.de\/en\/split\/\">weiterlesen&#8230;<\/a><\/p>","protected":false},"author":1,"featured_media":0,"parent":0,"menu_order":0,"comment_status":"closed","ping_status":"closed","template":"","meta":{"footnotes":"","_links_to":"","_links_to_target":""},"tags":[],"class_list":["post-104","page","type-page","status-publish","hentry"],"_links":{"self":[{"href":"https:\/\/www.dalmatien-online.de\/en\/wp-json\/wp\/v2\/pages\/104","targetHints":{"allow":["GET"]}}],"collection":[{"href":"https:\/\/www.dalmatien-online.de\/en\/wp-json\/wp\/v2\/pages"}],"about":[{"href":"https:\/\/www.dalmatien-online.de\/en\/wp-json\/wp\/v2\/types\/page"}],"author":[{"embeddable":true,"href":"https:\/\/www.dalmatien-online.de\/en\/wp-json\/wp\/v2\/users\/1"}],"replies":[{"embeddable":true,"href":"https:\/\/www.dalmatien-online.de\/en\/wp-json\/wp\/v2\/comments?post=104"}],"version-history":[{"count":45,"href":"https:\/\/www.dalmatien-online.de\/en\/wp-json\/wp\/v2\/pages\/104\/revisions"}],"predecessor-version":[{"id":3334,"href":"https:\/\/www.dalmatien-online.de\/en\/wp-json\/wp\/v2\/pages\/104\/revisions\/3334"}],"wp:attachment":[{"href":"https:\/\/www.dalmatien-online.de\/en\/wp-json\/wp\/v2\/media?parent=104"}],"wp:term":[{"taxonomy":"post_tag","embeddable":true,"href":"https:\/\/www.dalmatien-online.de\/en\/wp-json\/wp\/v2\/tags?post=104"}],"curies":[{"name":"wp","href":"https:\/\/api.w.org\/{rel}","templated":true}]}}