{"id":1139,"date":"2020-06-05T09:44:03","date_gmt":"2020-06-05T08:44:03","guid":{"rendered":"https:\/\/www.dalmatien-online.de\/?page_id=1139"},"modified":"2020-06-23T22:01:51","modified_gmt":"2020-06-23T21:01:51","slug":"vis-2","status":"publish","type":"page","link":"https:\/\/www.dalmatien-online.de\/en\/vis-2\/","title":{"rendered":"Vis"},"content":{"rendered":"<figure class=\"wp-block-image size-large\"><img loading=\"lazy\" decoding=\"async\" width=\"1024\" height=\"289\" src=\"https:\/\/www.dalmatien-online.de\/wp-content\/uploads\/2020\/06\/0-Vis-D-O-titel-1024x289.jpg\" alt=\"\" class=\"wp-image-2916\" srcset=\"https:\/\/www.dalmatien-online.de\/wp-content\/uploads\/2020\/06\/0-Vis-D-O-titel-1024x289.jpg 1024w, https:\/\/www.dalmatien-online.de\/wp-content\/uploads\/2020\/06\/0-Vis-D-O-titel-300x85.jpg 300w, https:\/\/www.dalmatien-online.de\/wp-content\/uploads\/2020\/06\/0-Vis-D-O-titel-768x217.jpg 768w, https:\/\/www.dalmatien-online.de\/wp-content\/uploads\/2020\/06\/0-Vis-D-O-titel-250x71.jpg 250w, https:\/\/www.dalmatien-online.de\/wp-content\/uploads\/2020\/06\/0-Vis-D-O-titel.jpg 1292w\" sizes=\"auto, (max-width: 1024px) 100vw, 1024px\" \/><figcaption>Vis is one of the most distant islands from the Croatian mainland with a distance of almost 60 kilometers and has about 3500 inhabitants. Vis can be reached daily by ferry or catamaran on the <strong><a rel=\"noreferrer noopener\" href=\"https:\/\/www.jadrolinija.hr\/hr\/schedule\/LineSearchResults\/Index\/2331792\/2331806\/15062020\" target=\"_blank\">Line Split - Vis<\/a><\/strong>.<br><\/figcaption><\/figure>\n\n\n\n<figure class=\"wp-block-image size-large\"><img loading=\"lazy\" decoding=\"async\" width=\"1024\" height=\"680\" src=\"https:\/\/www.dalmatien-online.de\/wp-content\/uploads\/2020\/06\/a-Vis-1-7-19-6-1024x680.jpg\" alt=\"\" class=\"wp-image-2917\" srcset=\"https:\/\/www.dalmatien-online.de\/wp-content\/uploads\/2020\/06\/a-Vis-1-7-19-6-1024x680.jpg 1024w, https:\/\/www.dalmatien-online.de\/wp-content\/uploads\/2020\/06\/a-Vis-1-7-19-6-300x199.jpg 300w, https:\/\/www.dalmatien-online.de\/wp-content\/uploads\/2020\/06\/a-Vis-1-7-19-6-768x510.jpg 768w, https:\/\/www.dalmatien-online.de\/wp-content\/uploads\/2020\/06\/a-Vis-1-7-19-6-250x166.jpg 250w, https:\/\/www.dalmatien-online.de\/wp-content\/uploads\/2020\/06\/a-Vis-1-7-19-6-400x267.jpg 400w, https:\/\/www.dalmatien-online.de\/wp-content\/uploads\/2020\/06\/a-Vis-1-7-19-6.jpg 1493w\" sizes=\"auto, (max-width: 1024px) 100vw, 1024px\" \/><figcaption>The two most famous cities are those of the same name <a rel=\"noreferrer noopener\" href=\"https:\/\/www.dalmatien-online.de\/en\/vis\/\" target=\"_blank\"><strong>Town Vis<\/strong><\/a> with its extensive bay \"Vi\u0161ka luka\" on the north-east side. In the bay in the east this is tranquil <strong><a rel=\"noreferrer noopener\" href=\"https:\/\/www.dalmatien-online.de\/en\/kut\/\" target=\"_blank\">little town Kut<\/a><\/strong>, like Vis, a popular destination for sailors. In \u201cVi\u0161ka Luka\u201d the Franciscan monastery is also on a small peninsula.<\/figcaption><\/figure>\n\n\n\n<figure class=\"wp-block-image size-large\"><img loading=\"lazy\" decoding=\"async\" width=\"668\" height=\"1024\" src=\"https:\/\/www.dalmatien-online.de\/wp-content\/uploads\/2020\/06\/A-Vis-19-9-xy-668x1024.jpg\" alt=\"\" class=\"wp-image-2205\" srcset=\"https:\/\/www.dalmatien-online.de\/wp-content\/uploads\/2020\/06\/A-Vis-19-9-xy-668x1024.jpg 668w, https:\/\/www.dalmatien-online.de\/wp-content\/uploads\/2020\/06\/A-Vis-19-9-xy-196x300.jpg 196w, https:\/\/www.dalmatien-online.de\/wp-content\/uploads\/2020\/06\/A-Vis-19-9-xy-768x1177.jpg 768w, https:\/\/www.dalmatien-online.de\/wp-content\/uploads\/2020\/06\/A-Vis-19-9-xy-250x383.jpg 250w, https:\/\/www.dalmatien-online.de\/wp-content\/uploads\/2020\/06\/A-Vis-19-9-xy.jpg 966w\" sizes=\"auto, (max-width: 668px) 100vw, 668px\" \/><\/figure>\n\n\n\n<p>The coastal town is in the southwest <a rel=\"noreferrer noopener\" href=\"https:\/\/www.dalmatien-online.de\/en\/komiza\/\" target=\"_blank\"><strong>Komi\u017ea<\/strong><\/a> almost opposite, one of the most beautiful spots in the Dalmatian island world. Vis as an island has a mountainous character with its numerous beautiful bays like that <a rel=\"noreferrer noopener\" href=\"https:\/\/www.dalmatien-online.de\/en\/stiniva-bucht\/\" target=\"_blank\"><strong>Stiniva Bay<\/strong><\/a> or the <a rel=\"noreferrer noopener\" href=\"https:\/\/www.dalmatien-online.de\/en\/stoncica-bucht\/\" target=\"_blank\"><strong>Ston\u010dica Bay<\/strong><\/a> with it`s <a rel=\"noreferrer noopener\" href=\"https:\/\/www.dalmatien-online.de\/en\/leuchtturm-stoncica\/\" target=\"_blank\"><strong>Lighthouse<\/strong><\/a>. <\/p>\n\n\n\n<figure class=\"wp-block-image size-large\"><img loading=\"lazy\" decoding=\"async\" width=\"1024\" height=\"681\" src=\"https:\/\/www.dalmatien-online.de\/wp-content\/uploads\/2020\/06\/A-Stiniva-5-2-1024x681.jpg\" alt=\"\" class=\"wp-image-2918\" srcset=\"https:\/\/www.dalmatien-online.de\/wp-content\/uploads\/2020\/06\/A-Stiniva-5-2-1024x681.jpg 1024w, https:\/\/www.dalmatien-online.de\/wp-content\/uploads\/2020\/06\/A-Stiniva-5-2-300x200.jpg 300w, https:\/\/www.dalmatien-online.de\/wp-content\/uploads\/2020\/06\/A-Stiniva-5-2-768x511.jpg 768w, https:\/\/www.dalmatien-online.de\/wp-content\/uploads\/2020\/06\/A-Stiniva-5-2-250x166.jpg 250w, https:\/\/www.dalmatien-online.de\/wp-content\/uploads\/2020\/06\/A-Stiniva-5-2-400x267.jpg 400w, https:\/\/www.dalmatien-online.de\/wp-content\/uploads\/2020\/06\/A-Stiniva-5-2.jpg 1461w\" sizes=\"auto, (max-width: 1024px) 100vw, 1024px\" \/><\/figure>\n\n\n\n<p>Both on the coast and in the interior of the island, a beautiful mix of cultural landscape and unspoiled nature can be explored and invites to numerous <a rel=\"noreferrer noopener\" href=\"https:\/\/www.dalmatien-online.de\/en\/insel-vis\/\" target=\"_blank\"><strong>Tours<\/strong><\/a> one on well marked paths or \"on good luck\".<\/p>\n\n\n\n<figure class=\"wp-block-image size-large\"><img loading=\"lazy\" decoding=\"async\" width=\"1024\" height=\"682\" src=\"https:\/\/www.dalmatien-online.de\/wp-content\/uploads\/2020\/06\/A-stoncica-12-18-1-1-1024x682.jpg\" alt=\"\" class=\"wp-image-2919\" srcset=\"https:\/\/www.dalmatien-online.de\/wp-content\/uploads\/2020\/06\/A-stoncica-12-18-1-1-1024x682.jpg 1024w, https:\/\/www.dalmatien-online.de\/wp-content\/uploads\/2020\/06\/A-stoncica-12-18-1-1-300x200.jpg 300w, https:\/\/www.dalmatien-online.de\/wp-content\/uploads\/2020\/06\/A-stoncica-12-18-1-1-768x512.jpg 768w, https:\/\/www.dalmatien-online.de\/wp-content\/uploads\/2020\/06\/A-stoncica-12-18-1-1-250x167.jpg 250w, https:\/\/www.dalmatien-online.de\/wp-content\/uploads\/2020\/06\/A-stoncica-12-18-1-1-400x267.jpg 400w, https:\/\/www.dalmatien-online.de\/wp-content\/uploads\/2020\/06\/A-stoncica-12-18-1-1.jpg 1453w\" sizes=\"auto, (max-width: 1024px) 100vw, 1024px\" \/><\/figure>\n\n\n\n<p> Vis has retained a very large part of its originality, thanks to the military past - what irony - which is due to its important strategic position at that time as a bulwark against the \"West\". Vis was a restricted area until the early 1990s. Today numerous so-called <a rel=\"noreferrer noopener\" href=\"http:\/\/www.vis-rent.com\/en\/tours-vis-croatia\/land-tours\/tour-6.html\" target=\"_blank\"><strong>\"Military Tours\"<\/strong><\/a> offered, where you can explore the old submarine bunkers, positions and tunnel systems. <\/p>\n\n\n\n<figure class=\"wp-block-image size-large\"><img loading=\"lazy\" decoding=\"async\" width=\"1024\" height=\"683\" src=\"https:\/\/www.dalmatien-online.de\/wp-content\/uploads\/2020\/06\/A-Vis-Milna-9-19-Mo-5-2-1024x683.jpg\" alt=\"\" class=\"wp-image-2920\" srcset=\"https:\/\/www.dalmatien-online.de\/wp-content\/uploads\/2020\/06\/A-Vis-Milna-9-19-Mo-5-2-1024x683.jpg 1024w, https:\/\/www.dalmatien-online.de\/wp-content\/uploads\/2020\/06\/A-Vis-Milna-9-19-Mo-5-2-300x200.jpg 300w, https:\/\/www.dalmatien-online.de\/wp-content\/uploads\/2020\/06\/A-Vis-Milna-9-19-Mo-5-2-768x512.jpg 768w, https:\/\/www.dalmatien-online.de\/wp-content\/uploads\/2020\/06\/A-Vis-Milna-9-19-Mo-5-2-250x167.jpg 250w, https:\/\/www.dalmatien-online.de\/wp-content\/uploads\/2020\/06\/A-Vis-Milna-9-19-Mo-5-2-400x267.jpg 400w, https:\/\/www.dalmatien-online.de\/wp-content\/uploads\/2020\/06\/A-Vis-Milna-9-19-Mo-5-2.jpg 1500w\" sizes=\"auto, (max-width: 1024px) 100vw, 1024px\" \/><\/figure>\n\n\n\n<p>Other places on the coast near Vis are Roga\u010di\u0107 on the north side and <strong><a rel=\"noreferrer noopener\" href=\"https:\/\/www.dalmatien-online.de\/en\/milna-3\/\" target=\"_blank\">Milna<\/a><\/strong> or Rukavac on the south side. Inside the island <strong><a rel=\"noreferrer noopener\" href=\"https:\/\/www.dalmatien-online.de\/en\/zena-glava\/\" target=\"_blank\">\u017dena Glava<\/a><\/strong>, Podhumlje or Podselje to name a few.<\/p>\n\n\n\n<hr class=\"wp-block-separator\"\/>\n\n\n\n<figure class=\"wp-block-image size-large\"><img loading=\"lazy\" decoding=\"async\" width=\"1024\" height=\"666\" src=\"https:\/\/www.dalmatien-online.de\/wp-content\/uploads\/2020\/06\/A-Kut-pogledom-Vis-18-1-1-1024x666.jpg\" alt=\"\" class=\"wp-image-1559\" srcset=\"https:\/\/www.dalmatien-online.de\/wp-content\/uploads\/2020\/06\/A-Kut-pogledom-Vis-18-1-1-1024x666.jpg 1024w, https:\/\/www.dalmatien-online.de\/wp-content\/uploads\/2020\/06\/A-Kut-pogledom-Vis-18-1-1-300x195.jpg 300w, https:\/\/www.dalmatien-online.de\/wp-content\/uploads\/2020\/06\/A-Kut-pogledom-Vis-18-1-1-768x499.jpg 768w, https:\/\/www.dalmatien-online.de\/wp-content\/uploads\/2020\/06\/A-Kut-pogledom-Vis-18-1-1-250x163.jpg 250w, https:\/\/www.dalmatien-online.de\/wp-content\/uploads\/2020\/06\/A-Kut-pogledom-Vis-18-1-1.jpg 1292w\" sizes=\"auto, (max-width: 1024px) 100vw, 1024px\" \/><\/figure>\n\n\n\n<figure class=\"wp-block-image size-large\"><img loading=\"lazy\" decoding=\"async\" width=\"1024\" height=\"683\" src=\"https:\/\/www.dalmatien-online.de\/wp-content\/uploads\/2020\/06\/A-D4mittag-VisKut-8-1024x683.jpg\" alt=\"\" class=\"wp-image-1555\" srcset=\"https:\/\/www.dalmatien-online.de\/wp-content\/uploads\/2020\/06\/A-D4mittag-VisKut-8-1024x683.jpg 1024w, https:\/\/www.dalmatien-online.de\/wp-content\/uploads\/2020\/06\/A-D4mittag-VisKut-8-300x200.jpg 300w, https:\/\/www.dalmatien-online.de\/wp-content\/uploads\/2020\/06\/A-D4mittag-VisKut-8-768x512.jpg 768w, https:\/\/www.dalmatien-online.de\/wp-content\/uploads\/2020\/06\/A-D4mittag-VisKut-8-250x167.jpg 250w, https:\/\/www.dalmatien-online.de\/wp-content\/uploads\/2020\/06\/A-D4mittag-VisKut-8-400x267.jpg 400w, https:\/\/www.dalmatien-online.de\/wp-content\/uploads\/2020\/06\/A-D4mittag-VisKut-8.jpg 1500w\" sizes=\"auto, (max-width: 1024px) 100vw, 1024px\" \/><\/figure>\n\n\n\n<figure class=\"wp-block-image size-large\"><img loading=\"lazy\" decoding=\"async\" width=\"1024\" height=\"683\" src=\"https:\/\/www.dalmatien-online.de\/wp-content\/uploads\/2020\/06\/A-Kut-So-4-1-1024x683.jpg\" alt=\"\" class=\"wp-image-1556\" srcset=\"https:\/\/www.dalmatien-online.de\/wp-content\/uploads\/2020\/06\/A-Kut-So-4-1-1024x683.jpg 1024w, https:\/\/www.dalmatien-online.de\/wp-content\/uploads\/2020\/06\/A-Kut-So-4-1-300x200.jpg 300w, https:\/\/www.dalmatien-online.de\/wp-content\/uploads\/2020\/06\/A-Kut-So-4-1-768x512.jpg 768w, https:\/\/www.dalmatien-online.de\/wp-content\/uploads\/2020\/06\/A-Kut-So-4-1-250x167.jpg 250w, https:\/\/www.dalmatien-online.de\/wp-content\/uploads\/2020\/06\/A-Kut-So-4-1-400x267.jpg 400w, https:\/\/www.dalmatien-online.de\/wp-content\/uploads\/2020\/06\/A-Kut-So-4-1.jpg 1500w\" sizes=\"auto, (max-width: 1024px) 100vw, 1024px\" \/><\/figure>\n\n\n\n<figure class=\"wp-block-image size-large\"><img loading=\"lazy\" decoding=\"async\" width=\"1024\" height=\"683\" src=\"https:\/\/www.dalmatien-online.de\/wp-content\/uploads\/2020\/06\/A-Komi\u017ea-17-4-1024x683.jpg\" alt=\"\" class=\"wp-image-1557\" srcset=\"https:\/\/www.dalmatien-online.de\/wp-content\/uploads\/2020\/06\/A-Komi\u017ea-17-4-1024x683.jpg 1024w, https:\/\/www.dalmatien-online.de\/wp-content\/uploads\/2020\/06\/A-Komi\u017ea-17-4-300x200.jpg 300w, https:\/\/www.dalmatien-online.de\/wp-content\/uploads\/2020\/06\/A-Komi\u017ea-17-4-768x512.jpg 768w, https:\/\/www.dalmatien-online.de\/wp-content\/uploads\/2020\/06\/A-Komi\u017ea-17-4-250x167.jpg 250w, https:\/\/www.dalmatien-online.de\/wp-content\/uploads\/2020\/06\/A-Komi\u017ea-17-4-400x267.jpg 400w, https:\/\/www.dalmatien-online.de\/wp-content\/uploads\/2020\/06\/A-Komi\u017ea-17-4.jpg 1500w\" sizes=\"auto, (max-width: 1024px) 100vw, 1024px\" \/><\/figure>\n\n\n\n<div class=\"display-posts-listing image-left\"><div class=\"listing-item\"><a class=\"image\" href=\"https:\/\/www.dalmatien-online.de\/en\/vis-nach-komiza\/\"><img loading=\"lazy\" decoding=\"async\" width=\"150\" height=\"150\" src=\"https:\/\/www.dalmatien-online.de\/wp-content\/uploads\/2020\/06\/A-Sv-Duh-2-150x150.jpg\" class=\"attachment-thumbnail size-thumbnail wp-image-1767 wp-post-image\" alt=\"\" \/><\/a> <a class=\"title\" href=\"https:\/\/www.dalmatien-online.de\/en\/vis-nach-komiza\/\">Hiking &#8211; From Vis to Komi\u017ea<\/a> <span class=\"excerpt\"> <span class=\"excerpt-more\">\u2026<\/span><\/span><\/div><\/div>","protected":false},"excerpt":{"rendered":"<p>Im S\u00fcdwesten liegt das K\u00fcstenst\u00e4dtchen Komi\u017ea quasi gegen\u00fcber, einer der sch\u00f6nsten Fleckchen der dalmatischen Inselwelt. Vis als Insel hat einen bergigen Charakter mit seinen Zahlreichen wundersch\u00f6nen Buchten wie die Stiniva <a class=\"more-link\" href=\"https:\/\/www.dalmatien-online.de\/en\/vis-nach-komiza\/\">weiterlesen&#8230;<\/a><\/p>","protected":false},"author":2,"featured_media":0,"parent":0,"menu_order":0,"comment_status":"closed","ping_status":"closed","template":"","meta":{"footnotes":"","_links_to":"","_links_to_target":""},"tags":[],"class_list":["post-1139","page","type-page","status-publish","hentry"],"_links":{"self":[{"href":"https:\/\/www.dalmatien-online.de\/en\/wp-json\/wp\/v2\/pages\/1139","targetHints":{"allow":["GET"]}}],"collection":[{"href":"https:\/\/www.dalmatien-online.de\/en\/wp-json\/wp\/v2\/pages"}],"about":[{"href":"https:\/\/www.dalmatien-online.de\/en\/wp-json\/wp\/v2\/types\/page"}],"author":[{"embeddable":true,"href":"https:\/\/www.dalmatien-online.de\/en\/wp-json\/wp\/v2\/users\/2"}],"replies":[{"embeddable":true,"href":"https:\/\/www.dalmatien-online.de\/en\/wp-json\/wp\/v2\/comments?post=1139"}],"version-history":[{"count":19,"href":"https:\/\/www.dalmatien-online.de\/en\/wp-json\/wp\/v2\/pages\/1139\/revisions"}],"predecessor-version":[{"id":2921,"href":"https:\/\/www.dalmatien-online.de\/en\/wp-json\/wp\/v2\/pages\/1139\/revisions\/2921"}],"wp:attachment":[{"href":"https:\/\/www.dalmatien-online.de\/en\/wp-json\/wp\/v2\/media?parent=1139"}],"wp:term":[{"taxonomy":"post_tag","embeddable":true,"href":"https:\/\/www.dalmatien-online.de\/en\/wp-json\/wp\/v2\/tags?post=1139"}],"curies":[{"name":"wp","href":"https:\/\/api.w.org\/{rel}","templated":true}]}}