{"id":1656,"date":"2020-06-08T12:53:21","date_gmt":"2020-06-08T11:53:21","guid":{"rendered":"https:\/\/www.dalmatien-online.de\/?page_id=1656"},"modified":"2020-06-08T12:57:18","modified_gmt":"2020-06-08T11:57:18","slug":"penne-mit-steinpilzen","status":"publish","type":"page","link":"https:\/\/www.dalmatien-online.de\/en\/penne-mit-steinpilzen\/","title":{"rendered":"Penne mit Steinpilzen"},"content":{"rendered":"<p>Ein schnelles und immer g\u00f6ttliches Gericht. Ob im Herbst mit frischen Steinpilzen oder ganzj\u00e4hrig mit Getrockneten &#8211; Steinpilze sollten in jeder K\u00fcche \u00fcbers ganze Jahr verf\u00fcgbar sein&#8230;<\/p>\n\n\n\n<hr class=\"wp-block-separator\"\/>\n\n\n\n<figure class=\"wp-block-image size-large\"><img loading=\"lazy\" decoding=\"async\" width=\"1024\" height=\"694\" src=\"https:\/\/www.dalmatien-online.de\/wp-content\/uploads\/2020\/06\/A-Penne-mit-Steinpilzen-1024x694.jpg\" alt=\"\" class=\"wp-image-1659\" srcset=\"https:\/\/www.dalmatien-online.de\/wp-content\/uploads\/2020\/06\/A-Penne-mit-Steinpilzen-1024x694.jpg 1024w, https:\/\/www.dalmatien-online.de\/wp-content\/uploads\/2020\/06\/A-Penne-mit-Steinpilzen-300x203.jpg 300w, https:\/\/www.dalmatien-online.de\/wp-content\/uploads\/2020\/06\/A-Penne-mit-Steinpilzen-768x520.jpg 768w, https:\/\/www.dalmatien-online.de\/wp-content\/uploads\/2020\/06\/A-Penne-mit-Steinpilzen-250x169.jpg 250w, https:\/\/www.dalmatien-online.de\/wp-content\/uploads\/2020\/06\/A-Penne-mit-Steinpilzen.jpg 1408w\" sizes=\"auto, (max-width: 1024px) 100vw, 1024px\" \/><\/figure>","protected":false},"excerpt":{"rendered":"<p>Ein schnelles und immer g\u00f6ttliches Gericht. Ob im Herbst mit frischen Steinpilzen oder ganzj\u00e4hrig mit Getrockneten &#8211; Steinpilze sollten in jeder K\u00fcche \u00fcbers ganze Jahr verf\u00fcgbar sein&#8230;<\/p>","protected":false},"author":2,"featured_media":0,"parent":0,"menu_order":0,"comment_status":"closed","ping_status":"closed","template":"","meta":{"footnotes":"","_links_to":"","_links_to_target":""},"tags":[],"class_list":["post-1656","page","type-page","status-publish","hentry"],"_links":{"self":[{"href":"https:\/\/www.dalmatien-online.de\/en\/wp-json\/wp\/v2\/pages\/1656","targetHints":{"allow":["GET"]}}],"collection":[{"href":"https:\/\/www.dalmatien-online.de\/en\/wp-json\/wp\/v2\/pages"}],"about":[{"href":"https:\/\/www.dalmatien-online.de\/en\/wp-json\/wp\/v2\/types\/page"}],"author":[{"embeddable":true,"href":"https:\/\/www.dalmatien-online.de\/en\/wp-json\/wp\/v2\/users\/2"}],"replies":[{"embeddable":true,"href":"https:\/\/www.dalmatien-online.de\/en\/wp-json\/wp\/v2\/comments?post=1656"}],"version-history":[{"count":3,"href":"https:\/\/www.dalmatien-online.de\/en\/wp-json\/wp\/v2\/pages\/1656\/revisions"}],"predecessor-version":[{"id":1661,"href":"https:\/\/www.dalmatien-online.de\/en\/wp-json\/wp\/v2\/pages\/1656\/revisions\/1661"}],"wp:attachment":[{"href":"https:\/\/www.dalmatien-online.de\/en\/wp-json\/wp\/v2\/media?parent=1656"}],"wp:term":[{"taxonomy":"post_tag","embeddable":true,"href":"https:\/\/www.dalmatien-online.de\/en\/wp-json\/wp\/v2\/tags?post=1656"}],"curies":[{"name":"wp","href":"https:\/\/api.w.org\/{rel}","templated":true}]}}