{"id":1707,"date":"2020-06-08T14:11:10","date_gmt":"2020-06-08T13:11:10","guid":{"rendered":"https:\/\/www.dalmatien-online.de\/?page_id=1707"},"modified":"2020-06-08T14:11:17","modified_gmt":"2020-06-08T13:11:17","slug":"pikante-fleischkloesschen-in-tomatensauce","status":"publish","type":"page","link":"https:\/\/www.dalmatien-online.de\/en\/pikante-fleischkloesschen-in-tomatensauce\/","title":{"rendered":"Pikante Fleischkl\u00f6\u00dfchen in Tomatensauce"},"content":{"rendered":"<p>Pikante Fleischkl\u00f6\u00dfchen in Tomatensauce&#8230;<\/p>\n\n\n\n<figure class=\"wp-block-image size-large\"><img loading=\"lazy\" decoding=\"async\" width=\"1024\" height=\"706\" src=\"https:\/\/www.dalmatien-online.de\/wp-content\/uploads\/2020\/06\/A-Fleischkl\u00f6\u00dfchen-1024x706.jpg\" alt=\"\" class=\"wp-image-1708\" srcset=\"https:\/\/www.dalmatien-online.de\/wp-content\/uploads\/2020\/06\/A-Fleischkl\u00f6\u00dfchen-1024x706.jpg 1024w, https:\/\/www.dalmatien-online.de\/wp-content\/uploads\/2020\/06\/A-Fleischkl\u00f6\u00dfchen-300x207.jpg 300w, https:\/\/www.dalmatien-online.de\/wp-content\/uploads\/2020\/06\/A-Fleischkl\u00f6\u00dfchen-768x530.jpg 768w, https:\/\/www.dalmatien-online.de\/wp-content\/uploads\/2020\/06\/A-Fleischkl\u00f6\u00dfchen-250x172.jpg 250w, https:\/\/www.dalmatien-online.de\/wp-content\/uploads\/2020\/06\/A-Fleischkl\u00f6\u00dfchen.jpg 1446w\" sizes=\"auto, (max-width: 1024px) 100vw, 1024px\" \/><\/figure>\n\n\n\n<hr class=\"wp-block-separator\"\/>","protected":false},"excerpt":{"rendered":"<p>Pikante Fleischkl\u00f6\u00dfchen in Tomatensauce&#8230;<\/p>","protected":false},"author":2,"featured_media":0,"parent":0,"menu_order":0,"comment_status":"closed","ping_status":"closed","template":"","meta":{"footnotes":"","_links_to":"","_links_to_target":""},"tags":[],"class_list":["post-1707","page","type-page","status-publish","hentry"],"_links":{"self":[{"href":"https:\/\/www.dalmatien-online.de\/en\/wp-json\/wp\/v2\/pages\/1707","targetHints":{"allow":["GET"]}}],"collection":[{"href":"https:\/\/www.dalmatien-online.de\/en\/wp-json\/wp\/v2\/pages"}],"about":[{"href":"https:\/\/www.dalmatien-online.de\/en\/wp-json\/wp\/v2\/types\/page"}],"author":[{"embeddable":true,"href":"https:\/\/www.dalmatien-online.de\/en\/wp-json\/wp\/v2\/users\/2"}],"replies":[{"embeddable":true,"href":"https:\/\/www.dalmatien-online.de\/en\/wp-json\/wp\/v2\/comments?post=1707"}],"version-history":[{"count":1,"href":"https:\/\/www.dalmatien-online.de\/en\/wp-json\/wp\/v2\/pages\/1707\/revisions"}],"predecessor-version":[{"id":1709,"href":"https:\/\/www.dalmatien-online.de\/en\/wp-json\/wp\/v2\/pages\/1707\/revisions\/1709"}],"wp:attachment":[{"href":"https:\/\/www.dalmatien-online.de\/en\/wp-json\/wp\/v2\/media?parent=1707"}],"wp:term":[{"taxonomy":"post_tag","embeddable":true,"href":"https:\/\/www.dalmatien-online.de\/en\/wp-json\/wp\/v2\/tags?post=1707"}],"curies":[{"name":"wp","href":"https:\/\/api.w.org\/{rel}","templated":true}]}}