{"id":1781,"date":"2020-06-09T19:23:23","date_gmt":"2020-06-09T18:23:23","guid":{"rendered":"https:\/\/www.dalmatien-online.de\/?page_id=1781"},"modified":"2020-06-09T19:23:24","modified_gmt":"2020-06-09T18:23:24","slug":"wild","status":"publish","type":"page","link":"https:\/\/www.dalmatien-online.de\/en\/wild\/","title":{"rendered":"Wild"},"content":{"rendered":"<p>Schon als Kind war ich mit meinem Gro\u00dfvater auf der Jagd, woher meine Liebe zu Wildgerichten r\u00fchrt. Ob Wildhase, Reh, Wildschwein oder auch Weinbergschnecken, die ich pers\u00f6nlich hierzu z\u00e4hle, Wildgerichte begeisterten meinen Gaumen schon immer. Hier eine kleine Auswahl an leckeren Gerichten:<\/p>\n\n\n\n<p>&#8222;Wildschweinbraten&#8220;, &#8222;Wildschweinragout&#8220;, &#8222;Ragout von Weinbergschnecken&#8220;, <\/p>\n\n\n\n<hr class=\"wp-block-separator\"\/>","protected":false},"excerpt":{"rendered":"<p>Schon als Kind war ich mit meinem Gro\u00dfvater auf der Jagd, woher meine Liebe zu Wildgerichten r\u00fchrt. Ob Wildhase, Reh, Wildschwein oder auch Weinbergschnecken, die ich pers\u00f6nlich hierzu z\u00e4hle, Wildgerichte <a class=\"more-link\" href=\"https:\/\/www.dalmatien-online.de\/en\/wild\/\">weiterlesen&#8230;<\/a><\/p>","protected":false},"author":2,"featured_media":0,"parent":0,"menu_order":0,"comment_status":"closed","ping_status":"closed","template":"","meta":{"footnotes":"","_links_to":"","_links_to_target":""},"tags":[],"class_list":["post-1781","page","type-page","status-publish","hentry"],"_links":{"self":[{"href":"https:\/\/www.dalmatien-online.de\/en\/wp-json\/wp\/v2\/pages\/1781","targetHints":{"allow":["GET"]}}],"collection":[{"href":"https:\/\/www.dalmatien-online.de\/en\/wp-json\/wp\/v2\/pages"}],"about":[{"href":"https:\/\/www.dalmatien-online.de\/en\/wp-json\/wp\/v2\/types\/page"}],"author":[{"embeddable":true,"href":"https:\/\/www.dalmatien-online.de\/en\/wp-json\/wp\/v2\/users\/2"}],"replies":[{"embeddable":true,"href":"https:\/\/www.dalmatien-online.de\/en\/wp-json\/wp\/v2\/comments?post=1781"}],"version-history":[{"count":1,"href":"https:\/\/www.dalmatien-online.de\/en\/wp-json\/wp\/v2\/pages\/1781\/revisions"}],"predecessor-version":[{"id":1782,"href":"https:\/\/www.dalmatien-online.de\/en\/wp-json\/wp\/v2\/pages\/1781\/revisions\/1782"}],"wp:attachment":[{"href":"https:\/\/www.dalmatien-online.de\/en\/wp-json\/wp\/v2\/media?parent=1781"}],"wp:term":[{"taxonomy":"post_tag","embeddable":true,"href":"https:\/\/www.dalmatien-online.de\/en\/wp-json\/wp\/v2\/tags?post=1781"}],"curies":[{"name":"wp","href":"https:\/\/api.w.org\/{rel}","templated":true}]}}