{"id":1798,"date":"2020-06-09T19:49:27","date_gmt":"2020-06-09T18:49:27","guid":{"rendered":"https:\/\/www.dalmatien-online.de\/?page_id=1798"},"modified":"2020-06-09T19:51:14","modified_gmt":"2020-06-09T18:51:14","slug":"pilzragout-mit-brezelknoedel","status":"publish","type":"page","link":"https:\/\/www.dalmatien-online.de\/en\/pilzragout-mit-brezelknoedel\/","title":{"rendered":"Pilzragout mit Brezelkn\u00f6del"},"content":{"rendered":"<p>Ein sch\u00f6nes Pilzragout mit Brezelkn\u00f6del aus dem Ofen&#8230;<\/p>\n\n\n\n<hr class=\"wp-block-separator\"\/>\n\n\n\n<figure class=\"wp-block-image size-large\"><img loading=\"lazy\" decoding=\"async\" width=\"944\" height=\"876\" src=\"https:\/\/www.dalmatien-online.de\/wp-content\/uploads\/2020\/06\/A-Pilzragout-mit-Brezelkn\u00f6.jpg\" alt=\"\" class=\"wp-image-1801\" srcset=\"https:\/\/www.dalmatien-online.de\/wp-content\/uploads\/2020\/06\/A-Pilzragout-mit-Brezelkn\u00f6.jpg 944w, https:\/\/www.dalmatien-online.de\/wp-content\/uploads\/2020\/06\/A-Pilzragout-mit-Brezelkn\u00f6-300x278.jpg 300w, https:\/\/www.dalmatien-online.de\/wp-content\/uploads\/2020\/06\/A-Pilzragout-mit-Brezelkn\u00f6-768x713.jpg 768w, https:\/\/www.dalmatien-online.de\/wp-content\/uploads\/2020\/06\/A-Pilzragout-mit-Brezelkn\u00f6-250x232.jpg 250w\" sizes=\"auto, (max-width: 944px) 100vw, 944px\" \/><\/figure>","protected":false},"excerpt":{"rendered":"<p>Ein sch\u00f6nes Pilzragout mit Brezelkn\u00f6del aus dem Ofen&#8230;<\/p>","protected":false},"author":2,"featured_media":0,"parent":0,"menu_order":0,"comment_status":"closed","ping_status":"closed","template":"","meta":{"footnotes":"","_links_to":"","_links_to_target":""},"tags":[],"class_list":["post-1798","page","type-page","status-publish","hentry"],"_links":{"self":[{"href":"https:\/\/www.dalmatien-online.de\/en\/wp-json\/wp\/v2\/pages\/1798","targetHints":{"allow":["GET"]}}],"collection":[{"href":"https:\/\/www.dalmatien-online.de\/en\/wp-json\/wp\/v2\/pages"}],"about":[{"href":"https:\/\/www.dalmatien-online.de\/en\/wp-json\/wp\/v2\/types\/page"}],"author":[{"embeddable":true,"href":"https:\/\/www.dalmatien-online.de\/en\/wp-json\/wp\/v2\/users\/2"}],"replies":[{"embeddable":true,"href":"https:\/\/www.dalmatien-online.de\/en\/wp-json\/wp\/v2\/comments?post=1798"}],"version-history":[{"count":2,"href":"https:\/\/www.dalmatien-online.de\/en\/wp-json\/wp\/v2\/pages\/1798\/revisions"}],"predecessor-version":[{"id":1802,"href":"https:\/\/www.dalmatien-online.de\/en\/wp-json\/wp\/v2\/pages\/1798\/revisions\/1802"}],"wp:attachment":[{"href":"https:\/\/www.dalmatien-online.de\/en\/wp-json\/wp\/v2\/media?parent=1798"}],"wp:term":[{"taxonomy":"post_tag","embeddable":true,"href":"https:\/\/www.dalmatien-online.de\/en\/wp-json\/wp\/v2\/tags?post=1798"}],"curies":[{"name":"wp","href":"https:\/\/api.w.org\/{rel}","templated":true}]}}