{"id":1929,"date":"2020-06-11T10:43:54","date_gmt":"2020-06-11T09:43:54","guid":{"rendered":"https:\/\/www.dalmatien-online.de\/?page_id=1929"},"modified":"2020-06-11T10:43:55","modified_gmt":"2020-06-11T09:43:55","slug":"von-lastovo-zur-bucht-zace","status":"publish","type":"page","link":"https:\/\/www.dalmatien-online.de\/en\/von-lastovo-zur-bucht-zace\/","title":{"rendered":"Von Lastovo zur Bucht Zace"},"content":{"rendered":"<p>Eine sch\u00f6ne Tour von Lastovo zur Bucht Zace &#8211; durch alte Oliveng\u00e4rten und W\u00e4lder&#8230;<\/p>\n\n\n\n<hr class=\"wp-block-separator\"\/>\n\n\n\n<figure class=\"wp-block-image size-large\"><img loading=\"lazy\" decoding=\"async\" width=\"1024\" height=\"683\" src=\"https:\/\/www.dalmatien-online.de\/wp-content\/uploads\/2020\/06\/A-Lastovo-Sv-Nikola-Zace-2-1024x683.jpg\" alt=\"\" class=\"wp-image-608\" srcset=\"https:\/\/www.dalmatien-online.de\/wp-content\/uploads\/2020\/06\/A-Lastovo-Sv-Nikola-Zace-2-1024x683.jpg 1024w, https:\/\/www.dalmatien-online.de\/wp-content\/uploads\/2020\/06\/A-Lastovo-Sv-Nikola-Zace-2-300x200.jpg 300w, https:\/\/www.dalmatien-online.de\/wp-content\/uploads\/2020\/06\/A-Lastovo-Sv-Nikola-Zace-2-768x512.jpg 768w, https:\/\/www.dalmatien-online.de\/wp-content\/uploads\/2020\/06\/A-Lastovo-Sv-Nikola-Zace-2-250x167.jpg 250w, https:\/\/www.dalmatien-online.de\/wp-content\/uploads\/2020\/06\/A-Lastovo-Sv-Nikola-Zace-2-400x267.jpg 400w, https:\/\/www.dalmatien-online.de\/wp-content\/uploads\/2020\/06\/A-Lastovo-Sv-Nikola-Zace-2.jpg 1500w\" sizes=\"auto, (max-width: 1024px) 100vw, 1024px\" \/><\/figure>\n\n\n\n<figure class=\"wp-block-image size-large\"><img loading=\"lazy\" decoding=\"async\" width=\"1024\" height=\"683\" src=\"https:\/\/www.dalmatien-online.de\/wp-content\/uploads\/2020\/06\/A-Lastovo-Sv-Nikola-Zace-3-1024x683.jpg\" alt=\"\" class=\"wp-image-609\" srcset=\"https:\/\/www.dalmatien-online.de\/wp-content\/uploads\/2020\/06\/A-Lastovo-Sv-Nikola-Zace-3-1024x683.jpg 1024w, https:\/\/www.dalmatien-online.de\/wp-content\/uploads\/2020\/06\/A-Lastovo-Sv-Nikola-Zace-3-300x200.jpg 300w, https:\/\/www.dalmatien-online.de\/wp-content\/uploads\/2020\/06\/A-Lastovo-Sv-Nikola-Zace-3-768x512.jpg 768w, https:\/\/www.dalmatien-online.de\/wp-content\/uploads\/2020\/06\/A-Lastovo-Sv-Nikola-Zace-3-250x167.jpg 250w, https:\/\/www.dalmatien-online.de\/wp-content\/uploads\/2020\/06\/A-Lastovo-Sv-Nikola-Zace-3-400x267.jpg 400w, https:\/\/www.dalmatien-online.de\/wp-content\/uploads\/2020\/06\/A-Lastovo-Sv-Nikola-Zace-3.jpg 1500w\" sizes=\"auto, (max-width: 1024px) 100vw, 1024px\" \/><\/figure>\n\n\n\n<figure class=\"wp-block-image size-large\"><img loading=\"lazy\" decoding=\"async\" width=\"1024\" height=\"684\" src=\"https:\/\/www.dalmatien-online.de\/wp-content\/uploads\/2020\/06\/A-Lastovo-Sv-Nikola-Zace-4-1024x684.jpg\" alt=\"\" class=\"wp-image-610\" srcset=\"https:\/\/www.dalmatien-online.de\/wp-content\/uploads\/2020\/06\/A-Lastovo-Sv-Nikola-Zace-4-1024x684.jpg 1024w, https:\/\/www.dalmatien-online.de\/wp-content\/uploads\/2020\/06\/A-Lastovo-Sv-Nikola-Zace-4-300x200.jpg 300w, https:\/\/www.dalmatien-online.de\/wp-content\/uploads\/2020\/06\/A-Lastovo-Sv-Nikola-Zace-4-768x513.jpg 768w, https:\/\/www.dalmatien-online.de\/wp-content\/uploads\/2020\/06\/A-Lastovo-Sv-Nikola-Zace-4-1536x1026.jpg 1536w, https:\/\/www.dalmatien-online.de\/wp-content\/uploads\/2020\/06\/A-Lastovo-Sv-Nikola-Zace-4-250x167.jpg 250w, https:\/\/www.dalmatien-online.de\/wp-content\/uploads\/2020\/06\/A-Lastovo-Sv-Nikola-Zace-4-400x267.jpg 400w, https:\/\/www.dalmatien-online.de\/wp-content\/uploads\/2020\/06\/A-Lastovo-Sv-Nikola-Zace-4.jpg 1572w\" sizes=\"auto, (max-width: 1024px) 100vw, 1024px\" \/><\/figure>\n\n\n\n<figure class=\"wp-block-image size-large\"><img loading=\"lazy\" decoding=\"async\" width=\"683\" height=\"1024\" src=\"https:\/\/www.dalmatien-online.de\/wp-content\/uploads\/2020\/06\/A-Lastovo-Sv-Nikola-Zace-5-683x1024.jpg\" alt=\"\" class=\"wp-image-611\" srcset=\"https:\/\/www.dalmatien-online.de\/wp-content\/uploads\/2020\/06\/A-Lastovo-Sv-Nikola-Zace-5-683x1024.jpg 683w, https:\/\/www.dalmatien-online.de\/wp-content\/uploads\/2020\/06\/A-Lastovo-Sv-Nikola-Zace-5-200x300.jpg 200w, https:\/\/www.dalmatien-online.de\/wp-content\/uploads\/2020\/06\/A-Lastovo-Sv-Nikola-Zace-5-768x1152.jpg 768w, https:\/\/www.dalmatien-online.de\/wp-content\/uploads\/2020\/06\/A-Lastovo-Sv-Nikola-Zace-5-250x375.jpg 250w, https:\/\/www.dalmatien-online.de\/wp-content\/uploads\/2020\/06\/A-Lastovo-Sv-Nikola-Zace-5.jpg 1000w\" sizes=\"auto, (max-width: 683px) 100vw, 683px\" \/><figcaption>&#8230;vorbei an einer alten Kapelle&#8230;<\/figcaption><\/figure>\n\n\n\n<figure class=\"wp-block-image size-large\"><img loading=\"lazy\" decoding=\"async\" width=\"1024\" height=\"683\" src=\"https:\/\/www.dalmatien-online.de\/wp-content\/uploads\/2020\/06\/A-Lastovo-Sv-Nikola-Zace-6-1024x683.jpg\" alt=\"\" class=\"wp-image-612\" srcset=\"https:\/\/www.dalmatien-online.de\/wp-content\/uploads\/2020\/06\/A-Lastovo-Sv-Nikola-Zace-6-1024x683.jpg 1024w, https:\/\/www.dalmatien-online.de\/wp-content\/uploads\/2020\/06\/A-Lastovo-Sv-Nikola-Zace-6-300x200.jpg 300w, https:\/\/www.dalmatien-online.de\/wp-content\/uploads\/2020\/06\/A-Lastovo-Sv-Nikola-Zace-6-768x512.jpg 768w, https:\/\/www.dalmatien-online.de\/wp-content\/uploads\/2020\/06\/A-Lastovo-Sv-Nikola-Zace-6-250x167.jpg 250w, https:\/\/www.dalmatien-online.de\/wp-content\/uploads\/2020\/06\/A-Lastovo-Sv-Nikola-Zace-6-400x267.jpg 400w, https:\/\/www.dalmatien-online.de\/wp-content\/uploads\/2020\/06\/A-Lastovo-Sv-Nikola-Zace-6.jpg 1500w\" sizes=\"auto, (max-width: 1024px) 100vw, 1024px\" \/><\/figure>\n\n\n\n<figure class=\"wp-block-image size-large\"><img loading=\"lazy\" decoding=\"async\" width=\"1024\" height=\"693\" src=\"https:\/\/www.dalmatien-online.de\/wp-content\/uploads\/2020\/06\/A-Lastovo-Sv-Nikola-Zace-7-1024x693.jpg\" alt=\"\" class=\"wp-image-613\" srcset=\"https:\/\/www.dalmatien-online.de\/wp-content\/uploads\/2020\/06\/A-Lastovo-Sv-Nikola-Zace-7-1024x693.jpg 1024w, https:\/\/www.dalmatien-online.de\/wp-content\/uploads\/2020\/06\/A-Lastovo-Sv-Nikola-Zace-7-300x203.jpg 300w, https:\/\/www.dalmatien-online.de\/wp-content\/uploads\/2020\/06\/A-Lastovo-Sv-Nikola-Zace-7-768x520.jpg 768w, https:\/\/www.dalmatien-online.de\/wp-content\/uploads\/2020\/06\/A-Lastovo-Sv-Nikola-Zace-7-250x169.jpg 250w, https:\/\/www.dalmatien-online.de\/wp-content\/uploads\/2020\/06\/A-Lastovo-Sv-Nikola-Zace-7.jpg 1494w\" sizes=\"auto, (max-width: 1024px) 100vw, 1024px\" \/><\/figure>\n\n\n\n<figure class=\"wp-block-image size-large\"><img loading=\"lazy\" decoding=\"async\" width=\"1024\" height=\"683\" src=\"https:\/\/www.dalmatien-online.de\/wp-content\/uploads\/2020\/06\/A-Lastovo-Zace-1-1024x683.jpg\" alt=\"\" class=\"wp-image-614\" srcset=\"https:\/\/www.dalmatien-online.de\/wp-content\/uploads\/2020\/06\/A-Lastovo-Zace-1-1024x683.jpg 1024w, https:\/\/www.dalmatien-online.de\/wp-content\/uploads\/2020\/06\/A-Lastovo-Zace-1-300x200.jpg 300w, https:\/\/www.dalmatien-online.de\/wp-content\/uploads\/2020\/06\/A-Lastovo-Zace-1-768x512.jpg 768w, https:\/\/www.dalmatien-online.de\/wp-content\/uploads\/2020\/06\/A-Lastovo-Zace-1-250x167.jpg 250w, https:\/\/www.dalmatien-online.de\/wp-content\/uploads\/2020\/06\/A-Lastovo-Zace-1-400x267.jpg 400w, https:\/\/www.dalmatien-online.de\/wp-content\/uploads\/2020\/06\/A-Lastovo-Zace-1.jpg 1500w\" sizes=\"auto, (max-width: 1024px) 100vw, 1024px\" \/><\/figure>\n\n\n\n<figure class=\"wp-block-image size-large\"><img loading=\"lazy\" decoding=\"async\" width=\"1024\" height=\"683\" src=\"https:\/\/www.dalmatien-online.de\/wp-content\/uploads\/2020\/06\/A-Lastovo-Zace-2-1024x683.jpg\" alt=\"\" class=\"wp-image-615\" srcset=\"https:\/\/www.dalmatien-online.de\/wp-content\/uploads\/2020\/06\/A-Lastovo-Zace-2-1024x683.jpg 1024w, https:\/\/www.dalmatien-online.de\/wp-content\/uploads\/2020\/06\/A-Lastovo-Zace-2-300x200.jpg 300w, https:\/\/www.dalmatien-online.de\/wp-content\/uploads\/2020\/06\/A-Lastovo-Zace-2-768x512.jpg 768w, https:\/\/www.dalmatien-online.de\/wp-content\/uploads\/2020\/06\/A-Lastovo-Zace-2-250x167.jpg 250w, https:\/\/www.dalmatien-online.de\/wp-content\/uploads\/2020\/06\/A-Lastovo-Zace-2-400x267.jpg 400w, https:\/\/www.dalmatien-online.de\/wp-content\/uploads\/2020\/06\/A-Lastovo-Zace-2.jpg 1500w\" sizes=\"auto, (max-width: 1024px) 100vw, 1024px\" \/><\/figure>\n\n\n\n<figure class=\"wp-block-image size-large\"><img loading=\"lazy\" decoding=\"async\" width=\"1024\" height=\"683\" src=\"https:\/\/www.dalmatien-online.de\/wp-content\/uploads\/2020\/06\/A-Lastovo-Zace-3-1024x683.jpg\" alt=\"\" class=\"wp-image-616\" srcset=\"https:\/\/www.dalmatien-online.de\/wp-content\/uploads\/2020\/06\/A-Lastovo-Zace-3-1024x683.jpg 1024w, https:\/\/www.dalmatien-online.de\/wp-content\/uploads\/2020\/06\/A-Lastovo-Zace-3-300x200.jpg 300w, https:\/\/www.dalmatien-online.de\/wp-content\/uploads\/2020\/06\/A-Lastovo-Zace-3-768x512.jpg 768w, https:\/\/www.dalmatien-online.de\/wp-content\/uploads\/2020\/06\/A-Lastovo-Zace-3-250x167.jpg 250w, https:\/\/www.dalmatien-online.de\/wp-content\/uploads\/2020\/06\/A-Lastovo-Zace-3-400x267.jpg 400w, https:\/\/www.dalmatien-online.de\/wp-content\/uploads\/2020\/06\/A-Lastovo-Zace-3.jpg 1500w\" sizes=\"auto, (max-width: 1024px) 100vw, 1024px\" \/><\/figure>\n\n\n\n<figure class=\"wp-block-image size-large\"><img loading=\"lazy\" decoding=\"async\" width=\"1024\" height=\"683\" src=\"https:\/\/www.dalmatien-online.de\/wp-content\/uploads\/2020\/06\/A-Lastovo-Zace-5-1024x683.jpg\" alt=\"\" class=\"wp-image-617\" srcset=\"https:\/\/www.dalmatien-online.de\/wp-content\/uploads\/2020\/06\/A-Lastovo-Zace-5-1024x683.jpg 1024w, https:\/\/www.dalmatien-online.de\/wp-content\/uploads\/2020\/06\/A-Lastovo-Zace-5-300x200.jpg 300w, https:\/\/www.dalmatien-online.de\/wp-content\/uploads\/2020\/06\/A-Lastovo-Zace-5-768x512.jpg 768w, https:\/\/www.dalmatien-online.de\/wp-content\/uploads\/2020\/06\/A-Lastovo-Zace-5-250x167.jpg 250w, https:\/\/www.dalmatien-online.de\/wp-content\/uploads\/2020\/06\/A-Lastovo-Zace-5-400x267.jpg 400w, https:\/\/www.dalmatien-online.de\/wp-content\/uploads\/2020\/06\/A-Lastovo-Zace-5.jpg 1500w\" sizes=\"auto, (max-width: 1024px) 100vw, 1024px\" \/><\/figure>\n\n\n\n<figure class=\"wp-block-image size-large\"><img loading=\"lazy\" decoding=\"async\" width=\"1024\" height=\"697\" src=\"https:\/\/www.dalmatien-online.de\/wp-content\/uploads\/2020\/06\/A-Lastovo-Zace-leptir-2-1024x697.jpg\" alt=\"\" class=\"wp-image-618\" srcset=\"https:\/\/www.dalmatien-online.de\/wp-content\/uploads\/2020\/06\/A-Lastovo-Zace-leptir-2-1024x697.jpg 1024w, https:\/\/www.dalmatien-online.de\/wp-content\/uploads\/2020\/06\/A-Lastovo-Zace-leptir-2-300x204.jpg 300w, https:\/\/www.dalmatien-online.de\/wp-content\/uploads\/2020\/06\/A-Lastovo-Zace-leptir-2-768x523.jpg 768w, https:\/\/www.dalmatien-online.de\/wp-content\/uploads\/2020\/06\/A-Lastovo-Zace-leptir-2-250x170.jpg 250w, https:\/\/www.dalmatien-online.de\/wp-content\/uploads\/2020\/06\/A-Lastovo-Zace-leptir-2.jpg 1469w\" sizes=\"auto, (max-width: 1024px) 100vw, 1024px\" \/><\/figure>","protected":false},"excerpt":{"rendered":"<p>Eine sch\u00f6ne Tour von Lastovo zur Bucht Zace &#8211; durch alte Oliveng\u00e4rten und W\u00e4lder&#8230;<\/p>","protected":false},"author":2,"featured_media":0,"parent":0,"menu_order":0,"comment_status":"closed","ping_status":"closed","template":"","meta":{"footnotes":"","_links_to":"","_links_to_target":""},"tags":[],"class_list":["post-1929","page","type-page","status-publish","hentry"],"_links":{"self":[{"href":"https:\/\/www.dalmatien-online.de\/en\/wp-json\/wp\/v2\/pages\/1929","targetHints":{"allow":["GET"]}}],"collection":[{"href":"https:\/\/www.dalmatien-online.de\/en\/wp-json\/wp\/v2\/pages"}],"about":[{"href":"https:\/\/www.dalmatien-online.de\/en\/wp-json\/wp\/v2\/types\/page"}],"author":[{"embeddable":true,"href":"https:\/\/www.dalmatien-online.de\/en\/wp-json\/wp\/v2\/users\/2"}],"replies":[{"embeddable":true,"href":"https:\/\/www.dalmatien-online.de\/en\/wp-json\/wp\/v2\/comments?post=1929"}],"version-history":[{"count":1,"href":"https:\/\/www.dalmatien-online.de\/en\/wp-json\/wp\/v2\/pages\/1929\/revisions"}],"predecessor-version":[{"id":1930,"href":"https:\/\/www.dalmatien-online.de\/en\/wp-json\/wp\/v2\/pages\/1929\/revisions\/1930"}],"wp:attachment":[{"href":"https:\/\/www.dalmatien-online.de\/en\/wp-json\/wp\/v2\/media?parent=1929"}],"wp:term":[{"taxonomy":"post_tag","embeddable":true,"href":"https:\/\/www.dalmatien-online.de\/en\/wp-json\/wp\/v2\/tags?post=1929"}],"curies":[{"name":"wp","href":"https:\/\/api.w.org\/{rel}","templated":true}]}}