{"id":3317,"date":"2020-06-29T07:02:15","date_gmt":"2020-06-29T06:02:15","guid":{"rendered":"http:\/\/www.dalmatien-online.de\/?page_id=3317"},"modified":"2020-06-29T08:16:59","modified_gmt":"2020-06-29T07:16:59","slug":"matejuska","status":"publish","type":"page","link":"https:\/\/www.dalmatien-online.de\/en\/matejuska\/","title":{"rendered":"Mateju\u0161ka"},"content":{"rendered":"<figure class=\"wp-block-image size-large\"><img loading=\"lazy\" decoding=\"async\" width=\"1024\" height=\"239\" src=\"http:\/\/www.dalmatien-online.de\/wp-content\/uploads\/2020\/06\/0-D-O-Mateju\u0161ka-t-1024x239.jpg\" alt=\"\" class=\"wp-image-3326\" srcset=\"https:\/\/www.dalmatien-online.de\/wp-content\/uploads\/2020\/06\/0-D-O-Mateju\u0161ka-t-1024x239.jpg 1024w, https:\/\/www.dalmatien-online.de\/wp-content\/uploads\/2020\/06\/0-D-O-Mateju\u0161ka-t-300x70.jpg 300w, https:\/\/www.dalmatien-online.de\/wp-content\/uploads\/2020\/06\/0-D-O-Mateju\u0161ka-t-768x179.jpg 768w, https:\/\/www.dalmatien-online.de\/wp-content\/uploads\/2020\/06\/0-D-O-Mateju\u0161ka-t-250x58.jpg 250w, https:\/\/www.dalmatien-online.de\/wp-content\/uploads\/2020\/06\/0-D-O-Mateju\u0161ka-t.jpg 1440w\" sizes=\"auto, (max-width: 1024px) 100vw, 1024px\" \/><figcaption>Der kleine traditionelle Fischerhafen in Split mit seiner wundersch\u00f6nen von Palmen ges\u00e4umten Promenade ist seit Jahrhunderten Ausgangspunkt der Fischer von Viertel Varo\u0161. Er liegt im Nordwesten im Hafen von Split unweit der &#8222;Riva&#8220;. Von hier aus wurde und wird noch immer auf See gestartet um zu fischen.<\/figcaption><\/figure>\n\n\n\n<figure class=\"wp-block-image size-large\"><img loading=\"lazy\" decoding=\"async\" width=\"1024\" height=\"683\" src=\"https:\/\/www.dalmatien-online.de\/wp-content\/uploads\/2020\/06\/A-Split-141119-fr\u00fch-ma-1-1024x683.jpg\" alt=\"\" class=\"wp-image-3321\" srcset=\"https:\/\/www.dalmatien-online.de\/wp-content\/uploads\/2020\/06\/A-Split-141119-fr\u00fch-ma-1-1024x683.jpg 1024w, https:\/\/www.dalmatien-online.de\/wp-content\/uploads\/2020\/06\/A-Split-141119-fr\u00fch-ma-1-300x200.jpg 300w, https:\/\/www.dalmatien-online.de\/wp-content\/uploads\/2020\/06\/A-Split-141119-fr\u00fch-ma-1-768x512.jpg 768w, https:\/\/www.dalmatien-online.de\/wp-content\/uploads\/2020\/06\/A-Split-141119-fr\u00fch-ma-1-250x167.jpg 250w, https:\/\/www.dalmatien-online.de\/wp-content\/uploads\/2020\/06\/A-Split-141119-fr\u00fch-ma-1-400x267.jpg 400w, https:\/\/www.dalmatien-online.de\/wp-content\/uploads\/2020\/06\/A-Split-141119-fr\u00fch-ma-1.jpg 1500w\" sizes=\"auto, (max-width: 1024px) 100vw, 1024px\" \/><figcaption>Mateju\u0161ka ist auch beliebter Treffpunkt von Touristen und Einheimischen und nat\u00fcrlich der dort arbeitenden und lebenden Fischer. Hier wird ein Teil des Tagesfangs gegrillt, getrunken und in geseliger Runde gefeiert. <\/figcaption><\/figure>\n\n\n\n<figure class=\"wp-block-image size-large\"><img loading=\"lazy\" decoding=\"async\" width=\"1024\" height=\"683\" src=\"https:\/\/www.dalmatien-online.de\/wp-content\/uploads\/2020\/06\/A-Split-10-19-mi-3-1024x683.jpg\" alt=\"\" class=\"wp-image-3323\" srcset=\"https:\/\/www.dalmatien-online.de\/wp-content\/uploads\/2020\/06\/A-Split-10-19-mi-3-1024x683.jpg 1024w, https:\/\/www.dalmatien-online.de\/wp-content\/uploads\/2020\/06\/A-Split-10-19-mi-3-300x200.jpg 300w, https:\/\/www.dalmatien-online.de\/wp-content\/uploads\/2020\/06\/A-Split-10-19-mi-3-768x512.jpg 768w, https:\/\/www.dalmatien-online.de\/wp-content\/uploads\/2020\/06\/A-Split-10-19-mi-3-250x167.jpg 250w, https:\/\/www.dalmatien-online.de\/wp-content\/uploads\/2020\/06\/A-Split-10-19-mi-3-400x267.jpg 400w, https:\/\/www.dalmatien-online.de\/wp-content\/uploads\/2020\/06\/A-Split-10-19-mi-3.jpg 1500w\" sizes=\"auto, (max-width: 1024px) 100vw, 1024px\" \/><figcaption>Auf den B\u00e4nken unter den Palmen entlang der Fischerboote trifft man sich auf ein Schw\u00e4tzchen, ein Bierchen vom &#8222;Little Beer Shop&#8220; oder sitzt einfach entspannt da und genie\u00dft die Szenerie. Den ein oder anderen Abend sind wir schon dort h\u00e4ngengeblieben in geseliger Runde.<\/figcaption><\/figure>\n\n\n\n<figure class=\"wp-block-image size-large\"><img loading=\"lazy\" decoding=\"async\" width=\"1024\" height=\"691\" src=\"https:\/\/www.dalmatien-online.de\/wp-content\/uploads\/2020\/06\/A-251119-Brac-split-galebovi-1024x691.jpg\" alt=\"\" class=\"wp-image-3324\" srcset=\"https:\/\/www.dalmatien-online.de\/wp-content\/uploads\/2020\/06\/A-251119-Brac-split-galebovi-1024x691.jpg 1024w, https:\/\/www.dalmatien-online.de\/wp-content\/uploads\/2020\/06\/A-251119-Brac-split-galebovi-300x203.jpg 300w, https:\/\/www.dalmatien-online.de\/wp-content\/uploads\/2020\/06\/A-251119-Brac-split-galebovi-768x519.jpg 768w, https:\/\/www.dalmatien-online.de\/wp-content\/uploads\/2020\/06\/A-251119-Brac-split-galebovi-250x169.jpg 250w, https:\/\/www.dalmatien-online.de\/wp-content\/uploads\/2020\/06\/A-251119-Brac-split-galebovi.jpg 1481w\" sizes=\"auto, (max-width: 1024px) 100vw, 1024px\" \/><figcaption>Hier im kleinen Hafen lohnt sich ein Besuch schon wegen des Fotografierens. Tolle Aussichten auf die &#8222;Riva&#8220;, die Adria und das Viertel Varo\u0161 laden dazu ein, den Ausl\u00f6ser der Kamera einem Dauertest zu unterziehen.<\/figcaption><\/figure>\n\n\n\n<figure class=\"wp-block-image size-large\"><img loading=\"lazy\" decoding=\"async\" width=\"1024\" height=\"683\" src=\"https:\/\/www.dalmatien-online.de\/wp-content\/uploads\/2020\/06\/A-riva-18-w-1-3-1-1024x683.jpg\" alt=\"\" class=\"wp-image-3329\" srcset=\"https:\/\/www.dalmatien-online.de\/wp-content\/uploads\/2020\/06\/A-riva-18-w-1-3-1-1024x683.jpg 1024w, https:\/\/www.dalmatien-online.de\/wp-content\/uploads\/2020\/06\/A-riva-18-w-1-3-1-300x200.jpg 300w, https:\/\/www.dalmatien-online.de\/wp-content\/uploads\/2020\/06\/A-riva-18-w-1-3-1-768x512.jpg 768w, https:\/\/www.dalmatien-online.de\/wp-content\/uploads\/2020\/06\/A-riva-18-w-1-3-1-250x167.jpg 250w, https:\/\/www.dalmatien-online.de\/wp-content\/uploads\/2020\/06\/A-riva-18-w-1-3-1-400x267.jpg 400w, https:\/\/www.dalmatien-online.de\/wp-content\/uploads\/2020\/06\/A-riva-18-w-1-3-1.jpg 1440w\" sizes=\"auto, (max-width: 1024px) 100vw, 1024px\" \/><figcaption>Herrliche Blicke auf die H\u00e4uschen am Hang hinauf auf Marjan, zahlreiche interessante Perspektiven auf die Boote und allerlei<strong><a href=\"https:\/\/www.dalmatien-online.de\/en\/matejuska-tierische-begegnungen\/\" target=\"_blank\" rel=\"noreferrer noopener\"> tierische Begegnungen<\/a><\/strong> sind hier an der Tagesordnung.<\/figcaption><\/figure>\n\n\n\n<figure class=\"wp-block-image size-large\"><img loading=\"lazy\" decoding=\"async\" width=\"683\" height=\"1024\" src=\"https:\/\/www.dalmatien-online.de\/wp-content\/uploads\/2020\/06\/A-riva-18-w-1-4-683x1024.jpg\" alt=\"\" class=\"wp-image-3330\" srcset=\"https:\/\/www.dalmatien-online.de\/wp-content\/uploads\/2020\/06\/A-riva-18-w-1-4-683x1024.jpg 683w, https:\/\/www.dalmatien-online.de\/wp-content\/uploads\/2020\/06\/A-riva-18-w-1-4-200x300.jpg 200w, https:\/\/www.dalmatien-online.de\/wp-content\/uploads\/2020\/06\/A-riva-18-w-1-4-768x1152.jpg 768w, https:\/\/www.dalmatien-online.de\/wp-content\/uploads\/2020\/06\/A-riva-18-w-1-4-250x375.jpg 250w, https:\/\/www.dalmatien-online.de\/wp-content\/uploads\/2020\/06\/A-riva-18-w-1-4.jpg 1000w\" sizes=\"auto, (max-width: 683px) 100vw, 683px\" \/><figcaption><strong><a href=\"https:\/\/www.dalmatien-online.de\/en\/split\/\">BACK<\/a><\/strong><\/figcaption><\/figure>\n\n\n\n<p><\/p>\n\n\n\n<hr class=\"wp-block-separator\"\/>","protected":false},"excerpt":{"rendered":"","protected":false},"author":2,"featured_media":0,"parent":0,"menu_order":0,"comment_status":"closed","ping_status":"closed","template":"","meta":{"footnotes":"","_links_to":"","_links_to_target":""},"tags":[],"class_list":["post-3317","page","type-page","status-publish","hentry"],"_links":{"self":[{"href":"https:\/\/www.dalmatien-online.de\/en\/wp-json\/wp\/v2\/pages\/3317","targetHints":{"allow":["GET"]}}],"collection":[{"href":"https:\/\/www.dalmatien-online.de\/en\/wp-json\/wp\/v2\/pages"}],"about":[{"href":"https:\/\/www.dalmatien-online.de\/en\/wp-json\/wp\/v2\/types\/page"}],"author":[{"embeddable":true,"href":"https:\/\/www.dalmatien-online.de\/en\/wp-json\/wp\/v2\/users\/2"}],"replies":[{"embeddable":true,"href":"https:\/\/www.dalmatien-online.de\/en\/wp-json\/wp\/v2\/comments?post=3317"}],"version-history":[{"count":8,"href":"https:\/\/www.dalmatien-online.de\/en\/wp-json\/wp\/v2\/pages\/3317\/revisions"}],"predecessor-version":[{"id":3347,"href":"https:\/\/www.dalmatien-online.de\/en\/wp-json\/wp\/v2\/pages\/3317\/revisions\/3347"}],"wp:attachment":[{"href":"https:\/\/www.dalmatien-online.de\/en\/wp-json\/wp\/v2\/media?parent=3317"}],"wp:term":[{"taxonomy":"post_tag","embeddable":true,"href":"https:\/\/www.dalmatien-online.de\/en\/wp-json\/wp\/v2\/tags?post=3317"}],"curies":[{"name":"wp","href":"https:\/\/api.w.org\/{rel}","templated":true}]}}