{"id":451,"date":"2020-06-01T12:23:42","date_gmt":"2020-06-01T11:23:42","guid":{"rendered":"https:\/\/www.dalmatien-online.de\/?page_id=451"},"modified":"2020-06-26T09:16:39","modified_gmt":"2020-06-26T08:16:39","slug":"pucisca","status":"publish","type":"page","link":"https:\/\/www.dalmatien-online.de\/en\/pucisca\/","title":{"rendered":"Pu\u010di\u0161\u0107a"},"content":{"rendered":"<figure class=\"wp-block-image size-large\"><img loading=\"lazy\" decoding=\"async\" width=\"918\" height=\"219\" src=\"https:\/\/www.dalmatien-online.de\/wp-content\/uploads\/2020\/06\/0-D-O-Pu\u010di\u0161\u0107a-t.jpg\" alt=\"\" class=\"wp-image-3135\" srcset=\"https:\/\/www.dalmatien-online.de\/wp-content\/uploads\/2020\/06\/0-D-O-Pu\u010di\u0161\u0107a-t.jpg 918w, https:\/\/www.dalmatien-online.de\/wp-content\/uploads\/2020\/06\/0-D-O-Pu\u010di\u0161\u0107a-t-300x72.jpg 300w, https:\/\/www.dalmatien-online.de\/wp-content\/uploads\/2020\/06\/0-D-O-Pu\u010di\u0161\u0107a-t-768x183.jpg 768w, https:\/\/www.dalmatien-online.de\/wp-content\/uploads\/2020\/06\/0-D-O-Pu\u010di\u0161\u0107a-t-250x60.jpg 250w\" sizes=\"auto, (max-width: 918px) 100vw, 918px\" \/><\/figure>\n\n\n\n<figure class=\"wp-block-image size-large\"><img loading=\"lazy\" decoding=\"async\" width=\"918\" height=\"620\" src=\"https:\/\/www.dalmatien-online.de\/wp-content\/uploads\/2020\/06\/0-a-Pucisca-klein.jpg\" alt=\"\" class=\"wp-image-794\" srcset=\"https:\/\/www.dalmatien-online.de\/wp-content\/uploads\/2020\/06\/0-a-Pucisca-klein.jpg 918w, https:\/\/www.dalmatien-online.de\/wp-content\/uploads\/2020\/06\/0-a-Pucisca-klein-300x203.jpg 300w, https:\/\/www.dalmatien-online.de\/wp-content\/uploads\/2020\/06\/0-a-Pucisca-klein-768x519.jpg 768w, https:\/\/www.dalmatien-online.de\/wp-content\/uploads\/2020\/06\/0-a-Pucisca-klein-250x169.jpg 250w\" sizes=\"auto, (max-width: 918px) 100vw, 918px\" \/><\/figure>\n\n\n\n<hr class=\"wp-block-separator\"\/>\n\n\n\n<figure class=\"wp-block-image size-large\"><img loading=\"lazy\" decoding=\"async\" width=\"1024\" height=\"670\" src=\"https:\/\/www.dalmatien-online.de\/wp-content\/uploads\/2020\/06\/0A-Pu\u010di\u0161\u0107a-Bra\u010d-2-1024x670.jpg\" alt=\"\" class=\"wp-image-796\" srcset=\"https:\/\/www.dalmatien-online.de\/wp-content\/uploads\/2020\/06\/0A-Pu\u010di\u0161\u0107a-Bra\u010d-2-1024x670.jpg 1024w, https:\/\/www.dalmatien-online.de\/wp-content\/uploads\/2020\/06\/0A-Pu\u010di\u0161\u0107a-Bra\u010d-2-300x196.jpg 300w, https:\/\/www.dalmatien-online.de\/wp-content\/uploads\/2020\/06\/0A-Pu\u010di\u0161\u0107a-Bra\u010d-2-768x502.jpg 768w, https:\/\/www.dalmatien-online.de\/wp-content\/uploads\/2020\/06\/0A-Pu\u010di\u0161\u0107a-Bra\u010d-2-250x163.jpg 250w, https:\/\/www.dalmatien-online.de\/wp-content\/uploads\/2020\/06\/0A-Pu\u010di\u0161\u0107a-Bra\u010d-2.jpg 1445w\" sizes=\"auto, (max-width: 1024px) 100vw, 1024px\" \/><\/figure>\n\n\n\n<figure class=\"wp-block-image size-large\"><img loading=\"lazy\" decoding=\"async\" width=\"674\" height=\"1024\" src=\"https:\/\/www.dalmatien-online.de\/wp-content\/uploads\/2020\/06\/0A-Pu\u010di\u0161\u0107a-Steinmetzschule-12-674x1024.jpg\" alt=\"\" class=\"wp-image-797\" srcset=\"https:\/\/www.dalmatien-online.de\/wp-content\/uploads\/2020\/06\/0A-Pu\u010di\u0161\u0107a-Steinmetzschule-12-674x1024.jpg 674w, https:\/\/www.dalmatien-online.de\/wp-content\/uploads\/2020\/06\/0A-Pu\u010di\u0161\u0107a-Steinmetzschule-12-197x300.jpg 197w, https:\/\/www.dalmatien-online.de\/wp-content\/uploads\/2020\/06\/0A-Pu\u010di\u0161\u0107a-Steinmetzschule-12-768x1167.jpg 768w, https:\/\/www.dalmatien-online.de\/wp-content\/uploads\/2020\/06\/0A-Pu\u010di\u0161\u0107a-Steinmetzschule-12-250x380.jpg 250w, https:\/\/www.dalmatien-online.de\/wp-content\/uploads\/2020\/06\/0A-Pu\u010di\u0161\u0107a-Steinmetzschule-12.jpg 947w\" sizes=\"auto, (max-width: 674px) 100vw, 674px\" \/><\/figure>\n\n\n\n<figure class=\"wp-block-image size-large\"><img loading=\"lazy\" decoding=\"async\" width=\"1024\" height=\"672\" src=\"https:\/\/www.dalmatien-online.de\/wp-content\/uploads\/2020\/06\/0APu\u010di\u0161\u0107a-Steinbruch-Steinmetzschule-13-1024x672.jpg\" alt=\"\" class=\"wp-image-798\" srcset=\"https:\/\/www.dalmatien-online.de\/wp-content\/uploads\/2020\/06\/0APu\u010di\u0161\u0107a-Steinbruch-Steinmetzschule-13-1024x672.jpg 1024w, https:\/\/www.dalmatien-online.de\/wp-content\/uploads\/2020\/06\/0APu\u010di\u0161\u0107a-Steinbruch-Steinmetzschule-13-300x197.jpg 300w, https:\/\/www.dalmatien-online.de\/wp-content\/uploads\/2020\/06\/0APu\u010di\u0161\u0107a-Steinbruch-Steinmetzschule-13-768x504.jpg 768w, https:\/\/www.dalmatien-online.de\/wp-content\/uploads\/2020\/06\/0APu\u010di\u0161\u0107a-Steinbruch-Steinmetzschule-13-250x164.jpg 250w, https:\/\/www.dalmatien-online.de\/wp-content\/uploads\/2020\/06\/0APu\u010di\u0161\u0107a-Steinbruch-Steinmetzschule-13.jpg 1413w\" sizes=\"auto, (max-width: 1024px) 100vw, 1024px\" \/><\/figure>\n\n\n\n<figure class=\"wp-block-image size-large\"><img loading=\"lazy\" decoding=\"async\" width=\"687\" height=\"1024\" src=\"https:\/\/www.dalmatien-online.de\/wp-content\/uploads\/2020\/06\/0A-Pu\u010di\u0161\u0107a-Steinmetzschule-5-687x1024.jpg\" alt=\"\" class=\"wp-image-799\" srcset=\"https:\/\/www.dalmatien-online.de\/wp-content\/uploads\/2020\/06\/0A-Pu\u010di\u0161\u0107a-Steinmetzschule-5-687x1024.jpg 687w, https:\/\/www.dalmatien-online.de\/wp-content\/uploads\/2020\/06\/0A-Pu\u010di\u0161\u0107a-Steinmetzschule-5-201x300.jpg 201w, https:\/\/www.dalmatien-online.de\/wp-content\/uploads\/2020\/06\/0A-Pu\u010di\u0161\u0107a-Steinmetzschule-5-768x1145.jpg 768w, https:\/\/www.dalmatien-online.de\/wp-content\/uploads\/2020\/06\/0A-Pu\u010di\u0161\u0107a-Steinmetzschule-5-250x373.jpg 250w, https:\/\/www.dalmatien-online.de\/wp-content\/uploads\/2020\/06\/0A-Pu\u010di\u0161\u0107a-Steinmetzschule-5.jpg 987w\" sizes=\"auto, (max-width: 687px) 100vw, 687px\" \/><figcaption><strong><a href=\"https:\/\/www.dalmatien-online.de\/en\/brac\/\">BACK<\/a><\/strong><\/figcaption><\/figure>","protected":false},"excerpt":{"rendered":"","protected":false},"author":2,"featured_media":0,"parent":0,"menu_order":0,"comment_status":"closed","ping_status":"closed","template":"","meta":{"footnotes":"","_links_to":"","_links_to_target":""},"tags":[],"class_list":["post-451","page","type-page","status-publish","hentry"],"_links":{"self":[{"href":"https:\/\/www.dalmatien-online.de\/en\/wp-json\/wp\/v2\/pages\/451","targetHints":{"allow":["GET"]}}],"collection":[{"href":"https:\/\/www.dalmatien-online.de\/en\/wp-json\/wp\/v2\/pages"}],"about":[{"href":"https:\/\/www.dalmatien-online.de\/en\/wp-json\/wp\/v2\/types\/page"}],"author":[{"embeddable":true,"href":"https:\/\/www.dalmatien-online.de\/en\/wp-json\/wp\/v2\/users\/2"}],"replies":[{"embeddable":true,"href":"https:\/\/www.dalmatien-online.de\/en\/wp-json\/wp\/v2\/comments?post=451"}],"version-history":[{"count":4,"href":"https:\/\/www.dalmatien-online.de\/en\/wp-json\/wp\/v2\/pages\/451\/revisions"}],"predecessor-version":[{"id":3136,"href":"https:\/\/www.dalmatien-online.de\/en\/wp-json\/wp\/v2\/pages\/451\/revisions\/3136"}],"wp:attachment":[{"href":"https:\/\/www.dalmatien-online.de\/en\/wp-json\/wp\/v2\/media?parent=451"}],"wp:term":[{"taxonomy":"post_tag","embeddable":true,"href":"https:\/\/www.dalmatien-online.de\/en\/wp-json\/wp\/v2\/tags?post=451"}],"curies":[{"name":"wp","href":"https:\/\/api.w.org\/{rel}","templated":true}]}}