{"id":620,"date":"2020-06-02T09:01:16","date_gmt":"2020-06-02T08:01:16","guid":{"rendered":"https:\/\/www.dalmatien-online.de\/?page_id=620"},"modified":"2020-06-24T05:17:37","modified_gmt":"2020-06-24T04:17:37","slug":"makarska","status":"publish","type":"page","link":"https:\/\/www.dalmatien-online.de\/en\/makarska\/","title":{"rendered":"Makarska Riviera"},"content":{"rendered":"<figure class=\"wp-block-image size-large\"><img loading=\"lazy\" decoding=\"async\" width=\"1024\" height=\"255\" src=\"https:\/\/www.dalmatien-online.de\/wp-content\/uploads\/2020\/06\/0-Makarska-R-D-O-t-1024x255.jpg\" alt=\"\" class=\"wp-image-2931\" srcset=\"https:\/\/www.dalmatien-online.de\/wp-content\/uploads\/2020\/06\/0-Makarska-R-D-O-t-1024x255.jpg 1024w, https:\/\/www.dalmatien-online.de\/wp-content\/uploads\/2020\/06\/0-Makarska-R-D-O-t-300x75.jpg 300w, https:\/\/www.dalmatien-online.de\/wp-content\/uploads\/2020\/06\/0-Makarska-R-D-O-t-768x191.jpg 768w, https:\/\/www.dalmatien-online.de\/wp-content\/uploads\/2020\/06\/0-Makarska-R-D-O-t-250x62.jpg 250w, https:\/\/www.dalmatien-online.de\/wp-content\/uploads\/2020\/06\/0-Makarska-R-D-O-t.jpg 1500w\" sizes=\"auto, (max-width: 1024px) 100vw, 1024px\" \/><figcaption>The Makarska Riviera is a 45-50 km long strip along the Adriatic Road (Jadranska magistrala) with numerous towns and bays and is limited on the land side by the massif of the Biokovo Mountains. Lined up on a string of pearls are towns like <strong><a rel=\"noreferrer noopener\" href=\"https:\/\/www.dalmatien-online.de\/en\/brela\/\" target=\"_blank\">Brela<\/a><\/strong>, <strong><a rel=\"noreferrer noopener\" href=\"https:\/\/www.dalmatien-online.de\/en\/baska-voda\/\" target=\"_blank\">Ba\u0161ka Voda<\/a><\/strong>, <strong><a rel=\"noreferrer noopener\" href=\"https:\/\/www.dalmatien-online.de\/en\/bratus\/\" target=\"_blank\">Bratu\u0161<\/a><\/strong>, Promajna, Tu\u010depi, Drvenik and <strong><a rel=\"noreferrer noopener\" href=\"https:\/\/www.dalmatien-online.de\/en\/gradac\/\" target=\"_blank\">Gradac<\/a><\/strong> to name a few. It is very popular, be it package tourists, bathers or individual tourists, or with the weary party people in midsummer, such as on the Makarska hotel page, which is also due to the very good water quality of the beaches. There are many with a blue flag. From relaxation to partying - something for everyone.<\/figcaption><\/figure>\n\n\n\n<figure class=\"wp-block-image size-large\"><img loading=\"lazy\" decoding=\"async\" width=\"1024\" height=\"675\" src=\"https:\/\/www.dalmatien-online.de\/wp-content\/uploads\/2020\/06\/A-Makarska-3-1024x675.jpg\" alt=\"\" class=\"wp-image-2349\" srcset=\"https:\/\/www.dalmatien-online.de\/wp-content\/uploads\/2020\/06\/A-Makarska-3-1024x675.jpg 1024w, https:\/\/www.dalmatien-online.de\/wp-content\/uploads\/2020\/06\/A-Makarska-3-300x198.jpg 300w, https:\/\/www.dalmatien-online.de\/wp-content\/uploads\/2020\/06\/A-Makarska-3-768x506.jpg 768w, https:\/\/www.dalmatien-online.de\/wp-content\/uploads\/2020\/06\/A-Makarska-3-250x165.jpg 250w, https:\/\/www.dalmatien-online.de\/wp-content\/uploads\/2020\/06\/A-Makarska-3.jpg 1401w\" sizes=\"auto, (max-width: 1024px) 100vw, 1024px\" \/><\/figure>\n\n\n\n<p> The best way to get to the Makarska Riviera is via <strong><a rel=\"noreferrer noopener\" href=\"http:\/\/www.split-airport.hr\/index.php?lang=en\" target=\"_blank\">Ka\u0161tela Airport near Split<\/a><\/strong>, you want to protect the environment with <strong><a rel=\"noreferrer noopener\" href=\"https:\/\/getbybus.com\/en\/?gclid=EAIaIQobChMIw9CWj5-G6gIVEcayCh1Y4gLjEAAYASAAEgIfCPD_BwE\" target=\"_blank\">Long-distance bus<\/a><\/strong>. The bigger villages along the coast are served by most lines, the smaller ones are good from <strong><a rel=\"noreferrer noopener\" href=\"http:\/\/www.autobusni-kolodvor.com\/en\/makarska_16_11.aspx\" target=\"_blank\">Bus station in Makarska<\/a><\/strong> to reach.<\/p>\n\n\n\n<p>The port city of Makarska located at the foot of the Biokovo Mountains is a wonderful starting point for <strong><a rel=\"noreferrer noopener\" href=\"https:\/\/www.dalmatien-online.de\/en\/biokovo\/\" target=\"_blank\">Hiking and mountain tours in the mountain range<\/a><\/strong>. I feel Makarska as a city with two hearts in its chest. On the one hand there is the \"newer city\" with its <strong><a rel=\"noreferrer noopener\" href=\"https:\/\/www.dalmatien-online.de\/en\/der-stadtstrand-makarskas\/\" target=\"_blank\">extensive city beach<\/a><\/strong>, the big hotels and the hustle and bustle and on the other <strong><a rel=\"noreferrer noopener\" href=\"https:\/\/www.dalmatien-online.de\/en\/die-altstadt-von-makarska\/\" target=\"_blank\">the old town<\/a><\/strong> with the small port and the subsequent <strong><a rel=\"noreferrer noopener\" href=\"https:\/\/www.dalmatien-online.de\/en\/der-waldpark-sveti-petar-makarska\/\" target=\"_blank\">Forest parks \"Sveti Petar\"<\/a><\/strong> and the <strong><a rel=\"noreferrer noopener\" href=\"https:\/\/www.dalmatien-online.de\/en\/der-waldpark-osejava-makarska\/\" target=\"_blank\">Forest park \"Osejava\"<\/a><\/strong>that frame the harbor entrance on the coast. The mountains in the back are the gateway to the <strong><a rel=\"noreferrer noopener\" href=\"https:\/\/pp-biokovo.hr\/en\/20\/home\" target=\"_blank\">Biokovo wilderness<\/a><\/strong> with its highest elevation, the \"Sveti Jure\" with 1762 meters. Makarska is also a good starting point for trips to the hinterland or to the island of Bra\u010d <strong><a rel=\"noreferrer noopener\" href=\"https:\/\/www.jadrolinija.hr\/hr\/schedule\/LineSearchResults\/Index\/2331758\/2331797\/17062020\" target=\"_blank\">Ferry routes<\/a><\/strong> several times a day to Sumartin from the port.<\/p>\n\n\n\n<figure class=\"wp-block-image size-large\"><img loading=\"lazy\" decoding=\"async\" width=\"1024\" height=\"683\" src=\"https:\/\/www.dalmatien-online.de\/wp-content\/uploads\/2020\/06\/A-Makarska-Di-10-19-3-4-1024x683.jpg\" alt=\"\" class=\"wp-image-653\" srcset=\"https:\/\/www.dalmatien-online.de\/wp-content\/uploads\/2020\/06\/A-Makarska-Di-10-19-3-4-1024x683.jpg 1024w, https:\/\/www.dalmatien-online.de\/wp-content\/uploads\/2020\/06\/A-Makarska-Di-10-19-3-4-300x200.jpg 300w, https:\/\/www.dalmatien-online.de\/wp-content\/uploads\/2020\/06\/A-Makarska-Di-10-19-3-4-768x512.jpg 768w, https:\/\/www.dalmatien-online.de\/wp-content\/uploads\/2020\/06\/A-Makarska-Di-10-19-3-4-250x167.jpg 250w, https:\/\/www.dalmatien-online.de\/wp-content\/uploads\/2020\/06\/A-Makarska-Di-10-19-3-4-400x267.jpg 400w, https:\/\/www.dalmatien-online.de\/wp-content\/uploads\/2020\/06\/A-Makarska-Di-10-19-3-4.jpg 1500w\" sizes=\"auto, (max-width: 1024px) 100vw, 1024px\" \/><\/figure>\n\n\n\n<figure class=\"wp-block-image size-large\"><img loading=\"lazy\" decoding=\"async\" width=\"1024\" height=\"683\" src=\"https:\/\/www.dalmatien-online.de\/wp-content\/uploads\/2020\/06\/A-Makarska-10-19-fr\u00fch-1-1024x683.jpg\" alt=\"\" class=\"wp-image-654\" srcset=\"https:\/\/www.dalmatien-online.de\/wp-content\/uploads\/2020\/06\/A-Makarska-10-19-fr\u00fch-1-1024x683.jpg 1024w, https:\/\/www.dalmatien-online.de\/wp-content\/uploads\/2020\/06\/A-Makarska-10-19-fr\u00fch-1-300x200.jpg 300w, https:\/\/www.dalmatien-online.de\/wp-content\/uploads\/2020\/06\/A-Makarska-10-19-fr\u00fch-1-768x512.jpg 768w, https:\/\/www.dalmatien-online.de\/wp-content\/uploads\/2020\/06\/A-Makarska-10-19-fr\u00fch-1-250x167.jpg 250w, https:\/\/www.dalmatien-online.de\/wp-content\/uploads\/2020\/06\/A-Makarska-10-19-fr\u00fch-1-400x267.jpg 400w, https:\/\/www.dalmatien-online.de\/wp-content\/uploads\/2020\/06\/A-Makarska-10-19-fr\u00fch-1.jpg 1500w\" sizes=\"auto, (max-width: 1024px) 100vw, 1024px\" \/><\/figure>\n\n\n\n<figure class=\"wp-block-image size-large\"><img loading=\"lazy\" decoding=\"async\" width=\"1024\" height=\"683\" src=\"https:\/\/www.dalmatien-online.de\/wp-content\/uploads\/2020\/06\/A-Makarska-Fr-NaMittag-7-1024x683.jpg\" alt=\"\" class=\"wp-image-659\" srcset=\"https:\/\/www.dalmatien-online.de\/wp-content\/uploads\/2020\/06\/A-Makarska-Fr-NaMittag-7-1024x683.jpg 1024w, https:\/\/www.dalmatien-online.de\/wp-content\/uploads\/2020\/06\/A-Makarska-Fr-NaMittag-7-300x200.jpg 300w, https:\/\/www.dalmatien-online.de\/wp-content\/uploads\/2020\/06\/A-Makarska-Fr-NaMittag-7-768x512.jpg 768w, https:\/\/www.dalmatien-online.de\/wp-content\/uploads\/2020\/06\/A-Makarska-Fr-NaMittag-7-250x167.jpg 250w, https:\/\/www.dalmatien-online.de\/wp-content\/uploads\/2020\/06\/A-Makarska-Fr-NaMittag-7-400x267.jpg 400w, https:\/\/www.dalmatien-online.de\/wp-content\/uploads\/2020\/06\/A-Makarska-Fr-NaMittag-7.jpg 1500w\" sizes=\"auto, (max-width: 1024px) 100vw, 1024px\" \/><\/figure>\n\n\n\n<hr class=\"wp-block-separator\"\/>\n\n\n\n<figure class=\"wp-block-image size-large\"><img loading=\"lazy\" decoding=\"async\" width=\"1024\" height=\"683\" src=\"https:\/\/www.dalmatien-online.de\/wp-content\/uploads\/2020\/06\/A-Makarska-Di-7-1024x683.jpg\" alt=\"\" class=\"wp-image-657\" srcset=\"https:\/\/www.dalmatien-online.de\/wp-content\/uploads\/2020\/06\/A-Makarska-Di-7-1024x683.jpg 1024w, https:\/\/www.dalmatien-online.de\/wp-content\/uploads\/2020\/06\/A-Makarska-Di-7-300x200.jpg 300w, https:\/\/www.dalmatien-online.de\/wp-content\/uploads\/2020\/06\/A-Makarska-Di-7-768x512.jpg 768w, https:\/\/www.dalmatien-online.de\/wp-content\/uploads\/2020\/06\/A-Makarska-Di-7-250x167.jpg 250w, https:\/\/www.dalmatien-online.de\/wp-content\/uploads\/2020\/06\/A-Makarska-Di-7-400x267.jpg 400w, https:\/\/www.dalmatien-online.de\/wp-content\/uploads\/2020\/06\/A-Makarska-Di-7.jpg 1500w\" sizes=\"auto, (max-width: 1024px) 100vw, 1024px\" \/><\/figure>\n\n\n\n<figure class=\"wp-block-image size-large\"><img loading=\"lazy\" decoding=\"async\" width=\"1024\" height=\"683\" src=\"https:\/\/www.dalmatien-online.de\/wp-content\/uploads\/2020\/06\/A-makarska-z-dan-18-3-1024x683.jpg\" alt=\"\" class=\"wp-image-658\" srcset=\"https:\/\/www.dalmatien-online.de\/wp-content\/uploads\/2020\/06\/A-makarska-z-dan-18-3-1024x683.jpg 1024w, https:\/\/www.dalmatien-online.de\/wp-content\/uploads\/2020\/06\/A-makarska-z-dan-18-3-300x200.jpg 300w, https:\/\/www.dalmatien-online.de\/wp-content\/uploads\/2020\/06\/A-makarska-z-dan-18-3-768x512.jpg 768w, https:\/\/www.dalmatien-online.de\/wp-content\/uploads\/2020\/06\/A-makarska-z-dan-18-3-250x167.jpg 250w, https:\/\/www.dalmatien-online.de\/wp-content\/uploads\/2020\/06\/A-makarska-z-dan-18-3-400x267.jpg 400w, https:\/\/www.dalmatien-online.de\/wp-content\/uploads\/2020\/06\/A-makarska-z-dan-18-3.jpg 1500w\" sizes=\"auto, (max-width: 1024px) 100vw, 1024px\" \/><\/figure>\n\n\n\n<figure class=\"wp-block-image size-large\"><img loading=\"lazy\" decoding=\"async\" width=\"683\" height=\"1024\" src=\"https:\/\/www.dalmatien-online.de\/wp-content\/uploads\/2020\/06\/A-Makarska-Fr-fr\u00fch-2016-9-683x1024.jpg\" alt=\"\" class=\"wp-image-660\" srcset=\"https:\/\/www.dalmatien-online.de\/wp-content\/uploads\/2020\/06\/A-Makarska-Fr-fr\u00fch-2016-9-683x1024.jpg 683w, https:\/\/www.dalmatien-online.de\/wp-content\/uploads\/2020\/06\/A-Makarska-Fr-fr\u00fch-2016-9-200x300.jpg 200w, https:\/\/www.dalmatien-online.de\/wp-content\/uploads\/2020\/06\/A-Makarska-Fr-fr\u00fch-2016-9-768x1152.jpg 768w, https:\/\/www.dalmatien-online.de\/wp-content\/uploads\/2020\/06\/A-Makarska-Fr-fr\u00fch-2016-9-250x375.jpg 250w, https:\/\/www.dalmatien-online.de\/wp-content\/uploads\/2020\/06\/A-Makarska-Fr-fr\u00fch-2016-9.jpg 1000w\" sizes=\"auto, (max-width: 683px) 100vw, 683px\" \/><\/figure>\n\n\n\n<figure class=\"wp-block-image size-large\"><img loading=\"lazy\" decoding=\"async\" width=\"1024\" height=\"690\" src=\"https:\/\/www.dalmatien-online.de\/wp-content\/uploads\/2020\/06\/A-Makarska-Di-10-19-3-5-1024x690.jpg\" alt=\"\" class=\"wp-image-661\" srcset=\"https:\/\/www.dalmatien-online.de\/wp-content\/uploads\/2020\/06\/A-Makarska-Di-10-19-3-5-1024x690.jpg 1024w, https:\/\/www.dalmatien-online.de\/wp-content\/uploads\/2020\/06\/A-Makarska-Di-10-19-3-5-300x202.jpg 300w, https:\/\/www.dalmatien-online.de\/wp-content\/uploads\/2020\/06\/A-Makarska-Di-10-19-3-5-768x517.jpg 768w, https:\/\/www.dalmatien-online.de\/wp-content\/uploads\/2020\/06\/A-Makarska-Di-10-19-3-5-250x168.jpg 250w, https:\/\/www.dalmatien-online.de\/wp-content\/uploads\/2020\/06\/A-Makarska-Di-10-19-3-5.jpg 1492w\" sizes=\"auto, (max-width: 1024px) 100vw, 1024px\" \/><\/figure>","protected":false},"excerpt":{"rendered":"<p>Die Anreise an die Makarska Riviera ist am sinnvollsten \u00fcber den Flughafen Ka\u0161tela bei Split, will man die Umwelt schonen mit Fernbus. Die gr\u00f6\u00dferen St\u00e4dtchen entlang der K\u00fcste werden von <a class=\"more-link\" href=\"https:\/\/www.dalmatien-online.de\/en\/makarska\/\">weiterlesen&#8230;<\/a><\/p>","protected":false},"author":2,"featured_media":0,"parent":0,"menu_order":0,"comment_status":"closed","ping_status":"closed","template":"","meta":{"footnotes":"","_links_to":"","_links_to_target":""},"tags":[],"class_list":["post-620","page","type-page","status-publish","hentry"],"_links":{"self":[{"href":"https:\/\/www.dalmatien-online.de\/en\/wp-json\/wp\/v2\/pages\/620","targetHints":{"allow":["GET"]}}],"collection":[{"href":"https:\/\/www.dalmatien-online.de\/en\/wp-json\/wp\/v2\/pages"}],"about":[{"href":"https:\/\/www.dalmatien-online.de\/en\/wp-json\/wp\/v2\/types\/page"}],"author":[{"embeddable":true,"href":"https:\/\/www.dalmatien-online.de\/en\/wp-json\/wp\/v2\/users\/2"}],"replies":[{"embeddable":true,"href":"https:\/\/www.dalmatien-online.de\/en\/wp-json\/wp\/v2\/comments?post=620"}],"version-history":[{"count":22,"href":"https:\/\/www.dalmatien-online.de\/en\/wp-json\/wp\/v2\/pages\/620\/revisions"}],"predecessor-version":[{"id":2932,"href":"https:\/\/www.dalmatien-online.de\/en\/wp-json\/wp\/v2\/pages\/620\/revisions\/2932"}],"wp:attachment":[{"href":"https:\/\/www.dalmatien-online.de\/en\/wp-json\/wp\/v2\/media?parent=620"}],"wp:term":[{"taxonomy":"post_tag","embeddable":true,"href":"https:\/\/www.dalmatien-online.de\/en\/wp-json\/wp\/v2\/tags?post=620"}],"curies":[{"name":"wp","href":"https:\/\/api.w.org\/{rel}","templated":true}]}}