{"id":685,"date":"2020-06-02T09:56:48","date_gmt":"2020-06-02T08:56:48","guid":{"rendered":"https:\/\/www.dalmatien-online.de\/?page_id=685"},"modified":"2020-06-05T14:12:16","modified_gmt":"2020-06-05T13:12:16","slug":"barilo-pivovara","status":"publish","type":"page","link":"https:\/\/www.dalmatien-online.de\/en\/barilo-pivovara\/","title":{"rendered":"&#8222;BARILO&#8220; pivovara"},"content":{"rendered":"<p>... the small, fine craft brewery <a href=\"https:\/\/www.pivovarabarilo.hr\/\">&#8222;PIVOVARA BARILO&#8220;<\/a> in Dugi Rat near Omi\u0161 is the place of work of Tomislav Raos and his wife Klara. In addition to their excellent, delicious beers, you will feel right at home there thanks to the genuine warm hospitality of the two - definitely a must for every beer lover. <\/p>\n\n\n\n<hr class=\"wp-block-separator\"\/>\n\n\n\n<figure class=\"wp-block-image size-large\"><img loading=\"lazy\" decoding=\"async\" width=\"683\" height=\"1024\" src=\"https:\/\/www.dalmatien-online.de\/wp-content\/uploads\/2020\/06\/A-Barilo-6-683x1024.jpg\" alt=\"\" class=\"wp-image-821\" srcset=\"https:\/\/www.dalmatien-online.de\/wp-content\/uploads\/2020\/06\/A-Barilo-6-683x1024.jpg 683w, https:\/\/www.dalmatien-online.de\/wp-content\/uploads\/2020\/06\/A-Barilo-6-200x300.jpg 200w, https:\/\/www.dalmatien-online.de\/wp-content\/uploads\/2020\/06\/A-Barilo-6-768x1152.jpg 768w, https:\/\/www.dalmatien-online.de\/wp-content\/uploads\/2020\/06\/A-Barilo-6-250x375.jpg 250w, https:\/\/www.dalmatien-online.de\/wp-content\/uploads\/2020\/06\/A-Barilo-6.jpg 1000w\" sizes=\"auto, (max-width: 683px) 100vw, 683px\" \/><\/figure>\n\n\n\n<figure class=\"wp-block-image size-large\"><img loading=\"lazy\" decoding=\"async\" width=\"683\" height=\"1024\" src=\"https:\/\/www.dalmatien-online.de\/wp-content\/uploads\/2020\/06\/A-Barilo-13-683x1024.jpg\" alt=\"\" class=\"wp-image-822\" srcset=\"https:\/\/www.dalmatien-online.de\/wp-content\/uploads\/2020\/06\/A-Barilo-13-683x1024.jpg 683w, https:\/\/www.dalmatien-online.de\/wp-content\/uploads\/2020\/06\/A-Barilo-13-200x300.jpg 200w, https:\/\/www.dalmatien-online.de\/wp-content\/uploads\/2020\/06\/A-Barilo-13-768x1152.jpg 768w, https:\/\/www.dalmatien-online.de\/wp-content\/uploads\/2020\/06\/A-Barilo-13-250x375.jpg 250w, https:\/\/www.dalmatien-online.de\/wp-content\/uploads\/2020\/06\/A-Barilo-13.jpg 1000w\" sizes=\"auto, (max-width: 683px) 100vw, 683px\" \/><\/figure>\n\n\n\n<figure class=\"wp-block-image size-large\"><img loading=\"lazy\" decoding=\"async\" width=\"1024\" height=\"689\" src=\"https:\/\/www.dalmatien-online.de\/wp-content\/uploads\/2020\/06\/A-Barilo-4-1024x689.jpg\" alt=\"\" class=\"wp-image-823\" srcset=\"https:\/\/www.dalmatien-online.de\/wp-content\/uploads\/2020\/06\/A-Barilo-4-1024x689.jpg 1024w, https:\/\/www.dalmatien-online.de\/wp-content\/uploads\/2020\/06\/A-Barilo-4-300x202.jpg 300w, https:\/\/www.dalmatien-online.de\/wp-content\/uploads\/2020\/06\/A-Barilo-4-768x517.jpg 768w, https:\/\/www.dalmatien-online.de\/wp-content\/uploads\/2020\/06\/A-Barilo-4-250x168.jpg 250w, https:\/\/www.dalmatien-online.de\/wp-content\/uploads\/2020\/06\/A-Barilo-4.jpg 1457w\" sizes=\"auto, (max-width: 1024px) 100vw, 1024px\" \/><\/figure>\n\n\n\n<figure class=\"wp-block-image size-large\"><img loading=\"lazy\" decoding=\"async\" width=\"683\" height=\"1024\" src=\"https:\/\/www.dalmatien-online.de\/wp-content\/uploads\/2020\/06\/A-Barilo-8-683x1024.jpg\" alt=\"\" class=\"wp-image-824\" srcset=\"https:\/\/www.dalmatien-online.de\/wp-content\/uploads\/2020\/06\/A-Barilo-8-683x1024.jpg 683w, https:\/\/www.dalmatien-online.de\/wp-content\/uploads\/2020\/06\/A-Barilo-8-200x300.jpg 200w, https:\/\/www.dalmatien-online.de\/wp-content\/uploads\/2020\/06\/A-Barilo-8-768x1152.jpg 768w, https:\/\/www.dalmatien-online.de\/wp-content\/uploads\/2020\/06\/A-Barilo-8-250x375.jpg 250w, https:\/\/www.dalmatien-online.de\/wp-content\/uploads\/2020\/06\/A-Barilo-8.jpg 1000w\" sizes=\"auto, (max-width: 683px) 100vw, 683px\" \/><\/figure>\n\n\n\n<figure class=\"wp-block-image size-large\"><img loading=\"lazy\" decoding=\"async\" width=\"683\" height=\"1024\" src=\"https:\/\/www.dalmatien-online.de\/wp-content\/uploads\/2020\/06\/A-Barilo-3-683x1024.jpg\" alt=\"\" class=\"wp-image-825\" srcset=\"https:\/\/www.dalmatien-online.de\/wp-content\/uploads\/2020\/06\/A-Barilo-3-683x1024.jpg 683w, https:\/\/www.dalmatien-online.de\/wp-content\/uploads\/2020\/06\/A-Barilo-3-200x300.jpg 200w, https:\/\/www.dalmatien-online.de\/wp-content\/uploads\/2020\/06\/A-Barilo-3-768x1152.jpg 768w, https:\/\/www.dalmatien-online.de\/wp-content\/uploads\/2020\/06\/A-Barilo-3-1024x1536.jpg 1024w, https:\/\/www.dalmatien-online.de\/wp-content\/uploads\/2020\/06\/A-Barilo-3-1365x2048.jpg 1365w, https:\/\/www.dalmatien-online.de\/wp-content\/uploads\/2020\/06\/A-Barilo-3-250x375.jpg 250w, https:\/\/www.dalmatien-online.de\/wp-content\/uploads\/2020\/06\/A-Barilo-3-scaled.jpg 1707w\" sizes=\"auto, (max-width: 683px) 100vw, 683px\" \/><\/figure>\n\n\n\n<figure class=\"wp-block-image size-large\"><img loading=\"lazy\" decoding=\"async\" width=\"580\" height=\"885\" src=\"https:\/\/www.dalmatien-online.de\/wp-content\/uploads\/2020\/06\/A-Barilo-Mila-Makarska-2.jpg\" alt=\"\" class=\"wp-image-827\" srcset=\"https:\/\/www.dalmatien-online.de\/wp-content\/uploads\/2020\/06\/A-Barilo-Mila-Makarska-2.jpg 580w, https:\/\/www.dalmatien-online.de\/wp-content\/uploads\/2020\/06\/A-Barilo-Mila-Makarska-2-197x300.jpg 197w, https:\/\/www.dalmatien-online.de\/wp-content\/uploads\/2020\/06\/A-Barilo-Mila-Makarska-2-250x381.jpg 250w\" sizes=\"auto, (max-width: 580px) 100vw, 580px\" \/><\/figure>","protected":false},"excerpt":{"rendered":"<p>&#8230;die kleine feine Craft Brauerei &#8222;PIVOVARA BARILO&#8220; in Dugi Rat nahe Omi\u0161 ist die Wirkungsst\u00e4tte von Tomislav Raos und seiner Frau Klara. Neben ihren ausgezeichneten leckeren Bieren f\u00fchlt man sich <a class=\"more-link\" href=\"https:\/\/www.dalmatien-online.de\/en\/barilo-pivovara\/\">weiterlesen&#8230;<\/a><\/p>","protected":false},"author":2,"featured_media":0,"parent":0,"menu_order":0,"comment_status":"closed","ping_status":"closed","template":"","meta":{"footnotes":"","_links_to":"","_links_to_target":""},"tags":[],"class_list":["post-685","page","type-page","status-publish","hentry"],"_links":{"self":[{"href":"https:\/\/www.dalmatien-online.de\/en\/wp-json\/wp\/v2\/pages\/685","targetHints":{"allow":["GET"]}}],"collection":[{"href":"https:\/\/www.dalmatien-online.de\/en\/wp-json\/wp\/v2\/pages"}],"about":[{"href":"https:\/\/www.dalmatien-online.de\/en\/wp-json\/wp\/v2\/types\/page"}],"author":[{"embeddable":true,"href":"https:\/\/www.dalmatien-online.de\/en\/wp-json\/wp\/v2\/users\/2"}],"replies":[{"embeddable":true,"href":"https:\/\/www.dalmatien-online.de\/en\/wp-json\/wp\/v2\/comments?post=685"}],"version-history":[{"count":4,"href":"https:\/\/www.dalmatien-online.de\/en\/wp-json\/wp\/v2\/pages\/685\/revisions"}],"predecessor-version":[{"id":1327,"href":"https:\/\/www.dalmatien-online.de\/en\/wp-json\/wp\/v2\/pages\/685\/revisions\/1327"}],"wp:attachment":[{"href":"https:\/\/www.dalmatien-online.de\/en\/wp-json\/wp\/v2\/media?parent=685"}],"wp:term":[{"taxonomy":"post_tag","embeddable":true,"href":"https:\/\/www.dalmatien-online.de\/en\/wp-json\/wp\/v2\/tags?post=685"}],"curies":[{"name":"wp","href":"https:\/\/api.w.org\/{rel}","templated":true}]}}